{"id":929,"date":"2023-04-26T15:30:27","date_gmt":"2023-04-26T19:30:27","guid":{"rendered":"https:\/\/tiendachilevip.com\/?post_type=product&#038;p=929"},"modified":"2023-04-26T15:33:25","modified_gmt":"2023-04-26T19:33:25","slug":"cordones-luminosos-para-zapatillas-o-patines","status":"publish","type":"product","link":"https:\/\/tiendachilevip.com\/?product=cordones-luminosos-para-zapatillas-o-patines","title":{"rendered":"Cordones Luminosos Para Zapatillas O Patines"},"content":{"rendered":"<p>Caracter\u00edsticas:<br \/>\nEfectos de luz m\u00faltiples: flash r\u00e1pido, flash lento, brillante permanente.<br \/>\nPerfecto para fiestas y conciertos<br \/>\nAdecuado para calidad tipo de zapato incluido tenis de corrida, botas e patines.<br \/>\nImpermeable, puede ser usado en d\u00edas lluvioso.<\/p>\n<p>Especificaciones:<br \/>\nPotencia: 2 bater\u00edas cr2032 para cada caja de control (incluida).<br \/>\nmaterial: Nylon<br \/>\nCompresi\u00f3n: 120cm<br \/>\n10 LEDs<br \/>\nCor: multicolorido<br \/>\nModos: flash r\u00e1pido, flash lento, permanente brillante<br \/>\nImpermeable e lavable<\/p>\n<p>El paquete incluye:<br \/>\nUn par de cordones luz<\/p>\n<p>Nota: La bater\u00eda no es impermeable.<\/p>\n<p>Tiempo de iluminaci\u00f3n:<br \/>\nLuz continua: 30 horas<br \/>\nLuz intermitente o intermitente: 60-80 horas<br \/>\nUso normal: 2-3 meses<\/p>\n","protected":false},"excerpt":{"rendered":"<p>Caracter\u00edsticas: Efectos de luz m\u00faltiples: flash r\u00e1pido, flash lento, brillante permanente. Perfecto para fiestas y conciertos Adecuado para calidad tipo de zapato incluido tenis de corrida, botas e patines. Impermeable, puede ser usado en d\u00edas lluvioso. Especificaciones: Potencia: 2 bater\u00edas cr2032 para cada caja de control (incluida). material: Nylon Compresi\u00f3n: 120cm 10 LEDs Cor: multicolorido [&hellip;]<\/p>\n","protected":false},"featured_media":930,"comment_status":"open","ping_status":"closed","template":"","meta":{"_uag_custom_page_level_css":"","site-sidebar-layout":"default","site-content-layout":"","ast-site-content-layout":"default","site-content-style":"default","site-sidebar-style":"default","ast-global-header-display":"","ast-banner-title-visibility":"","ast-main-header-display":"","ast-hfb-above-header-display":"","ast-hfb-below-header-display":"","ast-hfb-mobile-header-display":"","site-post-title":"","ast-breadcrumbs-content":"","ast-featured-img":"","footer-sml-layout":"","ast-disable-related-posts":"","theme-transparent-header-meta":"","adv-header-id-meta":"","stick-header-meta":"","header-above-stick-meta":"","header-main-stick-meta":"","header-below-stick-meta":"","astra-migrate-meta-layouts":"default","ast-page-background-enabled":"default","ast-page-background-meta":{"desktop":{"background-color":"","background-image":"","background-repeat":"repeat","background-position":"center center","background-size":"auto","background-attachment":"scroll","background-type":"","background-media":"","overlay-type":"","overlay-color":"","overlay-opacity":"","overlay-gradient":""},"tablet":{"background-color":"","background-image":"","background-repeat":"repeat","background-position":"center center","background-size":"auto","background-attachment":"scroll","background-type":"","background-media":"","overlay-type":"","overlay-color":"","overlay-opacity":"","overlay-gradient":""},"mobile":{"background-color":"","background-image":"","background-repeat":"repeat","background-position":"center center","background-size":"auto","background-attachment":"scroll","background-type":"","background-media":"","overlay-type":"","overlay-color":"","overlay-opacity":"","overlay-gradient":""}},"ast-content-background-meta":{"desktop":{"background-color":"var(--ast-global-color-5)","background-image":"","background-repeat":"repeat","background-position":"center center","background-size":"auto","background-attachment":"scroll","background-type":"","background-media":"","overlay-type":"","overlay-color":"","overlay-opacity":"","overlay-gradient":""},"tablet":{"background-color":"var(--ast-global-color-5)","background-image":"","background-repeat":"repeat","background-position":"center center","background-size":"auto","background-attachment":"scroll","background-type":"","background-media":"","overlay-type":"","overlay-color":"","overlay-opacity":"","overlay-gradient":""},"mobile":{"background-color":"var(--ast-global-color-5)","background-image":"","background-repeat":"repeat","background-position":"center center","background-size":"auto","background-attachment":"scroll","background-type":"","background-media":"","overlay-type":"","overlay-color":"","overlay-opacity":"","overlay-gradient":""}},"_joinchat":[]},"product_brand":[],"product_cat":[32],"product_tag":[],"class_list":{"0":"post-929","1":"product","2":"type-product","3":"status-publish","4":"has-post-thumbnail","6":"product_cat-ropa","7":"desktop-align-left","8":"tablet-align-left","9":"mobile-align-left","11":"first","12":"instock","13":"sale","14":"taxable","15":"shipping-taxable","16":"purchasable","17":"product-type-simple"},"uagb_featured_image_src":{"full":["https:\/\/tiendachilevip.com\/wp-content\/uploads\/2023\/04\/1-53.png",1000,980,false],"thumbnail":["https:\/\/tiendachilevip.com\/wp-content\/uploads\/2023\/04\/1-53-150x150.png",150,150,true],"medium":["https:\/\/tiendachilevip.com\/wp-content\/uploads\/2023\/04\/1-53-300x294.png",300,294,true],"medium_large":["https:\/\/tiendachilevip.com\/wp-content\/uploads\/2023\/04\/1-53-768x753.png",768,753,true],"large":["https:\/\/tiendachilevip.com\/wp-content\/uploads\/2023\/04\/1-53.png",1000,980,false],"1536x1536":["https:\/\/tiendachilevip.com\/wp-content\/uploads\/2023\/04\/1-53.png",1000,980,false],"2048x2048":["https:\/\/tiendachilevip.com\/wp-content\/uploads\/2023\/04\/1-53.png",1000,980,false],"woocommerce_thumbnail":["https:\/\/tiendachilevip.com\/wp-content\/uploads\/2023\/04\/1-53-300x300.png",300,300,true],"woocommerce_single":["https:\/\/tiendachilevip.com\/wp-content\/uploads\/2023\/04\/1-53-600x588.png",600,588,true],"woocommerce_gallery_thumbnail":["https:\/\/tiendachilevip.com\/wp-content\/uploads\/2023\/04\/1-53-100x100.png",100,100,true]},"uagb_author_info":{"display_name":"pablo lopez","author_link":"https:\/\/tiendachilevip.com\/?author=0"},"uagb_comment_info":0,"uagb_excerpt":"Caracter\u00edsticas: Efectos de luz m\u00faltiples: flash r\u00e1pido, flash lento, brillante permanente. Perfecto para fiestas y conciertos Adecuado para calidad tipo de zapato incluido tenis de corrida, botas e patines. Impermeable, puede ser usado en d\u00edas lluvioso. Especificaciones: Potencia: 2 bater\u00edas cr2032 para cada caja de control (incluida). material: Nylon Compresi\u00f3n: 120cm 10 LEDs Cor: multicolorido&hellip;","_links":{"self":[{"href":"https:\/\/tiendachilevip.com\/index.php?rest_route=\/wp\/v2\/product\/929","targetHints":{"allow":["GET"]}}],"collection":[{"href":"https:\/\/tiendachilevip.com\/index.php?rest_route=\/wp\/v2\/product"}],"about":[{"href":"https:\/\/tiendachilevip.com\/index.php?rest_route=\/wp\/v2\/types\/product"}],"replies":[{"embeddable":true,"href":"https:\/\/tiendachilevip.com\/index.php?rest_route=%2Fwp%2Fv2%2Fcomments&post=929"}],"wp:featuredmedia":[{"embeddable":true,"href":"https:\/\/tiendachilevip.com\/index.php?rest_route=\/wp\/v2\/media\/930"}],"wp:attachment":[{"href":"https:\/\/tiendachilevip.com\/index.php?rest_route=%2Fwp%2Fv2%2Fmedia&parent=929"}],"wp:term":[{"taxonomy":"product_brand","embeddable":true,"href":"https:\/\/tiendachilevip.com\/index.php?rest_route=%2Fwp%2Fv2%2Fproduct_brand&post=929"},{"taxonomy":"product_cat","embeddable":true,"href":"https:\/\/tiendachilevip.com\/index.php?rest_route=%2Fwp%2Fv2%2Fproduct_cat&post=929"},{"taxonomy":"product_tag","embeddable":true,"href":"https:\/\/tiendachilevip.com\/index.php?rest_route=%2Fwp%2Fv2%2Fproduct_tag&post=929"}],"curies":[{"name":"wp","href":"https:\/\/api.w.org\/{rel}","templated":true}]}}