{"id":921,"date":"2023-04-26T14:10:46","date_gmt":"2023-04-26T18:10:46","guid":{"rendered":"https:\/\/tiendachilevip.com\/?post_type=product&#038;p=921"},"modified":"2023-06-12T17:57:10","modified_gmt":"2023-06-12T21:57:10","slug":"control-remoto-universal-garage","status":"publish","type":"product","link":"https:\/\/tiendachilevip.com\/?product=control-remoto-universal-garage","title":{"rendered":"Control Remoto Universal, Garage"},"content":{"rendered":"<p>1. M\u00e9todo de limpieza: Mantenga pulsada la tecla \u00abA\u00bb y la tecla \u00abB\u00bb al mismo tiempo, el indicador LED parpadear\u00e1 tres veces. Suelte la tecla \u00abB\u00bb presionada y la tecla \u00abA\u00bb no se aflojar\u00e1. Haz clic en la tecla \u00abB\u00bb tres veces y el indicador LED entrar\u00e1 en un estado de parpadeo r\u00e1pido. En este momento, se eliminar\u00e1n todos los datos en la memoria. Despu\u00e9s de borrar los datos, el indicador LED del control remoto no se iluminar\u00e1, no importa qu\u00e9 tecla se presiona.<\/p>\n<p>2. M\u00e9todo de copia: uno es mantener el control remoto original, el otro es mantener el control remoto de copia. Los dos controles remotos deben estar lo m\u00e1s cerca posible (idealmente, los dos controles remotos deben colocarse cerca uno del otro en el escritorio a distancia cero). Pulsa los botones necesarios para copiar respectivamente. El indicador LED parpadea tres veces r\u00e1pidamente y luego parpadea r\u00e1pidamente. La copia se ha realizado correctamente. El m\u00e9todo de operaci\u00f3n de otros botones es el mismo. Algunos controladores remotos tienen baja potencia de transmisi\u00f3n, por lo que el control remoto original y el control remoto de copia deben operarse de nuevo a atr\u00e1s para copiarse entre s\u00ed. Si hay interferencias en algunos entornos operativos, se debe evitar la operaci\u00f3n de interferencia. Si la copia no es f\u00e1cil, la copia debe repetirse despu\u00e9s de que se borra el c\u00f3digo. (Especialmente importante: el control remoto de tu mano debe funcionar normalmente y tener la misma frecuencia de 433MHZ que nuestro control remoto)<\/p>\n","protected":false},"excerpt":{"rendered":"<p>1. M\u00e9todo de limpieza: Mantenga pulsada la tecla \u00abA\u00bb y la tecla \u00abB\u00bb al mismo tiempo, el indicador LED parpadear\u00e1 tres veces. Suelte la tecla \u00abB\u00bb presionada y la tecla \u00abA\u00bb no se aflojar\u00e1. Haz clic en la tecla \u00abB\u00bb tres veces y el indicador LED entrar\u00e1 en un estado de parpadeo r\u00e1pido. En este [&hellip;]<\/p>\n","protected":false},"featured_media":922,"comment_status":"open","ping_status":"closed","template":"","meta":{"_uag_custom_page_level_css":"","site-sidebar-layout":"default","site-content-layout":"","ast-site-content-layout":"default","site-content-style":"default","site-sidebar-style":"default","ast-global-header-display":"","ast-banner-title-visibility":"","ast-main-header-display":"","ast-hfb-above-header-display":"","ast-hfb-below-header-display":"","ast-hfb-mobile-header-display":"","site-post-title":"","ast-breadcrumbs-content":"","ast-featured-img":"","footer-sml-layout":"","ast-disable-related-posts":"","theme-transparent-header-meta":"","adv-header-id-meta":"","stick-header-meta":"","header-above-stick-meta":"","header-main-stick-meta":"","header-below-stick-meta":"","astra-migrate-meta-layouts":"default","ast-page-background-enabled":"default","ast-page-background-meta":{"desktop":{"background-color":"","background-image":"","background-repeat":"repeat","background-position":"center center","background-size":"auto","background-attachment":"scroll","background-type":"","background-media":"","overlay-type":"","overlay-color":"","overlay-opacity":"","overlay-gradient":""},"tablet":{"background-color":"","background-image":"","background-repeat":"repeat","background-position":"center center","background-size":"auto","background-attachment":"scroll","background-type":"","background-media":"","overlay-type":"","overlay-color":"","overlay-opacity":"","overlay-gradient":""},"mobile":{"background-color":"","background-image":"","background-repeat":"repeat","background-position":"center center","background-size":"auto","background-attachment":"scroll","background-type":"","background-media":"","overlay-type":"","overlay-color":"","overlay-opacity":"","overlay-gradient":""}},"ast-content-background-meta":{"desktop":{"background-color":"var(--ast-global-color-5)","background-image":"","background-repeat":"repeat","background-position":"center center","background-size":"auto","background-attachment":"scroll","background-type":"","background-media":"","overlay-type":"","overlay-color":"","overlay-opacity":"","overlay-gradient":""},"tablet":{"background-color":"var(--ast-global-color-5)","background-image":"","background-repeat":"repeat","background-position":"center center","background-size":"auto","background-attachment":"scroll","background-type":"","background-media":"","overlay-type":"","overlay-color":"","overlay-opacity":"","overlay-gradient":""},"mobile":{"background-color":"var(--ast-global-color-5)","background-image":"","background-repeat":"repeat","background-position":"center center","background-size":"auto","background-attachment":"scroll","background-type":"","background-media":"","overlay-type":"","overlay-color":"","overlay-opacity":"","overlay-gradient":""}},"_joinchat":[]},"product_brand":[],"product_cat":[24],"product_tag":[],"class_list":{"0":"post-921","1":"product","2":"type-product","3":"status-publish","4":"has-post-thumbnail","6":"product_cat-electronica","7":"desktop-align-left","8":"tablet-align-left","9":"mobile-align-left","11":"first","12":"instock","13":"sale","14":"taxable","15":"shipping-taxable","16":"purchasable","17":"product-type-simple"},"uagb_featured_image_src":{"full":["https:\/\/tiendachilevip.com\/wp-content\/uploads\/2023\/04\/1-52.png",1000,1000,false],"thumbnail":["https:\/\/tiendachilevip.com\/wp-content\/uploads\/2023\/04\/1-52-150x150.png",150,150,true],"medium":["https:\/\/tiendachilevip.com\/wp-content\/uploads\/2023\/04\/1-52-300x300.png",300,300,true],"medium_large":["https:\/\/tiendachilevip.com\/wp-content\/uploads\/2023\/04\/1-52-768x768.png",768,768,true],"large":["https:\/\/tiendachilevip.com\/wp-content\/uploads\/2023\/04\/1-52.png",1000,1000,false],"1536x1536":["https:\/\/tiendachilevip.com\/wp-content\/uploads\/2023\/04\/1-52.png",1000,1000,false],"2048x2048":["https:\/\/tiendachilevip.com\/wp-content\/uploads\/2023\/04\/1-52.png",1000,1000,false],"woocommerce_thumbnail":["https:\/\/tiendachilevip.com\/wp-content\/uploads\/2023\/04\/1-52-300x300.png",300,300,true],"woocommerce_single":["https:\/\/tiendachilevip.com\/wp-content\/uploads\/2023\/04\/1-52-600x600.png",600,600,true],"woocommerce_gallery_thumbnail":["https:\/\/tiendachilevip.com\/wp-content\/uploads\/2023\/04\/1-52-100x100.png",100,100,true]},"uagb_author_info":{"display_name":"pablo lopez","author_link":"https:\/\/tiendachilevip.com\/?author=0"},"uagb_comment_info":0,"uagb_excerpt":"1. M\u00e9todo de limpieza: Mantenga pulsada la tecla \u00abA\u00bb y la tecla \u00abB\u00bb al mismo tiempo, el indicador LED parpadear\u00e1 tres veces. Suelte la tecla \u00abB\u00bb presionada y la tecla \u00abA\u00bb no se aflojar\u00e1. Haz clic en la tecla \u00abB\u00bb tres veces y el indicador LED entrar\u00e1 en un estado de parpadeo r\u00e1pido. En este&hellip;","_links":{"self":[{"href":"https:\/\/tiendachilevip.com\/index.php?rest_route=\/wp\/v2\/product\/921","targetHints":{"allow":["GET"]}}],"collection":[{"href":"https:\/\/tiendachilevip.com\/index.php?rest_route=\/wp\/v2\/product"}],"about":[{"href":"https:\/\/tiendachilevip.com\/index.php?rest_route=\/wp\/v2\/types\/product"}],"replies":[{"embeddable":true,"href":"https:\/\/tiendachilevip.com\/index.php?rest_route=%2Fwp%2Fv2%2Fcomments&post=921"}],"wp:featuredmedia":[{"embeddable":true,"href":"https:\/\/tiendachilevip.com\/index.php?rest_route=\/wp\/v2\/media\/922"}],"wp:attachment":[{"href":"https:\/\/tiendachilevip.com\/index.php?rest_route=%2Fwp%2Fv2%2Fmedia&parent=921"}],"wp:term":[{"taxonomy":"product_brand","embeddable":true,"href":"https:\/\/tiendachilevip.com\/index.php?rest_route=%2Fwp%2Fv2%2Fproduct_brand&post=921"},{"taxonomy":"product_cat","embeddable":true,"href":"https:\/\/tiendachilevip.com\/index.php?rest_route=%2Fwp%2Fv2%2Fproduct_cat&post=921"},{"taxonomy":"product_tag","embeddable":true,"href":"https:\/\/tiendachilevip.com\/index.php?rest_route=%2Fwp%2Fv2%2Fproduct_tag&post=921"}],"curies":[{"name":"wp","href":"https:\/\/api.w.org\/{rel}","templated":true}]}}