{"id":906,"date":"2023-04-26T13:21:40","date_gmt":"2023-04-26T17:21:40","guid":{"rendered":"https:\/\/tiendachilevip.com\/?post_type=product&#038;p=906"},"modified":"2023-04-26T13:23:26","modified_gmt":"2023-04-26T17:23:26","slug":"circuito-cargador-baterias","status":"publish","type":"product","link":"https:\/\/tiendachilevip.com\/?product=circuito-cargador-baterias","title":{"rendered":"Circuito Cargador Bater\u00edas"},"content":{"rendered":"<p>DESCRIPCI\u00d3N<\/p>\n<p>1. Funci\u00f3n de protecci\u00f3n contra sobrecarga, sobredescarga<\/p>\n<p>funci\u00f3n de protecci\u00f3n, funci\u00f3n de protecci\u00f3n contra cortocircuitos, sobrecorriente<br \/>\nfunci\u00f3n protectora<\/p>\n<p>Adecuado para bater\u00eda de pol\u00edmero de litio 18650.<\/p>\n<p>2. Muy conveniente y pr\u00e1ctico.<\/p>\n<p>CARACTER\u00cdSTICA<\/p>\n<p>Serie 1.2: tablero de protecci\u00f3n de bater\u00eda de 5V 18650 Li con equilibrio.<br \/>\n2. Protecci\u00f3n contra cortocircuitos: protecci\u00f3n contra sobrecarga\/descarga<br \/>\n3. Transistor MOS: puede controlar la carga y descarga de la bater\u00eda:<br \/>\n4. Ahorro de energ\u00eda: bajo consumo de corriente en espera<\/p>\n<p>5. Aplicaciones amplias: adecuado para el paquete de bater\u00edas del masajeador, potencia de espera de la l\u00e1mpara LED,<br \/>\nproductos electr\u00f3nicos, paquete de bater\u00eda de farola solar, monitoreo de energ\u00eda de reserva y<br \/>\notros productos.<\/p>\n<p>ESPECIFICACI\u00d3N<\/p>\n<p>Color verde<\/p>\n<p>Material: componente electr\u00f3nico<\/p>\n<p>Tama\u00f1o del art\u00edculo: 2,5 * 6,5\u20acm<\/p>\n<p>Rango adecuado: Para voltaje nominal 3.6V 3.7V litio<br \/>\nVoltaje de carga: 5V 2.4A<\/p>\n<p>Tama\u00f1o del embalaje: 100 * 80 * 30 mm<\/p>\n<p>Peso embalado: 8g<\/p>\n<p>Peso despu\u00e9s del embalaje: 139<\/p>\n<p>EL PAQUETE INCLUYE<br \/>\n1 placa protectora de PCB.<\/p>\n<p>NOTAS<\/p>\n<p>1. Debido a la diferencia entre diferentes monitores, la imagen puede no reflejar la<br \/>\ncolor real del art\u00edculo. Garantizamos que el estilo es el mismo que se muestra en las im\u00e1genes.<\/p>\n<p>2. Permita una ligera diferencia de dimensi\u00f3n debido a las diferentes medidas manuales.<\/p>\n<p>Funci\u00f3n del bot\u00f3n:<br \/>\nMantenga presionado el bot\u00f3n despu\u00e9s del modo de espera,<br \/>\nla pantalla digital LED muestra la potencia.<\/p>\n<p>Entrada de rayos<\/p>\n<p>5V2.4A<br \/>\nSalida USB doble<\/p>\n<p>Entrada tipo C<\/p>\n<p>Entrada micro USB<\/p>\n","protected":false},"excerpt":{"rendered":"<p>DESCRIPCI\u00d3N 1. Funci\u00f3n de protecci\u00f3n contra sobrecarga, sobredescarga funci\u00f3n de protecci\u00f3n, funci\u00f3n de protecci\u00f3n contra cortocircuitos, sobrecorriente funci\u00f3n protectora Adecuado para bater\u00eda de pol\u00edmero de litio 18650. 2. Muy conveniente y pr\u00e1ctico. CARACTER\u00cdSTICA Serie 1.2: tablero de protecci\u00f3n de bater\u00eda de 5V 18650 Li con equilibrio. 2. Protecci\u00f3n contra cortocircuitos: protecci\u00f3n contra sobrecarga\/descarga 3. Transistor [&hellip;]<\/p>\n","protected":false},"featured_media":910,"comment_status":"open","ping_status":"closed","template":"","meta":{"_uag_custom_page_level_css":"","site-sidebar-layout":"default","site-content-layout":"","ast-site-content-layout":"default","site-content-style":"default","site-sidebar-style":"default","ast-global-header-display":"","ast-banner-title-visibility":"","ast-main-header-display":"","ast-hfb-above-header-display":"","ast-hfb-below-header-display":"","ast-hfb-mobile-header-display":"","site-post-title":"","ast-breadcrumbs-content":"","ast-featured-img":"","footer-sml-layout":"","ast-disable-related-posts":"","theme-transparent-header-meta":"","adv-header-id-meta":"","stick-header-meta":"","header-above-stick-meta":"","header-main-stick-meta":"","header-below-stick-meta":"","astra-migrate-meta-layouts":"default","ast-page-background-enabled":"default","ast-page-background-meta":{"desktop":{"background-color":"","background-image":"","background-repeat":"repeat","background-position":"center center","background-size":"auto","background-attachment":"scroll","background-type":"","background-media":"","overlay-type":"","overlay-color":"","overlay-opacity":"","overlay-gradient":""},"tablet":{"background-color":"","background-image":"","background-repeat":"repeat","background-position":"center center","background-size":"auto","background-attachment":"scroll","background-type":"","background-media":"","overlay-type":"","overlay-color":"","overlay-opacity":"","overlay-gradient":""},"mobile":{"background-color":"","background-image":"","background-repeat":"repeat","background-position":"center center","background-size":"auto","background-attachment":"scroll","background-type":"","background-media":"","overlay-type":"","overlay-color":"","overlay-opacity":"","overlay-gradient":""}},"ast-content-background-meta":{"desktop":{"background-color":"var(--ast-global-color-5)","background-image":"","background-repeat":"repeat","background-position":"center center","background-size":"auto","background-attachment":"scroll","background-type":"","background-media":"","overlay-type":"","overlay-color":"","overlay-opacity":"","overlay-gradient":""},"tablet":{"background-color":"var(--ast-global-color-5)","background-image":"","background-repeat":"repeat","background-position":"center center","background-size":"auto","background-attachment":"scroll","background-type":"","background-media":"","overlay-type":"","overlay-color":"","overlay-opacity":"","overlay-gradient":""},"mobile":{"background-color":"var(--ast-global-color-5)","background-image":"","background-repeat":"repeat","background-position":"center center","background-size":"auto","background-attachment":"scroll","background-type":"","background-media":"","overlay-type":"","overlay-color":"","overlay-opacity":"","overlay-gradient":""}},"_joinchat":[]},"product_brand":[],"product_cat":[24],"product_tag":[],"class_list":{"0":"post-906","1":"product","2":"type-product","3":"status-publish","4":"has-post-thumbnail","6":"product_cat-electronica","7":"desktop-align-left","8":"tablet-align-left","9":"mobile-align-left","11":"first","12":"instock","13":"sale","14":"taxable","15":"shipping-taxable","16":"purchasable","17":"product-type-simple"},"uagb_featured_image_src":{"full":["https:\/\/tiendachilevip.com\/wp-content\/uploads\/2023\/04\/4-51.png",1000,1000,false],"thumbnail":["https:\/\/tiendachilevip.com\/wp-content\/uploads\/2023\/04\/4-51-150x150.png",150,150,true],"medium":["https:\/\/tiendachilevip.com\/wp-content\/uploads\/2023\/04\/4-51-300x300.png",300,300,true],"medium_large":["https:\/\/tiendachilevip.com\/wp-content\/uploads\/2023\/04\/4-51-768x768.png",768,768,true],"large":["https:\/\/tiendachilevip.com\/wp-content\/uploads\/2023\/04\/4-51.png",1000,1000,false],"1536x1536":["https:\/\/tiendachilevip.com\/wp-content\/uploads\/2023\/04\/4-51.png",1000,1000,false],"2048x2048":["https:\/\/tiendachilevip.com\/wp-content\/uploads\/2023\/04\/4-51.png",1000,1000,false],"woocommerce_thumbnail":["https:\/\/tiendachilevip.com\/wp-content\/uploads\/2023\/04\/4-51-300x300.png",300,300,true],"woocommerce_single":["https:\/\/tiendachilevip.com\/wp-content\/uploads\/2023\/04\/4-51-600x600.png",600,600,true],"woocommerce_gallery_thumbnail":["https:\/\/tiendachilevip.com\/wp-content\/uploads\/2023\/04\/4-51-100x100.png",100,100,true]},"uagb_author_info":{"display_name":"pablo lopez","author_link":"https:\/\/tiendachilevip.com\/?author=0"},"uagb_comment_info":0,"uagb_excerpt":"DESCRIPCI\u00d3N 1. Funci\u00f3n de protecci\u00f3n contra sobrecarga, sobredescarga funci\u00f3n de protecci\u00f3n, funci\u00f3n de protecci\u00f3n contra cortocircuitos, sobrecorriente funci\u00f3n protectora Adecuado para bater\u00eda de pol\u00edmero de litio 18650. 2. Muy conveniente y pr\u00e1ctico. CARACTER\u00cdSTICA Serie 1.2: tablero de protecci\u00f3n de bater\u00eda de 5V 18650 Li con equilibrio. 2. Protecci\u00f3n contra cortocircuitos: protecci\u00f3n contra sobrecarga\/descarga 3. Transistor&hellip;","_links":{"self":[{"href":"https:\/\/tiendachilevip.com\/index.php?rest_route=\/wp\/v2\/product\/906","targetHints":{"allow":["GET"]}}],"collection":[{"href":"https:\/\/tiendachilevip.com\/index.php?rest_route=\/wp\/v2\/product"}],"about":[{"href":"https:\/\/tiendachilevip.com\/index.php?rest_route=\/wp\/v2\/types\/product"}],"replies":[{"embeddable":true,"href":"https:\/\/tiendachilevip.com\/index.php?rest_route=%2Fwp%2Fv2%2Fcomments&post=906"}],"wp:featuredmedia":[{"embeddable":true,"href":"https:\/\/tiendachilevip.com\/index.php?rest_route=\/wp\/v2\/media\/910"}],"wp:attachment":[{"href":"https:\/\/tiendachilevip.com\/index.php?rest_route=%2Fwp%2Fv2%2Fmedia&parent=906"}],"wp:term":[{"taxonomy":"product_brand","embeddable":true,"href":"https:\/\/tiendachilevip.com\/index.php?rest_route=%2Fwp%2Fv2%2Fproduct_brand&post=906"},{"taxonomy":"product_cat","embeddable":true,"href":"https:\/\/tiendachilevip.com\/index.php?rest_route=%2Fwp%2Fv2%2Fproduct_cat&post=906"},{"taxonomy":"product_tag","embeddable":true,"href":"https:\/\/tiendachilevip.com\/index.php?rest_route=%2Fwp%2Fv2%2Fproduct_tag&post=906"}],"curies":[{"name":"wp","href":"https:\/\/api.w.org\/{rel}","templated":true}]}}