{"id":897,"date":"2023-04-26T12:20:56","date_gmt":"2023-04-26T16:20:56","guid":{"rendered":"https:\/\/tiendachilevip.com\/?post_type=product&#038;p=897"},"modified":"2023-04-26T12:23:09","modified_gmt":"2023-04-26T16:23:09","slug":"chaleco-para-perro-o-gato-pequeno","status":"publish","type":"product","link":"https:\/\/tiendachilevip.com\/?product=chaleco-para-perro-o-gato-pequeno","title":{"rendered":"Chaleco Para Perro O Gato Peque\u00f1o"},"content":{"rendered":"<p>Descripci\u00f3n del producto:<\/p>\n<p>Tipo de art\u00edculo: su\u00e9ter para mascotas<\/p>\n<p>Material: fibras acr\u00edlicas<\/p>\n<p>Color: Gris<\/p>\n<p>Talla: S<\/p>\n<p>Caracter\u00edstica: Durable<\/p>\n<p>P\u00fablico objetivo: perros<br \/>\nTama\u00f1o<\/p>\n<p>Pecho<\/p>\n<p>Longitud trasera<\/p>\n<p>Peso de referencia<\/p>\n<p>S<\/p>\n<p>24cm\/9,44&#8243;<\/p>\n<p>27-30cm\/10,6-11,8&#8243;<\/p>\n<p>1-2kg<\/p>\n<p>NOTA: la medici\u00f3n manual tendr\u00e1 un error de 1-3 cm, que est\u00e1 dentro del rango normal<\/p>\n<p>Caracter\u00edsticas:<\/p>\n<p>1. El dise\u00f1o es simple pero moderno, que es adecuado para la mayor\u00eda de los perros.<\/p>\n<p>2. Hecho de material de alta calidad, es respetuoso con la piel y puede mantener al perro caliente.<\/p>\n<p>3. El su\u00e9ter sin mangas es f\u00e1cil de usar y quitar sin que el perro se sienta limitado.<\/p>\n<p>4. Con la exquisita artesan\u00eda de punto, es duradero y no es f\u00e1cil de deformar.<\/p>\n<p>El paquete incluye: 1 su\u00e9ter para mascotas<\/p>\n","protected":false},"excerpt":{"rendered":"<p>Descripci\u00f3n del producto: Tipo de art\u00edculo: su\u00e9ter para mascotas Material: fibras acr\u00edlicas Color: Gris Talla: S Caracter\u00edstica: Durable P\u00fablico objetivo: perros Tama\u00f1o Pecho Longitud trasera Peso de referencia S 24cm\/9,44&#8243; 27-30cm\/10,6-11,8&#8243; 1-2kg NOTA: la medici\u00f3n manual tendr\u00e1 un error de 1-3 cm, que est\u00e1 dentro del rango normal Caracter\u00edsticas: 1. El dise\u00f1o es simple pero [&hellip;]<\/p>\n","protected":false},"featured_media":899,"comment_status":"open","ping_status":"closed","template":"","meta":{"_uag_custom_page_level_css":"","site-sidebar-layout":"default","site-content-layout":"","ast-site-content-layout":"default","site-content-style":"default","site-sidebar-style":"default","ast-global-header-display":"","ast-banner-title-visibility":"","ast-main-header-display":"","ast-hfb-above-header-display":"","ast-hfb-below-header-display":"","ast-hfb-mobile-header-display":"","site-post-title":"","ast-breadcrumbs-content":"","ast-featured-img":"","footer-sml-layout":"","ast-disable-related-posts":"","theme-transparent-header-meta":"","adv-header-id-meta":"","stick-header-meta":"","header-above-stick-meta":"","header-main-stick-meta":"","header-below-stick-meta":"","astra-migrate-meta-layouts":"default","ast-page-background-enabled":"default","ast-page-background-meta":{"desktop":{"background-color":"","background-image":"","background-repeat":"repeat","background-position":"center center","background-size":"auto","background-attachment":"scroll","background-type":"","background-media":"","overlay-type":"","overlay-color":"","overlay-opacity":"","overlay-gradient":""},"tablet":{"background-color":"","background-image":"","background-repeat":"repeat","background-position":"center center","background-size":"auto","background-attachment":"scroll","background-type":"","background-media":"","overlay-type":"","overlay-color":"","overlay-opacity":"","overlay-gradient":""},"mobile":{"background-color":"","background-image":"","background-repeat":"repeat","background-position":"center center","background-size":"auto","background-attachment":"scroll","background-type":"","background-media":"","overlay-type":"","overlay-color":"","overlay-opacity":"","overlay-gradient":""}},"ast-content-background-meta":{"desktop":{"background-color":"var(--ast-global-color-5)","background-image":"","background-repeat":"repeat","background-position":"center center","background-size":"auto","background-attachment":"scroll","background-type":"","background-media":"","overlay-type":"","overlay-color":"","overlay-opacity":"","overlay-gradient":""},"tablet":{"background-color":"var(--ast-global-color-5)","background-image":"","background-repeat":"repeat","background-position":"center center","background-size":"auto","background-attachment":"scroll","background-type":"","background-media":"","overlay-type":"","overlay-color":"","overlay-opacity":"","overlay-gradient":""},"mobile":{"background-color":"var(--ast-global-color-5)","background-image":"","background-repeat":"repeat","background-position":"center center","background-size":"auto","background-attachment":"scroll","background-type":"","background-media":"","overlay-type":"","overlay-color":"","overlay-opacity":"","overlay-gradient":""}},"_joinchat":[]},"product_brand":[],"product_cat":[40],"product_tag":[],"class_list":{"0":"post-897","1":"product","2":"type-product","3":"status-publish","4":"has-post-thumbnail","6":"product_cat-mascotas","7":"desktop-align-left","8":"tablet-align-left","9":"mobile-align-left","11":"first","12":"instock","13":"sale","14":"taxable","15":"shipping-taxable","16":"purchasable","17":"product-type-simple"},"uagb_featured_image_src":{"full":["https:\/\/tiendachilevip.com\/wp-content\/uploads\/2023\/04\/2-51.png",1920,1654,false],"thumbnail":["https:\/\/tiendachilevip.com\/wp-content\/uploads\/2023\/04\/2-51-150x150.png",150,150,true],"medium":["https:\/\/tiendachilevip.com\/wp-content\/uploads\/2023\/04\/2-51-300x258.png",300,258,true],"medium_large":["https:\/\/tiendachilevip.com\/wp-content\/uploads\/2023\/04\/2-51-768x662.png",768,662,true],"large":["https:\/\/tiendachilevip.com\/wp-content\/uploads\/2023\/04\/2-51-1024x882.png",1024,882,true],"1536x1536":["https:\/\/tiendachilevip.com\/wp-content\/uploads\/2023\/04\/2-51-1536x1323.png",1536,1323,true],"2048x2048":["https:\/\/tiendachilevip.com\/wp-content\/uploads\/2023\/04\/2-51.png",1920,1654,false],"woocommerce_thumbnail":["https:\/\/tiendachilevip.com\/wp-content\/uploads\/2023\/04\/2-51-300x300.png",300,300,true],"woocommerce_single":["https:\/\/tiendachilevip.com\/wp-content\/uploads\/2023\/04\/2-51-600x517.png",600,517,true],"woocommerce_gallery_thumbnail":["https:\/\/tiendachilevip.com\/wp-content\/uploads\/2023\/04\/2-51-100x100.png",100,100,true]},"uagb_author_info":{"display_name":"pablo lopez","author_link":"https:\/\/tiendachilevip.com\/?author=0"},"uagb_comment_info":0,"uagb_excerpt":"Descripci\u00f3n del producto: Tipo de art\u00edculo: su\u00e9ter para mascotas Material: fibras acr\u00edlicas Color: Gris Talla: S Caracter\u00edstica: Durable P\u00fablico objetivo: perros Tama\u00f1o Pecho Longitud trasera Peso de referencia S 24cm\/9,44&#8243; 27-30cm\/10,6-11,8&#8243; 1-2kg NOTA: la medici\u00f3n manual tendr\u00e1 un error de 1-3 cm, que est\u00e1 dentro del rango normal Caracter\u00edsticas: 1. El dise\u00f1o es simple pero&hellip;","_links":{"self":[{"href":"https:\/\/tiendachilevip.com\/index.php?rest_route=\/wp\/v2\/product\/897","targetHints":{"allow":["GET"]}}],"collection":[{"href":"https:\/\/tiendachilevip.com\/index.php?rest_route=\/wp\/v2\/product"}],"about":[{"href":"https:\/\/tiendachilevip.com\/index.php?rest_route=\/wp\/v2\/types\/product"}],"replies":[{"embeddable":true,"href":"https:\/\/tiendachilevip.com\/index.php?rest_route=%2Fwp%2Fv2%2Fcomments&post=897"}],"wp:featuredmedia":[{"embeddable":true,"href":"https:\/\/tiendachilevip.com\/index.php?rest_route=\/wp\/v2\/media\/899"}],"wp:attachment":[{"href":"https:\/\/tiendachilevip.com\/index.php?rest_route=%2Fwp%2Fv2%2Fmedia&parent=897"}],"wp:term":[{"taxonomy":"product_brand","embeddable":true,"href":"https:\/\/tiendachilevip.com\/index.php?rest_route=%2Fwp%2Fv2%2Fproduct_brand&post=897"},{"taxonomy":"product_cat","embeddable":true,"href":"https:\/\/tiendachilevip.com\/index.php?rest_route=%2Fwp%2Fv2%2Fproduct_cat&post=897"},{"taxonomy":"product_tag","embeddable":true,"href":"https:\/\/tiendachilevip.com\/index.php?rest_route=%2Fwp%2Fv2%2Fproduct_tag&post=897"}],"curies":[{"name":"wp","href":"https:\/\/api.w.org\/{rel}","templated":true}]}}