{"id":890,"date":"2023-04-25T23:35:30","date_gmt":"2023-04-26T03:35:30","guid":{"rendered":"https:\/\/tiendachilevip.com\/?post_type=product&#038;p=890"},"modified":"2023-04-25T23:36:45","modified_gmt":"2023-04-26T03:36:45","slug":"cepillo-para-cabellos-rizados","status":"publish","type":"product","link":"https:\/\/tiendachilevip.com\/?product=cepillo-para-cabellos-rizados","title":{"rendered":"Cepillo Para Cabellos Rizados"},"content":{"rendered":"<p>Descripci\u00f3n<\/p>\n<p>Peine para masaje del cuero cabelludo para mujer, mango de goma, cepillo para el pelo rizado h\u00famedo, herramientas de estilismo para peluquer\u00eda<br \/>\nCaracter\u00edsticas:<br \/>\nLos dientes redondos pueden masajear su cabeza, promoviendo el crecimiento de su cabello.<br \/>\nPeine de ocho garras, rebote, c\u00f3modo para el cuero cabelludo.<br \/>\nEl peine curvo se ajusta al cuero cabelludo para que sea m\u00e1s c\u00f3modo.<br \/>\nDise\u00f1o de Peine hueco, m\u00e1s flexible para un cabello y peinado de secado r\u00e1pido.<br \/>\nEl dise\u00f1o antideslizante hace que sea c\u00f3modo de sostener.<\/p>\n<p>Especificaciones:<br \/>\nMaterial del mango: caucho pl\u00e1stico<br \/>\nDientes: Aguja de goma<br \/>\nTama\u00f1o: 245x50x40mm\/9,65&#215;1,97&#215;1,57&#8243;<br \/>\nColor: negro, verde claro, rosa, p\u00farpura<\/p>\n<p>Notas:<br \/>\n1. Debido monitores y a los diferentes efectos de luz, el color real del art\u00edculo puede ser ligeramente diferente del color que se muestra en las im\u00e1genes. \u00a1Gracias!<br \/>\n2. Permita una desviaci\u00f3n de medici\u00f3n de 1-3mm debido a la medici\u00f3n manual.<\/p>\n","protected":false},"excerpt":{"rendered":"<p>Descripci\u00f3n Peine para masaje del cuero cabelludo para mujer, mango de goma, cepillo para el pelo rizado h\u00famedo, herramientas de estilismo para peluquer\u00eda Caracter\u00edsticas: Los dientes redondos pueden masajear su cabeza, promoviendo el crecimiento de su cabello. Peine de ocho garras, rebote, c\u00f3modo para el cuero cabelludo. El peine curvo se ajusta al cuero cabelludo [&hellip;]<\/p>\n","protected":false},"featured_media":891,"comment_status":"open","ping_status":"closed","template":"","meta":{"_uag_custom_page_level_css":"","site-sidebar-layout":"default","site-content-layout":"","ast-site-content-layout":"default","site-content-style":"default","site-sidebar-style":"default","ast-global-header-display":"","ast-banner-title-visibility":"","ast-main-header-display":"","ast-hfb-above-header-display":"","ast-hfb-below-header-display":"","ast-hfb-mobile-header-display":"","site-post-title":"","ast-breadcrumbs-content":"","ast-featured-img":"","footer-sml-layout":"","ast-disable-related-posts":"","theme-transparent-header-meta":"","adv-header-id-meta":"","stick-header-meta":"","header-above-stick-meta":"","header-main-stick-meta":"","header-below-stick-meta":"","astra-migrate-meta-layouts":"default","ast-page-background-enabled":"default","ast-page-background-meta":{"desktop":{"background-color":"","background-image":"","background-repeat":"repeat","background-position":"center center","background-size":"auto","background-attachment":"scroll","background-type":"","background-media":"","overlay-type":"","overlay-color":"","overlay-opacity":"","overlay-gradient":""},"tablet":{"background-color":"","background-image":"","background-repeat":"repeat","background-position":"center center","background-size":"auto","background-attachment":"scroll","background-type":"","background-media":"","overlay-type":"","overlay-color":"","overlay-opacity":"","overlay-gradient":""},"mobile":{"background-color":"","background-image":"","background-repeat":"repeat","background-position":"center center","background-size":"auto","background-attachment":"scroll","background-type":"","background-media":"","overlay-type":"","overlay-color":"","overlay-opacity":"","overlay-gradient":""}},"ast-content-background-meta":{"desktop":{"background-color":"var(--ast-global-color-5)","background-image":"","background-repeat":"repeat","background-position":"center center","background-size":"auto","background-attachment":"scroll","background-type":"","background-media":"","overlay-type":"","overlay-color":"","overlay-opacity":"","overlay-gradient":""},"tablet":{"background-color":"var(--ast-global-color-5)","background-image":"","background-repeat":"repeat","background-position":"center center","background-size":"auto","background-attachment":"scroll","background-type":"","background-media":"","overlay-type":"","overlay-color":"","overlay-opacity":"","overlay-gradient":""},"mobile":{"background-color":"var(--ast-global-color-5)","background-image":"","background-repeat":"repeat","background-position":"center center","background-size":"auto","background-attachment":"scroll","background-type":"","background-media":"","overlay-type":"","overlay-color":"","overlay-opacity":"","overlay-gradient":""}},"_joinchat":[]},"product_brand":[],"product_cat":[31],"product_tag":[],"class_list":{"0":"post-890","1":"product","2":"type-product","3":"status-publish","4":"has-post-thumbnail","6":"product_cat-belleza","7":"desktop-align-left","8":"tablet-align-left","9":"mobile-align-left","11":"first","12":"instock","13":"sale","14":"taxable","15":"shipping-taxable","16":"purchasable","17":"product-type-simple"},"uagb_featured_image_src":{"full":["https:\/\/tiendachilevip.com\/wp-content\/uploads\/2023\/04\/1-48.png",1500,1500,false],"thumbnail":["https:\/\/tiendachilevip.com\/wp-content\/uploads\/2023\/04\/1-48-150x150.png",150,150,true],"medium":["https:\/\/tiendachilevip.com\/wp-content\/uploads\/2023\/04\/1-48-300x300.png",300,300,true],"medium_large":["https:\/\/tiendachilevip.com\/wp-content\/uploads\/2023\/04\/1-48-768x768.png",768,768,true],"large":["https:\/\/tiendachilevip.com\/wp-content\/uploads\/2023\/04\/1-48-1024x1024.png",1024,1024,true],"1536x1536":["https:\/\/tiendachilevip.com\/wp-content\/uploads\/2023\/04\/1-48.png",1500,1500,false],"2048x2048":["https:\/\/tiendachilevip.com\/wp-content\/uploads\/2023\/04\/1-48.png",1500,1500,false],"woocommerce_thumbnail":["https:\/\/tiendachilevip.com\/wp-content\/uploads\/2023\/04\/1-48-300x300.png",300,300,true],"woocommerce_single":["https:\/\/tiendachilevip.com\/wp-content\/uploads\/2023\/04\/1-48-600x600.png",600,600,true],"woocommerce_gallery_thumbnail":["https:\/\/tiendachilevip.com\/wp-content\/uploads\/2023\/04\/1-48-100x100.png",100,100,true]},"uagb_author_info":{"display_name":"pablo lopez","author_link":"https:\/\/tiendachilevip.com\/?author=0"},"uagb_comment_info":0,"uagb_excerpt":"Descripci\u00f3n Peine para masaje del cuero cabelludo para mujer, mango de goma, cepillo para el pelo rizado h\u00famedo, herramientas de estilismo para peluquer\u00eda Caracter\u00edsticas: Los dientes redondos pueden masajear su cabeza, promoviendo el crecimiento de su cabello. Peine de ocho garras, rebote, c\u00f3modo para el cuero cabelludo. El peine curvo se ajusta al cuero cabelludo&hellip;","_links":{"self":[{"href":"https:\/\/tiendachilevip.com\/index.php?rest_route=\/wp\/v2\/product\/890","targetHints":{"allow":["GET"]}}],"collection":[{"href":"https:\/\/tiendachilevip.com\/index.php?rest_route=\/wp\/v2\/product"}],"about":[{"href":"https:\/\/tiendachilevip.com\/index.php?rest_route=\/wp\/v2\/types\/product"}],"replies":[{"embeddable":true,"href":"https:\/\/tiendachilevip.com\/index.php?rest_route=%2Fwp%2Fv2%2Fcomments&post=890"}],"wp:featuredmedia":[{"embeddable":true,"href":"https:\/\/tiendachilevip.com\/index.php?rest_route=\/wp\/v2\/media\/891"}],"wp:attachment":[{"href":"https:\/\/tiendachilevip.com\/index.php?rest_route=%2Fwp%2Fv2%2Fmedia&parent=890"}],"wp:term":[{"taxonomy":"product_brand","embeddable":true,"href":"https:\/\/tiendachilevip.com\/index.php?rest_route=%2Fwp%2Fv2%2Fproduct_brand&post=890"},{"taxonomy":"product_cat","embeddable":true,"href":"https:\/\/tiendachilevip.com\/index.php?rest_route=%2Fwp%2Fv2%2Fproduct_cat&post=890"},{"taxonomy":"product_tag","embeddable":true,"href":"https:\/\/tiendachilevip.com\/index.php?rest_route=%2Fwp%2Fv2%2Fproduct_tag&post=890"}],"curies":[{"name":"wp","href":"https:\/\/api.w.org\/{rel}","templated":true}]}}