{"id":873,"date":"2023-04-25T21:41:39","date_gmt":"2023-04-26T01:41:39","guid":{"rendered":"https:\/\/tiendachilevip.com\/?post_type=product&#038;p=873"},"modified":"2023-06-12T17:57:19","modified_gmt":"2023-06-12T21:57:19","slug":"cautin-profesional-para-soldar","status":"publish","type":"product","link":"https:\/\/tiendachilevip.com\/?product=cautin-profesional-para-soldar","title":{"rendered":"Caut\u00edn Profesional Para Soldar"},"content":{"rendered":"<h2 class=\"ui-pdp-description__title\">Descripci\u00f3n<\/h2>\n<p class=\"ui-pdp-description__content\">Puedes comprar m\u00e1s barato en tiendachilevip cl<br \/>\nIntroducci\u00f3n:<\/p>\n<p>Est\u00e1 hecho de Punta chapada en hierro y acero inoxidable, garantiza la calidad de los productos y las propiedades de estabilidad y fiabilidad. Soldadores ajustables con temperatura controlada: 200-450 grados cent\u00edgrados, hay un circuito de termostato especial para controlar la temperatura y puede ajustar la temperatura seg\u00fan su necesidad mediante la rueda de la perilla del soldador electr\u00f3nico<\/p>\n<p>Caracter\u00edsticas:<\/p>\n<p>La herramienta de soldadura profesional es ideal para semiconductores de soldadura sin plomo<\/p>\n<p>No necesita Estaci\u00f3n de soldadura, solo plug and play, tambi\u00e9n con agarre suave y Mango antideslizante.<\/p>\n<p>Calentador de cer\u00e1mica de larga duraci\u00f3n de alta calidad<\/p>\n<p>Soldadores ajustables de temperatura controlada: 200-450 \u00b0C<\/p>\n<p>Ideal para pasatiempos, kits, radios, port\u00e1tiles, ordenadores y trabajos electr\u00f3nicos.<\/p>\n<p>Utilizamos punta chapada en hierro y construcci\u00f3n de acero inoxidable, puede ofrecer una construcci\u00f3n de acero m\u00e1s larga que ofrece una vida m\u00e1s larga<\/p>\n<p>Funcionamiento:<\/p>\n<p>Limpie las piezas a unir<\/p>\n<p>Limpie la punta del soldador y \u00abEsta\u00f1e\u00bb todas las caras de la punta con un recubrimiento de soldadura<\/p>\n<p>Piezas de calor, sin soldadura, para unir.<\/p>\n<p>Aplique soldadura de n\u00facleo fundente a las piezas calentadas, no hasta que me suelde la punta de soldadura y cali\u00e9ntelo<\/p>\n<p>Hasta que la soldadura se derrita y fluya libremente<\/p>\n<p>Nota:<\/p>\n<p>Cuando el soldador se enchufa por primera vez, sale humo del extremo de la punta. El humo se detiene en un momento y el humo nunca vuelve a salir.<\/p>\n<p>Despu\u00e9s de terminar la cara de la punta de vida m\u00e1s larga<\/p>\n<p>Use soporte de soldadura y otras ayudas para evitar quemaduras en los dedos.<\/p>\n<p>No tire de la punta del soldador hacia afuera y \u00faselo de esa manera, lo que acortar\u00e1 el<\/p>\n<p>Vida del elemento calefactor.<\/p>\n<p>No Lime la cara de la punta de larga duraci\u00f3n y no aplique demasiada soldadura innecesariamente<\/p>\n<p>Especificaci\u00f3n:<\/p>\n<p>Longitud del soldador: 2,5 pulgadas\/6,5 cm<\/p>\n<p>Longitud del cable: 57in\/145cm<\/p>\n<p>Tipo de enchufe: Enchufe europeo<\/p>\n<p>Voltaje de funcionamiento: 220V<\/p>\n<p>Potencia: Aout 60W<\/p>\n<p>Color: como se muestra en las im\u00e1genes<\/p>\n","protected":false},"excerpt":{"rendered":"<p>Descripci\u00f3n Puedes comprar m\u00e1s barato en tiendachilevip cl Introducci\u00f3n: Est\u00e1 hecho de Punta chapada en hierro y acero inoxidable, garantiza la calidad de los productos y las propiedades de estabilidad y fiabilidad. Soldadores ajustables con temperatura controlada: 200-450 grados cent\u00edgrados, hay un circuito de termostato especial para controlar la temperatura y puede ajustar la temperatura [&hellip;]<\/p>\n","protected":false},"featured_media":879,"comment_status":"open","ping_status":"closed","template":"","meta":{"_uag_custom_page_level_css":"","site-sidebar-layout":"default","site-content-layout":"","ast-site-content-layout":"default","site-content-style":"default","site-sidebar-style":"default","ast-global-header-display":"","ast-banner-title-visibility":"","ast-main-header-display":"","ast-hfb-above-header-display":"","ast-hfb-below-header-display":"","ast-hfb-mobile-header-display":"","site-post-title":"","ast-breadcrumbs-content":"","ast-featured-img":"","footer-sml-layout":"","ast-disable-related-posts":"","theme-transparent-header-meta":"","adv-header-id-meta":"","stick-header-meta":"","header-above-stick-meta":"","header-main-stick-meta":"","header-below-stick-meta":"","astra-migrate-meta-layouts":"default","ast-page-background-enabled":"default","ast-page-background-meta":{"desktop":{"background-color":"","background-image":"","background-repeat":"repeat","background-position":"center center","background-size":"auto","background-attachment":"scroll","background-type":"","background-media":"","overlay-type":"","overlay-color":"","overlay-opacity":"","overlay-gradient":""},"tablet":{"background-color":"","background-image":"","background-repeat":"repeat","background-position":"center center","background-size":"auto","background-attachment":"scroll","background-type":"","background-media":"","overlay-type":"","overlay-color":"","overlay-opacity":"","overlay-gradient":""},"mobile":{"background-color":"","background-image":"","background-repeat":"repeat","background-position":"center center","background-size":"auto","background-attachment":"scroll","background-type":"","background-media":"","overlay-type":"","overlay-color":"","overlay-opacity":"","overlay-gradient":""}},"ast-content-background-meta":{"desktop":{"background-color":"var(--ast-global-color-5)","background-image":"","background-repeat":"repeat","background-position":"center center","background-size":"auto","background-attachment":"scroll","background-type":"","background-media":"","overlay-type":"","overlay-color":"","overlay-opacity":"","overlay-gradient":""},"tablet":{"background-color":"var(--ast-global-color-5)","background-image":"","background-repeat":"repeat","background-position":"center center","background-size":"auto","background-attachment":"scroll","background-type":"","background-media":"","overlay-type":"","overlay-color":"","overlay-opacity":"","overlay-gradient":""},"mobile":{"background-color":"var(--ast-global-color-5)","background-image":"","background-repeat":"repeat","background-position":"center center","background-size":"auto","background-attachment":"scroll","background-type":"","background-media":"","overlay-type":"","overlay-color":"","overlay-opacity":"","overlay-gradient":""}},"_joinchat":[]},"product_brand":[],"product_cat":[24],"product_tag":[],"class_list":{"0":"post-873","1":"product","2":"type-product","3":"status-publish","4":"has-post-thumbnail","6":"product_cat-electronica","7":"desktop-align-left","8":"tablet-align-left","9":"mobile-align-left","11":"first","12":"outofstock","13":"sale","14":"taxable","15":"shipping-taxable","16":"purchasable","17":"product-type-simple"},"uagb_featured_image_src":{"full":["https:\/\/tiendachilevip.com\/wp-content\/uploads\/2023\/04\/6-42.png",800,800,false],"thumbnail":["https:\/\/tiendachilevip.com\/wp-content\/uploads\/2023\/04\/6-42-150x150.png",150,150,true],"medium":["https:\/\/tiendachilevip.com\/wp-content\/uploads\/2023\/04\/6-42-300x300.png",300,300,true],"medium_large":["https:\/\/tiendachilevip.com\/wp-content\/uploads\/2023\/04\/6-42-768x768.png",768,768,true],"large":["https:\/\/tiendachilevip.com\/wp-content\/uploads\/2023\/04\/6-42.png",800,800,false],"1536x1536":["https:\/\/tiendachilevip.com\/wp-content\/uploads\/2023\/04\/6-42.png",800,800,false],"2048x2048":["https:\/\/tiendachilevip.com\/wp-content\/uploads\/2023\/04\/6-42.png",800,800,false],"woocommerce_thumbnail":["https:\/\/tiendachilevip.com\/wp-content\/uploads\/2023\/04\/6-42-300x300.png",300,300,true],"woocommerce_single":["https:\/\/tiendachilevip.com\/wp-content\/uploads\/2023\/04\/6-42-600x600.png",600,600,true],"woocommerce_gallery_thumbnail":["https:\/\/tiendachilevip.com\/wp-content\/uploads\/2023\/04\/6-42-100x100.png",100,100,true]},"uagb_author_info":{"display_name":"pablo lopez","author_link":"https:\/\/tiendachilevip.com\/?author=0"},"uagb_comment_info":0,"uagb_excerpt":"Descripci\u00f3n Puedes comprar m\u00e1s barato en tiendachilevip cl Introducci\u00f3n: Est\u00e1 hecho de Punta chapada en hierro y acero inoxidable, garantiza la calidad de los productos y las propiedades de estabilidad y fiabilidad. Soldadores ajustables con temperatura controlada: 200-450 grados cent\u00edgrados, hay un circuito de termostato especial para controlar la temperatura y puede ajustar la temperatura&hellip;","_links":{"self":[{"href":"https:\/\/tiendachilevip.com\/index.php?rest_route=\/wp\/v2\/product\/873","targetHints":{"allow":["GET"]}}],"collection":[{"href":"https:\/\/tiendachilevip.com\/index.php?rest_route=\/wp\/v2\/product"}],"about":[{"href":"https:\/\/tiendachilevip.com\/index.php?rest_route=\/wp\/v2\/types\/product"}],"replies":[{"embeddable":true,"href":"https:\/\/tiendachilevip.com\/index.php?rest_route=%2Fwp%2Fv2%2Fcomments&post=873"}],"wp:featuredmedia":[{"embeddable":true,"href":"https:\/\/tiendachilevip.com\/index.php?rest_route=\/wp\/v2\/media\/879"}],"wp:attachment":[{"href":"https:\/\/tiendachilevip.com\/index.php?rest_route=%2Fwp%2Fv2%2Fmedia&parent=873"}],"wp:term":[{"taxonomy":"product_brand","embeddable":true,"href":"https:\/\/tiendachilevip.com\/index.php?rest_route=%2Fwp%2Fv2%2Fproduct_brand&post=873"},{"taxonomy":"product_cat","embeddable":true,"href":"https:\/\/tiendachilevip.com\/index.php?rest_route=%2Fwp%2Fv2%2Fproduct_cat&post=873"},{"taxonomy":"product_tag","embeddable":true,"href":"https:\/\/tiendachilevip.com\/index.php?rest_route=%2Fwp%2Fv2%2Fproduct_tag&post=873"}],"curies":[{"name":"wp","href":"https:\/\/api.w.org\/{rel}","templated":true}]}}