{"id":827,"date":"2023-04-25T16:23:12","date_gmt":"2023-04-25T20:23:12","guid":{"rendered":"https:\/\/tiendachilevip.com\/?post_type=product&#038;p=827"},"modified":"2023-04-25T16:45:12","modified_gmt":"2023-04-25T20:45:12","slug":"camara-espia-de-vigilancia-fhd","status":"publish","type":"product","link":"https:\/\/tiendachilevip.com\/?product=camara-espia-de-vigilancia-fhd","title":{"rendered":"Camara Esp\u00eda De Vigilancia Fhd"},"content":{"rendered":"<p>Descripci\u00f3n:<\/p>\n<p>-CARACTER\u00cdSTICAS-<\/p>\n<p>1,1080 P Full te trae unExperiencia diferente.<\/p>\n<p>Esta C\u00e1mara IP inal\u00e1mbrica le permite ver en tiempo realLo que est\u00e1 sucediendo dentro de su hogar u oficina, incluso mientras est\u00e1 ausente en unVacaciones o un viaje de negocios r\u00e1pido. Se puede acceder a la vista remota a trav\u00e9s deEl m\u00f3vil<\/p>\n<p>2. Esta IP inal\u00e1mbricaLa c\u00e1mara puede funcionar con WiFi (solo WiFi de 2,4 GHz) o sin WiFi.<\/p>\n<p>Cuando funciona enSin WiFi, inserte una tarjeta TF (tarjeta TF no incluida) y encienda,La c\u00e1maraGrabar\u00e1 y guardar\u00e1 los archivos de v\u00eddeo en la tarjeta SD (la tarjeta SD noINCLUIR).<\/p>\n<p>3. Visi\u00f3n nocturna yAlarma pulsada.<\/p>\n<p>Estas caracter\u00edsticas son la base de esta c\u00e1mara de seguridad para interiores.La Funci\u00f3n de visi\u00f3n nocturna de la c\u00e1mara debe estar en un determinado entorno de iluminaci\u00f3n, no puede funcionar en un entorno completamente oscuro.<\/p>\n<p>4. Esta peque\u00f1a c\u00e1maraEl ba\u00f1o tiene un im\u00e1n incorporado, puede funcionar bien con cualquier material de hierro,Colocar f\u00e1cilmente en cualquier lugar.<\/p>\n<p>Esta peque\u00f1a c\u00e1mara con un cable de carga r\u00edgido yBase, al cargar durante la grabaci\u00f3n, puede girar manualmente el\u00c1ngulo de grabaci\u00f3n 360 grados.<\/p>\n<p>Especificaciones:<\/p>\n<p>Material: aleaci\u00f3n de aluminio<\/p>\n<p>Tama\u00f1o: 5*4,5*4,5 cm<\/p>\n<p>Color: negro<\/p>\n<p>Relaci\u00f3n de resoluci\u00f3n: 1920*1080P<\/p>\n<p>Formato de v\u00eddeo: AVI<\/p>\n<p>Tipo de tarjeta de memoria: compatible con tarjeta TF de hasta 128GB, (TF no est\u00e1 incluido)<\/p>\n<p>Formato comprimido: H.264<\/p>\n<p>Soporte APP: Android\/iOS<\/p>\n<p>Tiempo de trabajo de la bater\u00eda: 60 minutos<\/p>\n<p>\u00bfEs compatible con la versi\u00f3n nocturna? S\u00ed<\/p>\n<p>Wifi controlado por tel\u00e9fono m\u00f3vil u ordenador<\/p>\n<p>===============<\/p>\n<p>\u00bfC\u00f3mo usarlo?<\/p>\n<p>Presione el bot\u00f3n ON\/OFF durante 3 segundos para encender la c\u00e1mara.<\/p>\n<p>Busque y conecte el punto de acceso WiFi de la c\u00e1mara en la configuraci\u00f3n WLAN de su tel\u00e9fono. O escanee el c\u00f3digo QR de la c\u00e1mara y conecte el WiFi de 2,4 GHz de su hogar en la configuraci\u00f3n de la aplicaci\u00f3n-WiFi Config.<\/p>\n<p>Vea el v\u00eddeo en directo.<\/p>\n<p>Si desea guardar el v\u00eddeo, formatee la tarjeta TF antes de usarla.<\/p>\n<p>===============<\/p>\n<p>Paquete incluido:<\/p>\n<p>1 * mini c\u00e1mara<\/p>\n<p>1 * cable de carga (versi\u00f3n extendida)<\/p>\n<p>1 * soporte ajustable<\/p>\n<p>1 * manual en ingl\u00e9s<\/p>\n","protected":false},"excerpt":{"rendered":"<p>Descripci\u00f3n: -CARACTER\u00cdSTICAS- 1,1080 P Full te trae unExperiencia diferente. Esta C\u00e1mara IP inal\u00e1mbrica le permite ver en tiempo realLo que est\u00e1 sucediendo dentro de su hogar u oficina, incluso mientras est\u00e1 ausente en unVacaciones o un viaje de negocios r\u00e1pido. Se puede acceder a la vista remota a trav\u00e9s deEl m\u00f3vil 2. Esta IP inal\u00e1mbricaLa [&hellip;]<\/p>\n","protected":false},"featured_media":831,"comment_status":"open","ping_status":"closed","template":"","meta":{"_uag_custom_page_level_css":"","site-sidebar-layout":"default","site-content-layout":"","ast-site-content-layout":"default","site-content-style":"default","site-sidebar-style":"default","ast-global-header-display":"","ast-banner-title-visibility":"","ast-main-header-display":"","ast-hfb-above-header-display":"","ast-hfb-below-header-display":"","ast-hfb-mobile-header-display":"","site-post-title":"","ast-breadcrumbs-content":"","ast-featured-img":"","footer-sml-layout":"","ast-disable-related-posts":"","theme-transparent-header-meta":"","adv-header-id-meta":"","stick-header-meta":"","header-above-stick-meta":"","header-main-stick-meta":"","header-below-stick-meta":"","astra-migrate-meta-layouts":"default","ast-page-background-enabled":"default","ast-page-background-meta":{"desktop":{"background-color":"","background-image":"","background-repeat":"repeat","background-position":"center center","background-size":"auto","background-attachment":"scroll","background-type":"","background-media":"","overlay-type":"","overlay-color":"","overlay-opacity":"","overlay-gradient":""},"tablet":{"background-color":"","background-image":"","background-repeat":"repeat","background-position":"center center","background-size":"auto","background-attachment":"scroll","background-type":"","background-media":"","overlay-type":"","overlay-color":"","overlay-opacity":"","overlay-gradient":""},"mobile":{"background-color":"","background-image":"","background-repeat":"repeat","background-position":"center center","background-size":"auto","background-attachment":"scroll","background-type":"","background-media":"","overlay-type":"","overlay-color":"","overlay-opacity":"","overlay-gradient":""}},"ast-content-background-meta":{"desktop":{"background-color":"var(--ast-global-color-5)","background-image":"","background-repeat":"repeat","background-position":"center center","background-size":"auto","background-attachment":"scroll","background-type":"","background-media":"","overlay-type":"","overlay-color":"","overlay-opacity":"","overlay-gradient":""},"tablet":{"background-color":"var(--ast-global-color-5)","background-image":"","background-repeat":"repeat","background-position":"center center","background-size":"auto","background-attachment":"scroll","background-type":"","background-media":"","overlay-type":"","overlay-color":"","overlay-opacity":"","overlay-gradient":""},"mobile":{"background-color":"var(--ast-global-color-5)","background-image":"","background-repeat":"repeat","background-position":"center center","background-size":"auto","background-attachment":"scroll","background-type":"","background-media":"","overlay-type":"","overlay-color":"","overlay-opacity":"","overlay-gradient":""}},"_joinchat":[]},"product_brand":[],"product_cat":[24],"product_tag":[35,33,36,34],"class_list":{"0":"post-827","1":"product","2":"type-product","3":"status-publish","4":"has-post-thumbnail","6":"product_cat-electronica","7":"product_tag-4k","8":"product_tag-camara","9":"product_tag-espia","10":"product_tag-seguridad","11":"desktop-align-left","12":"tablet-align-left","13":"mobile-align-left","15":"first","16":"instock","17":"sale","18":"taxable","19":"shipping-taxable","20":"purchasable","21":"product-type-simple"},"uagb_featured_image_src":{"full":["https:\/\/tiendachilevip.com\/wp-content\/uploads\/2023\/04\/4-41.png",800,790,false],"thumbnail":["https:\/\/tiendachilevip.com\/wp-content\/uploads\/2023\/04\/4-41-150x150.png",150,150,true],"medium":["https:\/\/tiendachilevip.com\/wp-content\/uploads\/2023\/04\/4-41-300x296.png",300,296,true],"medium_large":["https:\/\/tiendachilevip.com\/wp-content\/uploads\/2023\/04\/4-41-768x758.png",768,758,true],"large":["https:\/\/tiendachilevip.com\/wp-content\/uploads\/2023\/04\/4-41.png",800,790,false],"1536x1536":["https:\/\/tiendachilevip.com\/wp-content\/uploads\/2023\/04\/4-41.png",800,790,false],"2048x2048":["https:\/\/tiendachilevip.com\/wp-content\/uploads\/2023\/04\/4-41.png",800,790,false],"woocommerce_thumbnail":["https:\/\/tiendachilevip.com\/wp-content\/uploads\/2023\/04\/4-41-300x300.png",300,300,true],"woocommerce_single":["https:\/\/tiendachilevip.com\/wp-content\/uploads\/2023\/04\/4-41-600x593.png",600,593,true],"woocommerce_gallery_thumbnail":["https:\/\/tiendachilevip.com\/wp-content\/uploads\/2023\/04\/4-41-100x100.png",100,100,true]},"uagb_author_info":{"display_name":"pablo lopez","author_link":"https:\/\/tiendachilevip.com\/?author=0"},"uagb_comment_info":0,"uagb_excerpt":"Descripci\u00f3n: -CARACTER\u00cdSTICAS- 1,1080 P Full te trae unExperiencia diferente. Esta C\u00e1mara IP inal\u00e1mbrica le permite ver en tiempo realLo que est\u00e1 sucediendo dentro de su hogar u oficina, incluso mientras est\u00e1 ausente en unVacaciones o un viaje de negocios r\u00e1pido. Se puede acceder a la vista remota a trav\u00e9s deEl m\u00f3vil 2. Esta IP inal\u00e1mbricaLa&hellip;","_links":{"self":[{"href":"https:\/\/tiendachilevip.com\/index.php?rest_route=\/wp\/v2\/product\/827","targetHints":{"allow":["GET"]}}],"collection":[{"href":"https:\/\/tiendachilevip.com\/index.php?rest_route=\/wp\/v2\/product"}],"about":[{"href":"https:\/\/tiendachilevip.com\/index.php?rest_route=\/wp\/v2\/types\/product"}],"replies":[{"embeddable":true,"href":"https:\/\/tiendachilevip.com\/index.php?rest_route=%2Fwp%2Fv2%2Fcomments&post=827"}],"wp:featuredmedia":[{"embeddable":true,"href":"https:\/\/tiendachilevip.com\/index.php?rest_route=\/wp\/v2\/media\/831"}],"wp:attachment":[{"href":"https:\/\/tiendachilevip.com\/index.php?rest_route=%2Fwp%2Fv2%2Fmedia&parent=827"}],"wp:term":[{"taxonomy":"product_brand","embeddable":true,"href":"https:\/\/tiendachilevip.com\/index.php?rest_route=%2Fwp%2Fv2%2Fproduct_brand&post=827"},{"taxonomy":"product_cat","embeddable":true,"href":"https:\/\/tiendachilevip.com\/index.php?rest_route=%2Fwp%2Fv2%2Fproduct_cat&post=827"},{"taxonomy":"product_tag","embeddable":true,"href":"https:\/\/tiendachilevip.com\/index.php?rest_route=%2Fwp%2Fv2%2Fproduct_tag&post=827"}],"curies":[{"name":"wp","href":"https:\/\/api.w.org\/{rel}","templated":true}]}}