{"id":792,"date":"2023-04-25T14:06:59","date_gmt":"2023-04-25T18:06:59","guid":{"rendered":"https:\/\/tiendachilevip.com\/?post_type=product&#038;p=792"},"modified":"2023-06-12T17:57:40","modified_gmt":"2023-06-12T21:57:40","slug":"camara-de-vigilancia-besder-4k-con-zoom","status":"publish","type":"product","link":"https:\/\/tiendachilevip.com\/?product=camara-de-vigilancia-besder-4k-con-zoom","title":{"rendered":"Camara De Vigilancia Besder 4k Con Zoom"},"content":{"rendered":"<p>Caracter\u00edsticas principales:<\/p>\n<p>\u25cf Resoluci\u00f3n Ultra HD 4MP\/8MP para la opci\u00f3n;<br \/>\n\u25cf Dise\u00f1o de lente dual de 2,8mm + 12mm;<br \/>\n\u25cf Detecci\u00f3n inteligente Ai Humanoide: l\u00ednea de mezcla, \u00e1rea, detecci\u00f3n de flujo bidireccional, para la forma humana, el art\u00edculo no activa ninguna alarma;.<br \/>\n\u25cf Admite voz de alerta DIY y timbre de alarma\/nuevos altavoces personalizados con volumen fuerte (alta potencia de 4w)<br \/>\n\u25cf Configuraci\u00f3n de tres modos nocturnos: luz negra visi\u00f3n nocturna infrarroja a todo color advertencia de doble luz;<br \/>\n\u25cf Admite conexi\u00f3n directa AP\/conexi\u00f3n inal\u00e1mbrica\/conexi\u00f3n por cable;<br \/>\n\u25cf Conexi\u00f3n WiFi: La C\u00e1mara solo admite WiFi de 2,4G HZ, no admite WiFi de 5G HZ;<br \/>\n\u25cf Conexi\u00f3n por cable: la c\u00e1mara con un puerto LAN RJ45, tambi\u00e9n puede conectar la c\u00e1mara con el cable de red (cuando no tiene wifi);<br \/>\n\u25cf Admite Ampliaci\u00f3n de visi\u00f3n 8 veces (solo admite zoom digital 8x, no admite zoom \u00f3ptico 5x);<br \/>\n\u25cf Admite Grabaci\u00f3n en bucle a tiempo completo, cuando la tarjeta Sd est\u00e1 llena, el v\u00eddeo antiguo se cubrir\u00e1 y ver\u00e1 la nueva grabaci\u00f3n autom\u00e1ticamente. Admite Grabaci\u00f3n de alarma de movimiento, solo puede grabar cuando detecta movimiento para ahorrar m\u00e1s almacenamiento en su tarjeta SD y almacenamiento en la nube;<br \/>\n\u25cf Admite grabaci\u00f3n de dos modos: almacenamiento gratuito de 30 d\u00edas en la nube, registro de tarjeta SD m\u00e1ximo 128G, la seguridad de los datos es m\u00e1s estable;<br \/>\n\u25cf Acceso remoto P2P\/multiusuario: La tecnolog\u00eda P2P le permite ver la situaci\u00f3n en vivo de su casa donde quiera que est\u00e9, solo con la cuenta P2P en la aplicaci\u00f3n a trav\u00e9s de su tel\u00e9fono inteligente o tableta.<br \/>\n\u25cf PTZ: gira 270 \u00b0 horizontalmente y 100 \u00b0 verticalmente;<br \/>\n\u25cf Nuevo dise\u00f1o de almacenamiento H.265X, el almacenamiento de tarjetas TF es m\u00e1s bajo, m\u00e1s estable y m\u00e1s duradero;<br \/>\n\u25cf Xmeye desarroll\u00f3 de forma independiente la arquitectura de nube RTS, que es m\u00e1s r\u00e1pida y la vista previa es m\u00e1s estable;<br \/>\n\u25cf Tecnolog\u00eda especial: exclusivo tratamiento t\u00e9rmico esf\u00e9rico patentado, con un promedio de 30 grados, deja que la exposici\u00f3n de la pantalla se seque y desaparezca.<\/p>\n<p>Contenido del paquete<\/p>\n<p>1 c\u00e1mara PTZ<br \/>\n1 Manual de usuario<br \/>\n1 Fuente de alimentaci\u00f3n (menos de 1 metro)<br \/>\n1 bolsa de tornillos<\/p>\n<p>Consejos: la tarjeta SD es opcional \ud83d\ude42<\/p>\n","protected":false},"excerpt":{"rendered":"<p>Caracter\u00edsticas principales: \u25cf Resoluci\u00f3n Ultra HD 4MP\/8MP para la opci\u00f3n; \u25cf Dise\u00f1o de lente dual de 2,8mm + 12mm; \u25cf Detecci\u00f3n inteligente Ai Humanoide: l\u00ednea de mezcla, \u00e1rea, detecci\u00f3n de flujo bidireccional, para la forma humana, el art\u00edculo no activa ninguna alarma;. \u25cf Admite voz de alerta DIY y timbre de alarma\/nuevos altavoces personalizados con [&hellip;]<\/p>\n","protected":false},"featured_media":806,"comment_status":"open","ping_status":"closed","template":"","meta":{"_uag_custom_page_level_css":"","site-sidebar-layout":"default","site-content-layout":"","ast-site-content-layout":"default","site-content-style":"default","site-sidebar-style":"default","ast-global-header-display":"","ast-banner-title-visibility":"","ast-main-header-display":"","ast-hfb-above-header-display":"","ast-hfb-below-header-display":"","ast-hfb-mobile-header-display":"","site-post-title":"","ast-breadcrumbs-content":"","ast-featured-img":"","footer-sml-layout":"","ast-disable-related-posts":"","theme-transparent-header-meta":"","adv-header-id-meta":"","stick-header-meta":"","header-above-stick-meta":"","header-main-stick-meta":"","header-below-stick-meta":"","astra-migrate-meta-layouts":"default","ast-page-background-enabled":"default","ast-page-background-meta":{"desktop":{"background-color":"","background-image":"","background-repeat":"repeat","background-position":"center center","background-size":"auto","background-attachment":"scroll","background-type":"","background-media":"","overlay-type":"","overlay-color":"","overlay-opacity":"","overlay-gradient":""},"tablet":{"background-color":"","background-image":"","background-repeat":"repeat","background-position":"center center","background-size":"auto","background-attachment":"scroll","background-type":"","background-media":"","overlay-type":"","overlay-color":"","overlay-opacity":"","overlay-gradient":""},"mobile":{"background-color":"","background-image":"","background-repeat":"repeat","background-position":"center center","background-size":"auto","background-attachment":"scroll","background-type":"","background-media":"","overlay-type":"","overlay-color":"","overlay-opacity":"","overlay-gradient":""}},"ast-content-background-meta":{"desktop":{"background-color":"var(--ast-global-color-5)","background-image":"","background-repeat":"repeat","background-position":"center center","background-size":"auto","background-attachment":"scroll","background-type":"","background-media":"","overlay-type":"","overlay-color":"","overlay-opacity":"","overlay-gradient":""},"tablet":{"background-color":"var(--ast-global-color-5)","background-image":"","background-repeat":"repeat","background-position":"center center","background-size":"auto","background-attachment":"scroll","background-type":"","background-media":"","overlay-type":"","overlay-color":"","overlay-opacity":"","overlay-gradient":""},"mobile":{"background-color":"var(--ast-global-color-5)","background-image":"","background-repeat":"repeat","background-position":"center center","background-size":"auto","background-attachment":"scroll","background-type":"","background-media":"","overlay-type":"","overlay-color":"","overlay-opacity":"","overlay-gradient":""}},"_joinchat":[]},"product_brand":[],"product_cat":[24],"product_tag":[],"class_list":{"0":"post-792","1":"product","2":"type-product","3":"status-publish","4":"has-post-thumbnail","6":"product_cat-electronica","7":"desktop-align-left","8":"tablet-align-left","9":"mobile-align-left","11":"first","12":"outofstock","13":"sale","14":"taxable","15":"shipping-taxable","16":"purchasable","17":"product-type-simple"},"uagb_featured_image_src":{"full":["https:\/\/tiendachilevip.com\/wp-content\/uploads\/2023\/04\/14-7.png",1000,1000,false],"thumbnail":["https:\/\/tiendachilevip.com\/wp-content\/uploads\/2023\/04\/14-7-150x150.png",150,150,true],"medium":["https:\/\/tiendachilevip.com\/wp-content\/uploads\/2023\/04\/14-7-300x300.png",300,300,true],"medium_large":["https:\/\/tiendachilevip.com\/wp-content\/uploads\/2023\/04\/14-7-768x768.png",768,768,true],"large":["https:\/\/tiendachilevip.com\/wp-content\/uploads\/2023\/04\/14-7.png",1000,1000,false],"1536x1536":["https:\/\/tiendachilevip.com\/wp-content\/uploads\/2023\/04\/14-7.png",1000,1000,false],"2048x2048":["https:\/\/tiendachilevip.com\/wp-content\/uploads\/2023\/04\/14-7.png",1000,1000,false],"woocommerce_thumbnail":["https:\/\/tiendachilevip.com\/wp-content\/uploads\/2023\/04\/14-7-300x300.png",300,300,true],"woocommerce_single":["https:\/\/tiendachilevip.com\/wp-content\/uploads\/2023\/04\/14-7-600x600.png",600,600,true],"woocommerce_gallery_thumbnail":["https:\/\/tiendachilevip.com\/wp-content\/uploads\/2023\/04\/14-7-100x100.png",100,100,true]},"uagb_author_info":{"display_name":"pablo lopez","author_link":"https:\/\/tiendachilevip.com\/?author=0"},"uagb_comment_info":0,"uagb_excerpt":"Caracter\u00edsticas principales: \u25cf Resoluci\u00f3n Ultra HD 4MP\/8MP para la opci\u00f3n; \u25cf Dise\u00f1o de lente dual de 2,8mm + 12mm; \u25cf Detecci\u00f3n inteligente Ai Humanoide: l\u00ednea de mezcla, \u00e1rea, detecci\u00f3n de flujo bidireccional, para la forma humana, el art\u00edculo no activa ninguna alarma;. \u25cf Admite voz de alerta DIY y timbre de alarma\/nuevos altavoces personalizados con&hellip;","_links":{"self":[{"href":"https:\/\/tiendachilevip.com\/index.php?rest_route=\/wp\/v2\/product\/792","targetHints":{"allow":["GET"]}}],"collection":[{"href":"https:\/\/tiendachilevip.com\/index.php?rest_route=\/wp\/v2\/product"}],"about":[{"href":"https:\/\/tiendachilevip.com\/index.php?rest_route=\/wp\/v2\/types\/product"}],"replies":[{"embeddable":true,"href":"https:\/\/tiendachilevip.com\/index.php?rest_route=%2Fwp%2Fv2%2Fcomments&post=792"}],"wp:featuredmedia":[{"embeddable":true,"href":"https:\/\/tiendachilevip.com\/index.php?rest_route=\/wp\/v2\/media\/806"}],"wp:attachment":[{"href":"https:\/\/tiendachilevip.com\/index.php?rest_route=%2Fwp%2Fv2%2Fmedia&parent=792"}],"wp:term":[{"taxonomy":"product_brand","embeddable":true,"href":"https:\/\/tiendachilevip.com\/index.php?rest_route=%2Fwp%2Fv2%2Fproduct_brand&post=792"},{"taxonomy":"product_cat","embeddable":true,"href":"https:\/\/tiendachilevip.com\/index.php?rest_route=%2Fwp%2Fv2%2Fproduct_cat&post=792"},{"taxonomy":"product_tag","embeddable":true,"href":"https:\/\/tiendachilevip.com\/index.php?rest_route=%2Fwp%2Fv2%2Fproduct_tag&post=792"}],"curies":[{"name":"wp","href":"https:\/\/api.w.org\/{rel}","templated":true}]}}