{"id":727,"date":"2023-04-24T15:44:21","date_gmt":"2023-04-24T19:44:21","guid":{"rendered":"https:\/\/tiendachilevip.com\/?post_type=product&#038;p=727"},"modified":"2023-04-24T16:03:05","modified_gmt":"2023-04-24T20:03:05","slug":"bolso-de-pecho-estilo-koreano","status":"publish","type":"product","link":"https:\/\/tiendachilevip.com\/?product=bolso-de-pecho-estilo-koreano","title":{"rendered":"Bolso De Pecho Estilo Koreano"},"content":{"rendered":"<p>\u00a1Bienvenido a mi peque\u00f1a tienda!<br \/>\nPunto de la bala de la bolsa de pecho:<br \/>\nHecho de lino de alta calidad y forro de malla transpirable con n\u00facleo a prueba de humedad, piel c\u00f3moda, a prueba de humedad y duradera.<br \/>\nGran capacidad, la partici\u00f3n grande es adecuada para tel\u00e9fonos m\u00f3viles, boletos y otros art\u00edculos grandes; El bolsillo frontal puede almacenar efectivo, monedas, llaves y otros art\u00edculos.<br \/>\nLigero y delgado, se puede ocultar debajo de la ropa. Puedes esconder la cintura dentro de la camisa y la mitad debajo de los pantalones para que quede discreto. El bolsillo no puede tocar tus cosas.<br \/>\nLa bolsa de viaje est\u00e1 muy cerca del cuerpo, ni siquiera te das cuenta de que la usas la mayor parte del tiempo.<br \/>\nCorrea el\u00e1stica ajustable con cierre de hebilla para un ajuste seguro.<\/p>\n<p>El paquete incluye:<br \/>\n1 x bolsa de pecho<\/p>\n","protected":false},"excerpt":{"rendered":"<p>\u00a1Bienvenido a mi peque\u00f1a tienda! Punto de la bala de la bolsa de pecho: Hecho de lino de alta calidad y forro de malla transpirable con n\u00facleo a prueba de humedad, piel c\u00f3moda, a prueba de humedad y duradera. Gran capacidad, la partici\u00f3n grande es adecuada para tel\u00e9fonos m\u00f3viles, boletos y otros art\u00edculos grandes; El [&hellip;]<\/p>\n","protected":false},"featured_media":728,"comment_status":"open","ping_status":"closed","template":"","meta":{"_uag_custom_page_level_css":"","site-sidebar-layout":"default","site-content-layout":"","ast-site-content-layout":"default","site-content-style":"default","site-sidebar-style":"default","ast-global-header-display":"","ast-banner-title-visibility":"","ast-main-header-display":"","ast-hfb-above-header-display":"","ast-hfb-below-header-display":"","ast-hfb-mobile-header-display":"","site-post-title":"","ast-breadcrumbs-content":"","ast-featured-img":"","footer-sml-layout":"","ast-disable-related-posts":"","theme-transparent-header-meta":"","adv-header-id-meta":"","stick-header-meta":"","header-above-stick-meta":"","header-main-stick-meta":"","header-below-stick-meta":"","astra-migrate-meta-layouts":"default","ast-page-background-enabled":"default","ast-page-background-meta":{"desktop":{"background-color":"","background-image":"","background-repeat":"repeat","background-position":"center center","background-size":"auto","background-attachment":"scroll","background-type":"","background-media":"","overlay-type":"","overlay-color":"","overlay-opacity":"","overlay-gradient":""},"tablet":{"background-color":"","background-image":"","background-repeat":"repeat","background-position":"center center","background-size":"auto","background-attachment":"scroll","background-type":"","background-media":"","overlay-type":"","overlay-color":"","overlay-opacity":"","overlay-gradient":""},"mobile":{"background-color":"","background-image":"","background-repeat":"repeat","background-position":"center center","background-size":"auto","background-attachment":"scroll","background-type":"","background-media":"","overlay-type":"","overlay-color":"","overlay-opacity":"","overlay-gradient":""}},"ast-content-background-meta":{"desktop":{"background-color":"var(--ast-global-color-5)","background-image":"","background-repeat":"repeat","background-position":"center center","background-size":"auto","background-attachment":"scroll","background-type":"","background-media":"","overlay-type":"","overlay-color":"","overlay-opacity":"","overlay-gradient":""},"tablet":{"background-color":"var(--ast-global-color-5)","background-image":"","background-repeat":"repeat","background-position":"center center","background-size":"auto","background-attachment":"scroll","background-type":"","background-media":"","overlay-type":"","overlay-color":"","overlay-opacity":"","overlay-gradient":""},"mobile":{"background-color":"var(--ast-global-color-5)","background-image":"","background-repeat":"repeat","background-position":"center center","background-size":"auto","background-attachment":"scroll","background-type":"","background-media":"","overlay-type":"","overlay-color":"","overlay-opacity":"","overlay-gradient":""}},"_joinchat":[]},"product_brand":[],"product_cat":[30],"product_tag":[],"class_list":{"0":"post-727","1":"product","2":"type-product","3":"status-publish","4":"has-post-thumbnail","6":"product_cat-bolsos","7":"desktop-align-left","8":"tablet-align-left","9":"mobile-align-left","11":"first","12":"instock","13":"sale","14":"taxable","15":"shipping-taxable","16":"purchasable","17":"product-type-simple"},"uagb_featured_image_src":{"full":["https:\/\/tiendachilevip.com\/wp-content\/uploads\/2023\/04\/1-32.png",800,800,false],"thumbnail":["https:\/\/tiendachilevip.com\/wp-content\/uploads\/2023\/04\/1-32-150x150.png",150,150,true],"medium":["https:\/\/tiendachilevip.com\/wp-content\/uploads\/2023\/04\/1-32-300x300.png",300,300,true],"medium_large":["https:\/\/tiendachilevip.com\/wp-content\/uploads\/2023\/04\/1-32-768x768.png",768,768,true],"large":["https:\/\/tiendachilevip.com\/wp-content\/uploads\/2023\/04\/1-32.png",800,800,false],"1536x1536":["https:\/\/tiendachilevip.com\/wp-content\/uploads\/2023\/04\/1-32.png",800,800,false],"2048x2048":["https:\/\/tiendachilevip.com\/wp-content\/uploads\/2023\/04\/1-32.png",800,800,false],"woocommerce_thumbnail":["https:\/\/tiendachilevip.com\/wp-content\/uploads\/2023\/04\/1-32-300x300.png",300,300,true],"woocommerce_single":["https:\/\/tiendachilevip.com\/wp-content\/uploads\/2023\/04\/1-32-600x600.png",600,600,true],"woocommerce_gallery_thumbnail":["https:\/\/tiendachilevip.com\/wp-content\/uploads\/2023\/04\/1-32-100x100.png",100,100,true]},"uagb_author_info":{"display_name":"pablo lopez","author_link":"https:\/\/tiendachilevip.com\/?author=0"},"uagb_comment_info":0,"uagb_excerpt":"\u00a1Bienvenido a mi peque\u00f1a tienda! Punto de la bala de la bolsa de pecho: Hecho de lino de alta calidad y forro de malla transpirable con n\u00facleo a prueba de humedad, piel c\u00f3moda, a prueba de humedad y duradera. Gran capacidad, la partici\u00f3n grande es adecuada para tel\u00e9fonos m\u00f3viles, boletos y otros art\u00edculos grandes; El&hellip;","_links":{"self":[{"href":"https:\/\/tiendachilevip.com\/index.php?rest_route=\/wp\/v2\/product\/727","targetHints":{"allow":["GET"]}}],"collection":[{"href":"https:\/\/tiendachilevip.com\/index.php?rest_route=\/wp\/v2\/product"}],"about":[{"href":"https:\/\/tiendachilevip.com\/index.php?rest_route=\/wp\/v2\/types\/product"}],"replies":[{"embeddable":true,"href":"https:\/\/tiendachilevip.com\/index.php?rest_route=%2Fwp%2Fv2%2Fcomments&post=727"}],"wp:featuredmedia":[{"embeddable":true,"href":"https:\/\/tiendachilevip.com\/index.php?rest_route=\/wp\/v2\/media\/728"}],"wp:attachment":[{"href":"https:\/\/tiendachilevip.com\/index.php?rest_route=%2Fwp%2Fv2%2Fmedia&parent=727"}],"wp:term":[{"taxonomy":"product_brand","embeddable":true,"href":"https:\/\/tiendachilevip.com\/index.php?rest_route=%2Fwp%2Fv2%2Fproduct_brand&post=727"},{"taxonomy":"product_cat","embeddable":true,"href":"https:\/\/tiendachilevip.com\/index.php?rest_route=%2Fwp%2Fv2%2Fproduct_cat&post=727"},{"taxonomy":"product_tag","embeddable":true,"href":"https:\/\/tiendachilevip.com\/index.php?rest_route=%2Fwp%2Fv2%2Fproduct_tag&post=727"}],"curies":[{"name":"wp","href":"https:\/\/api.w.org\/{rel}","templated":true}]}}