{"id":665,"date":"2023-04-23T18:24:50","date_gmt":"2023-04-23T22:24:50","guid":{"rendered":"https:\/\/tiendachilevip.com\/?post_type=product&#038;p=665"},"modified":"2023-05-03T12:36:36","modified_gmt":"2023-05-03T16:36:36","slug":"auriculares-bluetooth-y50","status":"publish","type":"product","link":"https:\/\/tiendachilevip.com\/?product=auriculares-bluetooth-y50","title":{"rendered":"Auriculares Bluetooth Y50"},"content":{"rendered":"<p>Descripci\u00f3n:<br \/>\nVersi\u00f3n Bluetooth: 5,0<br \/>\nChip Bluetooth: Jerry<br \/>\nMaterial de los auriculares: pl\u00e1stico ABS<br \/>\nPotencia de los auriculares: 55 mA<br \/>\nCompartimento de carga: 450 mA<br \/>\nTiempo de escucha: alrededor de 3 horas<br \/>\nTama\u00f1o del producto: almac\u00e9n de carga 7,5*4,3*2,8 cm<br \/>\nTama\u00f1o del embalaje 13,5*8,5*3,5 cm<\/p>\n<p>Especificaciones:<br \/>\n1. La t\u00e9cnica de cancelaci\u00f3n de ruido ayuda contra ruidos fuertes y molestos.<br \/>\n2. El controlador fue dise\u00f1ado para controlar el volumen, seleccionar canciones y tomar llamadas.<br \/>\n3. si lo lleva Incluso durante mucho tiempo, tampoco se fatigar\u00e1; es menos probable que se caiga y disfrute de su m\u00fasica.<br \/>\n4. Los auriculares est\u00e9reo perfectos con controladores de alta calidad le permiten experimentar un sonido de graves natural claro y s\u00faper mejorado.<\/p>\n<p>Paquete incluido:<br \/>\n1 * auricular<br \/>\n1 * cable de carga USB<\/p>\n","protected":false},"excerpt":{"rendered":"<p>Descripci\u00f3n: Versi\u00f3n Bluetooth: 5,0 Chip Bluetooth: Jerry Material de los auriculares: pl\u00e1stico ABS Potencia de los auriculares: 55 mA Compartimento de carga: 450 mA Tiempo de escucha: alrededor de 3 horas Tama\u00f1o del producto: almac\u00e9n de carga 7,5*4,3*2,8 cm Tama\u00f1o del embalaje 13,5*8,5*3,5 cm Especificaciones: 1. La t\u00e9cnica de cancelaci\u00f3n de ruido ayuda contra ruidos [&hellip;]<\/p>\n","protected":false},"featured_media":674,"comment_status":"open","ping_status":"closed","template":"","meta":{"_uag_custom_page_level_css":"","site-sidebar-layout":"default","site-content-layout":"","ast-site-content-layout":"default","site-content-style":"default","site-sidebar-style":"default","ast-global-header-display":"","ast-banner-title-visibility":"","ast-main-header-display":"","ast-hfb-above-header-display":"","ast-hfb-below-header-display":"","ast-hfb-mobile-header-display":"","site-post-title":"","ast-breadcrumbs-content":"","ast-featured-img":"","footer-sml-layout":"","ast-disable-related-posts":"","theme-transparent-header-meta":"","adv-header-id-meta":"","stick-header-meta":"","header-above-stick-meta":"","header-main-stick-meta":"","header-below-stick-meta":"","astra-migrate-meta-layouts":"default","ast-page-background-enabled":"default","ast-page-background-meta":{"desktop":{"background-color":"","background-image":"","background-repeat":"repeat","background-position":"center center","background-size":"auto","background-attachment":"scroll","background-type":"","background-media":"","overlay-type":"","overlay-color":"","overlay-opacity":"","overlay-gradient":""},"tablet":{"background-color":"","background-image":"","background-repeat":"repeat","background-position":"center center","background-size":"auto","background-attachment":"scroll","background-type":"","background-media":"","overlay-type":"","overlay-color":"","overlay-opacity":"","overlay-gradient":""},"mobile":{"background-color":"","background-image":"","background-repeat":"repeat","background-position":"center center","background-size":"auto","background-attachment":"scroll","background-type":"","background-media":"","overlay-type":"","overlay-color":"","overlay-opacity":"","overlay-gradient":""}},"ast-content-background-meta":{"desktop":{"background-color":"var(--ast-global-color-5)","background-image":"","background-repeat":"repeat","background-position":"center center","background-size":"auto","background-attachment":"scroll","background-type":"","background-media":"","overlay-type":"","overlay-color":"","overlay-opacity":"","overlay-gradient":""},"tablet":{"background-color":"var(--ast-global-color-5)","background-image":"","background-repeat":"repeat","background-position":"center center","background-size":"auto","background-attachment":"scroll","background-type":"","background-media":"","overlay-type":"","overlay-color":"","overlay-opacity":"","overlay-gradient":""},"mobile":{"background-color":"var(--ast-global-color-5)","background-image":"","background-repeat":"repeat","background-position":"center center","background-size":"auto","background-attachment":"scroll","background-type":"","background-media":"","overlay-type":"","overlay-color":"","overlay-opacity":"","overlay-gradient":""}},"_joinchat":[]},"product_brand":[],"product_cat":[29],"product_tag":[],"class_list":{"0":"post-665","1":"product","2":"type-product","3":"status-publish","4":"has-post-thumbnail","6":"product_cat-auriculares","7":"desktop-align-left","8":"tablet-align-left","9":"mobile-align-left","11":"first","12":"instock","13":"sale","14":"taxable","15":"shipping-taxable","16":"purchasable","17":"product-type-simple"},"uagb_featured_image_src":{"full":["https:\/\/tiendachilevip.com\/wp-content\/uploads\/2023\/04\/9-14.png",790,1356,false],"thumbnail":["https:\/\/tiendachilevip.com\/wp-content\/uploads\/2023\/04\/9-14-150x150.png",150,150,true],"medium":["https:\/\/tiendachilevip.com\/wp-content\/uploads\/2023\/04\/9-14-175x300.png",175,300,true],"medium_large":["https:\/\/tiendachilevip.com\/wp-content\/uploads\/2023\/04\/9-14-768x1318.png",768,1318,true],"large":["https:\/\/tiendachilevip.com\/wp-content\/uploads\/2023\/04\/9-14-597x1024.png",597,1024,true],"1536x1536":["https:\/\/tiendachilevip.com\/wp-content\/uploads\/2023\/04\/9-14.png",790,1356,false],"2048x2048":["https:\/\/tiendachilevip.com\/wp-content\/uploads\/2023\/04\/9-14.png",790,1356,false],"woocommerce_thumbnail":["https:\/\/tiendachilevip.com\/wp-content\/uploads\/2023\/04\/9-14-300x300.png",300,300,true],"woocommerce_single":["https:\/\/tiendachilevip.com\/wp-content\/uploads\/2023\/04\/9-14-600x1030.png",600,1030,true],"woocommerce_gallery_thumbnail":["https:\/\/tiendachilevip.com\/wp-content\/uploads\/2023\/04\/9-14-100x100.png",100,100,true]},"uagb_author_info":{"display_name":"pablo lopez","author_link":"https:\/\/tiendachilevip.com\/?author=0"},"uagb_comment_info":0,"uagb_excerpt":"Descripci\u00f3n: Versi\u00f3n Bluetooth: 5,0 Chip Bluetooth: Jerry Material de los auriculares: pl\u00e1stico ABS Potencia de los auriculares: 55 mA Compartimento de carga: 450 mA Tiempo de escucha: alrededor de 3 horas Tama\u00f1o del producto: almac\u00e9n de carga 7,5*4,3*2,8 cm Tama\u00f1o del embalaje 13,5*8,5*3,5 cm Especificaciones: 1. La t\u00e9cnica de cancelaci\u00f3n de ruido ayuda contra ruidos&hellip;","_links":{"self":[{"href":"https:\/\/tiendachilevip.com\/index.php?rest_route=\/wp\/v2\/product\/665","targetHints":{"allow":["GET"]}}],"collection":[{"href":"https:\/\/tiendachilevip.com\/index.php?rest_route=\/wp\/v2\/product"}],"about":[{"href":"https:\/\/tiendachilevip.com\/index.php?rest_route=\/wp\/v2\/types\/product"}],"replies":[{"embeddable":true,"href":"https:\/\/tiendachilevip.com\/index.php?rest_route=%2Fwp%2Fv2%2Fcomments&post=665"}],"wp:featuredmedia":[{"embeddable":true,"href":"https:\/\/tiendachilevip.com\/index.php?rest_route=\/wp\/v2\/media\/674"}],"wp:attachment":[{"href":"https:\/\/tiendachilevip.com\/index.php?rest_route=%2Fwp%2Fv2%2Fmedia&parent=665"}],"wp:term":[{"taxonomy":"product_brand","embeddable":true,"href":"https:\/\/tiendachilevip.com\/index.php?rest_route=%2Fwp%2Fv2%2Fproduct_brand&post=665"},{"taxonomy":"product_cat","embeddable":true,"href":"https:\/\/tiendachilevip.com\/index.php?rest_route=%2Fwp%2Fv2%2Fproduct_cat&post=665"},{"taxonomy":"product_tag","embeddable":true,"href":"https:\/\/tiendachilevip.com\/index.php?rest_route=%2Fwp%2Fv2%2Fproduct_tag&post=665"}],"curies":[{"name":"wp","href":"https:\/\/api.w.org\/{rel}","templated":true}]}}