{"id":658,"date":"2023-04-23T17:25:43","date_gmt":"2023-04-23T21:25:43","guid":{"rendered":"https:\/\/tiendachilevip.com\/?post_type=product&#038;p=658"},"modified":"2023-04-23T17:26:52","modified_gmt":"2023-04-23T21:26:52","slug":"balanza-digital-portatil","status":"publish","type":"product","link":"https:\/\/tiendachilevip.com\/?product=balanza-digital-portatil","title":{"rendered":"Balanza Digital Port\u00e1til"},"content":{"rendered":"<p>Tipo 1:<br \/>\nCaracter\u00edsticas:<br \/>\nPantalla LCD, capacidad m\u00e1xima de 50kg.<br \/>\n10s funci\u00f3n de retenci\u00f3n de datos para una f\u00e1cil lectura de datos.<br \/>\nConvertir en 4 unidades de ponderaci\u00f3n: kg,g,lb,oz cuando se encienda.<br \/>\nFunci\u00f3n de tara conveniente.<br \/>\nTama\u00f1o de bolsillo, port\u00e1til para pesar equipaje, ir de compras, pescar y otros usos dom\u00e9sticos.<\/p>\n<p>Especificaciones:<br \/>\nMaterial: ABS + artesan\u00eda de electroplaca<br \/>\nTipo: cintur\u00f3n<br \/>\nCapacidad de pesaje: 50KG<br \/>\nAlimentaci\u00f3n por: 1 * bater\u00eda CR2032(No incluido)<br \/>\nTama\u00f1o del producto (largo x ancho x alto): 14,8x3x10,8 cm\/5,82&#215;1,18 x pulgadas (gancho); 14,8x3x27cm\/5,82&#215;1,18 x pulgadas (cintur\u00f3n)<\/p>\n","protected":false},"excerpt":{"rendered":"<p>Tipo 1: Caracter\u00edsticas: Pantalla LCD, capacidad m\u00e1xima de 50kg. 10s funci\u00f3n de retenci\u00f3n de datos para una f\u00e1cil lectura de datos. Convertir en 4 unidades de ponderaci\u00f3n: kg,g,lb,oz cuando se encienda. Funci\u00f3n de tara conveniente. Tama\u00f1o de bolsillo, port\u00e1til para pesar equipaje, ir de compras, pescar y otros usos dom\u00e9sticos. Especificaciones: Material: ABS + artesan\u00eda [&hellip;]<\/p>\n","protected":false},"featured_media":659,"comment_status":"open","ping_status":"closed","template":"","meta":{"_uag_custom_page_level_css":"","site-sidebar-layout":"default","site-content-layout":"","ast-site-content-layout":"default","site-content-style":"default","site-sidebar-style":"default","ast-global-header-display":"","ast-banner-title-visibility":"","ast-main-header-display":"","ast-hfb-above-header-display":"","ast-hfb-below-header-display":"","ast-hfb-mobile-header-display":"","site-post-title":"","ast-breadcrumbs-content":"","ast-featured-img":"","footer-sml-layout":"","ast-disable-related-posts":"","theme-transparent-header-meta":"","adv-header-id-meta":"","stick-header-meta":"","header-above-stick-meta":"","header-main-stick-meta":"","header-below-stick-meta":"","astra-migrate-meta-layouts":"default","ast-page-background-enabled":"default","ast-page-background-meta":{"desktop":{"background-color":"","background-image":"","background-repeat":"repeat","background-position":"center center","background-size":"auto","background-attachment":"scroll","background-type":"","background-media":"","overlay-type":"","overlay-color":"","overlay-opacity":"","overlay-gradient":""},"tablet":{"background-color":"","background-image":"","background-repeat":"repeat","background-position":"center center","background-size":"auto","background-attachment":"scroll","background-type":"","background-media":"","overlay-type":"","overlay-color":"","overlay-opacity":"","overlay-gradient":""},"mobile":{"background-color":"","background-image":"","background-repeat":"repeat","background-position":"center center","background-size":"auto","background-attachment":"scroll","background-type":"","background-media":"","overlay-type":"","overlay-color":"","overlay-opacity":"","overlay-gradient":""}},"ast-content-background-meta":{"desktop":{"background-color":"var(--ast-global-color-5)","background-image":"","background-repeat":"repeat","background-position":"center center","background-size":"auto","background-attachment":"scroll","background-type":"","background-media":"","overlay-type":"","overlay-color":"","overlay-opacity":"","overlay-gradient":""},"tablet":{"background-color":"var(--ast-global-color-5)","background-image":"","background-repeat":"repeat","background-position":"center center","background-size":"auto","background-attachment":"scroll","background-type":"","background-media":"","overlay-type":"","overlay-color":"","overlay-opacity":"","overlay-gradient":""},"mobile":{"background-color":"var(--ast-global-color-5)","background-image":"","background-repeat":"repeat","background-position":"center center","background-size":"auto","background-attachment":"scroll","background-type":"","background-media":"","overlay-type":"","overlay-color":"","overlay-opacity":"","overlay-gradient":""}},"_joinchat":[]},"product_brand":[],"product_cat":[24],"product_tag":[],"class_list":{"0":"post-658","1":"product","2":"type-product","3":"status-publish","4":"has-post-thumbnail","6":"product_cat-electronica","7":"desktop-align-left","8":"tablet-align-left","9":"mobile-align-left","11":"first","12":"instock","13":"sale","14":"taxable","15":"shipping-taxable","16":"purchasable","17":"product-type-simple"},"uagb_featured_image_src":{"full":["https:\/\/tiendachilevip.com\/wp-content\/uploads\/2023\/04\/1-25.png",800,800,false],"thumbnail":["https:\/\/tiendachilevip.com\/wp-content\/uploads\/2023\/04\/1-25-150x150.png",150,150,true],"medium":["https:\/\/tiendachilevip.com\/wp-content\/uploads\/2023\/04\/1-25-300x300.png",300,300,true],"medium_large":["https:\/\/tiendachilevip.com\/wp-content\/uploads\/2023\/04\/1-25-768x768.png",768,768,true],"large":["https:\/\/tiendachilevip.com\/wp-content\/uploads\/2023\/04\/1-25.png",800,800,false],"1536x1536":["https:\/\/tiendachilevip.com\/wp-content\/uploads\/2023\/04\/1-25.png",800,800,false],"2048x2048":["https:\/\/tiendachilevip.com\/wp-content\/uploads\/2023\/04\/1-25.png",800,800,false],"woocommerce_thumbnail":["https:\/\/tiendachilevip.com\/wp-content\/uploads\/2023\/04\/1-25-300x300.png",300,300,true],"woocommerce_single":["https:\/\/tiendachilevip.com\/wp-content\/uploads\/2023\/04\/1-25-600x600.png",600,600,true],"woocommerce_gallery_thumbnail":["https:\/\/tiendachilevip.com\/wp-content\/uploads\/2023\/04\/1-25-100x100.png",100,100,true]},"uagb_author_info":{"display_name":"pablo lopez","author_link":"https:\/\/tiendachilevip.com\/?author=0"},"uagb_comment_info":0,"uagb_excerpt":"Tipo 1: Caracter\u00edsticas: Pantalla LCD, capacidad m\u00e1xima de 50kg. 10s funci\u00f3n de retenci\u00f3n de datos para una f\u00e1cil lectura de datos. Convertir en 4 unidades de ponderaci\u00f3n: kg,g,lb,oz cuando se encienda. Funci\u00f3n de tara conveniente. Tama\u00f1o de bolsillo, port\u00e1til para pesar equipaje, ir de compras, pescar y otros usos dom\u00e9sticos. Especificaciones: Material: ABS + artesan\u00eda&hellip;","_links":{"self":[{"href":"https:\/\/tiendachilevip.com\/index.php?rest_route=\/wp\/v2\/product\/658","targetHints":{"allow":["GET"]}}],"collection":[{"href":"https:\/\/tiendachilevip.com\/index.php?rest_route=\/wp\/v2\/product"}],"about":[{"href":"https:\/\/tiendachilevip.com\/index.php?rest_route=\/wp\/v2\/types\/product"}],"replies":[{"embeddable":true,"href":"https:\/\/tiendachilevip.com\/index.php?rest_route=%2Fwp%2Fv2%2Fcomments&post=658"}],"wp:featuredmedia":[{"embeddable":true,"href":"https:\/\/tiendachilevip.com\/index.php?rest_route=\/wp\/v2\/media\/659"}],"wp:attachment":[{"href":"https:\/\/tiendachilevip.com\/index.php?rest_route=%2Fwp%2Fv2%2Fmedia&parent=658"}],"wp:term":[{"taxonomy":"product_brand","embeddable":true,"href":"https:\/\/tiendachilevip.com\/index.php?rest_route=%2Fwp%2Fv2%2Fproduct_brand&post=658"},{"taxonomy":"product_cat","embeddable":true,"href":"https:\/\/tiendachilevip.com\/index.php?rest_route=%2Fwp%2Fv2%2Fproduct_cat&post=658"},{"taxonomy":"product_tag","embeddable":true,"href":"https:\/\/tiendachilevip.com\/index.php?rest_route=%2Fwp%2Fv2%2Fproduct_tag&post=658"}],"curies":[{"name":"wp","href":"https:\/\/api.w.org\/{rel}","templated":true}]}}