{"id":635,"date":"2023-04-23T15:36:44","date_gmt":"2023-04-23T19:36:44","guid":{"rendered":"https:\/\/tiendachilevip.com\/?post_type=product&#038;p=635"},"modified":"2023-04-23T15:38:44","modified_gmt":"2023-04-23T19:38:44","slug":"auricular-bluetooth-v8","status":"publish","type":"product","link":"https:\/\/tiendachilevip.com\/?product=auricular-bluetooth-v8","title":{"rendered":"Auricular Bluetooth V8"},"content":{"rendered":"<p>Caracter\u00edsticas:<br \/>\nEquipado con chip Bluetooth para garantizar la calidad del sonido y la m\u00e1s alta fidelidad de los auriculares.<br \/>\n2. Caja de almacenamiento port\u00e1til, f\u00e1cil de transportar y buena protecci\u00f3n. Nota: Esta caja no tiene funci\u00f3n de paquete de energ\u00eda.<br \/>\n3. Dise\u00f1o ultraligero y c\u00f3modo, tapones y pendientes ergon\u00f3micos, incluso si se usan durante mucho tiempo, no traer\u00e1n sensaci\u00f3n de pesadez. El brazo giratorio de 180 grados puede ajustar el \u00e1ngulo e instalar el auricular en la oreja derecha o izquierda.<br \/>\n4. Compatible con tel\u00e9fonos inteligentes convencionales como iPhone, Samsung, Huawei, LG, HTC, Android, etc., tiempo de trabajo de hasta 8 horas, tiempo de espera de 240 horas, 1,5 horas de carga r\u00e1pida, rango de 10 metros\/30 pies.<br \/>\nC\u00f3mo conectarse a un tel\u00e9fono<br \/>\n1. Cuando el auricular Bluetooth est\u00e9 apagado, mantenga presionado MFB durante aproximadamente 3 segundos hasta que las luces indicadoras del auricular parpadeen en rojo y azul, y luego presione TL ENTER para ingresar al estado de b\u00fasqueda.<br \/>\n2. Active la funci\u00f3n Bluetooth del tel\u00e9fono m\u00f3vil, haga clic en \u00abBuscar dispositivo Bluetooth\u00bb para buscar auriculares y haga clic en \u00abconexi\u00f3n TL\u00bb.<br \/>\nContenido del paquete:<br \/>\n1 auricular Bluetooth<br \/>\n1 * carga USB<br \/>\n1 * manual de usuario<\/p>\n","protected":false},"excerpt":{"rendered":"<p>Caracter\u00edsticas: Equipado con chip Bluetooth para garantizar la calidad del sonido y la m\u00e1s alta fidelidad de los auriculares. 2. Caja de almacenamiento port\u00e1til, f\u00e1cil de transportar y buena protecci\u00f3n. Nota: Esta caja no tiene funci\u00f3n de paquete de energ\u00eda. 3. Dise\u00f1o ultraligero y c\u00f3modo, tapones y pendientes ergon\u00f3micos, incluso si se usan durante mucho [&hellip;]<\/p>\n","protected":false},"featured_media":640,"comment_status":"open","ping_status":"closed","template":"","meta":{"_uag_custom_page_level_css":"","site-sidebar-layout":"default","site-content-layout":"","ast-site-content-layout":"default","site-content-style":"default","site-sidebar-style":"default","ast-global-header-display":"","ast-banner-title-visibility":"","ast-main-header-display":"","ast-hfb-above-header-display":"","ast-hfb-below-header-display":"","ast-hfb-mobile-header-display":"","site-post-title":"","ast-breadcrumbs-content":"","ast-featured-img":"","footer-sml-layout":"","ast-disable-related-posts":"","theme-transparent-header-meta":"","adv-header-id-meta":"","stick-header-meta":"","header-above-stick-meta":"","header-main-stick-meta":"","header-below-stick-meta":"","astra-migrate-meta-layouts":"default","ast-page-background-enabled":"default","ast-page-background-meta":{"desktop":{"background-color":"","background-image":"","background-repeat":"repeat","background-position":"center center","background-size":"auto","background-attachment":"scroll","background-type":"","background-media":"","overlay-type":"","overlay-color":"","overlay-opacity":"","overlay-gradient":""},"tablet":{"background-color":"","background-image":"","background-repeat":"repeat","background-position":"center center","background-size":"auto","background-attachment":"scroll","background-type":"","background-media":"","overlay-type":"","overlay-color":"","overlay-opacity":"","overlay-gradient":""},"mobile":{"background-color":"","background-image":"","background-repeat":"repeat","background-position":"center center","background-size":"auto","background-attachment":"scroll","background-type":"","background-media":"","overlay-type":"","overlay-color":"","overlay-opacity":"","overlay-gradient":""}},"ast-content-background-meta":{"desktop":{"background-color":"var(--ast-global-color-5)","background-image":"","background-repeat":"repeat","background-position":"center center","background-size":"auto","background-attachment":"scroll","background-type":"","background-media":"","overlay-type":"","overlay-color":"","overlay-opacity":"","overlay-gradient":""},"tablet":{"background-color":"var(--ast-global-color-5)","background-image":"","background-repeat":"repeat","background-position":"center center","background-size":"auto","background-attachment":"scroll","background-type":"","background-media":"","overlay-type":"","overlay-color":"","overlay-opacity":"","overlay-gradient":""},"mobile":{"background-color":"var(--ast-global-color-5)","background-image":"","background-repeat":"repeat","background-position":"center center","background-size":"auto","background-attachment":"scroll","background-type":"","background-media":"","overlay-type":"","overlay-color":"","overlay-opacity":"","overlay-gradient":""}},"_joinchat":[]},"product_brand":[],"product_cat":[29],"product_tag":[],"class_list":{"0":"post-635","1":"product","2":"type-product","3":"status-publish","4":"has-post-thumbnail","6":"product_cat-auriculares","7":"desktop-align-left","8":"tablet-align-left","9":"mobile-align-left","11":"first","12":"instock","13":"sale","14":"taxable","15":"shipping-taxable","16":"purchasable","17":"product-type-simple"},"uagb_featured_image_src":{"full":["https:\/\/tiendachilevip.com\/wp-content\/uploads\/2023\/04\/5-22.png",790,1353,false],"thumbnail":["https:\/\/tiendachilevip.com\/wp-content\/uploads\/2023\/04\/5-22-150x150.png",150,150,true],"medium":["https:\/\/tiendachilevip.com\/wp-content\/uploads\/2023\/04\/5-22-175x300.png",175,300,true],"medium_large":["https:\/\/tiendachilevip.com\/wp-content\/uploads\/2023\/04\/5-22-768x1315.png",768,1315,true],"large":["https:\/\/tiendachilevip.com\/wp-content\/uploads\/2023\/04\/5-22-598x1024.png",598,1024,true],"1536x1536":["https:\/\/tiendachilevip.com\/wp-content\/uploads\/2023\/04\/5-22.png",790,1353,false],"2048x2048":["https:\/\/tiendachilevip.com\/wp-content\/uploads\/2023\/04\/5-22.png",790,1353,false],"woocommerce_thumbnail":["https:\/\/tiendachilevip.com\/wp-content\/uploads\/2023\/04\/5-22-300x300.png",300,300,true],"woocommerce_single":["https:\/\/tiendachilevip.com\/wp-content\/uploads\/2023\/04\/5-22-600x1028.png",600,1028,true],"woocommerce_gallery_thumbnail":["https:\/\/tiendachilevip.com\/wp-content\/uploads\/2023\/04\/5-22-100x100.png",100,100,true]},"uagb_author_info":{"display_name":"pablo lopez","author_link":"https:\/\/tiendachilevip.com\/?author=0"},"uagb_comment_info":0,"uagb_excerpt":"Caracter\u00edsticas: Equipado con chip Bluetooth para garantizar la calidad del sonido y la m\u00e1s alta fidelidad de los auriculares. 2. Caja de almacenamiento port\u00e1til, f\u00e1cil de transportar y buena protecci\u00f3n. Nota: Esta caja no tiene funci\u00f3n de paquete de energ\u00eda. 3. Dise\u00f1o ultraligero y c\u00f3modo, tapones y pendientes ergon\u00f3micos, incluso si se usan durante mucho&hellip;","_links":{"self":[{"href":"https:\/\/tiendachilevip.com\/index.php?rest_route=\/wp\/v2\/product\/635","targetHints":{"allow":["GET"]}}],"collection":[{"href":"https:\/\/tiendachilevip.com\/index.php?rest_route=\/wp\/v2\/product"}],"about":[{"href":"https:\/\/tiendachilevip.com\/index.php?rest_route=\/wp\/v2\/types\/product"}],"replies":[{"embeddable":true,"href":"https:\/\/tiendachilevip.com\/index.php?rest_route=%2Fwp%2Fv2%2Fcomments&post=635"}],"wp:featuredmedia":[{"embeddable":true,"href":"https:\/\/tiendachilevip.com\/index.php?rest_route=\/wp\/v2\/media\/640"}],"wp:attachment":[{"href":"https:\/\/tiendachilevip.com\/index.php?rest_route=%2Fwp%2Fv2%2Fmedia&parent=635"}],"wp:term":[{"taxonomy":"product_brand","embeddable":true,"href":"https:\/\/tiendachilevip.com\/index.php?rest_route=%2Fwp%2Fv2%2Fproduct_brand&post=635"},{"taxonomy":"product_cat","embeddable":true,"href":"https:\/\/tiendachilevip.com\/index.php?rest_route=%2Fwp%2Fv2%2Fproduct_cat&post=635"},{"taxonomy":"product_tag","embeddable":true,"href":"https:\/\/tiendachilevip.com\/index.php?rest_route=%2Fwp%2Fv2%2Fproduct_tag&post=635"}],"curies":[{"name":"wp","href":"https:\/\/api.w.org\/{rel}","templated":true}]}}