{"id":617,"date":"2023-04-23T12:55:04","date_gmt":"2023-04-23T16:55:04","guid":{"rendered":"https:\/\/tiendachilevip.com\/?post_type=product&#038;p=617"},"modified":"2023-11-13T21:51:50","modified_gmt":"2023-11-14T01:51:50","slug":"617","status":"publish","type":"product","link":"https:\/\/tiendachilevip.com\/?product=617","title":{"rendered":"Auriculares inal\u00e1mbricos con Bluetooth 4,1"},"content":{"rendered":"<p>&nbsp;<\/p>\n<p>Hacemos env\u00edos a todo Chile<br \/>\nAuriculares inal\u00e1mbricos con Bluetooth 4,1, auriculares con bucle, Auriculares Bluetooth, Auriculares deportivos inal\u00e1mbricos, manos libres, con micr\u00f3fono para todos los tel\u00e9fonos inteligentes<\/p>\n<p>Par\u00e1metros del producto<br \/>\nNombre del producto: auriculares Bluetooth deportivos<br \/>\nColor: Negro<br \/>\nUso: Tipo de oreja oblicua<br \/>\nLongitud de la l\u00ednea: aproximadamente 39cm<br \/>\nConexi\u00f3n: Versi\u00f3n Bluetooth 4,1, alcance efectivo de hasta 10m<br \/>\nUniversal: calidad de sonido HIFI, voltaje de carga: est\u00e9reo inal\u00e1mbrico 5V1A<br \/>\nGrado impermeable: IPXS impermeable y a prueba de sudor<br \/>\nBanda de funcionamiento: 2,4 GHZ<\/p>\n","protected":false},"excerpt":{"rendered":"<p>&nbsp; Hacemos env\u00edos a todo Chile Auriculares inal\u00e1mbricos con Bluetooth 4,1, auriculares con bucle, Auriculares Bluetooth, Auriculares deportivos inal\u00e1mbricos, manos libres, con micr\u00f3fono para todos los tel\u00e9fonos inteligentes Par\u00e1metros del producto Nombre del producto: auriculares Bluetooth deportivos Color: Negro Uso: Tipo de oreja oblicua Longitud de la l\u00ednea: aproximadamente 39cm Conexi\u00f3n: Versi\u00f3n Bluetooth 4,1, alcance [&hellip;]<\/p>\n","protected":false},"featured_media":621,"comment_status":"open","ping_status":"closed","template":"","meta":{"_uag_custom_page_level_css":"","site-sidebar-layout":"default","site-content-layout":"","ast-site-content-layout":"default","site-content-style":"default","site-sidebar-style":"default","ast-global-header-display":"","ast-banner-title-visibility":"","ast-main-header-display":"","ast-hfb-above-header-display":"","ast-hfb-below-header-display":"","ast-hfb-mobile-header-display":"","site-post-title":"","ast-breadcrumbs-content":"","ast-featured-img":"","footer-sml-layout":"","ast-disable-related-posts":"","theme-transparent-header-meta":"default","adv-header-id-meta":"","stick-header-meta":"","header-above-stick-meta":"","header-main-stick-meta":"","header-below-stick-meta":"","astra-migrate-meta-layouts":"set","ast-page-background-enabled":"default","ast-page-background-meta":{"desktop":{"background-color":"","background-image":"","background-repeat":"repeat","background-position":"center center","background-size":"auto","background-attachment":"scroll","background-type":"","background-media":"","overlay-type":"","overlay-color":"","overlay-opacity":"","overlay-gradient":""},"tablet":{"background-color":"","background-image":"","background-repeat":"repeat","background-position":"center center","background-size":"auto","background-attachment":"scroll","background-type":"","background-media":"","overlay-type":"","overlay-color":"","overlay-opacity":"","overlay-gradient":""},"mobile":{"background-color":"","background-image":"","background-repeat":"repeat","background-position":"center center","background-size":"auto","background-attachment":"scroll","background-type":"","background-media":"","overlay-type":"","overlay-color":"","overlay-opacity":"","overlay-gradient":""}},"ast-content-background-meta":{"desktop":{"background-color":"var(--ast-global-color-5)","background-image":"","background-repeat":"repeat","background-position":"center center","background-size":"auto","background-attachment":"scroll","background-type":"","background-media":"","overlay-type":"","overlay-color":"","overlay-opacity":"","overlay-gradient":""},"tablet":{"background-color":"var(--ast-global-color-5)","background-image":"","background-repeat":"repeat","background-position":"center center","background-size":"auto","background-attachment":"scroll","background-type":"","background-media":"","overlay-type":"","overlay-color":"","overlay-opacity":"","overlay-gradient":""},"mobile":{"background-color":"var(--ast-global-color-5)","background-image":"","background-repeat":"repeat","background-position":"center center","background-size":"auto","background-attachment":"scroll","background-type":"","background-media":"","overlay-type":"","overlay-color":"","overlay-opacity":"","overlay-gradient":""}},"_joinchat":[]},"product_brand":[],"product_cat":[29],"product_tag":[],"class_list":{"0":"post-617","1":"product","2":"type-product","3":"status-publish","4":"has-post-thumbnail","6":"product_cat-auriculares","7":"desktop-align-left","8":"tablet-align-left","9":"mobile-align-left","11":"first","12":"instock","13":"sale","14":"taxable","15":"shipping-taxable","16":"purchasable","17":"product-type-simple"},"uagb_featured_image_src":{"full":["https:\/\/tiendachilevip.com\/wp-content\/uploads\/2023\/04\/4-20.png",790,865,false],"thumbnail":["https:\/\/tiendachilevip.com\/wp-content\/uploads\/2023\/04\/4-20-150x150.png",150,150,true],"medium":["https:\/\/tiendachilevip.com\/wp-content\/uploads\/2023\/04\/4-20-274x300.png",274,300,true],"medium_large":["https:\/\/tiendachilevip.com\/wp-content\/uploads\/2023\/04\/4-20-768x841.png",768,841,true],"large":["https:\/\/tiendachilevip.com\/wp-content\/uploads\/2023\/04\/4-20.png",790,865,false],"1536x1536":["https:\/\/tiendachilevip.com\/wp-content\/uploads\/2023\/04\/4-20.png",790,865,false],"2048x2048":["https:\/\/tiendachilevip.com\/wp-content\/uploads\/2023\/04\/4-20.png",790,865,false],"woocommerce_thumbnail":["https:\/\/tiendachilevip.com\/wp-content\/uploads\/2023\/04\/4-20-300x300.png",300,300,true],"woocommerce_single":["https:\/\/tiendachilevip.com\/wp-content\/uploads\/2023\/04\/4-20-600x657.png",600,657,true],"woocommerce_gallery_thumbnail":["https:\/\/tiendachilevip.com\/wp-content\/uploads\/2023\/04\/4-20-100x100.png",100,100,true]},"uagb_author_info":{"display_name":"pablo lopez","author_link":"https:\/\/tiendachilevip.com\/?author=0"},"uagb_comment_info":0,"uagb_excerpt":"&nbsp; Hacemos env\u00edos a todo Chile Auriculares inal\u00e1mbricos con Bluetooth 4,1, auriculares con bucle, Auriculares Bluetooth, Auriculares deportivos inal\u00e1mbricos, manos libres, con micr\u00f3fono para todos los tel\u00e9fonos inteligentes Par\u00e1metros del producto Nombre del producto: auriculares Bluetooth deportivos Color: Negro Uso: Tipo de oreja oblicua Longitud de la l\u00ednea: aproximadamente 39cm Conexi\u00f3n: Versi\u00f3n Bluetooth 4,1, alcance&hellip;","_links":{"self":[{"href":"https:\/\/tiendachilevip.com\/index.php?rest_route=\/wp\/v2\/product\/617","targetHints":{"allow":["GET"]}}],"collection":[{"href":"https:\/\/tiendachilevip.com\/index.php?rest_route=\/wp\/v2\/product"}],"about":[{"href":"https:\/\/tiendachilevip.com\/index.php?rest_route=\/wp\/v2\/types\/product"}],"replies":[{"embeddable":true,"href":"https:\/\/tiendachilevip.com\/index.php?rest_route=%2Fwp%2Fv2%2Fcomments&post=617"}],"wp:featuredmedia":[{"embeddable":true,"href":"https:\/\/tiendachilevip.com\/index.php?rest_route=\/wp\/v2\/media\/621"}],"wp:attachment":[{"href":"https:\/\/tiendachilevip.com\/index.php?rest_route=%2Fwp%2Fv2%2Fmedia&parent=617"}],"wp:term":[{"taxonomy":"product_brand","embeddable":true,"href":"https:\/\/tiendachilevip.com\/index.php?rest_route=%2Fwp%2Fv2%2Fproduct_brand&post=617"},{"taxonomy":"product_cat","embeddable":true,"href":"https:\/\/tiendachilevip.com\/index.php?rest_route=%2Fwp%2Fv2%2Fproduct_cat&post=617"},{"taxonomy":"product_tag","embeddable":true,"href":"https:\/\/tiendachilevip.com\/index.php?rest_route=%2Fwp%2Fv2%2Fproduct_tag&post=617"}],"curies":[{"name":"wp","href":"https:\/\/api.w.org\/{rel}","templated":true}]}}