{"id":559,"date":"2023-04-23T02:05:43","date_gmt":"2023-04-23T06:05:43","guid":{"rendered":"https:\/\/tiendachilevip.com\/?post_type=product&#038;p=559"},"modified":"2023-04-23T02:09:00","modified_gmt":"2023-04-23T06:09:00","slug":"auriculares-lenovo-xt88-bluetooth-5-3-control-tactil","status":"publish","type":"product","link":"https:\/\/tiendachilevip.com\/?product=auriculares-lenovo-xt88-bluetooth-5-3-control-tactil","title":{"rendered":"Auriculares Lenovo Xt88 Bluetooth 5.3 Control T\u00e1ctil"},"content":{"rendered":"<p>En la calle, en la micro o en la oficina, ten siempre a mano tu aud\u00edfono Lenovo y \u00a1esc\u00e1pate de la rutina por un rato! Podr\u00e1s disfrutar de la m\u00fasica que m\u00e1s te gusta y recibir llamadas telef\u00f3nicas claras donde sea que te encuentres, sin perder contacto con el entorno.<\/p>\n<p>El formato perfecto para ti<br \/>\nAl ser in-ear, mejora la calidad del audio y es de tama\u00f1o peque\u00f1o para poder insertarse en tu oreja. Es ideal para acompa\u00f1arte a la hora de hacer ejercicio mientras te sumerges en el mejor sonido envolvente.<\/p>\n<p>https:\/\/articulo.mercadolibre.cl\/MLC-1572367540-auriculares-lenovo-xt88-bluetooth-53-control-tactil-_JM<\/p>\n","protected":false},"excerpt":{"rendered":"<p>En la calle, en la micro o en la oficina, ten siempre a mano tu aud\u00edfono Lenovo y \u00a1esc\u00e1pate de la rutina por un rato! Podr\u00e1s disfrutar de la m\u00fasica que m\u00e1s te gusta y recibir llamadas telef\u00f3nicas claras donde sea que te encuentres, sin perder contacto con el entorno. El formato perfecto para ti [&hellip;]<\/p>\n","protected":false},"featured_media":560,"comment_status":"open","ping_status":"closed","template":"","meta":{"_uag_custom_page_level_css":"","site-sidebar-layout":"default","site-content-layout":"","ast-site-content-layout":"default","site-content-style":"default","site-sidebar-style":"default","ast-global-header-display":"","ast-banner-title-visibility":"","ast-main-header-display":"","ast-hfb-above-header-display":"","ast-hfb-below-header-display":"","ast-hfb-mobile-header-display":"","site-post-title":"","ast-breadcrumbs-content":"","ast-featured-img":"","footer-sml-layout":"","ast-disable-related-posts":"","theme-transparent-header-meta":"","adv-header-id-meta":"","stick-header-meta":"","header-above-stick-meta":"","header-main-stick-meta":"","header-below-stick-meta":"","astra-migrate-meta-layouts":"default","ast-page-background-enabled":"default","ast-page-background-meta":{"desktop":{"background-color":"","background-image":"","background-repeat":"repeat","background-position":"center center","background-size":"auto","background-attachment":"scroll","background-type":"","background-media":"","overlay-type":"","overlay-color":"","overlay-opacity":"","overlay-gradient":""},"tablet":{"background-color":"","background-image":"","background-repeat":"repeat","background-position":"center center","background-size":"auto","background-attachment":"scroll","background-type":"","background-media":"","overlay-type":"","overlay-color":"","overlay-opacity":"","overlay-gradient":""},"mobile":{"background-color":"","background-image":"","background-repeat":"repeat","background-position":"center center","background-size":"auto","background-attachment":"scroll","background-type":"","background-media":"","overlay-type":"","overlay-color":"","overlay-opacity":"","overlay-gradient":""}},"ast-content-background-meta":{"desktop":{"background-color":"var(--ast-global-color-5)","background-image":"","background-repeat":"repeat","background-position":"center center","background-size":"auto","background-attachment":"scroll","background-type":"","background-media":"","overlay-type":"","overlay-color":"","overlay-opacity":"","overlay-gradient":""},"tablet":{"background-color":"var(--ast-global-color-5)","background-image":"","background-repeat":"repeat","background-position":"center center","background-size":"auto","background-attachment":"scroll","background-type":"","background-media":"","overlay-type":"","overlay-color":"","overlay-opacity":"","overlay-gradient":""},"mobile":{"background-color":"var(--ast-global-color-5)","background-image":"","background-repeat":"repeat","background-position":"center center","background-size":"auto","background-attachment":"scroll","background-type":"","background-media":"","overlay-type":"","overlay-color":"","overlay-opacity":"","overlay-gradient":""}},"_joinchat":[]},"product_brand":[],"product_cat":[29],"product_tag":[],"class_list":{"0":"post-559","1":"product","2":"type-product","3":"status-publish","4":"has-post-thumbnail","6":"product_cat-auriculares","7":"desktop-align-left","8":"tablet-align-left","9":"mobile-align-left","11":"first","12":"instock","13":"sale","14":"taxable","15":"shipping-taxable","16":"purchasable","17":"product-type-simple"},"uagb_featured_image_src":{"full":["https:\/\/tiendachilevip.com\/wp-content\/uploads\/2023\/04\/1-17.png",790,1852,false],"thumbnail":["https:\/\/tiendachilevip.com\/wp-content\/uploads\/2023\/04\/1-17-150x150.png",150,150,true],"medium":["https:\/\/tiendachilevip.com\/wp-content\/uploads\/2023\/04\/1-17-128x300.png",128,300,true],"medium_large":["https:\/\/tiendachilevip.com\/wp-content\/uploads\/2023\/04\/1-17-768x1800.png",768,1800,true],"large":["https:\/\/tiendachilevip.com\/wp-content\/uploads\/2023\/04\/1-17-437x1024.png",437,1024,true],"1536x1536":["https:\/\/tiendachilevip.com\/wp-content\/uploads\/2023\/04\/1-17-655x1536.png",655,1536,true],"2048x2048":["https:\/\/tiendachilevip.com\/wp-content\/uploads\/2023\/04\/1-17.png",790,1852,false],"woocommerce_thumbnail":["https:\/\/tiendachilevip.com\/wp-content\/uploads\/2023\/04\/1-17-300x300.png",300,300,true],"woocommerce_single":["https:\/\/tiendachilevip.com\/wp-content\/uploads\/2023\/04\/1-17-600x1407.png",600,1407,true],"woocommerce_gallery_thumbnail":["https:\/\/tiendachilevip.com\/wp-content\/uploads\/2023\/04\/1-17-100x100.png",100,100,true]},"uagb_author_info":{"display_name":"pablo lopez","author_link":"https:\/\/tiendachilevip.com\/?author=0"},"uagb_comment_info":0,"uagb_excerpt":"En la calle, en la micro o en la oficina, ten siempre a mano tu aud\u00edfono Lenovo y \u00a1esc\u00e1pate de la rutina por un rato! Podr\u00e1s disfrutar de la m\u00fasica que m\u00e1s te gusta y recibir llamadas telef\u00f3nicas claras donde sea que te encuentres, sin perder contacto con el entorno. El formato perfecto para ti&hellip;","_links":{"self":[{"href":"https:\/\/tiendachilevip.com\/index.php?rest_route=\/wp\/v2\/product\/559","targetHints":{"allow":["GET"]}}],"collection":[{"href":"https:\/\/tiendachilevip.com\/index.php?rest_route=\/wp\/v2\/product"}],"about":[{"href":"https:\/\/tiendachilevip.com\/index.php?rest_route=\/wp\/v2\/types\/product"}],"replies":[{"embeddable":true,"href":"https:\/\/tiendachilevip.com\/index.php?rest_route=%2Fwp%2Fv2%2Fcomments&post=559"}],"wp:featuredmedia":[{"embeddable":true,"href":"https:\/\/tiendachilevip.com\/index.php?rest_route=\/wp\/v2\/media\/560"}],"wp:attachment":[{"href":"https:\/\/tiendachilevip.com\/index.php?rest_route=%2Fwp%2Fv2%2Fmedia&parent=559"}],"wp:term":[{"taxonomy":"product_brand","embeddable":true,"href":"https:\/\/tiendachilevip.com\/index.php?rest_route=%2Fwp%2Fv2%2Fproduct_brand&post=559"},{"taxonomy":"product_cat","embeddable":true,"href":"https:\/\/tiendachilevip.com\/index.php?rest_route=%2Fwp%2Fv2%2Fproduct_cat&post=559"},{"taxonomy":"product_tag","embeddable":true,"href":"https:\/\/tiendachilevip.com\/index.php?rest_route=%2Fwp%2Fv2%2Fproduct_tag&post=559"}],"curies":[{"name":"wp","href":"https:\/\/api.w.org\/{rel}","templated":true}]}}