{"id":529,"date":"2023-04-22T12:40:12","date_gmt":"2023-04-22T16:40:12","guid":{"rendered":"https:\/\/tiendachilevip.com\/?post_type=product&#038;p=529"},"modified":"2023-04-22T23:14:03","modified_gmt":"2023-04-23T03:14:03","slug":"audifonos-in-ear-inalambricos-lenovo-livepods-lp40","status":"publish","type":"product","link":"https:\/\/tiendachilevip.com\/?product=audifonos-in-ear-inalambricos-lenovo-livepods-lp40","title":{"rendered":"Aud\u00edfonos In-ear Inal\u00e1mbricos Lenovo Livepods Lp40"},"content":{"rendered":"<p>En la calle, en el colectivo o en la oficina, ten siempre a mano tus aud\u00edfonos Lenovo y \u00a1esc\u00e1pate de la rutina por un rato! Vas a poder disfrutar de la m\u00fasica que m\u00e1s te gusta y de tus podcasts favoritos cuando quieras y donde quieras.<\/p>\n<p>El formato perfecto para ti<br \/>\nAl ser in-ear, mejoran la calidad del audio y son de tama\u00f1o peque\u00f1o para poder insertarse en tu oreja. Son ideales para acompa\u00f1arte a la hora de hacer ejercicio mientras te sumerges en el mejor sonido envolvente.<\/p>\n<p>Wireless al 100%<br \/>\nA diferencia de otras conectividades, este dispositivo est\u00e1 fabricado con tecnolog\u00eda TWS (True Wireless Stereo). La misma permite una conexi\u00f3n inal\u00e1mbrica total y funciona sin un solo cable entre pares. Con ella podr\u00e1s disfrutar del entorno sonoro sin necesidad de estar pendiente de conexiones f\u00edsicas.<\/p>\n","protected":false},"excerpt":{"rendered":"<p>En la calle, en el colectivo o en la oficina, ten siempre a mano tus aud\u00edfonos Lenovo y \u00a1esc\u00e1pate de la rutina por un rato! Vas a poder disfrutar de la m\u00fasica que m\u00e1s te gusta y de tus podcasts favoritos cuando quieras y donde quieras. El formato perfecto para ti Al ser in-ear, mejoran [&hellip;]<\/p>\n","protected":false},"featured_media":544,"comment_status":"open","ping_status":"closed","template":"","meta":{"_uag_custom_page_level_css":"","site-sidebar-layout":"default","site-content-layout":"","ast-site-content-layout":"default","site-content-style":"default","site-sidebar-style":"default","ast-global-header-display":"","ast-banner-title-visibility":"","ast-main-header-display":"","ast-hfb-above-header-display":"","ast-hfb-below-header-display":"","ast-hfb-mobile-header-display":"","site-post-title":"","ast-breadcrumbs-content":"","ast-featured-img":"","footer-sml-layout":"","ast-disable-related-posts":"","theme-transparent-header-meta":"","adv-header-id-meta":"","stick-header-meta":"","header-above-stick-meta":"","header-main-stick-meta":"","header-below-stick-meta":"","astra-migrate-meta-layouts":"default","ast-page-background-enabled":"default","ast-page-background-meta":{"desktop":{"background-color":"","background-image":"","background-repeat":"repeat","background-position":"center center","background-size":"auto","background-attachment":"scroll","background-type":"","background-media":"","overlay-type":"","overlay-color":"","overlay-opacity":"","overlay-gradient":""},"tablet":{"background-color":"","background-image":"","background-repeat":"repeat","background-position":"center center","background-size":"auto","background-attachment":"scroll","background-type":"","background-media":"","overlay-type":"","overlay-color":"","overlay-opacity":"","overlay-gradient":""},"mobile":{"background-color":"","background-image":"","background-repeat":"repeat","background-position":"center center","background-size":"auto","background-attachment":"scroll","background-type":"","background-media":"","overlay-type":"","overlay-color":"","overlay-opacity":"","overlay-gradient":""}},"ast-content-background-meta":{"desktop":{"background-color":"var(--ast-global-color-5)","background-image":"","background-repeat":"repeat","background-position":"center center","background-size":"auto","background-attachment":"scroll","background-type":"","background-media":"","overlay-type":"","overlay-color":"","overlay-opacity":"","overlay-gradient":""},"tablet":{"background-color":"var(--ast-global-color-5)","background-image":"","background-repeat":"repeat","background-position":"center center","background-size":"auto","background-attachment":"scroll","background-type":"","background-media":"","overlay-type":"","overlay-color":"","overlay-opacity":"","overlay-gradient":""},"mobile":{"background-color":"var(--ast-global-color-5)","background-image":"","background-repeat":"repeat","background-position":"center center","background-size":"auto","background-attachment":"scroll","background-type":"","background-media":"","overlay-type":"","overlay-color":"","overlay-opacity":"","overlay-gradient":""}},"_joinchat":[]},"product_brand":[],"product_cat":[29],"product_tag":[],"class_list":{"0":"post-529","1":"product","2":"type-product","3":"status-publish","4":"has-post-thumbnail","6":"product_cat-auriculares","7":"desktop-align-left","8":"tablet-align-left","9":"mobile-align-left","11":"first","12":"instock","13":"sale","14":"taxable","15":"shipping-taxable","16":"purchasable","17":"product-type-simple"},"uagb_featured_image_src":{"full":["https:\/\/tiendachilevip.com\/wp-content\/uploads\/2023\/04\/D_NQ_NP_766219-MLA53988745883_022023-O.jpg",393,500,false],"thumbnail":["https:\/\/tiendachilevip.com\/wp-content\/uploads\/2023\/04\/D_NQ_NP_766219-MLA53988745883_022023-O-150x150.jpg",150,150,true],"medium":["https:\/\/tiendachilevip.com\/wp-content\/uploads\/2023\/04\/D_NQ_NP_766219-MLA53988745883_022023-O-236x300.jpg",236,300,true],"medium_large":["https:\/\/tiendachilevip.com\/wp-content\/uploads\/2023\/04\/D_NQ_NP_766219-MLA53988745883_022023-O.jpg",393,500,false],"large":["https:\/\/tiendachilevip.com\/wp-content\/uploads\/2023\/04\/D_NQ_NP_766219-MLA53988745883_022023-O.jpg",393,500,false],"1536x1536":["https:\/\/tiendachilevip.com\/wp-content\/uploads\/2023\/04\/D_NQ_NP_766219-MLA53988745883_022023-O.jpg",393,500,false],"2048x2048":["https:\/\/tiendachilevip.com\/wp-content\/uploads\/2023\/04\/D_NQ_NP_766219-MLA53988745883_022023-O.jpg",393,500,false],"woocommerce_thumbnail":["https:\/\/tiendachilevip.com\/wp-content\/uploads\/2023\/04\/D_NQ_NP_766219-MLA53988745883_022023-O-300x300.jpg",300,300,true],"woocommerce_single":["https:\/\/tiendachilevip.com\/wp-content\/uploads\/2023\/04\/D_NQ_NP_766219-MLA53988745883_022023-O.jpg",393,500,false],"woocommerce_gallery_thumbnail":["https:\/\/tiendachilevip.com\/wp-content\/uploads\/2023\/04\/D_NQ_NP_766219-MLA53988745883_022023-O-100x100.jpg",100,100,true]},"uagb_author_info":{"display_name":"pablo lopez","author_link":"https:\/\/tiendachilevip.com\/?author=0"},"uagb_comment_info":0,"uagb_excerpt":"En la calle, en el colectivo o en la oficina, ten siempre a mano tus aud\u00edfonos Lenovo y \u00a1esc\u00e1pate de la rutina por un rato! Vas a poder disfrutar de la m\u00fasica que m\u00e1s te gusta y de tus podcasts favoritos cuando quieras y donde quieras. El formato perfecto para ti Al ser in-ear, mejoran&hellip;","_links":{"self":[{"href":"https:\/\/tiendachilevip.com\/index.php?rest_route=\/wp\/v2\/product\/529","targetHints":{"allow":["GET"]}}],"collection":[{"href":"https:\/\/tiendachilevip.com\/index.php?rest_route=\/wp\/v2\/product"}],"about":[{"href":"https:\/\/tiendachilevip.com\/index.php?rest_route=\/wp\/v2\/types\/product"}],"replies":[{"embeddable":true,"href":"https:\/\/tiendachilevip.com\/index.php?rest_route=%2Fwp%2Fv2%2Fcomments&post=529"}],"wp:featuredmedia":[{"embeddable":true,"href":"https:\/\/tiendachilevip.com\/index.php?rest_route=\/wp\/v2\/media\/544"}],"wp:attachment":[{"href":"https:\/\/tiendachilevip.com\/index.php?rest_route=%2Fwp%2Fv2%2Fmedia&parent=529"}],"wp:term":[{"taxonomy":"product_brand","embeddable":true,"href":"https:\/\/tiendachilevip.com\/index.php?rest_route=%2Fwp%2Fv2%2Fproduct_brand&post=529"},{"taxonomy":"product_cat","embeddable":true,"href":"https:\/\/tiendachilevip.com\/index.php?rest_route=%2Fwp%2Fv2%2Fproduct_cat&post=529"},{"taxonomy":"product_tag","embeddable":true,"href":"https:\/\/tiendachilevip.com\/index.php?rest_route=%2Fwp%2Fv2%2Fproduct_tag&post=529"}],"curies":[{"name":"wp","href":"https:\/\/api.w.org\/{rel}","templated":true}]}}