{"id":484,"date":"2023-04-22T10:32:12","date_gmt":"2023-04-22T14:32:12","guid":{"rendered":"https:\/\/tiendachilevip.com\/?post_type=product&#038;p=484"},"modified":"2023-04-23T21:04:12","modified_gmt":"2023-04-24T01:04:12","slug":"484","status":"publish","type":"product","link":"https:\/\/tiendachilevip.com\/?product=484","title":{"rendered":"Auriculares bluetooth P47"},"content":{"rendered":"<p>Auriculares inal\u00e1mbricos P47<br \/>\nTambi\u00e9n en Mercado Libre<\/p>\n<p>https:\/\/articulo.mercadolibre.cl\/MLC-1375738427-auriculares-inalambricos-p47-_JM<br \/>\n1. Caracter\u00edsticas: port\u00e1til.<br \/>\n2. Funci\u00f3n: contestar Tel\u00e9fono, funci\u00f3n, micr\u00f3fono, cancelaci\u00f3n de ruido, cambio de canci\u00f3n, a prueba de sudor, control de voz, mensaje de voz, resistente al agua.<br \/>\n3. Material: Metal, PC.<br \/>\n4. Modelo: P47.<br \/>\n5. Tipo: sobre la oreja.<br \/>\n6. Tipo de uso: diadema.<\/p>\n","protected":false},"excerpt":{"rendered":"<p>Auriculares inal\u00e1mbricos P47 Tambi\u00e9n en Mercado Libre https:\/\/articulo.mercadolibre.cl\/MLC-1375738427-auriculares-inalambricos-p47-_JM 1. Caracter\u00edsticas: port\u00e1til. 2. Funci\u00f3n: contestar Tel\u00e9fono, funci\u00f3n, micr\u00f3fono, cancelaci\u00f3n de ruido, cambio de canci\u00f3n, a prueba de sudor, control de voz, mensaje de voz, resistente al agua. 3. Material: Metal, PC. 4. Modelo: P47. 5. Tipo: sobre la oreja. 6. Tipo de uso: diadema.<\/p>\n","protected":false},"featured_media":486,"comment_status":"open","ping_status":"closed","template":"","meta":{"_uag_custom_page_level_css":"","site-sidebar-layout":"default","site-content-layout":"","ast-site-content-layout":"default","site-content-style":"default","site-sidebar-style":"default","ast-global-header-display":"","ast-banner-title-visibility":"","ast-main-header-display":"","ast-hfb-above-header-display":"","ast-hfb-below-header-display":"","ast-hfb-mobile-header-display":"","site-post-title":"","ast-breadcrumbs-content":"","ast-featured-img":"","footer-sml-layout":"","ast-disable-related-posts":"","theme-transparent-header-meta":"","adv-header-id-meta":"","stick-header-meta":"","header-above-stick-meta":"","header-main-stick-meta":"","header-below-stick-meta":"","astra-migrate-meta-layouts":"default","ast-page-background-enabled":"default","ast-page-background-meta":{"desktop":{"background-color":"","background-image":"","background-repeat":"repeat","background-position":"center center","background-size":"auto","background-attachment":"scroll","background-type":"","background-media":"","overlay-type":"","overlay-color":"","overlay-opacity":"","overlay-gradient":""},"tablet":{"background-color":"","background-image":"","background-repeat":"repeat","background-position":"center center","background-size":"auto","background-attachment":"scroll","background-type":"","background-media":"","overlay-type":"","overlay-color":"","overlay-opacity":"","overlay-gradient":""},"mobile":{"background-color":"","background-image":"","background-repeat":"repeat","background-position":"center center","background-size":"auto","background-attachment":"scroll","background-type":"","background-media":"","overlay-type":"","overlay-color":"","overlay-opacity":"","overlay-gradient":""}},"ast-content-background-meta":{"desktop":{"background-color":"var(--ast-global-color-5)","background-image":"","background-repeat":"repeat","background-position":"center center","background-size":"auto","background-attachment":"scroll","background-type":"","background-media":"","overlay-type":"","overlay-color":"","overlay-opacity":"","overlay-gradient":""},"tablet":{"background-color":"var(--ast-global-color-5)","background-image":"","background-repeat":"repeat","background-position":"center center","background-size":"auto","background-attachment":"scroll","background-type":"","background-media":"","overlay-type":"","overlay-color":"","overlay-opacity":"","overlay-gradient":""},"mobile":{"background-color":"var(--ast-global-color-5)","background-image":"","background-repeat":"repeat","background-position":"center center","background-size":"auto","background-attachment":"scroll","background-type":"","background-media":"","overlay-type":"","overlay-color":"","overlay-opacity":"","overlay-gradient":""}},"_joinchat":[]},"product_brand":[],"product_cat":[27],"product_tag":[],"class_list":{"0":"post-484","1":"product","2":"type-product","3":"status-publish","4":"has-post-thumbnail","6":"product_cat-musica","7":"desktop-align-left","8":"tablet-align-left","9":"mobile-align-left","11":"first","12":"instock","13":"sale","14":"taxable","15":"shipping-taxable","16":"purchasable","17":"product-type-simple"},"uagb_featured_image_src":{"full":["https:\/\/tiendachilevip.com\/wp-content\/uploads\/2023\/04\/2-11.png",800,800,false],"thumbnail":["https:\/\/tiendachilevip.com\/wp-content\/uploads\/2023\/04\/2-11-150x150.png",150,150,true],"medium":["https:\/\/tiendachilevip.com\/wp-content\/uploads\/2023\/04\/2-11-300x300.png",300,300,true],"medium_large":["https:\/\/tiendachilevip.com\/wp-content\/uploads\/2023\/04\/2-11-768x768.png",768,768,true],"large":["https:\/\/tiendachilevip.com\/wp-content\/uploads\/2023\/04\/2-11.png",800,800,false],"1536x1536":["https:\/\/tiendachilevip.com\/wp-content\/uploads\/2023\/04\/2-11.png",800,800,false],"2048x2048":["https:\/\/tiendachilevip.com\/wp-content\/uploads\/2023\/04\/2-11.png",800,800,false],"woocommerce_thumbnail":["https:\/\/tiendachilevip.com\/wp-content\/uploads\/2023\/04\/2-11-300x300.png",300,300,true],"woocommerce_single":["https:\/\/tiendachilevip.com\/wp-content\/uploads\/2023\/04\/2-11-600x600.png",600,600,true],"woocommerce_gallery_thumbnail":["https:\/\/tiendachilevip.com\/wp-content\/uploads\/2023\/04\/2-11-100x100.png",100,100,true]},"uagb_author_info":{"display_name":"pablo lopez","author_link":"https:\/\/tiendachilevip.com\/?author=0"},"uagb_comment_info":0,"uagb_excerpt":"Auriculares inal\u00e1mbricos P47 Tambi\u00e9n en Mercado Libre https:\/\/articulo.mercadolibre.cl\/MLC-1375738427-auriculares-inalambricos-p47-_JM 1. Caracter\u00edsticas: port\u00e1til. 2. Funci\u00f3n: contestar Tel\u00e9fono, funci\u00f3n, micr\u00f3fono, cancelaci\u00f3n de ruido, cambio de canci\u00f3n, a prueba de sudor, control de voz, mensaje de voz, resistente al agua. 3. Material: Metal, PC. 4. Modelo: P47. 5. Tipo: sobre la oreja. 6. Tipo de uso: diadema.","_links":{"self":[{"href":"https:\/\/tiendachilevip.com\/index.php?rest_route=\/wp\/v2\/product\/484","targetHints":{"allow":["GET"]}}],"collection":[{"href":"https:\/\/tiendachilevip.com\/index.php?rest_route=\/wp\/v2\/product"}],"about":[{"href":"https:\/\/tiendachilevip.com\/index.php?rest_route=\/wp\/v2\/types\/product"}],"replies":[{"embeddable":true,"href":"https:\/\/tiendachilevip.com\/index.php?rest_route=%2Fwp%2Fv2%2Fcomments&post=484"}],"wp:featuredmedia":[{"embeddable":true,"href":"https:\/\/tiendachilevip.com\/index.php?rest_route=\/wp\/v2\/media\/486"}],"wp:attachment":[{"href":"https:\/\/tiendachilevip.com\/index.php?rest_route=%2Fwp%2Fv2%2Fmedia&parent=484"}],"wp:term":[{"taxonomy":"product_brand","embeddable":true,"href":"https:\/\/tiendachilevip.com\/index.php?rest_route=%2Fwp%2Fv2%2Fproduct_brand&post=484"},{"taxonomy":"product_cat","embeddable":true,"href":"https:\/\/tiendachilevip.com\/index.php?rest_route=%2Fwp%2Fv2%2Fproduct_cat&post=484"},{"taxonomy":"product_tag","embeddable":true,"href":"https:\/\/tiendachilevip.com\/index.php?rest_route=%2Fwp%2Fv2%2Fproduct_tag&post=484"}],"curies":[{"name":"wp","href":"https:\/\/api.w.org\/{rel}","templated":true}]}}