{"id":451,"date":"2023-04-21T23:25:52","date_gmt":"2023-04-22T03:25:52","guid":{"rendered":"https:\/\/tiendachilevip.com\/?post_type=product&#038;p=451"},"modified":"2023-05-11T19:53:23","modified_gmt":"2023-05-11T23:53:23","slug":"antena-potente-para-television-digital","status":"publish","type":"product","link":"https:\/\/tiendachilevip.com\/?product=antena-potente-para-television-digital","title":{"rendered":"Antena Potente Para Televisi\u00f3n Digital"},"content":{"rendered":"<p>Caracter\u00edsticas:<br \/>\n1. Ligero como una pluma, le permite colocarlo en cualquier lugar y no requiere energ\u00eda<br \/>\n2. Combina con la decoraci\u00f3n de tu hogar, puedes colocarlo f\u00e1cilmente detr\u00e1s de una imagen, estanter\u00eda o televisi\u00f3n.<br \/>\n3. R\u00e1pido y f\u00e1cil de configurar: desenvolver, enchufar y escanear canales<br \/>\n4. Puede ponerlo en la pared, en la mesa o en la ventana (muy recomendable) y le har\u00e1 disfrutar viendo programas digitales y en alta definici\u00f3n con muchas oportunidades.<\/p>\n<p>Gu\u00eda de configuraci\u00f3n:<br \/>\nPaso 1: Conecte el extremo (f-macho) del cable coaxial adjunto al conector ANT\/IN en la parte posterior del televisor o sintonizador DVB.<br \/>\nPaso 2: En el men\u00fa de configuraci\u00f3n del televisor, configure el modo sintonizador en \u00abAntenas\u00bb o \u00abAire\u00bb. Para obtener instrucciones m\u00e1s detalladas, consulte el manual de su televisor.<br \/>\nPaso 3: En el men\u00fa de configuraci\u00f3n del televisor, configure el televisor para \u00abescanear\u00bb canales. A veces puede aparecer como autoprogramaci\u00f3n, escaneo autom\u00e1tico, b\u00fasqueda de canales o escaneo de canales. Consulte el manual del televisor para obtener instrucciones detalladas.<br \/>\nPaso 4: si la recepci\u00f3n es espor\u00e1dica, intente mover la antena a otra ubicaci\u00f3n y vuelva a escanear el televisor hasta que se encuentre la posici\u00f3n \u00f3ptima.<br \/>\nPaso 5: fije la antena en la posici\u00f3n \u00f3ptima que encontr\u00f3.<\/p>\n","protected":false},"excerpt":{"rendered":"<p>Caracter\u00edsticas: 1. Ligero como una pluma, le permite colocarlo en cualquier lugar y no requiere energ\u00eda 2. Combina con la decoraci\u00f3n de tu hogar, puedes colocarlo f\u00e1cilmente detr\u00e1s de una imagen, estanter\u00eda o televisi\u00f3n. 3. R\u00e1pido y f\u00e1cil de configurar: desenvolver, enchufar y escanear canales 4. Puede ponerlo en la pared, en la mesa o [&hellip;]<\/p>\n","protected":false},"featured_media":455,"comment_status":"open","ping_status":"closed","template":"","meta":{"_uag_custom_page_level_css":"","site-sidebar-layout":"default","site-content-layout":"","ast-site-content-layout":"default","site-content-style":"default","site-sidebar-style":"default","ast-global-header-display":"","ast-banner-title-visibility":"","ast-main-header-display":"","ast-hfb-above-header-display":"","ast-hfb-below-header-display":"","ast-hfb-mobile-header-display":"","site-post-title":"","ast-breadcrumbs-content":"","ast-featured-img":"","footer-sml-layout":"","ast-disable-related-posts":"","theme-transparent-header-meta":"","adv-header-id-meta":"","stick-header-meta":"","header-above-stick-meta":"","header-main-stick-meta":"","header-below-stick-meta":"","astra-migrate-meta-layouts":"default","ast-page-background-enabled":"default","ast-page-background-meta":{"desktop":{"background-color":"","background-image":"","background-repeat":"repeat","background-position":"center center","background-size":"auto","background-attachment":"scroll","background-type":"","background-media":"","overlay-type":"","overlay-color":"","overlay-opacity":"","overlay-gradient":""},"tablet":{"background-color":"","background-image":"","background-repeat":"repeat","background-position":"center center","background-size":"auto","background-attachment":"scroll","background-type":"","background-media":"","overlay-type":"","overlay-color":"","overlay-opacity":"","overlay-gradient":""},"mobile":{"background-color":"","background-image":"","background-repeat":"repeat","background-position":"center center","background-size":"auto","background-attachment":"scroll","background-type":"","background-media":"","overlay-type":"","overlay-color":"","overlay-opacity":"","overlay-gradient":""}},"ast-content-background-meta":{"desktop":{"background-color":"var(--ast-global-color-5)","background-image":"","background-repeat":"repeat","background-position":"center center","background-size":"auto","background-attachment":"scroll","background-type":"","background-media":"","overlay-type":"","overlay-color":"","overlay-opacity":"","overlay-gradient":""},"tablet":{"background-color":"var(--ast-global-color-5)","background-image":"","background-repeat":"repeat","background-position":"center center","background-size":"auto","background-attachment":"scroll","background-type":"","background-media":"","overlay-type":"","overlay-color":"","overlay-opacity":"","overlay-gradient":""},"mobile":{"background-color":"var(--ast-global-color-5)","background-image":"","background-repeat":"repeat","background-position":"center center","background-size":"auto","background-attachment":"scroll","background-type":"","background-media":"","overlay-type":"","overlay-color":"","overlay-opacity":"","overlay-gradient":""}},"_joinchat":[]},"product_brand":[],"product_cat":[24],"product_tag":[],"class_list":{"0":"post-451","1":"product","2":"type-product","3":"status-publish","4":"has-post-thumbnail","6":"product_cat-electronica","7":"desktop-align-left","8":"tablet-align-left","9":"mobile-align-left","11":"first","12":"instock","13":"sale","14":"taxable","15":"shipping-taxable","16":"purchasable","17":"product-type-simple"},"uagb_featured_image_src":{"full":["https:\/\/tiendachilevip.com\/wp-content\/uploads\/2023\/04\/4-8.png",800,800,false],"thumbnail":["https:\/\/tiendachilevip.com\/wp-content\/uploads\/2023\/04\/4-8-150x150.png",150,150,true],"medium":["https:\/\/tiendachilevip.com\/wp-content\/uploads\/2023\/04\/4-8-300x300.png",300,300,true],"medium_large":["https:\/\/tiendachilevip.com\/wp-content\/uploads\/2023\/04\/4-8-768x768.png",768,768,true],"large":["https:\/\/tiendachilevip.com\/wp-content\/uploads\/2023\/04\/4-8.png",800,800,false],"1536x1536":["https:\/\/tiendachilevip.com\/wp-content\/uploads\/2023\/04\/4-8.png",800,800,false],"2048x2048":["https:\/\/tiendachilevip.com\/wp-content\/uploads\/2023\/04\/4-8.png",800,800,false],"woocommerce_thumbnail":["https:\/\/tiendachilevip.com\/wp-content\/uploads\/2023\/04\/4-8-300x300.png",300,300,true],"woocommerce_single":["https:\/\/tiendachilevip.com\/wp-content\/uploads\/2023\/04\/4-8-600x600.png",600,600,true],"woocommerce_gallery_thumbnail":["https:\/\/tiendachilevip.com\/wp-content\/uploads\/2023\/04\/4-8-100x100.png",100,100,true]},"uagb_author_info":{"display_name":"pablo lopez","author_link":"https:\/\/tiendachilevip.com\/?author=0"},"uagb_comment_info":0,"uagb_excerpt":"Caracter\u00edsticas: 1. Ligero como una pluma, le permite colocarlo en cualquier lugar y no requiere energ\u00eda 2. Combina con la decoraci\u00f3n de tu hogar, puedes colocarlo f\u00e1cilmente detr\u00e1s de una imagen, estanter\u00eda o televisi\u00f3n. 3. R\u00e1pido y f\u00e1cil de configurar: desenvolver, enchufar y escanear canales 4. Puede ponerlo en la pared, en la mesa o&hellip;","_links":{"self":[{"href":"https:\/\/tiendachilevip.com\/index.php?rest_route=\/wp\/v2\/product\/451","targetHints":{"allow":["GET"]}}],"collection":[{"href":"https:\/\/tiendachilevip.com\/index.php?rest_route=\/wp\/v2\/product"}],"about":[{"href":"https:\/\/tiendachilevip.com\/index.php?rest_route=\/wp\/v2\/types\/product"}],"replies":[{"embeddable":true,"href":"https:\/\/tiendachilevip.com\/index.php?rest_route=%2Fwp%2Fv2%2Fcomments&post=451"}],"wp:featuredmedia":[{"embeddable":true,"href":"https:\/\/tiendachilevip.com\/index.php?rest_route=\/wp\/v2\/media\/455"}],"wp:attachment":[{"href":"https:\/\/tiendachilevip.com\/index.php?rest_route=%2Fwp%2Fv2%2Fmedia&parent=451"}],"wp:term":[{"taxonomy":"product_brand","embeddable":true,"href":"https:\/\/tiendachilevip.com\/index.php?rest_route=%2Fwp%2Fv2%2Fproduct_brand&post=451"},{"taxonomy":"product_cat","embeddable":true,"href":"https:\/\/tiendachilevip.com\/index.php?rest_route=%2Fwp%2Fv2%2Fproduct_cat&post=451"},{"taxonomy":"product_tag","embeddable":true,"href":"https:\/\/tiendachilevip.com\/index.php?rest_route=%2Fwp%2Fv2%2Fproduct_tag&post=451"}],"curies":[{"name":"wp","href":"https:\/\/api.w.org\/{rel}","templated":true}]}}