{"id":441,"date":"2023-04-21T23:00:19","date_gmt":"2023-04-22T03:00:19","guid":{"rendered":"https:\/\/tiendachilevip.com\/?post_type=product&#038;p=441"},"modified":"2023-04-21T23:00:19","modified_gmt":"2023-04-22T03:00:19","slug":"ampolleta-led-con-sensor-de-movimiento","status":"publish","type":"product","link":"https:\/\/tiendachilevip.com\/?product=ampolleta-led-con-sensor-de-movimiento","title":{"rendered":"Ampolleta Led con sensor de movimiento"},"content":{"rendered":"<p>https:\/\/articulo.mercadolibre.cl\/MLC-1375674439-ampolleta-led-con-sensor-de-movimiento-_JM<\/p>\n<p>Especificaciones:<br \/>\nTipo de Base: E27<br \/>\nVoltaje: 220V CA<br \/>\nPotencia: 9W 12W 18W 15W<br \/>\nTipo de LED: 2835 SMD<br \/>\nColor de emisi\u00f3n: Blanco\/blanco c\u00e1lido<br \/>\nTemperatura de Color: 5800-6500K\/2800-3500K<br \/>\nMaterial del cuerpo: PC + ABS<br \/>\n\u00c1ngulo de detecci\u00f3n: 120 grados<br \/>\nDistancia de detecci\u00f3n: 3-5 metros<br \/>\nTiempo de duraci\u00f3n: 40-60s<\/p>\n<p>Caracter\u00edsticas:<br \/>\nSe enciende\/apaga autom\u00e1ticamente con la detecci\u00f3n del sensor de movimiento PIR.<br \/>\nDuradero y ahorrador de energ\u00eda, larga vida \u00fatil.<br \/>\nAlta sensibilidad, luz alta, bajo consumo<br \/>\nAdecuado para pasillos, senderos, escaleras, jardines, patios, etc.<\/p>\n<p>Paquete:<br \/>\n1 bombilla LED con Sensor de movimiento PIR<\/p>\n","protected":false},"excerpt":{"rendered":"<p>https:\/\/articulo.mercadolibre.cl\/MLC-1375674439-ampolleta-led-con-sensor-de-movimiento-_JM Especificaciones: Tipo de Base: E27 Voltaje: 220V CA Potencia: 9W 12W 18W 15W Tipo de LED: 2835 SMD Color de emisi\u00f3n: Blanco\/blanco c\u00e1lido Temperatura de Color: 5800-6500K\/2800-3500K Material del cuerpo: PC + ABS \u00c1ngulo de detecci\u00f3n: 120 grados Distancia de detecci\u00f3n: 3-5 metros Tiempo de duraci\u00f3n: 40-60s Caracter\u00edsticas: Se enciende\/apaga autom\u00e1ticamente con la detecci\u00f3n [&hellip;]<\/p>\n","protected":false},"featured_media":448,"comment_status":"open","ping_status":"closed","template":"","meta":{"_uag_custom_page_level_css":"","site-sidebar-layout":"default","site-content-layout":"","ast-site-content-layout":"default","site-content-style":"default","site-sidebar-style":"default","ast-global-header-display":"","ast-banner-title-visibility":"","ast-main-header-display":"","ast-hfb-above-header-display":"","ast-hfb-below-header-display":"","ast-hfb-mobile-header-display":"","site-post-title":"","ast-breadcrumbs-content":"","ast-featured-img":"","footer-sml-layout":"","ast-disable-related-posts":"","theme-transparent-header-meta":"","adv-header-id-meta":"","stick-header-meta":"","header-above-stick-meta":"","header-main-stick-meta":"","header-below-stick-meta":"","astra-migrate-meta-layouts":"default","ast-page-background-enabled":"default","ast-page-background-meta":{"desktop":{"background-color":"","background-image":"","background-repeat":"repeat","background-position":"center center","background-size":"auto","background-attachment":"scroll","background-type":"","background-media":"","overlay-type":"","overlay-color":"","overlay-opacity":"","overlay-gradient":""},"tablet":{"background-color":"","background-image":"","background-repeat":"repeat","background-position":"center center","background-size":"auto","background-attachment":"scroll","background-type":"","background-media":"","overlay-type":"","overlay-color":"","overlay-opacity":"","overlay-gradient":""},"mobile":{"background-color":"","background-image":"","background-repeat":"repeat","background-position":"center center","background-size":"auto","background-attachment":"scroll","background-type":"","background-media":"","overlay-type":"","overlay-color":"","overlay-opacity":"","overlay-gradient":""}},"ast-content-background-meta":{"desktop":{"background-color":"var(--ast-global-color-5)","background-image":"","background-repeat":"repeat","background-position":"center center","background-size":"auto","background-attachment":"scroll","background-type":"","background-media":"","overlay-type":"","overlay-color":"","overlay-opacity":"","overlay-gradient":""},"tablet":{"background-color":"var(--ast-global-color-5)","background-image":"","background-repeat":"repeat","background-position":"center center","background-size":"auto","background-attachment":"scroll","background-type":"","background-media":"","overlay-type":"","overlay-color":"","overlay-opacity":"","overlay-gradient":""},"mobile":{"background-color":"var(--ast-global-color-5)","background-image":"","background-repeat":"repeat","background-position":"center center","background-size":"auto","background-attachment":"scroll","background-type":"","background-media":"","overlay-type":"","overlay-color":"","overlay-opacity":"","overlay-gradient":""}},"_joinchat":[]},"product_brand":[],"product_cat":[24],"product_tag":[],"class_list":{"0":"post-441","1":"product","2":"type-product","3":"status-publish","4":"has-post-thumbnail","6":"product_cat-electronica","7":"desktop-align-left","8":"tablet-align-left","9":"mobile-align-left","11":"first","12":"instock","13":"sale","14":"taxable","15":"shipping-taxable","16":"purchasable","17":"product-type-simple"},"uagb_featured_image_src":{"full":["https:\/\/tiendachilevip.com\/wp-content\/uploads\/2023\/04\/7-5.png",960,778,false],"thumbnail":["https:\/\/tiendachilevip.com\/wp-content\/uploads\/2023\/04\/7-5-150x150.png",150,150,true],"medium":["https:\/\/tiendachilevip.com\/wp-content\/uploads\/2023\/04\/7-5-300x243.png",300,243,true],"medium_large":["https:\/\/tiendachilevip.com\/wp-content\/uploads\/2023\/04\/7-5-768x622.png",768,622,true],"large":["https:\/\/tiendachilevip.com\/wp-content\/uploads\/2023\/04\/7-5.png",960,778,false],"1536x1536":["https:\/\/tiendachilevip.com\/wp-content\/uploads\/2023\/04\/7-5.png",960,778,false],"2048x2048":["https:\/\/tiendachilevip.com\/wp-content\/uploads\/2023\/04\/7-5.png",960,778,false],"woocommerce_thumbnail":["https:\/\/tiendachilevip.com\/wp-content\/uploads\/2023\/04\/7-5-300x300.png",300,300,true],"woocommerce_single":["https:\/\/tiendachilevip.com\/wp-content\/uploads\/2023\/04\/7-5-600x486.png",600,486,true],"woocommerce_gallery_thumbnail":["https:\/\/tiendachilevip.com\/wp-content\/uploads\/2023\/04\/7-5-100x100.png",100,100,true]},"uagb_author_info":{"display_name":"pablo lopez","author_link":"https:\/\/tiendachilevip.com\/?author=0"},"uagb_comment_info":0,"uagb_excerpt":"https:\/\/articulo.mercadolibre.cl\/MLC-1375674439-ampolleta-led-con-sensor-de-movimiento-_JM Especificaciones: Tipo de Base: E27 Voltaje: 220V CA Potencia: 9W 12W 18W 15W Tipo de LED: 2835 SMD Color de emisi\u00f3n: Blanco\/blanco c\u00e1lido Temperatura de Color: 5800-6500K\/2800-3500K Material del cuerpo: PC + ABS \u00c1ngulo de detecci\u00f3n: 120 grados Distancia de detecci\u00f3n: 3-5 metros Tiempo de duraci\u00f3n: 40-60s Caracter\u00edsticas: Se enciende\/apaga autom\u00e1ticamente con la detecci\u00f3n&hellip;","_links":{"self":[{"href":"https:\/\/tiendachilevip.com\/index.php?rest_route=\/wp\/v2\/product\/441","targetHints":{"allow":["GET"]}}],"collection":[{"href":"https:\/\/tiendachilevip.com\/index.php?rest_route=\/wp\/v2\/product"}],"about":[{"href":"https:\/\/tiendachilevip.com\/index.php?rest_route=\/wp\/v2\/types\/product"}],"replies":[{"embeddable":true,"href":"https:\/\/tiendachilevip.com\/index.php?rest_route=%2Fwp%2Fv2%2Fcomments&post=441"}],"wp:featuredmedia":[{"embeddable":true,"href":"https:\/\/tiendachilevip.com\/index.php?rest_route=\/wp\/v2\/media\/448"}],"wp:attachment":[{"href":"https:\/\/tiendachilevip.com\/index.php?rest_route=%2Fwp%2Fv2%2Fmedia&parent=441"}],"wp:term":[{"taxonomy":"product_brand","embeddable":true,"href":"https:\/\/tiendachilevip.com\/index.php?rest_route=%2Fwp%2Fv2%2Fproduct_brand&post=441"},{"taxonomy":"product_cat","embeddable":true,"href":"https:\/\/tiendachilevip.com\/index.php?rest_route=%2Fwp%2Fv2%2Fproduct_cat&post=441"},{"taxonomy":"product_tag","embeddable":true,"href":"https:\/\/tiendachilevip.com\/index.php?rest_route=%2Fwp%2Fv2%2Fproduct_tag&post=441"}],"curies":[{"name":"wp","href":"https:\/\/api.w.org\/{rel}","templated":true}]}}