{"id":432,"date":"2023-04-21T22:12:31","date_gmt":"2023-04-22T02:12:31","guid":{"rendered":"https:\/\/tiendachilevip.com\/?post_type=product&#038;p=432"},"modified":"2023-04-21T22:13:27","modified_gmt":"2023-04-22T02:13:27","slug":"alicate-pela-cable-de-bolsillo","status":"publish","type":"product","link":"https:\/\/tiendachilevip.com\/?product=alicate-pela-cable-de-bolsillo","title":{"rendered":"Alicate pela cable de bolsillo"},"content":{"rendered":"<p>Caracter\u00edsticas:<\/p>\n<p>https:\/\/articulo.mercadolibre.cl\/MLC-1375622949-alicate-pela-cables-_JM<\/p>\n<p>1. Cubiertas exteriores de rayas de cables coaxiales, adecuadas para cables de\/6\/7\/11.<br \/>\n2. Con tres cuchillas.<br \/>\n3. Cuchillas totalmente ajustables y reemplazables.<br \/>\n4. Operaci\u00f3n simple: bloquee la herramienta sobre el cable, Gire en el sentido de las agujas del reloj y luego retire la parte no deseada.<br \/>\n5. Hecho de material de alto impacto.<br \/>\n6. No necesita bater\u00edas ni electricidad.<br \/>\n7. Dise\u00f1o ergon\u00f3mico, f\u00e1cil de operar.<\/p>\n<p>Especificaciones:<br \/>\nTama\u00f1o del producto: 98x18x34mm, di\u00e1metro de pelado de alambre 8mm,<\/p>\n<p>Peso: aprox. 40g<\/p>\n<p>Nota:<br \/>\nPuede haber una diferencia de 1-3mm debido a la medici\u00f3n manual.<br \/>\nDebido a las diferentes pantallas y luces, es posible que la imagen no refleje el color real del art\u00edculo. Gracias por su comprensi\u00f3n.<\/p>\n<p>Paquete incluido:<br \/>\n1 x Alicates Pelacables<\/p>\n","protected":false},"excerpt":{"rendered":"<p>Caracter\u00edsticas: https:\/\/articulo.mercadolibre.cl\/MLC-1375622949-alicate-pela-cables-_JM 1. Cubiertas exteriores de rayas de cables coaxiales, adecuadas para cables de\/6\/7\/11. 2. Con tres cuchillas. 3. Cuchillas totalmente ajustables y reemplazables. 4. Operaci\u00f3n simple: bloquee la herramienta sobre el cable, Gire en el sentido de las agujas del reloj y luego retire la parte no deseada. 5. Hecho de material de alto [&hellip;]<\/p>\n","protected":false},"featured_media":435,"comment_status":"open","ping_status":"closed","template":"","meta":{"_uag_custom_page_level_css":"","site-sidebar-layout":"default","site-content-layout":"","ast-site-content-layout":"default","site-content-style":"default","site-sidebar-style":"default","ast-global-header-display":"","ast-banner-title-visibility":"","ast-main-header-display":"","ast-hfb-above-header-display":"","ast-hfb-below-header-display":"","ast-hfb-mobile-header-display":"","site-post-title":"","ast-breadcrumbs-content":"","ast-featured-img":"","footer-sml-layout":"","ast-disable-related-posts":"","theme-transparent-header-meta":"","adv-header-id-meta":"","stick-header-meta":"","header-above-stick-meta":"","header-main-stick-meta":"","header-below-stick-meta":"","astra-migrate-meta-layouts":"default","ast-page-background-enabled":"default","ast-page-background-meta":{"desktop":{"background-color":"","background-image":"","background-repeat":"repeat","background-position":"center center","background-size":"auto","background-attachment":"scroll","background-type":"","background-media":"","overlay-type":"","overlay-color":"","overlay-opacity":"","overlay-gradient":""},"tablet":{"background-color":"","background-image":"","background-repeat":"repeat","background-position":"center center","background-size":"auto","background-attachment":"scroll","background-type":"","background-media":"","overlay-type":"","overlay-color":"","overlay-opacity":"","overlay-gradient":""},"mobile":{"background-color":"","background-image":"","background-repeat":"repeat","background-position":"center center","background-size":"auto","background-attachment":"scroll","background-type":"","background-media":"","overlay-type":"","overlay-color":"","overlay-opacity":"","overlay-gradient":""}},"ast-content-background-meta":{"desktop":{"background-color":"var(--ast-global-color-5)","background-image":"","background-repeat":"repeat","background-position":"center center","background-size":"auto","background-attachment":"scroll","background-type":"","background-media":"","overlay-type":"","overlay-color":"","overlay-opacity":"","overlay-gradient":""},"tablet":{"background-color":"var(--ast-global-color-5)","background-image":"","background-repeat":"repeat","background-position":"center center","background-size":"auto","background-attachment":"scroll","background-type":"","background-media":"","overlay-type":"","overlay-color":"","overlay-opacity":"","overlay-gradient":""},"mobile":{"background-color":"var(--ast-global-color-5)","background-image":"","background-repeat":"repeat","background-position":"center center","background-size":"auto","background-attachment":"scroll","background-type":"","background-media":"","overlay-type":"","overlay-color":"","overlay-opacity":"","overlay-gradient":""}},"_joinchat":[]},"product_brand":[],"product_cat":[26],"product_tag":[],"class_list":{"0":"post-432","1":"product","2":"type-product","3":"status-publish","4":"has-post-thumbnail","6":"product_cat-herramientas","7":"desktop-align-left","8":"tablet-align-left","9":"mobile-align-left","11":"first","12":"instock","13":"sale","14":"taxable","15":"shipping-taxable","16":"purchasable","17":"product-type-simple"},"uagb_featured_image_src":{"full":["https:\/\/tiendachilevip.com\/wp-content\/uploads\/2023\/04\/3-6.png",750,750,false],"thumbnail":["https:\/\/tiendachilevip.com\/wp-content\/uploads\/2023\/04\/3-6-150x150.png",150,150,true],"medium":["https:\/\/tiendachilevip.com\/wp-content\/uploads\/2023\/04\/3-6-300x300.png",300,300,true],"medium_large":["https:\/\/tiendachilevip.com\/wp-content\/uploads\/2023\/04\/3-6.png",750,750,false],"large":["https:\/\/tiendachilevip.com\/wp-content\/uploads\/2023\/04\/3-6.png",750,750,false],"1536x1536":["https:\/\/tiendachilevip.com\/wp-content\/uploads\/2023\/04\/3-6.png",750,750,false],"2048x2048":["https:\/\/tiendachilevip.com\/wp-content\/uploads\/2023\/04\/3-6.png",750,750,false],"woocommerce_thumbnail":["https:\/\/tiendachilevip.com\/wp-content\/uploads\/2023\/04\/3-6-300x300.png",300,300,true],"woocommerce_single":["https:\/\/tiendachilevip.com\/wp-content\/uploads\/2023\/04\/3-6-600x600.png",600,600,true],"woocommerce_gallery_thumbnail":["https:\/\/tiendachilevip.com\/wp-content\/uploads\/2023\/04\/3-6-100x100.png",100,100,true]},"uagb_author_info":{"display_name":"pablo lopez","author_link":"https:\/\/tiendachilevip.com\/?author=0"},"uagb_comment_info":0,"uagb_excerpt":"Caracter\u00edsticas: https:\/\/articulo.mercadolibre.cl\/MLC-1375622949-alicate-pela-cables-_JM 1. Cubiertas exteriores de rayas de cables coaxiales, adecuadas para cables de\/6\/7\/11. 2. Con tres cuchillas. 3. Cuchillas totalmente ajustables y reemplazables. 4. Operaci\u00f3n simple: bloquee la herramienta sobre el cable, Gire en el sentido de las agujas del reloj y luego retire la parte no deseada. 5. Hecho de material de alto&hellip;","_links":{"self":[{"href":"https:\/\/tiendachilevip.com\/index.php?rest_route=\/wp\/v2\/product\/432","targetHints":{"allow":["GET"]}}],"collection":[{"href":"https:\/\/tiendachilevip.com\/index.php?rest_route=\/wp\/v2\/product"}],"about":[{"href":"https:\/\/tiendachilevip.com\/index.php?rest_route=\/wp\/v2\/types\/product"}],"replies":[{"embeddable":true,"href":"https:\/\/tiendachilevip.com\/index.php?rest_route=%2Fwp%2Fv2%2Fcomments&post=432"}],"wp:featuredmedia":[{"embeddable":true,"href":"https:\/\/tiendachilevip.com\/index.php?rest_route=\/wp\/v2\/media\/435"}],"wp:attachment":[{"href":"https:\/\/tiendachilevip.com\/index.php?rest_route=%2Fwp%2Fv2%2Fmedia&parent=432"}],"wp:term":[{"taxonomy":"product_brand","embeddable":true,"href":"https:\/\/tiendachilevip.com\/index.php?rest_route=%2Fwp%2Fv2%2Fproduct_brand&post=432"},{"taxonomy":"product_cat","embeddable":true,"href":"https:\/\/tiendachilevip.com\/index.php?rest_route=%2Fwp%2Fv2%2Fproduct_cat&post=432"},{"taxonomy":"product_tag","embeddable":true,"href":"https:\/\/tiendachilevip.com\/index.php?rest_route=%2Fwp%2Fv2%2Fproduct_tag&post=432"}],"curies":[{"name":"wp","href":"https:\/\/api.w.org\/{rel}","templated":true}]}}