{"id":416,"date":"2023-04-21T20:36:57","date_gmt":"2023-04-22T00:36:57","guid":{"rendered":"https:\/\/tiendachilevip.com\/?post_type=product&#038;p=416"},"modified":"2023-04-21T23:03:27","modified_gmt":"2023-04-22T03:03:27","slug":"afinador-de-guitarra-alta-precision","status":"publish","type":"product","link":"https:\/\/tiendachilevip.com\/?product=afinador-de-guitarra-alta-precision","title":{"rendered":"Afinador de guitarra alta precisi\u00f3n"},"content":{"rendered":"<p>Descripci\u00f3n:<\/p>\n<p>Tambi\u00e9n Puedes comprarlo por mercado libre<\/p>\n<p>https:\/\/articulo.mercadolibre.cl\/MLC-1569159886-afinador-de-guitarra-alta-precision-_JM<\/p>\n<p>Nombre del producto: sintonizador<br \/>\nArt\u00edculos de AFINACI\u00d3N: clavija bien templada, guitarra, bajo, viol\u00edn, ukelele.<br \/>\nFrecuencia A4: 440HZ<br \/>\nAjuste de error: \u00b1 0,5 centavos<br \/>\nBater\u00eda: pila de monedas CR2032 (3V) (no incluida).<br \/>\nTama\u00f1o del producto: 32x47x50mm<br \/>\nPeso neto: 23g<\/p>\n<p>Lista de embalaje:<br \/>\n1 x sintonizador<\/p>\n","protected":false},"excerpt":{"rendered":"<p>Descripci\u00f3n: Tambi\u00e9n Puedes comprarlo por mercado libre https:\/\/articulo.mercadolibre.cl\/MLC-1569159886-afinador-de-guitarra-alta-precision-_JM Nombre del producto: sintonizador Art\u00edculos de AFINACI\u00d3N: clavija bien templada, guitarra, bajo, viol\u00edn, ukelele. Frecuencia A4: 440HZ Ajuste de error: \u00b1 0,5 centavos Bater\u00eda: pila de monedas CR2032 (3V) (no incluida). Tama\u00f1o del producto: 32x47x50mm Peso neto: 23g Lista de embalaje: 1 x sintonizador<\/p>\n","protected":false},"featured_media":421,"comment_status":"open","ping_status":"closed","template":"","meta":{"_uag_custom_page_level_css":"","site-sidebar-layout":"default","site-content-layout":"","ast-site-content-layout":"default","site-content-style":"default","site-sidebar-style":"default","ast-global-header-display":"","ast-banner-title-visibility":"","ast-main-header-display":"","ast-hfb-above-header-display":"","ast-hfb-below-header-display":"","ast-hfb-mobile-header-display":"","site-post-title":"","ast-breadcrumbs-content":"","ast-featured-img":"","footer-sml-layout":"","ast-disable-related-posts":"","theme-transparent-header-meta":"","adv-header-id-meta":"","stick-header-meta":"","header-above-stick-meta":"","header-main-stick-meta":"","header-below-stick-meta":"","astra-migrate-meta-layouts":"default","ast-page-background-enabled":"default","ast-page-background-meta":{"desktop":{"background-color":"","background-image":"","background-repeat":"repeat","background-position":"center center","background-size":"auto","background-attachment":"scroll","background-type":"","background-media":"","overlay-type":"","overlay-color":"","overlay-opacity":"","overlay-gradient":""},"tablet":{"background-color":"","background-image":"","background-repeat":"repeat","background-position":"center center","background-size":"auto","background-attachment":"scroll","background-type":"","background-media":"","overlay-type":"","overlay-color":"","overlay-opacity":"","overlay-gradient":""},"mobile":{"background-color":"","background-image":"","background-repeat":"repeat","background-position":"center center","background-size":"auto","background-attachment":"scroll","background-type":"","background-media":"","overlay-type":"","overlay-color":"","overlay-opacity":"","overlay-gradient":""}},"ast-content-background-meta":{"desktop":{"background-color":"var(--ast-global-color-5)","background-image":"","background-repeat":"repeat","background-position":"center center","background-size":"auto","background-attachment":"scroll","background-type":"","background-media":"","overlay-type":"","overlay-color":"","overlay-opacity":"","overlay-gradient":""},"tablet":{"background-color":"var(--ast-global-color-5)","background-image":"","background-repeat":"repeat","background-position":"center center","background-size":"auto","background-attachment":"scroll","background-type":"","background-media":"","overlay-type":"","overlay-color":"","overlay-opacity":"","overlay-gradient":""},"mobile":{"background-color":"var(--ast-global-color-5)","background-image":"","background-repeat":"repeat","background-position":"center center","background-size":"auto","background-attachment":"scroll","background-type":"","background-media":"","overlay-type":"","overlay-color":"","overlay-opacity":"","overlay-gradient":""}},"_joinchat":[]},"product_brand":[],"product_cat":[27],"product_tag":[],"class_list":{"0":"post-416","1":"product","2":"type-product","3":"status-publish","4":"has-post-thumbnail","6":"product_cat-musica","7":"desktop-align-left","8":"tablet-align-left","9":"mobile-align-left","11":"first","12":"instock","13":"sale","14":"taxable","15":"shipping-taxable","16":"purchasable","17":"product-type-simple"},"uagb_featured_image_src":{"full":["https:\/\/tiendachilevip.com\/wp-content\/uploads\/2023\/04\/5-4.png",1001,1001,false],"thumbnail":["https:\/\/tiendachilevip.com\/wp-content\/uploads\/2023\/04\/5-4-150x150.png",150,150,true],"medium":["https:\/\/tiendachilevip.com\/wp-content\/uploads\/2023\/04\/5-4-300x300.png",300,300,true],"medium_large":["https:\/\/tiendachilevip.com\/wp-content\/uploads\/2023\/04\/5-4-768x768.png",768,768,true],"large":["https:\/\/tiendachilevip.com\/wp-content\/uploads\/2023\/04\/5-4.png",1001,1001,false],"1536x1536":["https:\/\/tiendachilevip.com\/wp-content\/uploads\/2023\/04\/5-4.png",1001,1001,false],"2048x2048":["https:\/\/tiendachilevip.com\/wp-content\/uploads\/2023\/04\/5-4.png",1001,1001,false],"woocommerce_thumbnail":["https:\/\/tiendachilevip.com\/wp-content\/uploads\/2023\/04\/5-4-300x300.png",300,300,true],"woocommerce_single":["https:\/\/tiendachilevip.com\/wp-content\/uploads\/2023\/04\/5-4-600x600.png",600,600,true],"woocommerce_gallery_thumbnail":["https:\/\/tiendachilevip.com\/wp-content\/uploads\/2023\/04\/5-4-100x100.png",100,100,true]},"uagb_author_info":{"display_name":"pablo lopez","author_link":"https:\/\/tiendachilevip.com\/?author=0"},"uagb_comment_info":0,"uagb_excerpt":"Descripci\u00f3n: Tambi\u00e9n Puedes comprarlo por mercado libre https:\/\/articulo.mercadolibre.cl\/MLC-1569159886-afinador-de-guitarra-alta-precision-_JM Nombre del producto: sintonizador Art\u00edculos de AFINACI\u00d3N: clavija bien templada, guitarra, bajo, viol\u00edn, ukelele. Frecuencia A4: 440HZ Ajuste de error: \u00b1 0,5 centavos Bater\u00eda: pila de monedas CR2032 (3V) (no incluida). Tama\u00f1o del producto: 32x47x50mm Peso neto: 23g Lista de embalaje: 1 x sintonizador","_links":{"self":[{"href":"https:\/\/tiendachilevip.com\/index.php?rest_route=\/wp\/v2\/product\/416","targetHints":{"allow":["GET"]}}],"collection":[{"href":"https:\/\/tiendachilevip.com\/index.php?rest_route=\/wp\/v2\/product"}],"about":[{"href":"https:\/\/tiendachilevip.com\/index.php?rest_route=\/wp\/v2\/types\/product"}],"replies":[{"embeddable":true,"href":"https:\/\/tiendachilevip.com\/index.php?rest_route=%2Fwp%2Fv2%2Fcomments&post=416"}],"wp:featuredmedia":[{"embeddable":true,"href":"https:\/\/tiendachilevip.com\/index.php?rest_route=\/wp\/v2\/media\/421"}],"wp:attachment":[{"href":"https:\/\/tiendachilevip.com\/index.php?rest_route=%2Fwp%2Fv2%2Fmedia&parent=416"}],"wp:term":[{"taxonomy":"product_brand","embeddable":true,"href":"https:\/\/tiendachilevip.com\/index.php?rest_route=%2Fwp%2Fv2%2Fproduct_brand&post=416"},{"taxonomy":"product_cat","embeddable":true,"href":"https:\/\/tiendachilevip.com\/index.php?rest_route=%2Fwp%2Fv2%2Fproduct_cat&post=416"},{"taxonomy":"product_tag","embeddable":true,"href":"https:\/\/tiendachilevip.com\/index.php?rest_route=%2Fwp%2Fv2%2Fproduct_tag&post=416"}],"curies":[{"name":"wp","href":"https:\/\/api.w.org\/{rel}","templated":true}]}}