{"id":408,"date":"2023-04-21T11:21:10","date_gmt":"2023-04-21T15:21:10","guid":{"rendered":"https:\/\/tiendachilevip.com\/?post_type=product&#038;p=408"},"modified":"2023-04-21T11:21:11","modified_gmt":"2023-04-21T15:21:11","slug":"afilador-de-brocas","status":"publish","type":"product","link":"https:\/\/tiendachilevip.com\/?product=afilador-de-brocas","title":{"rendered":"Afilador de Brocas"},"content":{"rendered":"<p>Puede comprarlo por mercado libre<\/p>\n<p>https:\/\/articulo.mercadolibre.cl\/MLC-1568730960-afilador-de-brocas-para-un-mejor-desempeno-_JM<\/p>\n<p>La Muela utilizada actualmente en el producto es una muela de corind\u00f3n marr\u00f3n, por lo que el producto se utiliza principalmente para moler taladros de hierro. Otros taladros de alta dureza no son adecuados para su uso, y la p\u00e9rdida ser\u00e1 relativamente grande.<\/p>\n<p>Caracter\u00edsticas del producto:<\/p>\n<p>\u25cf Utilice un taladro el\u00e9ctrico con mandril para impulsar esta herramienta.<\/p>\n<p>\u25cf Afila las brocas y mejora el rendimiento de su trabajo.<\/p>\n<p>\u25cf Muela hecha de corind\u00f3n resistente al desgaste.<\/p>\n<p>\u25cf Buen efecto de afilado, ahorrando mucho esfuerzo.<\/p>\n<p>\u25cf Peso ligero y tama\u00f1o compacto, f\u00e1cil de cargar.<\/p>\n<p>Especificaciones del producto:<\/p>\n<p>Color: azul con 1 rueda\/rojo con 1 rueda<\/p>\n<p>Material: ABS + muela de corind\u00f3n<\/p>\n<p>Material de la muela: muela de corind\u00f3n marr\u00f3n<\/p>\n<p>Material del mango: ABS<\/p>\n<p>Tama\u00f1o del producto: 180*40*32mm<\/p>\n<p>El paquete incluye:<\/p>\n<p>1 x amoladora de taladro helicoidal<\/p>\n<p>1 x llave inglesa<\/p>\n<p>&nbsp;<\/p>\n","protected":false},"excerpt":{"rendered":"<p>Puede comprarlo por mercado libre https:\/\/articulo.mercadolibre.cl\/MLC-1568730960-afilador-de-brocas-para-un-mejor-desempeno-_JM La Muela utilizada actualmente en el producto es una muela de corind\u00f3n marr\u00f3n, por lo que el producto se utiliza principalmente para moler taladros de hierro. Otros taladros de alta dureza no son adecuados para su uso, y la p\u00e9rdida ser\u00e1 relativamente grande. Caracter\u00edsticas del producto: \u25cf Utilice un [&hellip;]<\/p>\n","protected":false},"featured_media":411,"comment_status":"open","ping_status":"closed","template":"","meta":{"_uag_custom_page_level_css":"","site-sidebar-layout":"default","site-content-layout":"","ast-site-content-layout":"default","site-content-style":"default","site-sidebar-style":"default","ast-global-header-display":"","ast-banner-title-visibility":"","ast-main-header-display":"","ast-hfb-above-header-display":"","ast-hfb-below-header-display":"","ast-hfb-mobile-header-display":"","site-post-title":"","ast-breadcrumbs-content":"","ast-featured-img":"","footer-sml-layout":"","ast-disable-related-posts":"","theme-transparent-header-meta":"","adv-header-id-meta":"","stick-header-meta":"","header-above-stick-meta":"","header-main-stick-meta":"","header-below-stick-meta":"","astra-migrate-meta-layouts":"default","ast-page-background-enabled":"default","ast-page-background-meta":{"desktop":{"background-color":"","background-image":"","background-repeat":"repeat","background-position":"center center","background-size":"auto","background-attachment":"scroll","background-type":"","background-media":"","overlay-type":"","overlay-color":"","overlay-opacity":"","overlay-gradient":""},"tablet":{"background-color":"","background-image":"","background-repeat":"repeat","background-position":"center center","background-size":"auto","background-attachment":"scroll","background-type":"","background-media":"","overlay-type":"","overlay-color":"","overlay-opacity":"","overlay-gradient":""},"mobile":{"background-color":"","background-image":"","background-repeat":"repeat","background-position":"center center","background-size":"auto","background-attachment":"scroll","background-type":"","background-media":"","overlay-type":"","overlay-color":"","overlay-opacity":"","overlay-gradient":""}},"ast-content-background-meta":{"desktop":{"background-color":"var(--ast-global-color-5)","background-image":"","background-repeat":"repeat","background-position":"center center","background-size":"auto","background-attachment":"scroll","background-type":"","background-media":"","overlay-type":"","overlay-color":"","overlay-opacity":"","overlay-gradient":""},"tablet":{"background-color":"var(--ast-global-color-5)","background-image":"","background-repeat":"repeat","background-position":"center center","background-size":"auto","background-attachment":"scroll","background-type":"","background-media":"","overlay-type":"","overlay-color":"","overlay-opacity":"","overlay-gradient":""},"mobile":{"background-color":"var(--ast-global-color-5)","background-image":"","background-repeat":"repeat","background-position":"center center","background-size":"auto","background-attachment":"scroll","background-type":"","background-media":"","overlay-type":"","overlay-color":"","overlay-opacity":"","overlay-gradient":""}},"_joinchat":[]},"product_brand":[],"product_cat":[26],"product_tag":[],"class_list":{"0":"post-408","1":"product","2":"type-product","3":"status-publish","4":"has-post-thumbnail","6":"product_cat-herramientas","7":"desktop-align-left","8":"tablet-align-left","9":"mobile-align-left","11":"first","12":"instock","13":"sale","14":"taxable","15":"shipping-taxable","16":"purchasable","17":"product-type-simple"},"uagb_featured_image_src":{"full":["https:\/\/tiendachilevip.com\/wp-content\/uploads\/2023\/04\/3-3.png",1000,1000,false],"thumbnail":["https:\/\/tiendachilevip.com\/wp-content\/uploads\/2023\/04\/3-3-150x150.png",150,150,true],"medium":["https:\/\/tiendachilevip.com\/wp-content\/uploads\/2023\/04\/3-3-300x300.png",300,300,true],"medium_large":["https:\/\/tiendachilevip.com\/wp-content\/uploads\/2023\/04\/3-3-768x768.png",768,768,true],"large":["https:\/\/tiendachilevip.com\/wp-content\/uploads\/2023\/04\/3-3.png",1000,1000,false],"1536x1536":["https:\/\/tiendachilevip.com\/wp-content\/uploads\/2023\/04\/3-3.png",1000,1000,false],"2048x2048":["https:\/\/tiendachilevip.com\/wp-content\/uploads\/2023\/04\/3-3.png",1000,1000,false],"woocommerce_thumbnail":["https:\/\/tiendachilevip.com\/wp-content\/uploads\/2023\/04\/3-3-300x300.png",300,300,true],"woocommerce_single":["https:\/\/tiendachilevip.com\/wp-content\/uploads\/2023\/04\/3-3-600x600.png",600,600,true],"woocommerce_gallery_thumbnail":["https:\/\/tiendachilevip.com\/wp-content\/uploads\/2023\/04\/3-3-100x100.png",100,100,true]},"uagb_author_info":{"display_name":"pablo lopez","author_link":"https:\/\/tiendachilevip.com\/?author=0"},"uagb_comment_info":0,"uagb_excerpt":"Puede comprarlo por mercado libre https:\/\/articulo.mercadolibre.cl\/MLC-1568730960-afilador-de-brocas-para-un-mejor-desempeno-_JM La Muela utilizada actualmente en el producto es una muela de corind\u00f3n marr\u00f3n, por lo que el producto se utiliza principalmente para moler taladros de hierro. Otros taladros de alta dureza no son adecuados para su uso, y la p\u00e9rdida ser\u00e1 relativamente grande. Caracter\u00edsticas del producto: \u25cf Utilice un&hellip;","_links":{"self":[{"href":"https:\/\/tiendachilevip.com\/index.php?rest_route=\/wp\/v2\/product\/408","targetHints":{"allow":["GET"]}}],"collection":[{"href":"https:\/\/tiendachilevip.com\/index.php?rest_route=\/wp\/v2\/product"}],"about":[{"href":"https:\/\/tiendachilevip.com\/index.php?rest_route=\/wp\/v2\/types\/product"}],"replies":[{"embeddable":true,"href":"https:\/\/tiendachilevip.com\/index.php?rest_route=%2Fwp%2Fv2%2Fcomments&post=408"}],"wp:featuredmedia":[{"embeddable":true,"href":"https:\/\/tiendachilevip.com\/index.php?rest_route=\/wp\/v2\/media\/411"}],"wp:attachment":[{"href":"https:\/\/tiendachilevip.com\/index.php?rest_route=%2Fwp%2Fv2%2Fmedia&parent=408"}],"wp:term":[{"taxonomy":"product_brand","embeddable":true,"href":"https:\/\/tiendachilevip.com\/index.php?rest_route=%2Fwp%2Fv2%2Fproduct_brand&post=408"},{"taxonomy":"product_cat","embeddable":true,"href":"https:\/\/tiendachilevip.com\/index.php?rest_route=%2Fwp%2Fv2%2Fproduct_cat&post=408"},{"taxonomy":"product_tag","embeddable":true,"href":"https:\/\/tiendachilevip.com\/index.php?rest_route=%2Fwp%2Fv2%2Fproduct_tag&post=408"}],"curies":[{"name":"wp","href":"https:\/\/api.w.org\/{rel}","templated":true}]}}