{"id":371,"date":"2023-04-12T21:25:04","date_gmt":"2023-04-13T01:25:04","guid":{"rendered":"https:\/\/tiendachilevip.com\/?post_type=product&#038;p=371"},"modified":"2023-04-12T21:26:52","modified_gmt":"2023-04-13T01:26:52","slug":"destornillador-en-angulo-y-flexible","status":"publish","type":"product","link":"https:\/\/tiendachilevip.com\/?product=destornillador-en-angulo-y-flexible","title":{"rendered":"Destornillador En \u00c1ngulo Y Flexible"},"content":{"rendered":"<p>Por favor consultar al whatsap antes de comprar<\/p>\n<p>\u00c1ngulo recto taladro:<br \/>\n* Se adapta a 1\/4 \u00ab6mm broca destornillador<br \/>\n* Hecho de acero al Cromo-Vanadio duradera y duradera de usar * Ligero r\u00e1pido conectar a la est\u00e1ndar hexagonal destornillador<br \/>\n* 105-Grado de dise\u00f1o es adecuado para usar en espacios reducidos \u00bfAmpliar el poder de un destornillador inal\u00e1mbrico?<br \/>\n* R\u00e1pido y f\u00e1cil de destornillador de cambio<br \/>\n* Bueno para la llave puede ser conectado a taladro recargable o manual llave<br \/>\nFlexible \u00e1ngulo extensi\u00f3n poco:<br \/>\n* Longitud total: 200\/250\/300mm\/hexagonal v\u00e1stago: 6,35mm (1\/4 \u00ab) de interior hexagonal de cabeza: 6,35mm (1\/4\u00bb)<br \/>\n* Este eje Flexible se puede utilizar para la f\u00f3rmula mano taladro chuck \u00bfTambi\u00e9n puede ser utilizado para destornillador el\u00e9ctrico?<br \/>\n\u00a1* Salir escudo protege tu mano dentro del eje gira! \u00a1* Curvas de giro y que el uso de la broca en espacios reducidos y confinados! * Eje de la cabeza puede ser montado v\u00e1stago hexagonal (1\/4 Mango) el primer lote se utiliza principalmente en el chasis del ordenador armarios muebles los aparatos el\u00e9ctricos y otros destornillador espacio estrecho no puede trabajar en un entorno en el que las operaciones de<br \/>\nC\u00f3mo usar:<br \/>\n1 el taladro es est\u00e1ndar de 1\/4 \u00absolo enchufar y jugar como tu luz de perforaci\u00f3n con el cuarto de pulgada Chuck Si lo necesita para trabajar con fuerza pesada Taladro celebr\u00f3 el taladro con una mano mientras el funcionamiento el gatillo en el Real de perforaci\u00f3n con el otro<br \/>\n2 el Flexible \u00e1ngulo de extensi\u00f3n: es de est\u00e1ndar de 1\/4 \u00abno est\u00e1 dise\u00f1ado para el impacto los conductores o pesada fuerza Taladro pero genial para baja potencia destornilladores y trinquete mano destornillador etc Puede adjuntar una hembra en un extremo y un trinquete en el otro De esta manera puede quitar f\u00e1cilmente la tuerca tornillos en espacios estrechos y extra\u00f1o \u00e1ngulos<\/p>\n","protected":false},"excerpt":{"rendered":"<p>Por favor consultar al whatsap antes de comprar \u00c1ngulo recto taladro: * Se adapta a 1\/4 \u00ab6mm broca destornillador * Hecho de acero al Cromo-Vanadio duradera y duradera de usar * Ligero r\u00e1pido conectar a la est\u00e1ndar hexagonal destornillador * 105-Grado de dise\u00f1o es adecuado para usar en espacios reducidos \u00bfAmpliar el poder de un [&hellip;]<\/p>\n","protected":false},"featured_media":375,"comment_status":"open","ping_status":"closed","template":"","meta":{"_uag_custom_page_level_css":"","site-sidebar-layout":"default","site-content-layout":"","ast-site-content-layout":"default","site-content-style":"default","site-sidebar-style":"default","ast-global-header-display":"","ast-banner-title-visibility":"","ast-main-header-display":"","ast-hfb-above-header-display":"","ast-hfb-below-header-display":"","ast-hfb-mobile-header-display":"","site-post-title":"","ast-breadcrumbs-content":"","ast-featured-img":"","footer-sml-layout":"","ast-disable-related-posts":"","theme-transparent-header-meta":"","adv-header-id-meta":"","stick-header-meta":"","header-above-stick-meta":"","header-main-stick-meta":"","header-below-stick-meta":"","astra-migrate-meta-layouts":"default","ast-page-background-enabled":"default","ast-page-background-meta":{"desktop":{"background-color":"","background-image":"","background-repeat":"repeat","background-position":"center center","background-size":"auto","background-attachment":"scroll","background-type":"","background-media":"","overlay-type":"","overlay-color":"","overlay-opacity":"","overlay-gradient":""},"tablet":{"background-color":"","background-image":"","background-repeat":"repeat","background-position":"center center","background-size":"auto","background-attachment":"scroll","background-type":"","background-media":"","overlay-type":"","overlay-color":"","overlay-opacity":"","overlay-gradient":""},"mobile":{"background-color":"","background-image":"","background-repeat":"repeat","background-position":"center center","background-size":"auto","background-attachment":"scroll","background-type":"","background-media":"","overlay-type":"","overlay-color":"","overlay-opacity":"","overlay-gradient":""}},"ast-content-background-meta":{"desktop":{"background-color":"var(--ast-global-color-5)","background-image":"","background-repeat":"repeat","background-position":"center center","background-size":"auto","background-attachment":"scroll","background-type":"","background-media":"","overlay-type":"","overlay-color":"","overlay-opacity":"","overlay-gradient":""},"tablet":{"background-color":"var(--ast-global-color-5)","background-image":"","background-repeat":"repeat","background-position":"center center","background-size":"auto","background-attachment":"scroll","background-type":"","background-media":"","overlay-type":"","overlay-color":"","overlay-opacity":"","overlay-gradient":""},"mobile":{"background-color":"var(--ast-global-color-5)","background-image":"","background-repeat":"repeat","background-position":"center center","background-size":"auto","background-attachment":"scroll","background-type":"","background-media":"","overlay-type":"","overlay-color":"","overlay-opacity":"","overlay-gradient":""}},"_joinchat":[]},"product_brand":[],"product_cat":[26],"product_tag":[],"class_list":{"0":"post-371","1":"product","2":"type-product","3":"status-publish","4":"has-post-thumbnail","6":"product_cat-herramientas","7":"desktop-align-left","8":"tablet-align-left","9":"mobile-align-left","11":"first","12":"instock","13":"sale","14":"taxable","15":"shipping-taxable","16":"purchasable","17":"product-type-simple"},"uagb_featured_image_src":{"full":["https:\/\/tiendachilevip.com\/wp-content\/uploads\/2023\/04\/4-1.png",800,800,false],"thumbnail":["https:\/\/tiendachilevip.com\/wp-content\/uploads\/2023\/04\/4-1-150x150.png",150,150,true],"medium":["https:\/\/tiendachilevip.com\/wp-content\/uploads\/2023\/04\/4-1-300x300.png",300,300,true],"medium_large":["https:\/\/tiendachilevip.com\/wp-content\/uploads\/2023\/04\/4-1-768x768.png",768,768,true],"large":["https:\/\/tiendachilevip.com\/wp-content\/uploads\/2023\/04\/4-1.png",800,800,false],"1536x1536":["https:\/\/tiendachilevip.com\/wp-content\/uploads\/2023\/04\/4-1.png",800,800,false],"2048x2048":["https:\/\/tiendachilevip.com\/wp-content\/uploads\/2023\/04\/4-1.png",800,800,false],"woocommerce_thumbnail":["https:\/\/tiendachilevip.com\/wp-content\/uploads\/2023\/04\/4-1-300x300.png",300,300,true],"woocommerce_single":["https:\/\/tiendachilevip.com\/wp-content\/uploads\/2023\/04\/4-1-600x600.png",600,600,true],"woocommerce_gallery_thumbnail":["https:\/\/tiendachilevip.com\/wp-content\/uploads\/2023\/04\/4-1-100x100.png",100,100,true]},"uagb_author_info":{"display_name":"pablo lopez","author_link":"https:\/\/tiendachilevip.com\/?author=0"},"uagb_comment_info":0,"uagb_excerpt":"Por favor consultar al whatsap antes de comprar \u00c1ngulo recto taladro: * Se adapta a 1\/4 \u00ab6mm broca destornillador * Hecho de acero al Cromo-Vanadio duradera y duradera de usar * Ligero r\u00e1pido conectar a la est\u00e1ndar hexagonal destornillador * 105-Grado de dise\u00f1o es adecuado para usar en espacios reducidos \u00bfAmpliar el poder de un&hellip;","_links":{"self":[{"href":"https:\/\/tiendachilevip.com\/index.php?rest_route=\/wp\/v2\/product\/371","targetHints":{"allow":["GET"]}}],"collection":[{"href":"https:\/\/tiendachilevip.com\/index.php?rest_route=\/wp\/v2\/product"}],"about":[{"href":"https:\/\/tiendachilevip.com\/index.php?rest_route=\/wp\/v2\/types\/product"}],"replies":[{"embeddable":true,"href":"https:\/\/tiendachilevip.com\/index.php?rest_route=%2Fwp%2Fv2%2Fcomments&post=371"}],"wp:featuredmedia":[{"embeddable":true,"href":"https:\/\/tiendachilevip.com\/index.php?rest_route=\/wp\/v2\/media\/375"}],"wp:attachment":[{"href":"https:\/\/tiendachilevip.com\/index.php?rest_route=%2Fwp%2Fv2%2Fmedia&parent=371"}],"wp:term":[{"taxonomy":"product_brand","embeddable":true,"href":"https:\/\/tiendachilevip.com\/index.php?rest_route=%2Fwp%2Fv2%2Fproduct_brand&post=371"},{"taxonomy":"product_cat","embeddable":true,"href":"https:\/\/tiendachilevip.com\/index.php?rest_route=%2Fwp%2Fv2%2Fproduct_cat&post=371"},{"taxonomy":"product_tag","embeddable":true,"href":"https:\/\/tiendachilevip.com\/index.php?rest_route=%2Fwp%2Fv2%2Fproduct_tag&post=371"}],"curies":[{"name":"wp","href":"https:\/\/api.w.org\/{rel}","templated":true}]}}