{"id":343,"date":"2022-12-22T21:44:34","date_gmt":"2022-12-23T01:44:34","guid":{"rendered":"https:\/\/tiendachilevip.com\/?post_type=product&#038;p=343"},"modified":"2023-11-16T01:39:11","modified_gmt":"2023-11-16T05:39:11","slug":"avion-rc-sin-caja","status":"publish","type":"product","link":"https:\/\/tiendachilevip.com\/?product=avion-rc-sin-caja","title":{"rendered":"Avi\u00f3n RC Inal\u00e1mbrico para Ni\u00f1os, J\u00f3venes y adultos"},"content":{"rendered":"<p>Un excelente avi\u00f3n para divertirse en lugares abiertos.<\/p>\n","protected":false},"excerpt":{"rendered":"<p>Un excelente avi\u00f3n para divertirse en lugares abiertos.<\/p>\n","protected":false},"featured_media":344,"comment_status":"open","ping_status":"closed","template":"","meta":{"_uag_custom_page_level_css":"","site-sidebar-layout":"default","site-content-layout":"","ast-site-content-layout":"default","site-content-style":"default","site-sidebar-style":"default","ast-global-header-display":"","ast-banner-title-visibility":"","ast-main-header-display":"","ast-hfb-above-header-display":"","ast-hfb-below-header-display":"","ast-hfb-mobile-header-display":"","site-post-title":"","ast-breadcrumbs-content":"","ast-featured-img":"","footer-sml-layout":"","ast-disable-related-posts":"","theme-transparent-header-meta":"default","adv-header-id-meta":"","stick-header-meta":"","header-above-stick-meta":"","header-main-stick-meta":"","header-below-stick-meta":"","astra-migrate-meta-layouts":"set","ast-page-background-enabled":"default","ast-page-background-meta":{"desktop":{"background-color":"","background-image":"","background-repeat":"repeat","background-position":"center center","background-size":"auto","background-attachment":"scroll","background-type":"","background-media":"","overlay-type":"","overlay-color":"","overlay-opacity":"","overlay-gradient":""},"tablet":{"background-color":"","background-image":"","background-repeat":"repeat","background-position":"center center","background-size":"auto","background-attachment":"scroll","background-type":"","background-media":"","overlay-type":"","overlay-color":"","overlay-opacity":"","overlay-gradient":""},"mobile":{"background-color":"","background-image":"","background-repeat":"repeat","background-position":"center center","background-size":"auto","background-attachment":"scroll","background-type":"","background-media":"","overlay-type":"","overlay-color":"","overlay-opacity":"","overlay-gradient":""}},"ast-content-background-meta":{"desktop":{"background-color":"var(--ast-global-color-5)","background-image":"","background-repeat":"repeat","background-position":"center center","background-size":"auto","background-attachment":"scroll","background-type":"","background-media":"","overlay-type":"","overlay-color":"","overlay-opacity":"","overlay-gradient":""},"tablet":{"background-color":"var(--ast-global-color-5)","background-image":"","background-repeat":"repeat","background-position":"center center","background-size":"auto","background-attachment":"scroll","background-type":"","background-media":"","overlay-type":"","overlay-color":"","overlay-opacity":"","overlay-gradient":""},"mobile":{"background-color":"var(--ast-global-color-5)","background-image":"","background-repeat":"repeat","background-position":"center center","background-size":"auto","background-attachment":"scroll","background-type":"","background-media":"","overlay-type":"","overlay-color":"","overlay-opacity":"","overlay-gradient":""}},"_joinchat":[]},"product_brand":[],"product_cat":[23],"product_tag":[],"class_list":{"0":"post-343","1":"product","2":"type-product","3":"status-publish","4":"has-post-thumbnail","6":"product_cat-juguetes","7":"desktop-align-left","8":"tablet-align-left","9":"mobile-align-left","11":"first","12":"instock","13":"sale","14":"taxable","15":"shipping-taxable","16":"purchasable","17":"product-type-simple"},"uagb_featured_image_src":{"full":["https:\/\/tiendachilevip.com\/wp-content\/uploads\/2022\/12\/WhatsApp-Image-2022-12-22-at-22.37.24.jpeg",764,1152,false],"thumbnail":["https:\/\/tiendachilevip.com\/wp-content\/uploads\/2022\/12\/WhatsApp-Image-2022-12-22-at-22.37.24-150x150.jpeg",150,150,true],"medium":["https:\/\/tiendachilevip.com\/wp-content\/uploads\/2022\/12\/WhatsApp-Image-2022-12-22-at-22.37.24-199x300.jpeg",199,300,true],"medium_large":["https:\/\/tiendachilevip.com\/wp-content\/uploads\/2022\/12\/WhatsApp-Image-2022-12-22-at-22.37.24.jpeg",764,1152,false],"large":["https:\/\/tiendachilevip.com\/wp-content\/uploads\/2022\/12\/WhatsApp-Image-2022-12-22-at-22.37.24-679x1024.jpeg",679,1024,true],"1536x1536":["https:\/\/tiendachilevip.com\/wp-content\/uploads\/2022\/12\/WhatsApp-Image-2022-12-22-at-22.37.24.jpeg",764,1152,false],"2048x2048":["https:\/\/tiendachilevip.com\/wp-content\/uploads\/2022\/12\/WhatsApp-Image-2022-12-22-at-22.37.24.jpeg",764,1152,false],"woocommerce_thumbnail":["https:\/\/tiendachilevip.com\/wp-content\/uploads\/2022\/12\/WhatsApp-Image-2022-12-22-at-22.37.24-300x300.jpeg",300,300,true],"woocommerce_single":["https:\/\/tiendachilevip.com\/wp-content\/uploads\/2022\/12\/WhatsApp-Image-2022-12-22-at-22.37.24-600x905.jpeg",600,905,true],"woocommerce_gallery_thumbnail":["https:\/\/tiendachilevip.com\/wp-content\/uploads\/2022\/12\/WhatsApp-Image-2022-12-22-at-22.37.24-100x100.jpeg",100,100,true]},"uagb_author_info":{"display_name":"pablo lopez","author_link":"https:\/\/tiendachilevip.com\/?author=0"},"uagb_comment_info":1,"uagb_excerpt":"Un excelente avi\u00f3n para divertirse en lugares abiertos.","_links":{"self":[{"href":"https:\/\/tiendachilevip.com\/index.php?rest_route=\/wp\/v2\/product\/343","targetHints":{"allow":["GET"]}}],"collection":[{"href":"https:\/\/tiendachilevip.com\/index.php?rest_route=\/wp\/v2\/product"}],"about":[{"href":"https:\/\/tiendachilevip.com\/index.php?rest_route=\/wp\/v2\/types\/product"}],"replies":[{"embeddable":true,"href":"https:\/\/tiendachilevip.com\/index.php?rest_route=%2Fwp%2Fv2%2Fcomments&post=343"}],"wp:featuredmedia":[{"embeddable":true,"href":"https:\/\/tiendachilevip.com\/index.php?rest_route=\/wp\/v2\/media\/344"}],"wp:attachment":[{"href":"https:\/\/tiendachilevip.com\/index.php?rest_route=%2Fwp%2Fv2%2Fmedia&parent=343"}],"wp:term":[{"taxonomy":"product_brand","embeddable":true,"href":"https:\/\/tiendachilevip.com\/index.php?rest_route=%2Fwp%2Fv2%2Fproduct_brand&post=343"},{"taxonomy":"product_cat","embeddable":true,"href":"https:\/\/tiendachilevip.com\/index.php?rest_route=%2Fwp%2Fv2%2Fproduct_cat&post=343"},{"taxonomy":"product_tag","embeddable":true,"href":"https:\/\/tiendachilevip.com\/index.php?rest_route=%2Fwp%2Fv2%2Fproduct_tag&post=343"}],"curies":[{"name":"wp","href":"https:\/\/api.w.org\/{rel}","templated":true}]}}