{"id":2559,"date":"2025-10-19T12:10:59","date_gmt":"2025-10-19T16:10:59","guid":{"rendered":"https:\/\/tiendachilevip.com\/?post_type=product&#038;p=2559"},"modified":"2025-12-07T11:55:34","modified_gmt":"2025-12-07T15:55:34","slug":"dinosaurio-montado-inflable-nino-divertido","status":"publish","type":"product","link":"https:\/\/tiendachilevip.com\/?product=dinosaurio-montado-inflable-nino-divertido","title":{"rendered":"Dinosaurio Montado Inflable Ni\u00f1o Divertido"},"content":{"rendered":"<p data-start=\"0\" data-end=\"262\">\ud83e\udd95 <strong data-start=\"3\" data-end=\"55\">Disfraz inflable de dinosaurio montado para ni\u00f1o<\/strong> \u2014 \u00a1diversi\u00f3n garantizada para los m\u00e1s peque\u00f1os! \ud83c\udf1f<br data-start=\"106\" data-end=\"109\" \/>Este disfraz da el efecto de que el ni\u00f1o va montando un simp\u00e1tico dinosaurio, ideal para <strong data-start=\"198\" data-end=\"259\">fiestas, cumplea\u00f1os, Halloween o presentaciones escolares<\/strong>.<\/p>\n<p data-start=\"264\" data-end=\"518\">\u2705 <strong data-start=\"266\" data-end=\"288\">Incluye ventilador<\/strong> que mantiene el disfraz inflado durante horas.<br data-start=\"335\" data-end=\"338\" \/>\u2705 <strong data-start=\"340\" data-end=\"382\">Funciona con 4 pilas AA (no incluidas)<\/strong>.<br data-start=\"383\" data-end=\"386\" \/>\u2705 <strong data-start=\"388\" data-end=\"405\">F\u00e1cil de usar<\/strong>, c\u00f3modo y liviano, permite moverse y jugar sin problemas.<br data-start=\"463\" data-end=\"466\" \/>\u2705 <strong data-start=\"468\" data-end=\"500\">Material resistente y seguro<\/strong> para los ni\u00f1os.<\/p>\n<p data-start=\"520\" data-end=\"592\" data-is-last-node=\"\" data-is-only-node=\"\">\u00a1Un disfraz lleno de aventura y risas para vivir el mundo jur\u00e1sico! \ud83e\udd96\ud83c\udf89<\/p>\n","protected":false},"excerpt":{"rendered":"<p>\ud83e\udd95 <strong data-start=\"3\" data-end=\"55\">Disfraz inflable de dinosaurio montado para ni\u00f1o<\/strong> \u2014 divertido, seguro y f\u00e1cil de usar. Se infla en segundos con su ventilador incluido y garantiza horas de diversi\u00f3n en fiestas y juegos. \ud83c\udf89<\/p>\n","protected":false},"featured_media":2562,"comment_status":"open","ping_status":"closed","template":"","meta":{"_uag_custom_page_level_css":"","site-sidebar-layout":"default","site-content-layout":"","ast-site-content-layout":"default","site-content-style":"default","site-sidebar-style":"default","ast-global-header-display":"","ast-banner-title-visibility":"","ast-main-header-display":"","ast-hfb-above-header-display":"","ast-hfb-below-header-display":"","ast-hfb-mobile-header-display":"","site-post-title":"","ast-breadcrumbs-content":"","ast-featured-img":"","footer-sml-layout":"","ast-disable-related-posts":"","theme-transparent-header-meta":"default","adv-header-id-meta":"","stick-header-meta":"","header-above-stick-meta":"","header-main-stick-meta":"","header-below-stick-meta":"","astra-migrate-meta-layouts":"set","ast-page-background-enabled":"default","ast-page-background-meta":{"desktop":{"background-color":"","background-image":"","background-repeat":"repeat","background-position":"center center","background-size":"auto","background-attachment":"scroll","background-type":"","background-media":"","overlay-type":"","overlay-color":"","overlay-opacity":"","overlay-gradient":""},"tablet":{"background-color":"","background-image":"","background-repeat":"repeat","background-position":"center center","background-size":"auto","background-attachment":"scroll","background-type":"","background-media":"","overlay-type":"","overlay-color":"","overlay-opacity":"","overlay-gradient":""},"mobile":{"background-color":"","background-image":"","background-repeat":"repeat","background-position":"center center","background-size":"auto","background-attachment":"scroll","background-type":"","background-media":"","overlay-type":"","overlay-color":"","overlay-opacity":"","overlay-gradient":""}},"ast-content-background-meta":{"desktop":{"background-color":"var(--ast-global-color-5)","background-image":"","background-repeat":"repeat","background-position":"center center","background-size":"auto","background-attachment":"scroll","background-type":"","background-media":"","overlay-type":"","overlay-color":"","overlay-opacity":"","overlay-gradient":""},"tablet":{"background-color":"var(--ast-global-color-5)","background-image":"","background-repeat":"repeat","background-position":"center center","background-size":"auto","background-attachment":"scroll","background-type":"","background-media":"","overlay-type":"","overlay-color":"","overlay-opacity":"","overlay-gradient":""},"mobile":{"background-color":"var(--ast-global-color-5)","background-image":"","background-repeat":"repeat","background-position":"center center","background-size":"auto","background-attachment":"scroll","background-type":"","background-media":"","overlay-type":"","overlay-color":"","overlay-opacity":"","overlay-gradient":""}},"_joinchat":[]},"product_brand":[],"product_cat":[22],"product_tag":[163,160,164,162,156,158,159,161,166,147,157,165],"class_list":{"0":"post-2559","1":"product","2":"type-product","3":"status-publish","4":"has-post-thumbnail","6":"product_cat-disfraces","7":"product_tag-disfraz-con-pilas","8":"product_tag-disfraz-cumpleanos-nino","9":"product_tag-disfraz-de-fiesta","10":"product_tag-disfraz-dinosaurio-inflable","11":"product_tag-disfraz-dinosaurio-montado","12":"product_tag-disfraz-divertido-infantil","13":"product_tag-disfraz-halloween-nino","14":"product_tag-disfraz-inflable-con-ventilador","15":"product_tag-disfraz-inflable-facil-de-usar","16":"product_tag-disfraz-inflable-nino","17":"product_tag-disfraz-jurasico","18":"product_tag-disfraz-original-nino","19":"desktop-align-left","20":"tablet-align-left","21":"mobile-align-left","23":"first","24":"outofstock","25":"sale","26":"taxable","27":"shipping-taxable","28":"purchasable","29":"product-type-simple"},"uagb_featured_image_src":{"full":["https:\/\/tiendachilevip.com\/wp-content\/uploads\/2025\/10\/a_cheerful_child_riding_the_inflatable_dinosaur__subject_1_.png",1024,1024,false],"thumbnail":["https:\/\/tiendachilevip.com\/wp-content\/uploads\/2025\/10\/a_cheerful_child_riding_the_inflatable_dinosaur__subject_1_-150x150.png",150,150,true],"medium":["https:\/\/tiendachilevip.com\/wp-content\/uploads\/2025\/10\/a_cheerful_child_riding_the_inflatable_dinosaur__subject_1_-300x300.png",300,300,true],"medium_large":["https:\/\/tiendachilevip.com\/wp-content\/uploads\/2025\/10\/a_cheerful_child_riding_the_inflatable_dinosaur__subject_1_-768x768.png",768,768,true],"large":["https:\/\/tiendachilevip.com\/wp-content\/uploads\/2025\/10\/a_cheerful_child_riding_the_inflatable_dinosaur__subject_1_.png",1024,1024,false],"1536x1536":["https:\/\/tiendachilevip.com\/wp-content\/uploads\/2025\/10\/a_cheerful_child_riding_the_inflatable_dinosaur__subject_1_.png",1024,1024,false],"2048x2048":["https:\/\/tiendachilevip.com\/wp-content\/uploads\/2025\/10\/a_cheerful_child_riding_the_inflatable_dinosaur__subject_1_.png",1024,1024,false],"woocommerce_thumbnail":["https:\/\/tiendachilevip.com\/wp-content\/uploads\/2025\/10\/a_cheerful_child_riding_the_inflatable_dinosaur__subject_1_-300x300.png",300,300,true],"woocommerce_single":["https:\/\/tiendachilevip.com\/wp-content\/uploads\/2025\/10\/a_cheerful_child_riding_the_inflatable_dinosaur__subject_1_-600x600.png",600,600,true],"woocommerce_gallery_thumbnail":["https:\/\/tiendachilevip.com\/wp-content\/uploads\/2025\/10\/a_cheerful_child_riding_the_inflatable_dinosaur__subject_1_-100x100.png",100,100,true]},"uagb_author_info":{"display_name":"pablo lopez","author_link":"https:\/\/tiendachilevip.com\/?author=0"},"uagb_comment_info":1,"uagb_excerpt":"\ud83e\udd95 Disfraz inflable de dinosaurio montado para ni\u00f1o \u2014 divertido, seguro y f\u00e1cil de usar. Se infla en segundos con su ventilador incluido y garantiza horas de diversi\u00f3n en fiestas y juegos. \ud83c\udf89","_links":{"self":[{"href":"https:\/\/tiendachilevip.com\/index.php?rest_route=\/wp\/v2\/product\/2559","targetHints":{"allow":["GET"]}}],"collection":[{"href":"https:\/\/tiendachilevip.com\/index.php?rest_route=\/wp\/v2\/product"}],"about":[{"href":"https:\/\/tiendachilevip.com\/index.php?rest_route=\/wp\/v2\/types\/product"}],"replies":[{"embeddable":true,"href":"https:\/\/tiendachilevip.com\/index.php?rest_route=%2Fwp%2Fv2%2Fcomments&post=2559"}],"wp:featuredmedia":[{"embeddable":true,"href":"https:\/\/tiendachilevip.com\/index.php?rest_route=\/wp\/v2\/media\/2562"}],"wp:attachment":[{"href":"https:\/\/tiendachilevip.com\/index.php?rest_route=%2Fwp%2Fv2%2Fmedia&parent=2559"}],"wp:term":[{"taxonomy":"product_brand","embeddable":true,"href":"https:\/\/tiendachilevip.com\/index.php?rest_route=%2Fwp%2Fv2%2Fproduct_brand&post=2559"},{"taxonomy":"product_cat","embeddable":true,"href":"https:\/\/tiendachilevip.com\/index.php?rest_route=%2Fwp%2Fv2%2Fproduct_cat&post=2559"},{"taxonomy":"product_tag","embeddable":true,"href":"https:\/\/tiendachilevip.com\/index.php?rest_route=%2Fwp%2Fv2%2Fproduct_tag&post=2559"}],"curies":[{"name":"wp","href":"https:\/\/api.w.org\/{rel}","templated":true}]}}