{"id":2518,"date":"2025-10-18T20:38:23","date_gmt":"2025-10-19T00:38:23","guid":{"rendered":"https:\/\/tiendachilevip.com\/?post_type=product&#038;p=2518"},"modified":"2025-10-18T20:38:26","modified_gmt":"2025-10-19T00:38:26","slug":"disfraz-de-tiburon-%f0%9f%a6%88-inflable-divertido","status":"publish","type":"product","link":"https:\/\/tiendachilevip.com\/?product=disfraz-de-tiburon-%f0%9f%a6%88-inflable-divertido","title":{"rendered":"Disfraz de Tibur\u00f3n \ud83e\udd88 Inflable Divertido"},"content":{"rendered":"<p data-start=\"105\" data-end=\"425\">\ud83e\udd88 <strong data-start=\"108\" data-end=\"166\">\u00a1S\u00fabete al tibur\u00f3n m\u00e1s divertido de todas las fiestas!<\/strong><br data-start=\"166\" data-end=\"169\" \/>Con este <strong data-start=\"178\" data-end=\"209\">disfraz inflable de tibur\u00f3n<\/strong>, parecer\u00e1 que est\u00e1s montando un tibur\u00f3n gigante mientras te diviertes sin parar. Perfecto para <strong data-start=\"305\" data-end=\"354\">Halloween, fiestas tem\u00e1ticas o videos virales<\/strong>, su dise\u00f1o realista y c\u00f3mico garantiza risas y atenci\u00f3n donde vayas.<\/p>\n<p data-start=\"427\" data-end=\"643\">Incluye <strong data-start=\"435\" data-end=\"459\">ventilador el\u00e9ctrico<\/strong> para mantenerse inflado y funciona con <strong data-start=\"499\" data-end=\"528\">4 pilas AA (no incluidas)<\/strong>. Fabricado con <strong data-start=\"544\" data-end=\"576\">material ligero y resistente<\/strong>, se adapta c\u00f3modamente a personas de <strong data-start=\"614\" data-end=\"640\">150 a 190 cm de altura<\/strong>.<\/p>\n<p data-start=\"645\" data-end=\"731\">\ud83c\udf0a \u00a1Prep\u00e1rate para un look espectacular y s\u00faper divertido con este tibur\u00f3n inflable!<\/p>\n","protected":false},"excerpt":{"rendered":"<article class=\"text-token-text-primary w-full focus:outline-none [--shadow-height:45px] has-data-writing-block:pointer-events-none has-data-writing-block:-mt-(--shadow-height) has-data-writing-block:pt-(--shadow-height) [&amp;:has([data-writing-block])&gt;*]:pointer-events-auto scroll-mt-[calc(var(--header-height)+min(200px,max(70px,20svh)))]\" dir=\"auto\" tabindex=\"-1\" data-turn-id=\"request-WEB:f52edafd-ff82-46fc-987f-4e96450fa527-7\" data-testid=\"conversation-turn-16\" data-scroll-anchor=\"true\" data-turn=\"assistant\">\n<div class=\"text-base my-auto mx-auto pb-10 [--thread-content-margin:--spacing(4)] thread-sm:[--thread-content-margin:--spacing(6)] thread-lg:[--thread-content-margin:--spacing(16)] px-(--thread-content-margin)\">\n<div class=\"[--thread-content-max-width:40rem] thread-lg:[--thread-content-max-width:48rem] mx-auto max-w-(--thread-content-max-width) flex-1 group\/turn-messages focus-visible:outline-hidden relative flex w-full min-w-0 flex-col agent-turn\" tabindex=\"-1\">\n<div class=\"flex max-w-full flex-col grow\">\n<div class=\"min-h-8 text-message relative flex w-full flex-col items-end gap-2 text-start break-words whitespace-normal [.text-message+&amp;]:mt-1\" dir=\"auto\" data-message-author-role=\"assistant\" data-message-id=\"b6c764e8-65ed-41cf-9d53-4b72b8968238\" data-message-model-slug=\"gpt-5-mini\">\n<div class=\"flex w-full flex-col gap-1 empty:hidden first:pt-[1px]\">\n<div class=\"markdown prose dark:prose-invert w-full break-words light markdown-new-styling\">\n<p data-start=\"0\" data-end=\"179\" data-is-last-node=\"\" data-is-only-node=\"\">\ud83e\udd88 <strong data-start=\"3\" data-end=\"34\">Disfraz inflable de tibur\u00f3n<\/strong> que simula ir mont\u00e1ndolo. Divertido, llamativo y c\u00f3modo, se infla r\u00e1pido con ventilador incluido y sirve para personas de <strong data-start=\"157\" data-end=\"173\">150 a 190 cm<\/strong>. \ud83c\udf0a\ud83c\udf89<\/p>\n<\/div>\n<\/div>\n<\/div>\n<\/div>\n<div class=\"z-0 flex min-h-[46px] justify-start\"><\/div>\n<div class=\"mt-3 w-full empty:hidden\">\n<div class=\"text-center\"><\/div>\n<\/div>\n<\/div>\n<\/div>\n<\/article>\n<div class=\"pointer-events-none h-px w-px\" aria-hidden=\"true\" data-edge=\"true\"><\/div>\n","protected":false},"featured_media":2525,"comment_status":"open","ping_status":"closed","template":"","meta":{"_uag_custom_page_level_css":"","site-sidebar-layout":"default","site-content-layout":"","ast-site-content-layout":"default","site-content-style":"default","site-sidebar-style":"default","ast-global-header-display":"","ast-banner-title-visibility":"","ast-main-header-display":"","ast-hfb-above-header-display":"","ast-hfb-below-header-display":"","ast-hfb-mobile-header-display":"","site-post-title":"","ast-breadcrumbs-content":"","ast-featured-img":"","footer-sml-layout":"","ast-disable-related-posts":"","theme-transparent-header-meta":"default","adv-header-id-meta":"","stick-header-meta":"","header-above-stick-meta":"","header-main-stick-meta":"","header-below-stick-meta":"","astra-migrate-meta-layouts":"set","ast-page-background-enabled":"default","ast-page-background-meta":{"desktop":{"background-color":"","background-image":"","background-repeat":"repeat","background-position":"center center","background-size":"auto","background-attachment":"scroll","background-type":"","background-media":"","overlay-type":"","overlay-color":"","overlay-opacity":"","overlay-gradient":""},"tablet":{"background-color":"","background-image":"","background-repeat":"repeat","background-position":"center center","background-size":"auto","background-attachment":"scroll","background-type":"","background-media":"","overlay-type":"","overlay-color":"","overlay-opacity":"","overlay-gradient":""},"mobile":{"background-color":"","background-image":"","background-repeat":"repeat","background-position":"center center","background-size":"auto","background-attachment":"scroll","background-type":"","background-media":"","overlay-type":"","overlay-color":"","overlay-opacity":"","overlay-gradient":""}},"ast-content-background-meta":{"desktop":{"background-color":"var(--ast-global-color-5)","background-image":"","background-repeat":"repeat","background-position":"center center","background-size":"auto","background-attachment":"scroll","background-type":"","background-media":"","overlay-type":"","overlay-color":"","overlay-opacity":"","overlay-gradient":""},"tablet":{"background-color":"var(--ast-global-color-5)","background-image":"","background-repeat":"repeat","background-position":"center center","background-size":"auto","background-attachment":"scroll","background-type":"","background-media":"","overlay-type":"","overlay-color":"","overlay-opacity":"","overlay-gradient":""},"mobile":{"background-color":"var(--ast-global-color-5)","background-image":"","background-repeat":"repeat","background-position":"center center","background-size":"auto","background-attachment":"scroll","background-type":"","background-media":"","overlay-type":"","overlay-color":"","overlay-opacity":"","overlay-gradient":""}},"_joinchat":[]},"product_brand":[],"product_cat":[22],"product_tag":[150,141,148,149,153,85,151,84,144,152,146,147,140,145,138,139,154,155,142,143],"class_list":{"0":"post-2518","1":"product","2":"type-product","3":"status-publish","4":"has-post-thumbnail","6":"product_cat-disfraces","7":"product_tag-compra-online","8":"product_tag-cupon-de-descuento","9":"product_tag-disfraces-2025","10":"product_tag-disfraces-baratos","11":"product_tag-disfraces-con-envio-gratis","12":"product_tag-disfraces-divertidos","13":"product_tag-disfraces-graciosos","14":"product_tag-disfraces-inflables","15":"product_tag-disfraces-originales","16":"product_tag-disfraces-virales","17":"product_tag-disfraz-inflable-adulto","18":"product_tag-disfraz-inflable-nino","19":"product_tag-envio-gratis","20":"product_tag-fiesta-de-halloween","21":"product_tag-halloween-chile","22":"product_tag-oferta-halloween","23":"product_tag-oferta-limitada","24":"product_tag-promocion-especial","25":"product_tag-promocion-halloween","26":"product_tag-tienda-online-chile","27":"desktop-align-left","28":"tablet-align-left","29":"mobile-align-left","31":"first","32":"instock","33":"sale","34":"taxable","35":"shipping-taxable","36":"purchasable","37":"product-type-simple"},"uagb_featured_image_src":{"full":["https:\/\/tiendachilevip.com\/wp-content\/uploads\/2025\/10\/generate_a_realistic_human_face__with_a_joyful_expression__looking_directly_at_the_camera__The_face_.png",1024,1024,false],"thumbnail":["https:\/\/tiendachilevip.com\/wp-content\/uploads\/2025\/10\/generate_a_realistic_human_face__with_a_joyful_expression__looking_directly_at_the_camera__The_face_-150x150.png",150,150,true],"medium":["https:\/\/tiendachilevip.com\/wp-content\/uploads\/2025\/10\/generate_a_realistic_human_face__with_a_joyful_expression__looking_directly_at_the_camera__The_face_-300x300.png",300,300,true],"medium_large":["https:\/\/tiendachilevip.com\/wp-content\/uploads\/2025\/10\/generate_a_realistic_human_face__with_a_joyful_expression__looking_directly_at_the_camera__The_face_-768x768.png",768,768,true],"large":["https:\/\/tiendachilevip.com\/wp-content\/uploads\/2025\/10\/generate_a_realistic_human_face__with_a_joyful_expression__looking_directly_at_the_camera__The_face_.png",1024,1024,false],"1536x1536":["https:\/\/tiendachilevip.com\/wp-content\/uploads\/2025\/10\/generate_a_realistic_human_face__with_a_joyful_expression__looking_directly_at_the_camera__The_face_.png",1024,1024,false],"2048x2048":["https:\/\/tiendachilevip.com\/wp-content\/uploads\/2025\/10\/generate_a_realistic_human_face__with_a_joyful_expression__looking_directly_at_the_camera__The_face_.png",1024,1024,false],"woocommerce_thumbnail":["https:\/\/tiendachilevip.com\/wp-content\/uploads\/2025\/10\/generate_a_realistic_human_face__with_a_joyful_expression__looking_directly_at_the_camera__The_face_-300x300.png",300,300,true],"woocommerce_single":["https:\/\/tiendachilevip.com\/wp-content\/uploads\/2025\/10\/generate_a_realistic_human_face__with_a_joyful_expression__looking_directly_at_the_camera__The_face_-600x600.png",600,600,true],"woocommerce_gallery_thumbnail":["https:\/\/tiendachilevip.com\/wp-content\/uploads\/2025\/10\/generate_a_realistic_human_face__with_a_joyful_expression__looking_directly_at_the_camera__The_face_-100x100.png",100,100,true]},"uagb_author_info":{"display_name":"pablo lopez","author_link":"https:\/\/tiendachilevip.com\/?author=0"},"uagb_comment_info":0,"uagb_excerpt":"\ud83e\udd88 Disfraz inflable de tibur\u00f3n que simula ir mont\u00e1ndolo. Divertido, llamativo y c\u00f3modo, se infla r\u00e1pido con ventilador incluido y sirve para personas de 150 a 190 cm. \ud83c\udf0a\ud83c\udf89","_links":{"self":[{"href":"https:\/\/tiendachilevip.com\/index.php?rest_route=\/wp\/v2\/product\/2518","targetHints":{"allow":["GET"]}}],"collection":[{"href":"https:\/\/tiendachilevip.com\/index.php?rest_route=\/wp\/v2\/product"}],"about":[{"href":"https:\/\/tiendachilevip.com\/index.php?rest_route=\/wp\/v2\/types\/product"}],"replies":[{"embeddable":true,"href":"https:\/\/tiendachilevip.com\/index.php?rest_route=%2Fwp%2Fv2%2Fcomments&post=2518"}],"wp:featuredmedia":[{"embeddable":true,"href":"https:\/\/tiendachilevip.com\/index.php?rest_route=\/wp\/v2\/media\/2525"}],"wp:attachment":[{"href":"https:\/\/tiendachilevip.com\/index.php?rest_route=%2Fwp%2Fv2%2Fmedia&parent=2518"}],"wp:term":[{"taxonomy":"product_brand","embeddable":true,"href":"https:\/\/tiendachilevip.com\/index.php?rest_route=%2Fwp%2Fv2%2Fproduct_brand&post=2518"},{"taxonomy":"product_cat","embeddable":true,"href":"https:\/\/tiendachilevip.com\/index.php?rest_route=%2Fwp%2Fv2%2Fproduct_cat&post=2518"},{"taxonomy":"product_tag","embeddable":true,"href":"https:\/\/tiendachilevip.com\/index.php?rest_route=%2Fwp%2Fv2%2Fproduct_tag&post=2518"}],"curies":[{"name":"wp","href":"https:\/\/api.w.org\/{rel}","templated":true}]}}