{"id":2511,"date":"2025-10-18T20:10:04","date_gmt":"2025-10-19T00:10:04","guid":{"rendered":"https:\/\/tiendachilevip.com\/?post_type=product&#038;p=2511"},"modified":"2025-10-18T20:10:37","modified_gmt":"2025-10-19T00:10:37","slug":"2511","status":"publish","type":"product","link":"https:\/\/tiendachilevip.com\/?product=2511","title":{"rendered":"Disfraz de conejo \ud83d\udc30 inflable Divertido"},"content":{"rendered":"<p data-start=\"120\" data-end=\"441\">\ud83d\udc30 <strong data-start=\"123\" data-end=\"176\">\u00a1Convi\u00e9rtete en el conejo m\u00e1s dulce de la fiesta!<\/strong><br data-start=\"176\" data-end=\"179\" \/>Este <strong data-start=\"184\" data-end=\"224\">disfraz inflable de Conejo de Pascua<\/strong> te har\u00e1 destacar mientras repartes alegr\u00eda y chocolate. Su dise\u00f1o divertido y colorido incluye detalles de <strong data-start=\"332\" data-end=\"355\">huevos de chocolate<\/strong>, haciendo que sea perfecto para <strong data-start=\"388\" data-end=\"438\">Pascua, fiestas tem\u00e1ticas o eventos infantiles<\/strong>.<\/p>\n<p data-start=\"443\" data-end=\"705\">Incluye <strong data-start=\"451\" data-end=\"475\">ventilador el\u00e9ctrico<\/strong> para mantener el disfraz inflado y funciona con <strong data-start=\"524\" data-end=\"553\">4 pilas AA (no incluidas)<\/strong>. Fabricado en <strong data-start=\"568\" data-end=\"600\">material ligero y resistente<\/strong>, se adapta a personas de <strong data-start=\"626\" data-end=\"652\">150 a 190 cm de altura<\/strong>, garantizando comodidad y diversi\u00f3n durante horas.<\/p>\n<p data-start=\"707\" data-end=\"790\">\ud83c\udf6b \u00a1Lleva la magia de la Pascua a cada evento con este disfraz \u00fanico y divertido!<\/p>\n","protected":false},"excerpt":{"rendered":"<p>\ud83d\udc30 <strong data-start=\"3\" data-end=\"43\">Disfraz inflable de Conejo de Pascua<\/strong> \ud83e\udd5a divertido y colorido, ideal para fiestas y eventos. Se infla r\u00e1pido, c\u00f3modo y llamativo para personas de <strong data-start=\"152\" data-end=\"168\">150 a 190 cm<\/strong>. \ud83c\udf89<\/p>\n","protected":false},"featured_media":2517,"comment_status":"open","ping_status":"closed","template":"","meta":{"_uag_custom_page_level_css":"","site-sidebar-layout":"default","site-content-layout":"","ast-site-content-layout":"default","site-content-style":"default","site-sidebar-style":"default","ast-global-header-display":"","ast-banner-title-visibility":"","ast-main-header-display":"","ast-hfb-above-header-display":"","ast-hfb-below-header-display":"","ast-hfb-mobile-header-display":"","site-post-title":"","ast-breadcrumbs-content":"","ast-featured-img":"","footer-sml-layout":"","ast-disable-related-posts":"","theme-transparent-header-meta":"default","adv-header-id-meta":"","stick-header-meta":"","header-above-stick-meta":"","header-main-stick-meta":"","header-below-stick-meta":"","astra-migrate-meta-layouts":"set","ast-page-background-enabled":"default","ast-page-background-meta":{"desktop":{"background-color":"","background-image":"","background-repeat":"repeat","background-position":"center center","background-size":"auto","background-attachment":"scroll","background-type":"","background-media":"","overlay-type":"","overlay-color":"","overlay-opacity":"","overlay-gradient":""},"tablet":{"background-color":"","background-image":"","background-repeat":"repeat","background-position":"center center","background-size":"auto","background-attachment":"scroll","background-type":"","background-media":"","overlay-type":"","overlay-color":"","overlay-opacity":"","overlay-gradient":""},"mobile":{"background-color":"","background-image":"","background-repeat":"repeat","background-position":"center center","background-size":"auto","background-attachment":"scroll","background-type":"","background-media":"","overlay-type":"","overlay-color":"","overlay-opacity":"","overlay-gradient":""}},"ast-content-background-meta":{"desktop":{"background-color":"var(--ast-global-color-5)","background-image":"","background-repeat":"repeat","background-position":"center center","background-size":"auto","background-attachment":"scroll","background-type":"","background-media":"","overlay-type":"","overlay-color":"","overlay-opacity":"","overlay-gradient":""},"tablet":{"background-color":"var(--ast-global-color-5)","background-image":"","background-repeat":"repeat","background-position":"center center","background-size":"auto","background-attachment":"scroll","background-type":"","background-media":"","overlay-type":"","overlay-color":"","overlay-opacity":"","overlay-gradient":""},"mobile":{"background-color":"var(--ast-global-color-5)","background-image":"","background-repeat":"repeat","background-position":"center center","background-size":"auto","background-attachment":"scroll","background-type":"","background-media":"","overlay-type":"","overlay-color":"","overlay-opacity":"","overlay-gradient":""}},"_joinchat":[]},"product_brand":[],"product_cat":[22],"product_tag":[150,141,148,149,153,85,151,84,144,152,146,147,140,145,138,139,154,155,142,143],"class_list":{"0":"post-2511","1":"product","2":"type-product","3":"status-publish","4":"has-post-thumbnail","6":"product_cat-disfraces","7":"product_tag-compra-online","8":"product_tag-cupon-de-descuento","9":"product_tag-disfraces-2025","10":"product_tag-disfraces-baratos","11":"product_tag-disfraces-con-envio-gratis","12":"product_tag-disfraces-divertidos","13":"product_tag-disfraces-graciosos","14":"product_tag-disfraces-inflables","15":"product_tag-disfraces-originales","16":"product_tag-disfraces-virales","17":"product_tag-disfraz-inflable-adulto","18":"product_tag-disfraz-inflable-nino","19":"product_tag-envio-gratis","20":"product_tag-fiesta-de-halloween","21":"product_tag-halloween-chile","22":"product_tag-oferta-halloween","23":"product_tag-oferta-limitada","24":"product_tag-promocion-especial","25":"product_tag-promocion-halloween","26":"product_tag-tienda-online-chile","27":"desktop-align-left","28":"tablet-align-left","29":"mobile-align-left","31":"first","32":"instock","33":"sale","34":"taxable","35":"shipping-taxable","36":"purchasable","37":"product-type-simple"},"uagb_featured_image_src":{"full":["https:\/\/tiendachilevip.com\/wp-content\/uploads\/2025\/10\/Hedae122a2651435b93cc499b32b60b30D.jpg",1000,1000,false],"thumbnail":["https:\/\/tiendachilevip.com\/wp-content\/uploads\/2025\/10\/Hedae122a2651435b93cc499b32b60b30D-150x150.jpg",150,150,true],"medium":["https:\/\/tiendachilevip.com\/wp-content\/uploads\/2025\/10\/Hedae122a2651435b93cc499b32b60b30D-300x300.jpg",300,300,true],"medium_large":["https:\/\/tiendachilevip.com\/wp-content\/uploads\/2025\/10\/Hedae122a2651435b93cc499b32b60b30D-768x768.jpg",768,768,true],"large":["https:\/\/tiendachilevip.com\/wp-content\/uploads\/2025\/10\/Hedae122a2651435b93cc499b32b60b30D.jpg",1000,1000,false],"1536x1536":["https:\/\/tiendachilevip.com\/wp-content\/uploads\/2025\/10\/Hedae122a2651435b93cc499b32b60b30D.jpg",1000,1000,false],"2048x2048":["https:\/\/tiendachilevip.com\/wp-content\/uploads\/2025\/10\/Hedae122a2651435b93cc499b32b60b30D.jpg",1000,1000,false],"woocommerce_thumbnail":["https:\/\/tiendachilevip.com\/wp-content\/uploads\/2025\/10\/Hedae122a2651435b93cc499b32b60b30D-300x300.jpg",300,300,true],"woocommerce_single":["https:\/\/tiendachilevip.com\/wp-content\/uploads\/2025\/10\/Hedae122a2651435b93cc499b32b60b30D-600x600.jpg",600,600,true],"woocommerce_gallery_thumbnail":["https:\/\/tiendachilevip.com\/wp-content\/uploads\/2025\/10\/Hedae122a2651435b93cc499b32b60b30D-100x100.jpg",100,100,true]},"uagb_author_info":{"display_name":"pablo lopez","author_link":"https:\/\/tiendachilevip.com\/?author=0"},"uagb_comment_info":0,"uagb_excerpt":"\ud83d\udc30 Disfraz inflable de Conejo de Pascua \ud83e\udd5a divertido y colorido, ideal para fiestas y eventos. Se infla r\u00e1pido, c\u00f3modo y llamativo para personas de 150 a 190 cm. \ud83c\udf89","_links":{"self":[{"href":"https:\/\/tiendachilevip.com\/index.php?rest_route=\/wp\/v2\/product\/2511","targetHints":{"allow":["GET"]}}],"collection":[{"href":"https:\/\/tiendachilevip.com\/index.php?rest_route=\/wp\/v2\/product"}],"about":[{"href":"https:\/\/tiendachilevip.com\/index.php?rest_route=\/wp\/v2\/types\/product"}],"replies":[{"embeddable":true,"href":"https:\/\/tiendachilevip.com\/index.php?rest_route=%2Fwp%2Fv2%2Fcomments&post=2511"}],"wp:featuredmedia":[{"embeddable":true,"href":"https:\/\/tiendachilevip.com\/index.php?rest_route=\/wp\/v2\/media\/2517"}],"wp:attachment":[{"href":"https:\/\/tiendachilevip.com\/index.php?rest_route=%2Fwp%2Fv2%2Fmedia&parent=2511"}],"wp:term":[{"taxonomy":"product_brand","embeddable":true,"href":"https:\/\/tiendachilevip.com\/index.php?rest_route=%2Fwp%2Fv2%2Fproduct_brand&post=2511"},{"taxonomy":"product_cat","embeddable":true,"href":"https:\/\/tiendachilevip.com\/index.php?rest_route=%2Fwp%2Fv2%2Fproduct_cat&post=2511"},{"taxonomy":"product_tag","embeddable":true,"href":"https:\/\/tiendachilevip.com\/index.php?rest_route=%2Fwp%2Fv2%2Fproduct_tag&post=2511"}],"curies":[{"name":"wp","href":"https:\/\/api.w.org\/{rel}","templated":true}]}}