{"id":2482,"date":"2025-10-18T12:10:58","date_gmt":"2025-10-18T16:10:58","guid":{"rendered":"https:\/\/tiendachilevip.com\/?post_type=product&#038;p=2482"},"modified":"2025-12-07T11:49:30","modified_gmt":"2025-12-07T15:49:30","slug":"%f0%9f%90%94-gallo-inflable-divertido","status":"publish","type":"product","link":"https:\/\/tiendachilevip.com\/?product=%f0%9f%90%94-gallo-inflable-divertido","title":{"rendered":"\ud83d\udc14 Gallo inflable Divertido"},"content":{"rendered":"<p><strong data-start=\"3\" data-end=\"33\">\u00a1Prep\u00e1rate para las risas!<\/strong> \ud83e\udd23<br data-start=\"36\" data-end=\"39\" \/>Este <strong data-start=\"44\" data-end=\"73\">disfraz inflable de gallo<\/strong> da la ilusi\u00f3n de que \u00a1vas montando un enorme y divertido gallo! \ud83d\udc14 Ideal para fiestas, eventos o Halloween.<br data-start=\"181\" data-end=\"184\" \/>\u2705 <strong data-start=\"186\" data-end=\"206\">Talla universal:<\/strong> se adapta a personas entre <strong data-start=\"234\" data-end=\"250\">150 y 190 cm<\/strong>.<br data-start=\"251\" data-end=\"254\" \/>\u2705 <strong data-start=\"256\" data-end=\"274\">F\u00e1cil de usar:<\/strong> se infla en segundos con su ventilador incluido.<br data-start=\"323\" data-end=\"326\" \/>\u2705 <strong data-start=\"328\" data-end=\"367\">Comodidad y diversi\u00f3n garantizadas.<\/strong><br data-start=\"367\" data-end=\"370\" \/>\u00a1S\u00e9 el centro de atenci\u00f3n y deja a todos riendo sin parar! \ud83c\udf88<\/p>\n","protected":false},"excerpt":{"rendered":"<p>\ud83d\udc14 <strong data-start=\"3\" data-end=\"32\">Disfraz inflable de gallo<\/strong> s\u00faper divertido que simula ir mont\u00e1ndolo. Se infla r\u00e1pido y sirve para personas de <strong data-start=\"116\" data-end=\"132\">150 a 190 cm<\/strong>. \u00a1Risas garantizadas! \ud83c\udf89<\/p>\n","protected":false},"featured_media":2479,"comment_status":"open","ping_status":"closed","template":"","meta":{"_uag_custom_page_level_css":"","site-sidebar-layout":"default","site-content-layout":"","ast-site-content-layout":"default","site-content-style":"default","site-sidebar-style":"default","ast-global-header-display":"","ast-banner-title-visibility":"","ast-main-header-display":"","ast-hfb-above-header-display":"","ast-hfb-below-header-display":"","ast-hfb-mobile-header-display":"","site-post-title":"","ast-breadcrumbs-content":"","ast-featured-img":"","footer-sml-layout":"","ast-disable-related-posts":"","theme-transparent-header-meta":"default","adv-header-id-meta":"","stick-header-meta":"","header-above-stick-meta":"","header-main-stick-meta":"","header-below-stick-meta":"","astra-migrate-meta-layouts":"set","ast-page-background-enabled":"default","ast-page-background-meta":{"desktop":{"background-color":"","background-image":"","background-repeat":"repeat","background-position":"center center","background-size":"auto","background-attachment":"scroll","background-type":"","background-media":"","overlay-type":"","overlay-color":"","overlay-opacity":"","overlay-gradient":""},"tablet":{"background-color":"","background-image":"","background-repeat":"repeat","background-position":"center center","background-size":"auto","background-attachment":"scroll","background-type":"","background-media":"","overlay-type":"","overlay-color":"","overlay-opacity":"","overlay-gradient":""},"mobile":{"background-color":"","background-image":"","background-repeat":"repeat","background-position":"center center","background-size":"auto","background-attachment":"scroll","background-type":"","background-media":"","overlay-type":"","overlay-color":"","overlay-opacity":"","overlay-gradient":""}},"ast-content-background-meta":{"desktop":{"background-color":"var(--ast-global-color-5)","background-image":"","background-repeat":"repeat","background-position":"center center","background-size":"auto","background-attachment":"scroll","background-type":"","background-media":"","overlay-type":"","overlay-color":"","overlay-opacity":"","overlay-gradient":""},"tablet":{"background-color":"var(--ast-global-color-5)","background-image":"","background-repeat":"repeat","background-position":"center center","background-size":"auto","background-attachment":"scroll","background-type":"","background-media":"","overlay-type":"","overlay-color":"","overlay-opacity":"","overlay-gradient":""},"mobile":{"background-color":"var(--ast-global-color-5)","background-image":"","background-repeat":"repeat","background-position":"center center","background-size":"auto","background-attachment":"scroll","background-type":"","background-media":"","overlay-type":"","overlay-color":"","overlay-opacity":"","overlay-gradient":""}},"_joinchat":[]},"product_brand":[],"product_cat":[22],"product_tag":[150,141,148,149,153,85,151,84,144,152,146,147,140,145,138,139,154,155,142,143],"class_list":{"0":"post-2482","1":"product","2":"type-product","3":"status-publish","4":"has-post-thumbnail","6":"product_cat-disfraces","7":"product_tag-compra-online","8":"product_tag-cupon-de-descuento","9":"product_tag-disfraces-2025","10":"product_tag-disfraces-baratos","11":"product_tag-disfraces-con-envio-gratis","12":"product_tag-disfraces-divertidos","13":"product_tag-disfraces-graciosos","14":"product_tag-disfraces-inflables","15":"product_tag-disfraces-originales","16":"product_tag-disfraces-virales","17":"product_tag-disfraz-inflable-adulto","18":"product_tag-disfraz-inflable-nino","19":"product_tag-envio-gratis","20":"product_tag-fiesta-de-halloween","21":"product_tag-halloween-chile","22":"product_tag-oferta-halloween","23":"product_tag-oferta-limitada","24":"product_tag-promocion-especial","25":"product_tag-promocion-halloween","26":"product_tag-tienda-online-chile","27":"desktop-align-left","28":"tablet-align-left","29":"mobile-align-left","31":"first","32":"instock","33":"sale","34":"taxable","35":"shipping-taxable","36":"purchasable","37":"product-type-simple"},"uagb_featured_image_src":{"full":["https:\/\/tiendachilevip.com\/wp-content\/uploads\/2025\/10\/H5360ebb716fd47c6b0d391986cb9565es.jpg",300,300,false],"thumbnail":["https:\/\/tiendachilevip.com\/wp-content\/uploads\/2025\/10\/H5360ebb716fd47c6b0d391986cb9565es-150x150.jpg",150,150,true],"medium":["https:\/\/tiendachilevip.com\/wp-content\/uploads\/2025\/10\/H5360ebb716fd47c6b0d391986cb9565es.jpg",300,300,false],"medium_large":["https:\/\/tiendachilevip.com\/wp-content\/uploads\/2025\/10\/H5360ebb716fd47c6b0d391986cb9565es.jpg",300,300,false],"large":["https:\/\/tiendachilevip.com\/wp-content\/uploads\/2025\/10\/H5360ebb716fd47c6b0d391986cb9565es.jpg",300,300,false],"1536x1536":["https:\/\/tiendachilevip.com\/wp-content\/uploads\/2025\/10\/H5360ebb716fd47c6b0d391986cb9565es.jpg",300,300,false],"2048x2048":["https:\/\/tiendachilevip.com\/wp-content\/uploads\/2025\/10\/H5360ebb716fd47c6b0d391986cb9565es.jpg",300,300,false],"woocommerce_thumbnail":["https:\/\/tiendachilevip.com\/wp-content\/uploads\/2025\/10\/H5360ebb716fd47c6b0d391986cb9565es.jpg",300,300,false],"woocommerce_single":["https:\/\/tiendachilevip.com\/wp-content\/uploads\/2025\/10\/H5360ebb716fd47c6b0d391986cb9565es.jpg",300,300,false],"woocommerce_gallery_thumbnail":["https:\/\/tiendachilevip.com\/wp-content\/uploads\/2025\/10\/H5360ebb716fd47c6b0d391986cb9565es-100x100.jpg",100,100,true]},"uagb_author_info":{"display_name":"pablo lopez","author_link":"https:\/\/tiendachilevip.com\/?author=0"},"uagb_comment_info":1,"uagb_excerpt":"\ud83d\udc14 Disfraz inflable de gallo s\u00faper divertido que simula ir mont\u00e1ndolo. Se infla r\u00e1pido y sirve para personas de 150 a 190 cm. \u00a1Risas garantizadas! \ud83c\udf89","_links":{"self":[{"href":"https:\/\/tiendachilevip.com\/index.php?rest_route=\/wp\/v2\/product\/2482","targetHints":{"allow":["GET"]}}],"collection":[{"href":"https:\/\/tiendachilevip.com\/index.php?rest_route=\/wp\/v2\/product"}],"about":[{"href":"https:\/\/tiendachilevip.com\/index.php?rest_route=\/wp\/v2\/types\/product"}],"replies":[{"embeddable":true,"href":"https:\/\/tiendachilevip.com\/index.php?rest_route=%2Fwp%2Fv2%2Fcomments&post=2482"}],"wp:featuredmedia":[{"embeddable":true,"href":"https:\/\/tiendachilevip.com\/index.php?rest_route=\/wp\/v2\/media\/2479"}],"wp:attachment":[{"href":"https:\/\/tiendachilevip.com\/index.php?rest_route=%2Fwp%2Fv2%2Fmedia&parent=2482"}],"wp:term":[{"taxonomy":"product_brand","embeddable":true,"href":"https:\/\/tiendachilevip.com\/index.php?rest_route=%2Fwp%2Fv2%2Fproduct_brand&post=2482"},{"taxonomy":"product_cat","embeddable":true,"href":"https:\/\/tiendachilevip.com\/index.php?rest_route=%2Fwp%2Fv2%2Fproduct_cat&post=2482"},{"taxonomy":"product_tag","embeddable":true,"href":"https:\/\/tiendachilevip.com\/index.php?rest_route=%2Fwp%2Fv2%2Fproduct_tag&post=2482"}],"curies":[{"name":"wp","href":"https:\/\/api.w.org\/{rel}","templated":true}]}}