{"id":2378,"date":"2024-10-14T01:12:38","date_gmt":"2024-10-14T05:12:38","guid":{"rendered":"https:\/\/tiendachilevip.com\/?post_type=product&#038;p=2378"},"modified":"2025-12-07T11:55:12","modified_gmt":"2025-12-07T15:55:12","slug":"dinosaurio-inflable-divertido-azul","status":"publish","type":"product","link":"https:\/\/tiendachilevip.com\/?product=dinosaurio-inflable-divertido-azul","title":{"rendered":"Dinosaurio Inflable Divertido AZUL"},"content":{"rendered":"<p>DISFRAZ DINOSAURIO HINCHABLE<\/p>\n<p>Disfraz de fiesta de Halloween<\/p>\n<p>TAMA\u00d1O<\/p>\n<p>Tama\u00f1o del adulto: altura 150-195cm<\/p>\n<p>PAQUETE<\/p>\n<p>1 * disfraz<br \/>\n1 * ventilador<br \/>\n1 * caja de bater\u00eda (no incluye bater\u00eda)<\/p>\n<div class=\"ast-oembed-container \" style=\"height: 100%;\"><iframe loading=\"lazy\" title=\"Ryan simula jugar Rescate Jurassic World Dinosaurios del Reino Ca\u00eddo\" width=\"500\" height=\"281\" src=\"https:\/\/www.youtube.com\/embed\/8ibmrBc5viU?feature=oembed\" frameborder=\"0\" allow=\"accelerometer; autoplay; clipboard-write; encrypted-media; gyroscope; picture-in-picture; web-share\" referrerpolicy=\"strict-origin-when-cross-origin\" allowfullscreen><\/iframe><\/div>\n","protected":false},"excerpt":{"rendered":"<p>DISFRAZ DINOSAURIO HINCHABLE Disfraz de fiesta de Halloween TAMA\u00d1O Tama\u00f1o del adulto: altura 150-195cm PAQUETE 1 * disfraz 1 * ventilador 1 * caja de bater\u00eda (no incluye bater\u00eda)<\/p>\n","protected":false},"featured_media":1657,"comment_status":"open","ping_status":"closed","template":"","meta":{"_uag_custom_page_level_css":"","site-sidebar-layout":"default","site-content-layout":"","ast-site-content-layout":"default","site-content-style":"default","site-sidebar-style":"default","ast-global-header-display":"","ast-banner-title-visibility":"","ast-main-header-display":"","ast-hfb-above-header-display":"","ast-hfb-below-header-display":"","ast-hfb-mobile-header-display":"","site-post-title":"","ast-breadcrumbs-content":"","ast-featured-img":"","footer-sml-layout":"","ast-disable-related-posts":"","theme-transparent-header-meta":"default","adv-header-id-meta":"","stick-header-meta":"","header-above-stick-meta":"","header-main-stick-meta":"","header-below-stick-meta":"","astra-migrate-meta-layouts":"set","ast-page-background-enabled":"default","ast-page-background-meta":{"desktop":{"background-color":"","background-image":"","background-repeat":"repeat","background-position":"center center","background-size":"auto","background-attachment":"scroll","background-type":"","background-media":"","overlay-type":"","overlay-color":"","overlay-opacity":"","overlay-gradient":""},"tablet":{"background-color":"","background-image":"","background-repeat":"repeat","background-position":"center center","background-size":"auto","background-attachment":"scroll","background-type":"","background-media":"","overlay-type":"","overlay-color":"","overlay-opacity":"","overlay-gradient":""},"mobile":{"background-color":"","background-image":"","background-repeat":"repeat","background-position":"center center","background-size":"auto","background-attachment":"scroll","background-type":"","background-media":"","overlay-type":"","overlay-color":"","overlay-opacity":"","overlay-gradient":""}},"ast-content-background-meta":{"desktop":{"background-color":"var(--ast-global-color-5)","background-image":"","background-repeat":"repeat","background-position":"center center","background-size":"auto","background-attachment":"scroll","background-type":"","background-media":"","overlay-type":"","overlay-color":"","overlay-opacity":"","overlay-gradient":""},"tablet":{"background-color":"var(--ast-global-color-5)","background-image":"","background-repeat":"repeat","background-position":"center center","background-size":"auto","background-attachment":"scroll","background-type":"","background-media":"","overlay-type":"","overlay-color":"","overlay-opacity":"","overlay-gradient":""},"mobile":{"background-color":"var(--ast-global-color-5)","background-image":"","background-repeat":"repeat","background-position":"center center","background-size":"auto","background-attachment":"scroll","background-type":"","background-media":"","overlay-type":"","overlay-color":"","overlay-opacity":"","overlay-gradient":""}},"_joinchat":[]},"product_brand":[],"product_cat":[22],"product_tag":[79,82,85,84,77],"class_list":{"0":"post-2378","1":"product","2":"type-product","3":"status-publish","4":"has-post-thumbnail","6":"product_cat-disfraces","7":"product_tag-disfraces","8":"product_tag-disfraces-de-halloween","9":"product_tag-disfraces-divertidos","10":"product_tag-disfraces-inflables","11":"product_tag-disfraz-de-dinosaurio","12":"desktop-align-left","13":"tablet-align-left","14":"mobile-align-left","16":"first","17":"instock","18":"sale","19":"taxable","20":"shipping-taxable","21":"purchasable","22":"product-type-simple"},"uagb_featured_image_src":{"full":["https:\/\/tiendachilevip.com\/wp-content\/uploads\/2023\/08\/10-1.png",773,792,false],"thumbnail":["https:\/\/tiendachilevip.com\/wp-content\/uploads\/2023\/08\/10-1-150x150.png",150,150,true],"medium":["https:\/\/tiendachilevip.com\/wp-content\/uploads\/2023\/08\/10-1-293x300.png",293,300,true],"medium_large":["https:\/\/tiendachilevip.com\/wp-content\/uploads\/2023\/08\/10-1-768x787.png",768,787,true],"large":["https:\/\/tiendachilevip.com\/wp-content\/uploads\/2023\/08\/10-1.png",773,792,false],"1536x1536":["https:\/\/tiendachilevip.com\/wp-content\/uploads\/2023\/08\/10-1.png",773,792,false],"2048x2048":["https:\/\/tiendachilevip.com\/wp-content\/uploads\/2023\/08\/10-1.png",773,792,false],"woocommerce_thumbnail":["https:\/\/tiendachilevip.com\/wp-content\/uploads\/2023\/08\/10-1-300x300.png",300,300,true],"woocommerce_single":["https:\/\/tiendachilevip.com\/wp-content\/uploads\/2023\/08\/10-1-600x615.png",600,615,true],"woocommerce_gallery_thumbnail":["https:\/\/tiendachilevip.com\/wp-content\/uploads\/2023\/08\/10-1-100x100.png",100,100,true]},"uagb_author_info":{"display_name":"pablo lopez","author_link":"https:\/\/tiendachilevip.com\/?author=0"},"uagb_comment_info":3,"uagb_excerpt":"DISFRAZ DINOSAURIO HINCHABLE Disfraz de fiesta de Halloween TAMA\u00d1O Tama\u00f1o del adulto: altura 150-195cm PAQUETE 1 * disfraz 1 * ventilador 1 * caja de bater\u00eda (no incluye bater\u00eda)","_links":{"self":[{"href":"https:\/\/tiendachilevip.com\/index.php?rest_route=\/wp\/v2\/product\/2378","targetHints":{"allow":["GET"]}}],"collection":[{"href":"https:\/\/tiendachilevip.com\/index.php?rest_route=\/wp\/v2\/product"}],"about":[{"href":"https:\/\/tiendachilevip.com\/index.php?rest_route=\/wp\/v2\/types\/product"}],"replies":[{"embeddable":true,"href":"https:\/\/tiendachilevip.com\/index.php?rest_route=%2Fwp%2Fv2%2Fcomments&post=2378"}],"wp:featuredmedia":[{"embeddable":true,"href":"https:\/\/tiendachilevip.com\/index.php?rest_route=\/wp\/v2\/media\/1657"}],"wp:attachment":[{"href":"https:\/\/tiendachilevip.com\/index.php?rest_route=%2Fwp%2Fv2%2Fmedia&parent=2378"}],"wp:term":[{"taxonomy":"product_brand","embeddable":true,"href":"https:\/\/tiendachilevip.com\/index.php?rest_route=%2Fwp%2Fv2%2Fproduct_brand&post=2378"},{"taxonomy":"product_cat","embeddable":true,"href":"https:\/\/tiendachilevip.com\/index.php?rest_route=%2Fwp%2Fv2%2Fproduct_cat&post=2378"},{"taxonomy":"product_tag","embeddable":true,"href":"https:\/\/tiendachilevip.com\/index.php?rest_route=%2Fwp%2Fv2%2Fproduct_tag&post=2378"}],"curies":[{"name":"wp","href":"https:\/\/api.w.org\/{rel}","templated":true}]}}