{"id":2342,"date":"2024-09-29T19:16:53","date_gmt":"2024-09-29T23:16:53","guid":{"rendered":"https:\/\/tiendachilevip.com\/?post_type=product&#038;p=2342"},"modified":"2026-01-18T20:38:04","modified_gmt":"2026-01-19T00:38:04","slug":"2342","status":"publish","type":"product","link":"https:\/\/tiendachilevip.com\/?product=2342","title":{"rendered":"Avi\u00f3n RC WLtoy A220 4Canales"},"content":{"rendered":"<p>Excelente avi\u00f3n RC de 4 canales para maniobrar como un avi\u00f3n real, llega hasta 150 metros de distancia.<\/p>\n<p>Ideal para iniciaci\u00f3n en aviones RC profesionales y desbloquear esta pasi\u00f3n de volar.<\/p>\n<p id=\"tl_7\" class=\"detail-desc-decorate-title\">Paquete incluido:<\/p>\n<p id=\"tl_8\" class=\"detail-desc-decorate-content\" data-spm-anchor-id=\"a2g0o.detail.1000023.i0.d303o8Ndo8Ndku\">1 avi\u00f3n de control remoto XK A220<br \/>\n1 x mando a distancia<br \/>\n1 cargador USB<br \/>\n2 x h\u00e9lices<br \/>\n1&#215;3,7 400 V (MAH) 20C<br \/>\n3 x tren de aterrizaje<br \/>\n1 x instrucciones<br \/>\n1 x Destornillador<\/p>\n","protected":false},"excerpt":{"rendered":"<p>Excelente avi\u00f3n RC de 4 canales para maniobrar como un avi\u00f3n real, llega hasta 150 metros de distancia.<\/p>\n","protected":false},"featured_media":2345,"comment_status":"open","ping_status":"closed","template":"","meta":{"_uag_custom_page_level_css":"","site-sidebar-layout":"default","site-content-layout":"","ast-site-content-layout":"default","site-content-style":"default","site-sidebar-style":"default","ast-global-header-display":"","ast-banner-title-visibility":"","ast-main-header-display":"","ast-hfb-above-header-display":"","ast-hfb-below-header-display":"","ast-hfb-mobile-header-display":"","site-post-title":"","ast-breadcrumbs-content":"","ast-featured-img":"","footer-sml-layout":"","ast-disable-related-posts":"","theme-transparent-header-meta":"default","adv-header-id-meta":"","stick-header-meta":"","header-above-stick-meta":"","header-main-stick-meta":"","header-below-stick-meta":"","astra-migrate-meta-layouts":"set","ast-page-background-enabled":"default","ast-page-background-meta":{"desktop":{"background-color":"","background-image":"","background-repeat":"repeat","background-position":"center center","background-size":"auto","background-attachment":"scroll","background-type":"","background-media":"","overlay-type":"","overlay-color":"","overlay-opacity":"","overlay-gradient":""},"tablet":{"background-color":"","background-image":"","background-repeat":"repeat","background-position":"center center","background-size":"auto","background-attachment":"scroll","background-type":"","background-media":"","overlay-type":"","overlay-color":"","overlay-opacity":"","overlay-gradient":""},"mobile":{"background-color":"","background-image":"","background-repeat":"repeat","background-position":"center center","background-size":"auto","background-attachment":"scroll","background-type":"","background-media":"","overlay-type":"","overlay-color":"","overlay-opacity":"","overlay-gradient":""}},"ast-content-background-meta":{"desktop":{"background-color":"var(--ast-global-color-5)","background-image":"","background-repeat":"repeat","background-position":"center center","background-size":"auto","background-attachment":"scroll","background-type":"","background-media":"","overlay-type":"","overlay-color":"","overlay-opacity":"","overlay-gradient":""},"tablet":{"background-color":"var(--ast-global-color-5)","background-image":"","background-repeat":"repeat","background-position":"center center","background-size":"auto","background-attachment":"scroll","background-type":"","background-media":"","overlay-type":"","overlay-color":"","overlay-opacity":"","overlay-gradient":""},"mobile":{"background-color":"var(--ast-global-color-5)","background-image":"","background-repeat":"repeat","background-position":"center center","background-size":"auto","background-attachment":"scroll","background-type":"","background-media":"","overlay-type":"","overlay-color":"","overlay-opacity":"","overlay-gradient":""}},"_joinchat":[]},"product_brand":[],"product_cat":[23,15],"product_tag":[132,131,130],"class_list":{"0":"post-2342","1":"product","2":"type-product","3":"status-publish","4":"has-post-thumbnail","6":"product_cat-juguetes","7":"product_cat-uncategorized","8":"product_tag-a220","9":"product_tag-avion-rc","10":"product_tag-wltoy","11":"desktop-align-left","12":"tablet-align-left","13":"mobile-align-left","15":"first","16":"instock","17":"sale","18":"taxable","19":"shipping-taxable","20":"purchasable","21":"product-type-simple"},"uagb_featured_image_src":{"full":["https:\/\/tiendachilevip.com\/wp-content\/uploads\/2024\/09\/3.png",800,752,false],"thumbnail":["https:\/\/tiendachilevip.com\/wp-content\/uploads\/2024\/09\/3-150x150.png",150,150,true],"medium":["https:\/\/tiendachilevip.com\/wp-content\/uploads\/2024\/09\/3-300x282.png",300,282,true],"medium_large":["https:\/\/tiendachilevip.com\/wp-content\/uploads\/2024\/09\/3-768x722.png",768,722,true],"large":["https:\/\/tiendachilevip.com\/wp-content\/uploads\/2024\/09\/3.png",800,752,false],"1536x1536":["https:\/\/tiendachilevip.com\/wp-content\/uploads\/2024\/09\/3.png",800,752,false],"2048x2048":["https:\/\/tiendachilevip.com\/wp-content\/uploads\/2024\/09\/3.png",800,752,false],"woocommerce_thumbnail":["https:\/\/tiendachilevip.com\/wp-content\/uploads\/2024\/09\/3-300x300.png",300,300,true],"woocommerce_single":["https:\/\/tiendachilevip.com\/wp-content\/uploads\/2024\/09\/3-600x564.png",600,564,true],"woocommerce_gallery_thumbnail":["https:\/\/tiendachilevip.com\/wp-content\/uploads\/2024\/09\/3-100x100.png",100,100,true]},"uagb_author_info":{"display_name":"pablo lopez","author_link":"https:\/\/tiendachilevip.com\/?author=0"},"uagb_comment_info":0,"uagb_excerpt":"Excelente avi\u00f3n RC de 4 canales para maniobrar como un avi\u00f3n real, llega hasta 150 metros de distancia.","_links":{"self":[{"href":"https:\/\/tiendachilevip.com\/index.php?rest_route=\/wp\/v2\/product\/2342","targetHints":{"allow":["GET"]}}],"collection":[{"href":"https:\/\/tiendachilevip.com\/index.php?rest_route=\/wp\/v2\/product"}],"about":[{"href":"https:\/\/tiendachilevip.com\/index.php?rest_route=\/wp\/v2\/types\/product"}],"replies":[{"embeddable":true,"href":"https:\/\/tiendachilevip.com\/index.php?rest_route=%2Fwp%2Fv2%2Fcomments&post=2342"}],"wp:featuredmedia":[{"embeddable":true,"href":"https:\/\/tiendachilevip.com\/index.php?rest_route=\/wp\/v2\/media\/2345"}],"wp:attachment":[{"href":"https:\/\/tiendachilevip.com\/index.php?rest_route=%2Fwp%2Fv2%2Fmedia&parent=2342"}],"wp:term":[{"taxonomy":"product_brand","embeddable":true,"href":"https:\/\/tiendachilevip.com\/index.php?rest_route=%2Fwp%2Fv2%2Fproduct_brand&post=2342"},{"taxonomy":"product_cat","embeddable":true,"href":"https:\/\/tiendachilevip.com\/index.php?rest_route=%2Fwp%2Fv2%2Fproduct_cat&post=2342"},{"taxonomy":"product_tag","embeddable":true,"href":"https:\/\/tiendachilevip.com\/index.php?rest_route=%2Fwp%2Fv2%2Fproduct_tag&post=2342"}],"curies":[{"name":"wp","href":"https:\/\/api.w.org\/{rel}","templated":true}]}}