{"id":2329,"date":"2024-05-05T21:28:23","date_gmt":"2024-05-06T01:28:23","guid":{"rendered":"https:\/\/tiendachilevip.com\/?post_type=product&#038;p=2329"},"modified":"2024-05-05T21:28:23","modified_gmt":"2024-05-06T01:28:23","slug":"tira-led-blanca-2-metros","status":"publish","type":"product","link":"https:\/\/tiendachilevip.com\/?product=tira-led-blanca-2-metros","title":{"rendered":"Tira led blanca 2 metros"},"content":{"rendered":"<p>-ira de luces LED blanca con sensor de movimiento de 2 metros de longitud con protecci\u00f3n anti agua con la norma IP65 ideal para el uso en COCINA, DORMITORIO, ESCALERAS, ESPEJO DE BA\u00d1O, ETC.<br \/>\n-sta luz con interruptor de Sensor de onda de mano es la soluci\u00f3n perfecta para la cocina, ba\u00f1o en los lugares que no desea tocar el interruptor cuando sus manos est\u00e1n mojadas, simplemente agite la mano sobre el interruptor para activar la luz (la distancia de trabajo es de 2-5cm), agite de nuevo para apagar.<br \/>\n-nstalaci\u00f3n ligera y f\u00e1cil: puede pegarlo en cualquier lugar que desee con tira adhesiva o tornillos.<\/p>\n<p>&#8211; Tipo de interruptor: Interruptor de Sensor de barrido manual<br \/>\n&#8211; Color de iluminaci\u00f3n: Blanco<br \/>\n&#8211; Temperatura de Color: Blanco (6000K-6500K)<br \/>\n&#8211; Tipo de LED: 2835SMD<br \/>\n&#8211; Longitud: 2 Metros<br \/>\n&#8211; Voltaje: cc 5V<br \/>\n&#8211; Adaptador de corriente: alimentado por USB<br \/>\n&#8211; Distancia de detecci\u00f3n: 2-5cm<br \/>\n&#8211; CRI:&gt;85<br \/>\n&#8211; Protecci\u00f3n anti agua: IP65<\/p>\n","protected":false},"excerpt":{"rendered":"<p>-ira de luces LED blanca con sensor de movimiento de 2 metros de longitud con protecci\u00f3n anti agua con la norma IP65 ideal para el uso en COCINA, DORMITORIO, ESCALERAS, ESPEJO DE BA\u00d1O, ETC. -sta luz con interruptor de Sensor de onda de mano es la soluci\u00f3n perfecta para la cocina, ba\u00f1o en los lugares [&hellip;]<\/p>\n","protected":false},"featured_media":2330,"comment_status":"open","ping_status":"closed","template":"","meta":{"_uag_custom_page_level_css":"","site-sidebar-layout":"default","site-content-layout":"","ast-site-content-layout":"default","site-content-style":"default","site-sidebar-style":"default","ast-global-header-display":"","ast-banner-title-visibility":"","ast-main-header-display":"","ast-hfb-above-header-display":"","ast-hfb-below-header-display":"","ast-hfb-mobile-header-display":"","site-post-title":"","ast-breadcrumbs-content":"","ast-featured-img":"","footer-sml-layout":"","ast-disable-related-posts":"","theme-transparent-header-meta":"default","adv-header-id-meta":"","stick-header-meta":"","header-above-stick-meta":"","header-main-stick-meta":"","header-below-stick-meta":"","astra-migrate-meta-layouts":"set","ast-page-background-enabled":"default","ast-page-background-meta":{"desktop":{"background-color":"","background-image":"","background-repeat":"repeat","background-position":"center center","background-size":"auto","background-attachment":"scroll","background-type":"","background-media":"","overlay-type":"","overlay-color":"","overlay-opacity":"","overlay-gradient":""},"tablet":{"background-color":"","background-image":"","background-repeat":"repeat","background-position":"center center","background-size":"auto","background-attachment":"scroll","background-type":"","background-media":"","overlay-type":"","overlay-color":"","overlay-opacity":"","overlay-gradient":""},"mobile":{"background-color":"","background-image":"","background-repeat":"repeat","background-position":"center center","background-size":"auto","background-attachment":"scroll","background-type":"","background-media":"","overlay-type":"","overlay-color":"","overlay-opacity":"","overlay-gradient":""}},"ast-content-background-meta":{"desktop":{"background-color":"var(--ast-global-color-5)","background-image":"","background-repeat":"repeat","background-position":"center center","background-size":"auto","background-attachment":"scroll","background-type":"","background-media":"","overlay-type":"","overlay-color":"","overlay-opacity":"","overlay-gradient":""},"tablet":{"background-color":"var(--ast-global-color-5)","background-image":"","background-repeat":"repeat","background-position":"center center","background-size":"auto","background-attachment":"scroll","background-type":"","background-media":"","overlay-type":"","overlay-color":"","overlay-opacity":"","overlay-gradient":""},"mobile":{"background-color":"var(--ast-global-color-5)","background-image":"","background-repeat":"repeat","background-position":"center center","background-size":"auto","background-attachment":"scroll","background-type":"","background-media":"","overlay-type":"","overlay-color":"","overlay-opacity":"","overlay-gradient":""}},"_joinchat":[]},"product_brand":[],"product_cat":[15],"product_tag":[],"class_list":{"0":"post-2329","1":"product","2":"type-product","3":"status-publish","4":"has-post-thumbnail","6":"product_cat-uncategorized","7":"desktop-align-left","8":"tablet-align-left","9":"mobile-align-left","11":"first","12":"instock","13":"sale","14":"taxable","15":"shipping-taxable","16":"purchasable","17":"product-type-simple"},"uagb_featured_image_src":{"full":["https:\/\/tiendachilevip.com\/wp-content\/uploads\/2024\/05\/Captura-de-pantalla-2024-05-05-212251.png",685,529,false],"thumbnail":["https:\/\/tiendachilevip.com\/wp-content\/uploads\/2024\/05\/Captura-de-pantalla-2024-05-05-212251-150x150.png",150,150,true],"medium":["https:\/\/tiendachilevip.com\/wp-content\/uploads\/2024\/05\/Captura-de-pantalla-2024-05-05-212251-300x232.png",300,232,true],"medium_large":["https:\/\/tiendachilevip.com\/wp-content\/uploads\/2024\/05\/Captura-de-pantalla-2024-05-05-212251.png",685,529,false],"large":["https:\/\/tiendachilevip.com\/wp-content\/uploads\/2024\/05\/Captura-de-pantalla-2024-05-05-212251.png",685,529,false],"1536x1536":["https:\/\/tiendachilevip.com\/wp-content\/uploads\/2024\/05\/Captura-de-pantalla-2024-05-05-212251.png",685,529,false],"2048x2048":["https:\/\/tiendachilevip.com\/wp-content\/uploads\/2024\/05\/Captura-de-pantalla-2024-05-05-212251.png",685,529,false],"woocommerce_thumbnail":["https:\/\/tiendachilevip.com\/wp-content\/uploads\/2024\/05\/Captura-de-pantalla-2024-05-05-212251-300x300.png",300,300,true],"woocommerce_single":["https:\/\/tiendachilevip.com\/wp-content\/uploads\/2024\/05\/Captura-de-pantalla-2024-05-05-212251-600x463.png",600,463,true],"woocommerce_gallery_thumbnail":["https:\/\/tiendachilevip.com\/wp-content\/uploads\/2024\/05\/Captura-de-pantalla-2024-05-05-212251-100x100.png",100,100,true]},"uagb_author_info":{"display_name":"pablo lopez","author_link":"https:\/\/tiendachilevip.com\/?author=0"},"uagb_comment_info":0,"uagb_excerpt":"-ira de luces LED blanca con sensor de movimiento de 2 metros de longitud con protecci\u00f3n anti agua con la norma IP65 ideal para el uso en COCINA, DORMITORIO, ESCALERAS, ESPEJO DE BA\u00d1O, ETC. -sta luz con interruptor de Sensor de onda de mano es la soluci\u00f3n perfecta para la cocina, ba\u00f1o en los lugares&hellip;","_links":{"self":[{"href":"https:\/\/tiendachilevip.com\/index.php?rest_route=\/wp\/v2\/product\/2329","targetHints":{"allow":["GET"]}}],"collection":[{"href":"https:\/\/tiendachilevip.com\/index.php?rest_route=\/wp\/v2\/product"}],"about":[{"href":"https:\/\/tiendachilevip.com\/index.php?rest_route=\/wp\/v2\/types\/product"}],"replies":[{"embeddable":true,"href":"https:\/\/tiendachilevip.com\/index.php?rest_route=%2Fwp%2Fv2%2Fcomments&post=2329"}],"wp:featuredmedia":[{"embeddable":true,"href":"https:\/\/tiendachilevip.com\/index.php?rest_route=\/wp\/v2\/media\/2330"}],"wp:attachment":[{"href":"https:\/\/tiendachilevip.com\/index.php?rest_route=%2Fwp%2Fv2%2Fmedia&parent=2329"}],"wp:term":[{"taxonomy":"product_brand","embeddable":true,"href":"https:\/\/tiendachilevip.com\/index.php?rest_route=%2Fwp%2Fv2%2Fproduct_brand&post=2329"},{"taxonomy":"product_cat","embeddable":true,"href":"https:\/\/tiendachilevip.com\/index.php?rest_route=%2Fwp%2Fv2%2Fproduct_cat&post=2329"},{"taxonomy":"product_tag","embeddable":true,"href":"https:\/\/tiendachilevip.com\/index.php?rest_route=%2Fwp%2Fv2%2Fproduct_tag&post=2329"}],"curies":[{"name":"wp","href":"https:\/\/api.w.org\/{rel}","templated":true}]}}