{"id":229,"date":"2022-11-29T23:59:36","date_gmt":"2022-11-30T03:59:36","guid":{"rendered":"https:\/\/tiendachilevip.com\/?post_type=product&#038;p=229"},"modified":"2024-05-03T14:59:30","modified_gmt":"2024-05-03T18:59:30","slug":"avion-rc-divertido-calidad","status":"publish","type":"product","link":"https:\/\/tiendachilevip.com\/?product=avion-rc-divertido-calidad","title":{"rendered":"Avion RC Divertido Calidad"},"content":{"rendered":"<p>Este es un excelente regalo para esta navidad aprovecha la oferta y lo recibir\u00e1s en 1 a 2 d\u00edas h\u00e1biles<br \/>\nhacemos env\u00edos a todo chile v\u00eda starken<br \/>\nCaracter\u00edsticas: Es un avi\u00f3n de 2 Canales que trabajan con 4ghz, trae una bater\u00eda lipo de 3.7v y usa 3 pilas doble A en su mando. se puede manejar hasta 100 metros de distancia.<br \/>\npuedes ver mi video referencia aqu\u00ed<\/p>\n<div class=\"ast-oembed-container \" style=\"height: 100%;\"><iframe loading=\"lazy\" title=\"Avi\u00f3n militar RC FX-820\" width=\"500\" height=\"281\" src=\"https:\/\/www.youtube.com\/embed\/BCMeMR3ddAY?feature=oembed\" frameborder=\"0\" allow=\"accelerometer; autoplay; clipboard-write; encrypted-media; gyroscope; picture-in-picture; web-share\" referrerpolicy=\"strict-origin-when-cross-origin\" allowfullscreen><\/iframe><\/div>\n","protected":false},"excerpt":{"rendered":"<p>Este es un excelente regalo para esta navidad aprovecha la oferta y lo recibir\u00e1s en 1 a 2 d\u00edas h\u00e1biles hacemos env\u00edos a todo chile v\u00eda starken Caracter\u00edsticas: Es un avi\u00f3n de 2 Canales que trabajan con 4ghz, trae una bater\u00eda lipo de 3.7v y usa 3 pilas doble A en su mando. se puede [&hellip;]<\/p>\n","protected":false},"featured_media":233,"comment_status":"open","ping_status":"closed","template":"","meta":{"_uag_custom_page_level_css":"","site-sidebar-layout":"default","site-content-layout":"","ast-site-content-layout":"default","site-content-style":"default","site-sidebar-style":"default","ast-global-header-display":"","ast-banner-title-visibility":"","ast-main-header-display":"","ast-hfb-above-header-display":"","ast-hfb-below-header-display":"","ast-hfb-mobile-header-display":"","site-post-title":"","ast-breadcrumbs-content":"","ast-featured-img":"","footer-sml-layout":"","ast-disable-related-posts":"","theme-transparent-header-meta":"default","adv-header-id-meta":"","stick-header-meta":"","header-above-stick-meta":"","header-main-stick-meta":"","header-below-stick-meta":"","astra-migrate-meta-layouts":"set","ast-page-background-enabled":"default","ast-page-background-meta":{"desktop":{"background-color":"","background-image":"","background-repeat":"repeat","background-position":"center center","background-size":"auto","background-attachment":"scroll","background-type":"","background-media":"","overlay-type":"","overlay-color":"","overlay-opacity":"","overlay-gradient":""},"tablet":{"background-color":"","background-image":"","background-repeat":"repeat","background-position":"center center","background-size":"auto","background-attachment":"scroll","background-type":"","background-media":"","overlay-type":"","overlay-color":"","overlay-opacity":"","overlay-gradient":""},"mobile":{"background-color":"","background-image":"","background-repeat":"repeat","background-position":"center center","background-size":"auto","background-attachment":"scroll","background-type":"","background-media":"","overlay-type":"","overlay-color":"","overlay-opacity":"","overlay-gradient":""}},"ast-content-background-meta":{"desktop":{"background-color":"var(--ast-global-color-5)","background-image":"","background-repeat":"repeat","background-position":"center center","background-size":"auto","background-attachment":"scroll","background-type":"","background-media":"","overlay-type":"","overlay-color":"","overlay-opacity":"","overlay-gradient":""},"tablet":{"background-color":"var(--ast-global-color-5)","background-image":"","background-repeat":"repeat","background-position":"center center","background-size":"auto","background-attachment":"scroll","background-type":"","background-media":"","overlay-type":"","overlay-color":"","overlay-opacity":"","overlay-gradient":""},"mobile":{"background-color":"var(--ast-global-color-5)","background-image":"","background-repeat":"repeat","background-position":"center center","background-size":"auto","background-attachment":"scroll","background-type":"","background-media":"","overlay-type":"","overlay-color":"","overlay-opacity":"","overlay-gradient":""}},"_joinchat":[]},"product_brand":[],"product_cat":[23],"product_tag":[],"class_list":{"0":"post-229","1":"product","2":"type-product","3":"status-publish","4":"has-post-thumbnail","6":"product_cat-juguetes","7":"desktop-align-left","8":"tablet-align-left","9":"mobile-align-left","11":"first","12":"instock","13":"sale","14":"taxable","15":"shipping-taxable","16":"purchasable","17":"product-type-simple"},"uagb_featured_image_src":{"full":["https:\/\/tiendachilevip.com\/wp-content\/uploads\/2022\/11\/4-1.png",795,774,false],"thumbnail":["https:\/\/tiendachilevip.com\/wp-content\/uploads\/2022\/11\/4-1-150x150.png",150,150,true],"medium":["https:\/\/tiendachilevip.com\/wp-content\/uploads\/2022\/11\/4-1-300x292.png",300,292,true],"medium_large":["https:\/\/tiendachilevip.com\/wp-content\/uploads\/2022\/11\/4-1-768x748.png",768,748,true],"large":["https:\/\/tiendachilevip.com\/wp-content\/uploads\/2022\/11\/4-1.png",795,774,false],"1536x1536":["https:\/\/tiendachilevip.com\/wp-content\/uploads\/2022\/11\/4-1.png",795,774,false],"2048x2048":["https:\/\/tiendachilevip.com\/wp-content\/uploads\/2022\/11\/4-1.png",795,774,false],"woocommerce_thumbnail":["https:\/\/tiendachilevip.com\/wp-content\/uploads\/2022\/11\/4-1-300x300.png",300,300,true],"woocommerce_single":["https:\/\/tiendachilevip.com\/wp-content\/uploads\/2022\/11\/4-1-600x584.png",600,584,true],"woocommerce_gallery_thumbnail":["https:\/\/tiendachilevip.com\/wp-content\/uploads\/2022\/11\/4-1-100x100.png",100,100,true]},"uagb_author_info":{"display_name":"pablo lopez","author_link":"https:\/\/tiendachilevip.com\/?author=0"},"uagb_comment_info":0,"uagb_excerpt":"Este es un excelente regalo para esta navidad aprovecha la oferta y lo recibir\u00e1s en 1 a 2 d\u00edas h\u00e1biles hacemos env\u00edos a todo chile v\u00eda starken Caracter\u00edsticas: Es un avi\u00f3n de 2 Canales que trabajan con 4ghz, trae una bater\u00eda lipo de 3.7v y usa 3 pilas doble A en su mando. se puede&hellip;","_links":{"self":[{"href":"https:\/\/tiendachilevip.com\/index.php?rest_route=\/wp\/v2\/product\/229","targetHints":{"allow":["GET"]}}],"collection":[{"href":"https:\/\/tiendachilevip.com\/index.php?rest_route=\/wp\/v2\/product"}],"about":[{"href":"https:\/\/tiendachilevip.com\/index.php?rest_route=\/wp\/v2\/types\/product"}],"replies":[{"embeddable":true,"href":"https:\/\/tiendachilevip.com\/index.php?rest_route=%2Fwp%2Fv2%2Fcomments&post=229"}],"wp:featuredmedia":[{"embeddable":true,"href":"https:\/\/tiendachilevip.com\/index.php?rest_route=\/wp\/v2\/media\/233"}],"wp:attachment":[{"href":"https:\/\/tiendachilevip.com\/index.php?rest_route=%2Fwp%2Fv2%2Fmedia&parent=229"}],"wp:term":[{"taxonomy":"product_brand","embeddable":true,"href":"https:\/\/tiendachilevip.com\/index.php?rest_route=%2Fwp%2Fv2%2Fproduct_brand&post=229"},{"taxonomy":"product_cat","embeddable":true,"href":"https:\/\/tiendachilevip.com\/index.php?rest_route=%2Fwp%2Fv2%2Fproduct_cat&post=229"},{"taxonomy":"product_tag","embeddable":true,"href":"https:\/\/tiendachilevip.com\/index.php?rest_route=%2Fwp%2Fv2%2Fproduct_tag&post=229"}],"curies":[{"name":"wp","href":"https:\/\/api.w.org\/{rel}","templated":true}]}}