{"id":2247,"date":"2023-11-16T01:29:24","date_gmt":"2023-11-16T05:29:24","guid":{"rendered":"https:\/\/tiendachilevip.com\/?post_type=product&#038;p=2247"},"modified":"2023-11-16T01:29:24","modified_gmt":"2023-11-16T05:29:24","slug":"tripode-profesional-15m-3110","status":"publish","type":"product","link":"https:\/\/tiendachilevip.com\/?product=tripode-profesional-15m-3110","title":{"rendered":"Tripode profesional 1,5m 3110"},"content":{"rendered":"<p>Atributos clave<br \/>\nEspecificaci\u00f3n esencial de la industria<br \/>\nLongitud Plegada (mm) 1500<br \/>\nLongitud Extendida (mm) 1500<br \/>\nTipo Tr\u00edpode profesional, Tr\u00edpode de mesa, Tr\u00edpode mini \/ ligero, tr\u00edpode flexible, Other<br \/>\nUso C\u00e1mara digital, Camara de video, Tel\u00e9fono m\u00f3vil<\/p>\n","protected":false},"excerpt":{"rendered":"<p>Atributos clave Especificaci\u00f3n esencial de la industria Longitud Plegada (mm) 1500 Longitud Extendida (mm) 1500 Tipo Tr\u00edpode profesional, Tr\u00edpode de mesa, Tr\u00edpode mini \/ ligero, tr\u00edpode flexible, Other Uso C\u00e1mara digital, Camara de video, Tel\u00e9fono m\u00f3vil<\/p>\n","protected":false},"featured_media":2248,"comment_status":"open","ping_status":"closed","template":"","meta":{"_uag_custom_page_level_css":"","site-sidebar-layout":"default","site-content-layout":"","ast-site-content-layout":"default","site-content-style":"default","site-sidebar-style":"default","ast-global-header-display":"","ast-banner-title-visibility":"","ast-main-header-display":"","ast-hfb-above-header-display":"","ast-hfb-below-header-display":"","ast-hfb-mobile-header-display":"","site-post-title":"","ast-breadcrumbs-content":"","ast-featured-img":"","footer-sml-layout":"","ast-disable-related-posts":"","theme-transparent-header-meta":"default","adv-header-id-meta":"","stick-header-meta":"","header-above-stick-meta":"","header-main-stick-meta":"","header-below-stick-meta":"","astra-migrate-meta-layouts":"set","ast-page-background-enabled":"default","ast-page-background-meta":{"desktop":{"background-color":"","background-image":"","background-repeat":"repeat","background-position":"center center","background-size":"auto","background-attachment":"scroll","background-type":"","background-media":"","overlay-type":"","overlay-color":"","overlay-opacity":"","overlay-gradient":""},"tablet":{"background-color":"","background-image":"","background-repeat":"repeat","background-position":"center center","background-size":"auto","background-attachment":"scroll","background-type":"","background-media":"","overlay-type":"","overlay-color":"","overlay-opacity":"","overlay-gradient":""},"mobile":{"background-color":"","background-image":"","background-repeat":"repeat","background-position":"center center","background-size":"auto","background-attachment":"scroll","background-type":"","background-media":"","overlay-type":"","overlay-color":"","overlay-opacity":"","overlay-gradient":""}},"ast-content-background-meta":{"desktop":{"background-color":"var(--ast-global-color-5)","background-image":"","background-repeat":"repeat","background-position":"center center","background-size":"auto","background-attachment":"scroll","background-type":"","background-media":"","overlay-type":"","overlay-color":"","overlay-opacity":"","overlay-gradient":""},"tablet":{"background-color":"var(--ast-global-color-5)","background-image":"","background-repeat":"repeat","background-position":"center center","background-size":"auto","background-attachment":"scroll","background-type":"","background-media":"","overlay-type":"","overlay-color":"","overlay-opacity":"","overlay-gradient":""},"mobile":{"background-color":"var(--ast-global-color-5)","background-image":"","background-repeat":"repeat","background-position":"center center","background-size":"auto","background-attachment":"scroll","background-type":"","background-media":"","overlay-type":"","overlay-color":"","overlay-opacity":"","overlay-gradient":""}},"_joinchat":[]},"product_brand":[],"product_cat":[15],"product_tag":[],"class_list":{"0":"post-2247","1":"product","2":"type-product","3":"status-publish","4":"has-post-thumbnail","6":"product_cat-uncategorized","7":"desktop-align-left","8":"tablet-align-left","9":"mobile-align-left","11":"first","12":"instock","13":"sale","14":"taxable","15":"shipping-taxable","16":"purchasable","17":"product-type-simple"},"uagb_featured_image_src":{"full":["https:\/\/tiendachilevip.com\/wp-content\/uploads\/2023\/11\/1-6.png",1001,1056,false],"thumbnail":["https:\/\/tiendachilevip.com\/wp-content\/uploads\/2023\/11\/1-6-150x150.png",150,150,true],"medium":["https:\/\/tiendachilevip.com\/wp-content\/uploads\/2023\/11\/1-6-284x300.png",284,300,true],"medium_large":["https:\/\/tiendachilevip.com\/wp-content\/uploads\/2023\/11\/1-6-768x810.png",768,810,true],"large":["https:\/\/tiendachilevip.com\/wp-content\/uploads\/2023\/11\/1-6-971x1024.png",971,1024,true],"1536x1536":["https:\/\/tiendachilevip.com\/wp-content\/uploads\/2023\/11\/1-6.png",1001,1056,false],"2048x2048":["https:\/\/tiendachilevip.com\/wp-content\/uploads\/2023\/11\/1-6.png",1001,1056,false],"woocommerce_thumbnail":["https:\/\/tiendachilevip.com\/wp-content\/uploads\/2023\/11\/1-6-300x300.png",300,300,true],"woocommerce_single":["https:\/\/tiendachilevip.com\/wp-content\/uploads\/2023\/11\/1-6-600x633.png",600,633,true],"woocommerce_gallery_thumbnail":["https:\/\/tiendachilevip.com\/wp-content\/uploads\/2023\/11\/1-6-100x100.png",100,100,true]},"uagb_author_info":{"display_name":"pablo lopez","author_link":"https:\/\/tiendachilevip.com\/?author=0"},"uagb_comment_info":0,"uagb_excerpt":"Atributos clave Especificaci\u00f3n esencial de la industria Longitud Plegada (mm) 1500 Longitud Extendida (mm) 1500 Tipo Tr\u00edpode profesional, Tr\u00edpode de mesa, Tr\u00edpode mini \/ ligero, tr\u00edpode flexible, Other Uso C\u00e1mara digital, Camara de video, Tel\u00e9fono m\u00f3vil","_links":{"self":[{"href":"https:\/\/tiendachilevip.com\/index.php?rest_route=\/wp\/v2\/product\/2247","targetHints":{"allow":["GET"]}}],"collection":[{"href":"https:\/\/tiendachilevip.com\/index.php?rest_route=\/wp\/v2\/product"}],"about":[{"href":"https:\/\/tiendachilevip.com\/index.php?rest_route=\/wp\/v2\/types\/product"}],"replies":[{"embeddable":true,"href":"https:\/\/tiendachilevip.com\/index.php?rest_route=%2Fwp%2Fv2%2Fcomments&post=2247"}],"wp:featuredmedia":[{"embeddable":true,"href":"https:\/\/tiendachilevip.com\/index.php?rest_route=\/wp\/v2\/media\/2248"}],"wp:attachment":[{"href":"https:\/\/tiendachilevip.com\/index.php?rest_route=%2Fwp%2Fv2%2Fmedia&parent=2247"}],"wp:term":[{"taxonomy":"product_brand","embeddable":true,"href":"https:\/\/tiendachilevip.com\/index.php?rest_route=%2Fwp%2Fv2%2Fproduct_brand&post=2247"},{"taxonomy":"product_cat","embeddable":true,"href":"https:\/\/tiendachilevip.com\/index.php?rest_route=%2Fwp%2Fv2%2Fproduct_cat&post=2247"},{"taxonomy":"product_tag","embeddable":true,"href":"https:\/\/tiendachilevip.com\/index.php?rest_route=%2Fwp%2Fv2%2Fproduct_tag&post=2247"}],"curies":[{"name":"wp","href":"https:\/\/api.w.org\/{rel}","templated":true}]}}