{"id":2147,"date":"2023-11-09T20:28:21","date_gmt":"2023-11-10T00:28:21","guid":{"rendered":"https:\/\/tiendachilevip.com\/?post_type=product&#038;p=2147"},"modified":"2024-01-12T16:40:56","modified_gmt":"2024-01-12T20:40:56","slug":"auto-rc-4wd-teledirigido-360-ano-2023-para-nino","status":"publish","type":"product","link":"https:\/\/tiendachilevip.com\/?product=auto-rc-4wd-teledirigido-360-ano-2023-para-nino","title":{"rendered":"Auto RC 4WD Teledirigido 360 a\u00f1o 2023 para ni\u00f1o"},"content":{"rendered":"<p>Detalles del producto<br \/>\nNombre del producto<\/p>\n<p>Coche de truco de cuatro ruedas<\/p>\n<p>Color<\/p>\n<p>Verde\/rojo<\/p>\n<p>La distancia de control remoto<\/p>\n<p>50 metros<\/p>\n<p>Tiempo de carga<\/p>\n<p>De 60 minutos<\/p>\n<p>Tiempo de uso<\/p>\n<p>25 minutos<\/p>\n<p>De la bater\u00eda<\/p>\n<p>3,7 V 1200mAh<\/p>\n<p>Control remoto de la bater\u00eda<\/p>\n<p>AA de 1,5 V * 2(No incluir)<\/p>\n<p>Tama\u00f1o del producto<\/p>\n<p>25*14*8CM<\/p>\n<p>Embalaje<\/p>\n<p>Caja de Color<\/p>\n<p>EmbalajeTama\u00f1o<\/p>\n<p>28*12,5*17CM<\/p>\n<p>Peso<\/p>\n<p>730g<\/p>\n<p>&nbsp;<\/p>\n<p>&nbsp;<\/p>\n","protected":false},"excerpt":{"rendered":"<p>Detalles del producto Nombre del producto Coche de truco de cuatro ruedas Color Verde\/rojo La distancia de control remoto 50 metros Tiempo de carga De 60 minutos Tiempo de uso 25 minutos De la bater\u00eda 3,7 V 1200mAh Control remoto de la bater\u00eda AA de 1,5 V * 2(No incluir) Tama\u00f1o del producto 25*14*8CM Embalaje [&hellip;]<\/p>\n","protected":false},"featured_media":2149,"comment_status":"open","ping_status":"closed","template":"","meta":{"_uag_custom_page_level_css":"","site-sidebar-layout":"default","site-content-layout":"","ast-site-content-layout":"default","site-content-style":"default","site-sidebar-style":"default","ast-global-header-display":"","ast-banner-title-visibility":"","ast-main-header-display":"","ast-hfb-above-header-display":"","ast-hfb-below-header-display":"","ast-hfb-mobile-header-display":"","site-post-title":"","ast-breadcrumbs-content":"","ast-featured-img":"","footer-sml-layout":"","ast-disable-related-posts":"","theme-transparent-header-meta":"default","adv-header-id-meta":"","stick-header-meta":"","header-above-stick-meta":"","header-main-stick-meta":"","header-below-stick-meta":"","astra-migrate-meta-layouts":"set","ast-page-background-enabled":"default","ast-page-background-meta":{"desktop":{"background-color":"","background-image":"","background-repeat":"repeat","background-position":"center center","background-size":"auto","background-attachment":"scroll","background-type":"","background-media":"","overlay-type":"","overlay-color":"","overlay-opacity":"","overlay-gradient":""},"tablet":{"background-color":"","background-image":"","background-repeat":"repeat","background-position":"center center","background-size":"auto","background-attachment":"scroll","background-type":"","background-media":"","overlay-type":"","overlay-color":"","overlay-opacity":"","overlay-gradient":""},"mobile":{"background-color":"","background-image":"","background-repeat":"repeat","background-position":"center center","background-size":"auto","background-attachment":"scroll","background-type":"","background-media":"","overlay-type":"","overlay-color":"","overlay-opacity":"","overlay-gradient":""}},"ast-content-background-meta":{"desktop":{"background-color":"var(--ast-global-color-5)","background-image":"","background-repeat":"repeat","background-position":"center center","background-size":"auto","background-attachment":"scroll","background-type":"","background-media":"","overlay-type":"","overlay-color":"","overlay-opacity":"","overlay-gradient":""},"tablet":{"background-color":"var(--ast-global-color-5)","background-image":"","background-repeat":"repeat","background-position":"center center","background-size":"auto","background-attachment":"scroll","background-type":"","background-media":"","overlay-type":"","overlay-color":"","overlay-opacity":"","overlay-gradient":""},"mobile":{"background-color":"var(--ast-global-color-5)","background-image":"","background-repeat":"repeat","background-position":"center center","background-size":"auto","background-attachment":"scroll","background-type":"","background-media":"","overlay-type":"","overlay-color":"","overlay-opacity":"","overlay-gradient":""}},"_joinchat":[]},"product_brand":[],"product_cat":[23],"product_tag":[117,116,111,47,46],"class_list":{"0":"post-2147","1":"product","2":"type-product","3":"status-publish","4":"has-post-thumbnail","6":"product_cat-juguetes","7":"product_tag-117","8":"product_tag-4wd","9":"product_tag-auto-rc","10":"product_tag-rc","11":"product_tag-teledirigido","12":"desktop-align-left","13":"tablet-align-left","14":"mobile-align-left","16":"first","17":"instock","18":"sale","19":"taxable","20":"shipping-taxable","21":"purchasable","22":"product-type-simple"},"uagb_featured_image_src":{"full":["https:\/\/tiendachilevip.com\/wp-content\/uploads\/2023\/11\/2-3.png",800,800,false],"thumbnail":["https:\/\/tiendachilevip.com\/wp-content\/uploads\/2023\/11\/2-3-150x150.png",150,150,true],"medium":["https:\/\/tiendachilevip.com\/wp-content\/uploads\/2023\/11\/2-3-300x300.png",300,300,true],"medium_large":["https:\/\/tiendachilevip.com\/wp-content\/uploads\/2023\/11\/2-3-768x768.png",768,768,true],"large":["https:\/\/tiendachilevip.com\/wp-content\/uploads\/2023\/11\/2-3.png",800,800,false],"1536x1536":["https:\/\/tiendachilevip.com\/wp-content\/uploads\/2023\/11\/2-3.png",800,800,false],"2048x2048":["https:\/\/tiendachilevip.com\/wp-content\/uploads\/2023\/11\/2-3.png",800,800,false],"woocommerce_thumbnail":["https:\/\/tiendachilevip.com\/wp-content\/uploads\/2023\/11\/2-3-300x300.png",300,300,true],"woocommerce_single":["https:\/\/tiendachilevip.com\/wp-content\/uploads\/2023\/11\/2-3-600x600.png",600,600,true],"woocommerce_gallery_thumbnail":["https:\/\/tiendachilevip.com\/wp-content\/uploads\/2023\/11\/2-3-100x100.png",100,100,true]},"uagb_author_info":{"display_name":"pablo lopez","author_link":"https:\/\/tiendachilevip.com\/?author=0"},"uagb_comment_info":0,"uagb_excerpt":"Detalles del producto Nombre del producto Coche de truco de cuatro ruedas Color Verde\/rojo La distancia de control remoto 50 metros Tiempo de carga De 60 minutos Tiempo de uso 25 minutos De la bater\u00eda 3,7 V 1200mAh Control remoto de la bater\u00eda AA de 1,5 V * 2(No incluir) Tama\u00f1o del producto 25*14*8CM Embalaje&hellip;","_links":{"self":[{"href":"https:\/\/tiendachilevip.com\/index.php?rest_route=\/wp\/v2\/product\/2147","targetHints":{"allow":["GET"]}}],"collection":[{"href":"https:\/\/tiendachilevip.com\/index.php?rest_route=\/wp\/v2\/product"}],"about":[{"href":"https:\/\/tiendachilevip.com\/index.php?rest_route=\/wp\/v2\/types\/product"}],"replies":[{"embeddable":true,"href":"https:\/\/tiendachilevip.com\/index.php?rest_route=%2Fwp%2Fv2%2Fcomments&post=2147"}],"wp:featuredmedia":[{"embeddable":true,"href":"https:\/\/tiendachilevip.com\/index.php?rest_route=\/wp\/v2\/media\/2149"}],"wp:attachment":[{"href":"https:\/\/tiendachilevip.com\/index.php?rest_route=%2Fwp%2Fv2%2Fmedia&parent=2147"}],"wp:term":[{"taxonomy":"product_brand","embeddable":true,"href":"https:\/\/tiendachilevip.com\/index.php?rest_route=%2Fwp%2Fv2%2Fproduct_brand&post=2147"},{"taxonomy":"product_cat","embeddable":true,"href":"https:\/\/tiendachilevip.com\/index.php?rest_route=%2Fwp%2Fv2%2Fproduct_cat&post=2147"},{"taxonomy":"product_tag","embeddable":true,"href":"https:\/\/tiendachilevip.com\/index.php?rest_route=%2Fwp%2Fv2%2Fproduct_tag&post=2147"}],"curies":[{"name":"wp","href":"https:\/\/api.w.org\/{rel}","templated":true}]}}