{"id":2137,"date":"2023-11-09T20:04:27","date_gmt":"2023-11-10T00:04:27","guid":{"rendered":"https:\/\/tiendachilevip.com\/?post_type=product&#038;p=2137"},"modified":"2024-01-12T16:41:22","modified_gmt":"2024-01-12T20:41:22","slug":"auto-todo-terreno-control-remoto-rc-2-4g-2023","status":"publish","type":"product","link":"https:\/\/tiendachilevip.com\/?product=auto-todo-terreno-control-remoto-rc-2-4g-2023","title":{"rendered":"F1 RC Drift Car con m\u00fasica luces Led 2,4G Radio doble RC Spray Stunt Cars 4WD"},"content":{"rendered":"<p>Par\u00e1metro:<\/p>\n<p>Nombre del producto: F1<br \/>\nColor: azul, rojo, verde<br \/>\nTama\u00f1o: 34*17*9 cm<br \/>\nDistancia de control remoto: 30m<br \/>\nBater\u00eda: 3,7 V 1200mAh<br \/>\nTiempo de trabajo: 30 minutos<br \/>\nTiempo de carga: 2-3H<br \/>\nFunci\u00f3n de pulverizaci\u00f3n: Ninguna<br \/>\nControl remoto: mando a distancia<br \/>\nM\u00e9todo de embalaje: Caja de color<\/p>\n<p>Puntos destacados:<\/p>\n<p>1 \u3001 Capacidad ultra grande: bater\u00eda de litio de alta velocidad de gran capacidad, capacidad s\u00faper duradera.<br \/>\n2 \u3001 Juguetes geniales: deslumbrante luz y m\u00fasica impactantes, girando el silbato de Tigre, le brinda la experiencia del sonido real del autom\u00f3vil. Caracter\u00edsticas de movimiento hacia adelante y hacia atr\u00e1s para restaurar el sonido de arranque real del coche.<br \/>\n3. Gran Diversi\u00f3n: Funci\u00f3n de baile con m\u00fasica ligera para proporcionar gran diversi\u00f3n y s\u00faper shock.<br \/>\n4. Funci\u00f3n de detecci\u00f3n inteligente: La funci\u00f3n inteligente de detecci\u00f3n de gestos hace que el juguete sea conveniente y divertido de operar.<br \/>\n5. Garant\u00eda de calidad: Cuando nos compra juguetes, compra m\u00e1s que juguetes educativos de alta calidad, sino m\u00e1s confianza porque siempre le brindaremos el mejor servicio al cliente.<\/p>\n","protected":false},"excerpt":{"rendered":"<p>Par\u00e1metro: Nombre del producto: F1 Color: azul, rojo, verde Tama\u00f1o: 34*17*9 cm Distancia de control remoto: 30m Bater\u00eda: 3,7 V 1200mAh Tiempo de trabajo: 30 minutos Tiempo de carga: 2-3H Funci\u00f3n de pulverizaci\u00f3n: Ninguna Control remoto: mando a distancia M\u00e9todo de embalaje: Caja de color Puntos destacados: 1 \u3001 Capacidad ultra grande: bater\u00eda de litio [&hellip;]<\/p>\n","protected":false},"featured_media":2239,"comment_status":"open","ping_status":"closed","template":"","meta":{"_uag_custom_page_level_css":"","site-sidebar-layout":"default","site-content-layout":"","ast-site-content-layout":"default","site-content-style":"default","site-sidebar-style":"default","ast-global-header-display":"","ast-banner-title-visibility":"","ast-main-header-display":"","ast-hfb-above-header-display":"","ast-hfb-below-header-display":"","ast-hfb-mobile-header-display":"","site-post-title":"","ast-breadcrumbs-content":"","ast-featured-img":"","footer-sml-layout":"","ast-disable-related-posts":"","theme-transparent-header-meta":"default","adv-header-id-meta":"","stick-header-meta":"","header-above-stick-meta":"","header-main-stick-meta":"","header-below-stick-meta":"","astra-migrate-meta-layouts":"set","ast-page-background-enabled":"default","ast-page-background-meta":{"desktop":{"background-color":"","background-image":"","background-repeat":"repeat","background-position":"center center","background-size":"auto","background-attachment":"scroll","background-type":"","background-media":"","overlay-type":"","overlay-color":"","overlay-opacity":"","overlay-gradient":""},"tablet":{"background-color":"","background-image":"","background-repeat":"repeat","background-position":"center center","background-size":"auto","background-attachment":"scroll","background-type":"","background-media":"","overlay-type":"","overlay-color":"","overlay-opacity":"","overlay-gradient":""},"mobile":{"background-color":"","background-image":"","background-repeat":"repeat","background-position":"center center","background-size":"auto","background-attachment":"scroll","background-type":"","background-media":"","overlay-type":"","overlay-color":"","overlay-opacity":"","overlay-gradient":""}},"ast-content-background-meta":{"desktop":{"background-color":"var(--ast-global-color-5)","background-image":"","background-repeat":"repeat","background-position":"center center","background-size":"auto","background-attachment":"scroll","background-type":"","background-media":"","overlay-type":"","overlay-color":"","overlay-opacity":"","overlay-gradient":""},"tablet":{"background-color":"var(--ast-global-color-5)","background-image":"","background-repeat":"repeat","background-position":"center center","background-size":"auto","background-attachment":"scroll","background-type":"","background-media":"","overlay-type":"","overlay-color":"","overlay-opacity":"","overlay-gradient":""},"mobile":{"background-color":"var(--ast-global-color-5)","background-image":"","background-repeat":"repeat","background-position":"center center","background-size":"auto","background-attachment":"scroll","background-type":"","background-media":"","overlay-type":"","overlay-color":"","overlay-opacity":"","overlay-gradient":""}},"_joinchat":[]},"product_brand":[],"product_cat":[23],"product_tag":[113,112,111,114,47,115],"class_list":{"0":"post-2137","1":"product","2":"type-product","3":"status-publish","4":"has-post-thumbnail","6":"product_cat-juguetes","7":"product_tag-2-4g","8":"product_tag-auto-control-remoto","9":"product_tag-auto-rc","10":"product_tag-navidad","11":"product_tag-rc","12":"product_tag-regalos","13":"desktop-align-left","14":"tablet-align-left","15":"mobile-align-left","17":"first","18":"instock","19":"sale","20":"taxable","21":"shipping-taxable","22":"purchasable","23":"product-type-simple"},"uagb_featured_image_src":{"full":["https:\/\/tiendachilevip.com\/wp-content\/uploads\/2023\/11\/3-4.png",793,1279,false],"thumbnail":["https:\/\/tiendachilevip.com\/wp-content\/uploads\/2023\/11\/3-4-150x150.png",150,150,true],"medium":["https:\/\/tiendachilevip.com\/wp-content\/uploads\/2023\/11\/3-4-186x300.png",186,300,true],"medium_large":["https:\/\/tiendachilevip.com\/wp-content\/uploads\/2023\/11\/3-4-768x1239.png",768,1239,true],"large":["https:\/\/tiendachilevip.com\/wp-content\/uploads\/2023\/11\/3-4-635x1024.png",635,1024,true],"1536x1536":["https:\/\/tiendachilevip.com\/wp-content\/uploads\/2023\/11\/3-4.png",793,1279,false],"2048x2048":["https:\/\/tiendachilevip.com\/wp-content\/uploads\/2023\/11\/3-4.png",793,1279,false],"woocommerce_thumbnail":["https:\/\/tiendachilevip.com\/wp-content\/uploads\/2023\/11\/3-4-300x300.png",300,300,true],"woocommerce_single":["https:\/\/tiendachilevip.com\/wp-content\/uploads\/2023\/11\/3-4-600x968.png",600,968,true],"woocommerce_gallery_thumbnail":["https:\/\/tiendachilevip.com\/wp-content\/uploads\/2023\/11\/3-4-100x100.png",100,100,true]},"uagb_author_info":{"display_name":"pablo lopez","author_link":"https:\/\/tiendachilevip.com\/?author=0"},"uagb_comment_info":0,"uagb_excerpt":"Par\u00e1metro: Nombre del producto: F1 Color: azul, rojo, verde Tama\u00f1o: 34*17*9 cm Distancia de control remoto: 30m Bater\u00eda: 3,7 V 1200mAh Tiempo de trabajo: 30 minutos Tiempo de carga: 2-3H Funci\u00f3n de pulverizaci\u00f3n: Ninguna Control remoto: mando a distancia M\u00e9todo de embalaje: Caja de color Puntos destacados: 1 \u3001 Capacidad ultra grande: bater\u00eda de litio&hellip;","_links":{"self":[{"href":"https:\/\/tiendachilevip.com\/index.php?rest_route=\/wp\/v2\/product\/2137","targetHints":{"allow":["GET"]}}],"collection":[{"href":"https:\/\/tiendachilevip.com\/index.php?rest_route=\/wp\/v2\/product"}],"about":[{"href":"https:\/\/tiendachilevip.com\/index.php?rest_route=\/wp\/v2\/types\/product"}],"replies":[{"embeddable":true,"href":"https:\/\/tiendachilevip.com\/index.php?rest_route=%2Fwp%2Fv2%2Fcomments&post=2137"}],"wp:featuredmedia":[{"embeddable":true,"href":"https:\/\/tiendachilevip.com\/index.php?rest_route=\/wp\/v2\/media\/2239"}],"wp:attachment":[{"href":"https:\/\/tiendachilevip.com\/index.php?rest_route=%2Fwp%2Fv2%2Fmedia&parent=2137"}],"wp:term":[{"taxonomy":"product_brand","embeddable":true,"href":"https:\/\/tiendachilevip.com\/index.php?rest_route=%2Fwp%2Fv2%2Fproduct_brand&post=2137"},{"taxonomy":"product_cat","embeddable":true,"href":"https:\/\/tiendachilevip.com\/index.php?rest_route=%2Fwp%2Fv2%2Fproduct_cat&post=2137"},{"taxonomy":"product_tag","embeddable":true,"href":"https:\/\/tiendachilevip.com\/index.php?rest_route=%2Fwp%2Fv2%2Fproduct_tag&post=2137"}],"curies":[{"name":"wp","href":"https:\/\/api.w.org\/{rel}","templated":true}]}}