{"id":1692,"date":"2023-10-27T02:30:21","date_gmt":"2023-10-27T06:30:21","guid":{"rendered":"https:\/\/tiendachilevip.com\/?post_type=product&#038;p=1692"},"modified":"2025-10-19T12:38:06","modified_gmt":"2025-10-19T16:38:06","slug":"disfraz-de-dragon-inflable-divertido","status":"publish","type":"product","link":"https:\/\/tiendachilevip.com\/?product=disfraz-de-dragon-inflable-divertido","title":{"rendered":"Disfraz de Charizard Inflable Divertido"},"content":{"rendered":"<p>Este traje supera cualquiera de los demas disfrases inflables, se el m\u00e1s interesante en la fiesta de Halloween<\/p>\n<p>Nombre del producto: traje inflable Drag\u00f3n Charizard<\/p>\n<p>Embalaje: Bolsa de gancho de PVC + cart\u00f3n exquisito<\/p>\n<p>Material: tejido de poli\u00e9ster recubierto de PU ecol\u00f3gico<\/p>\n<p>Peso: aproximadamente 700 gramos<\/p>\n<p>Composici\u00f3n: ropa + ventilador + caja de bater\u00eda<\/p>\n<p>Tama\u00f1o: 150-190cm<\/p>\n<div class=\"ast-oembed-container \" style=\"height: 100%;\"><iframe loading=\"lazy\" title=\"Charizard is dancing in the park\" width=\"422\" height=\"750\" src=\"https:\/\/www.youtube.com\/embed\/ZEI9ITyyryw?feature=oembed\" frameborder=\"0\" allow=\"accelerometer; autoplay; clipboard-write; encrypted-media; gyroscope; picture-in-picture; web-share\" referrerpolicy=\"strict-origin-when-cross-origin\" allowfullscreen><\/iframe><\/div>\n<p>&nbsp;<\/p>\n<p>&nbsp;<\/p>\n","protected":false},"excerpt":{"rendered":"<p>Este traje supera cualquiera de los demas disfrases inflables, se el m\u00e1s interesante en la fiesta de Halloween Nombre del producto: traje inflable Drag\u00f3n Charizard Embalaje: Bolsa de gancho de PVC + cart\u00f3n exquisito Material: tejido de poli\u00e9ster recubierto de PU ecol\u00f3gico Peso: aproximadamente 700 gramos Composici\u00f3n: ropa + ventilador + caja de bater\u00eda Tama\u00f1o: [&hellip;]<\/p>\n","protected":false},"featured_media":1652,"comment_status":"open","ping_status":"closed","template":"","meta":{"_uag_custom_page_level_css":"","site-sidebar-layout":"default","site-content-layout":"","ast-site-content-layout":"default","site-content-style":"default","site-sidebar-style":"default","ast-global-header-display":"","ast-banner-title-visibility":"","ast-main-header-display":"","ast-hfb-above-header-display":"","ast-hfb-below-header-display":"","ast-hfb-mobile-header-display":"","site-post-title":"","ast-breadcrumbs-content":"","ast-featured-img":"","footer-sml-layout":"","ast-disable-related-posts":"","theme-transparent-header-meta":"default","adv-header-id-meta":"","stick-header-meta":"","header-above-stick-meta":"","header-main-stick-meta":"","header-below-stick-meta":"","astra-migrate-meta-layouts":"set","ast-page-background-enabled":"default","ast-page-background-meta":{"desktop":{"background-color":"","background-image":"","background-repeat":"repeat","background-position":"center center","background-size":"auto","background-attachment":"scroll","background-type":"","background-media":"","overlay-type":"","overlay-color":"","overlay-opacity":"","overlay-gradient":""},"tablet":{"background-color":"","background-image":"","background-repeat":"repeat","background-position":"center center","background-size":"auto","background-attachment":"scroll","background-type":"","background-media":"","overlay-type":"","overlay-color":"","overlay-opacity":"","overlay-gradient":""},"mobile":{"background-color":"","background-image":"","background-repeat":"repeat","background-position":"center center","background-size":"auto","background-attachment":"scroll","background-type":"","background-media":"","overlay-type":"","overlay-color":"","overlay-opacity":"","overlay-gradient":""}},"ast-content-background-meta":{"desktop":{"background-color":"var(--ast-global-color-5)","background-image":"","background-repeat":"repeat","background-position":"center center","background-size":"auto","background-attachment":"scroll","background-type":"","background-media":"","overlay-type":"","overlay-color":"","overlay-opacity":"","overlay-gradient":""},"tablet":{"background-color":"var(--ast-global-color-5)","background-image":"","background-repeat":"repeat","background-position":"center center","background-size":"auto","background-attachment":"scroll","background-type":"","background-media":"","overlay-type":"","overlay-color":"","overlay-opacity":"","overlay-gradient":""},"mobile":{"background-color":"var(--ast-global-color-5)","background-image":"","background-repeat":"repeat","background-position":"center center","background-size":"auto","background-attachment":"scroll","background-type":"","background-media":"","overlay-type":"","overlay-color":"","overlay-opacity":"","overlay-gradient":""}},"_joinchat":[]},"product_brand":[],"product_cat":[22],"product_tag":[79,82,85,84,80,86,77,87,88,83,81],"class_list":{"0":"post-1692","1":"product","2":"type-product","3":"status-publish","4":"has-post-thumbnail","6":"product_cat-disfraces","7":"product_tag-disfraces","8":"product_tag-disfraces-de-halloween","9":"product_tag-disfraces-divertidos","10":"product_tag-disfraces-inflables","11":"product_tag-disfraz","12":"product_tag-disfraz-de-alien","13":"product_tag-disfraz-de-dinosaurio","14":"product_tag-disfraz-de-pikachu","15":"product_tag-disfraz-de-tiranosaurio","16":"product_tag-disfraz-inflable","17":"product_tag-halloween","18":"desktop-align-left","19":"tablet-align-left","20":"mobile-align-left","22":"first","23":"instock","24":"sale","25":"taxable","26":"shipping-taxable","27":"purchasable","28":"product-type-simple"},"uagb_featured_image_src":{"full":["https:\/\/tiendachilevip.com\/wp-content\/uploads\/2023\/08\/5-1.png",960,960,false],"thumbnail":["https:\/\/tiendachilevip.com\/wp-content\/uploads\/2023\/08\/5-1-150x150.png",150,150,true],"medium":["https:\/\/tiendachilevip.com\/wp-content\/uploads\/2023\/08\/5-1-300x300.png",300,300,true],"medium_large":["https:\/\/tiendachilevip.com\/wp-content\/uploads\/2023\/08\/5-1-768x768.png",768,768,true],"large":["https:\/\/tiendachilevip.com\/wp-content\/uploads\/2023\/08\/5-1.png",960,960,false],"1536x1536":["https:\/\/tiendachilevip.com\/wp-content\/uploads\/2023\/08\/5-1.png",960,960,false],"2048x2048":["https:\/\/tiendachilevip.com\/wp-content\/uploads\/2023\/08\/5-1.png",960,960,false],"woocommerce_thumbnail":["https:\/\/tiendachilevip.com\/wp-content\/uploads\/2023\/08\/5-1-300x300.png",300,300,true],"woocommerce_single":["https:\/\/tiendachilevip.com\/wp-content\/uploads\/2023\/08\/5-1-600x600.png",600,600,true],"woocommerce_gallery_thumbnail":["https:\/\/tiendachilevip.com\/wp-content\/uploads\/2023\/08\/5-1-100x100.png",100,100,true]},"uagb_author_info":{"display_name":"pablo lopez","author_link":"https:\/\/tiendachilevip.com\/?author=0"},"uagb_comment_info":0,"uagb_excerpt":"Este traje supera cualquiera de los demas disfrases inflables, se el m\u00e1s interesante en la fiesta de Halloween Nombre del producto: traje inflable Drag\u00f3n Charizard Embalaje: Bolsa de gancho de PVC + cart\u00f3n exquisito Material: tejido de poli\u00e9ster recubierto de PU ecol\u00f3gico Peso: aproximadamente 700 gramos Composici\u00f3n: ropa + ventilador + caja de bater\u00eda Tama\u00f1o:&hellip;","_links":{"self":[{"href":"https:\/\/tiendachilevip.com\/index.php?rest_route=\/wp\/v2\/product\/1692","targetHints":{"allow":["GET"]}}],"collection":[{"href":"https:\/\/tiendachilevip.com\/index.php?rest_route=\/wp\/v2\/product"}],"about":[{"href":"https:\/\/tiendachilevip.com\/index.php?rest_route=\/wp\/v2\/types\/product"}],"replies":[{"embeddable":true,"href":"https:\/\/tiendachilevip.com\/index.php?rest_route=%2Fwp%2Fv2%2Fcomments&post=1692"}],"wp:featuredmedia":[{"embeddable":true,"href":"https:\/\/tiendachilevip.com\/index.php?rest_route=\/wp\/v2\/media\/1652"}],"wp:attachment":[{"href":"https:\/\/tiendachilevip.com\/index.php?rest_route=%2Fwp%2Fv2%2Fmedia&parent=1692"}],"wp:term":[{"taxonomy":"product_brand","embeddable":true,"href":"https:\/\/tiendachilevip.com\/index.php?rest_route=%2Fwp%2Fv2%2Fproduct_brand&post=1692"},{"taxonomy":"product_cat","embeddable":true,"href":"https:\/\/tiendachilevip.com\/index.php?rest_route=%2Fwp%2Fv2%2Fproduct_cat&post=1692"},{"taxonomy":"product_tag","embeddable":true,"href":"https:\/\/tiendachilevip.com\/index.php?rest_route=%2Fwp%2Fv2%2Fproduct_tag&post=1692"}],"curies":[{"name":"wp","href":"https:\/\/api.w.org\/{rel}","templated":true}]}}