{"id":1682,"date":"2023-10-27T02:15:07","date_gmt":"2023-10-27T06:15:07","guid":{"rendered":"https:\/\/tiendachilevip.com\/?post_type=product&#038;p=1682"},"modified":"2025-11-24T20:57:06","modified_gmt":"2025-11-25T00:57:06","slug":"disfraz-inflable-de-alien-divertido","status":"publish","type":"product","link":"https:\/\/tiendachilevip.com\/?product=disfraz-inflable-de-alien-divertido","title":{"rendered":"Disfraz inflable de alien Divertido"},"content":{"rendered":"<p>Disfraz inflable de Alien para ni\u00f1os y adultos, disfraz de Cosplay para fiesta de ni\u00f1os y ni\u00f1as, traje divertido de Anime, disfraz de Halloween para hombre y mujer<\/p>\n<p>Especificaci\u00f3n<br \/>\nPoli\u00e9ster 100%<br \/>\nVentiladores: 8000 rpm<\/p>\n<p>Tama\u00f1o de Alien<br \/>\nTama\u00f1o de los ni\u00f1os: 90cm-140cm<br \/>\nTama\u00f1o adulto: 150CM -190 CM<\/p>\n<p>Lista de paquetes<br \/>\n1 * disfraz 1<br \/>\n* Ventilador USB<br \/>\n1 * Caja de bater\u00eda (4 pilas AA no incluidas)<\/p>\n<div class=\"ast-oembed-container \" style=\"height: 100%;\"><iframe loading=\"lazy\" title=\"SON Deserves ACTING Award For THIS! \ud83e\udd23\ud83e\udd23\ud83e\udd23\" width=\"422\" height=\"750\" src=\"https:\/\/www.youtube.com\/embed\/3m4aQSHvdbs?feature=oembed\" frameborder=\"0\" allow=\"accelerometer; autoplay; clipboard-write; encrypted-media; gyroscope; picture-in-picture; web-share\" referrerpolicy=\"strict-origin-when-cross-origin\" allowfullscreen><\/iframe><\/div>\n","protected":false},"excerpt":{"rendered":"<p>Disfraz inflable de Alien para ni\u00f1os y adultos, disfraz de Cosplay para fiesta de ni\u00f1os y ni\u00f1as, traje divertido de Anime, disfraz de Halloween para hombre y mujer Especificaci\u00f3n Poli\u00e9ster 100% Ventiladores: 8000 rpm Tama\u00f1o de Alien Tama\u00f1o de los ni\u00f1os: 90cm-140cm Tama\u00f1o adulto: 150CM -190 CM Lista de paquetes 1 * disfraz 1 * [&hellip;]<\/p>\n","protected":false},"featured_media":1659,"comment_status":"open","ping_status":"closed","template":"","meta":{"_uag_custom_page_level_css":"","site-sidebar-layout":"default","site-content-layout":"","ast-site-content-layout":"default","site-content-style":"default","site-sidebar-style":"default","ast-global-header-display":"","ast-banner-title-visibility":"","ast-main-header-display":"","ast-hfb-above-header-display":"","ast-hfb-below-header-display":"","ast-hfb-mobile-header-display":"","site-post-title":"","ast-breadcrumbs-content":"","ast-featured-img":"","footer-sml-layout":"","ast-disable-related-posts":"","theme-transparent-header-meta":"default","adv-header-id-meta":"","stick-header-meta":"","header-above-stick-meta":"","header-main-stick-meta":"","header-below-stick-meta":"","astra-migrate-meta-layouts":"set","ast-page-background-enabled":"default","ast-page-background-meta":{"desktop":{"background-color":"","background-image":"","background-repeat":"repeat","background-position":"center center","background-size":"auto","background-attachment":"scroll","background-type":"","background-media":"","overlay-type":"","overlay-color":"","overlay-opacity":"","overlay-gradient":""},"tablet":{"background-color":"","background-image":"","background-repeat":"repeat","background-position":"center center","background-size":"auto","background-attachment":"scroll","background-type":"","background-media":"","overlay-type":"","overlay-color":"","overlay-opacity":"","overlay-gradient":""},"mobile":{"background-color":"","background-image":"","background-repeat":"repeat","background-position":"center center","background-size":"auto","background-attachment":"scroll","background-type":"","background-media":"","overlay-type":"","overlay-color":"","overlay-opacity":"","overlay-gradient":""}},"ast-content-background-meta":{"desktop":{"background-color":"var(--ast-global-color-5)","background-image":"","background-repeat":"repeat","background-position":"center center","background-size":"auto","background-attachment":"scroll","background-type":"","background-media":"","overlay-type":"","overlay-color":"","overlay-opacity":"","overlay-gradient":""},"tablet":{"background-color":"var(--ast-global-color-5)","background-image":"","background-repeat":"repeat","background-position":"center center","background-size":"auto","background-attachment":"scroll","background-type":"","background-media":"","overlay-type":"","overlay-color":"","overlay-opacity":"","overlay-gradient":""},"mobile":{"background-color":"var(--ast-global-color-5)","background-image":"","background-repeat":"repeat","background-position":"center center","background-size":"auto","background-attachment":"scroll","background-type":"","background-media":"","overlay-type":"","overlay-color":"","overlay-opacity":"","overlay-gradient":""}},"_joinchat":[]},"product_brand":[],"product_cat":[22],"product_tag":[79,82,85,84,80,86,77,87,88,83,81],"class_list":{"0":"post-1682","1":"product","2":"type-product","3":"status-publish","4":"has-post-thumbnail","6":"product_cat-disfraces","7":"product_tag-disfraces","8":"product_tag-disfraces-de-halloween","9":"product_tag-disfraces-divertidos","10":"product_tag-disfraces-inflables","11":"product_tag-disfraz","12":"product_tag-disfraz-de-alien","13":"product_tag-disfraz-de-dinosaurio","14":"product_tag-disfraz-de-pikachu","15":"product_tag-disfraz-de-tiranosaurio","16":"product_tag-disfraz-inflable","17":"product_tag-halloween","18":"desktop-align-left","19":"tablet-align-left","20":"mobile-align-left","22":"first","23":"instock","24":"taxable","25":"shipping-taxable","26":"purchasable","27":"product-type-variable"},"uagb_featured_image_src":{"full":["https:\/\/tiendachilevip.com\/wp-content\/uploads\/2023\/08\/12.png",960,960,false],"thumbnail":["https:\/\/tiendachilevip.com\/wp-content\/uploads\/2023\/08\/12-150x150.png",150,150,true],"medium":["https:\/\/tiendachilevip.com\/wp-content\/uploads\/2023\/08\/12-300x300.png",300,300,true],"medium_large":["https:\/\/tiendachilevip.com\/wp-content\/uploads\/2023\/08\/12-768x768.png",768,768,true],"large":["https:\/\/tiendachilevip.com\/wp-content\/uploads\/2023\/08\/12.png",960,960,false],"1536x1536":["https:\/\/tiendachilevip.com\/wp-content\/uploads\/2023\/08\/12.png",960,960,false],"2048x2048":["https:\/\/tiendachilevip.com\/wp-content\/uploads\/2023\/08\/12.png",960,960,false],"woocommerce_thumbnail":["https:\/\/tiendachilevip.com\/wp-content\/uploads\/2023\/08\/12-300x300.png",300,300,true],"woocommerce_single":["https:\/\/tiendachilevip.com\/wp-content\/uploads\/2023\/08\/12-600x600.png",600,600,true],"woocommerce_gallery_thumbnail":["https:\/\/tiendachilevip.com\/wp-content\/uploads\/2023\/08\/12-100x100.png",100,100,true]},"uagb_author_info":{"display_name":"pablo lopez","author_link":"https:\/\/tiendachilevip.com\/?author=0"},"uagb_comment_info":0,"uagb_excerpt":"Disfraz inflable de Alien para ni\u00f1os y adultos, disfraz de Cosplay para fiesta de ni\u00f1os y ni\u00f1as, traje divertido de Anime, disfraz de Halloween para hombre y mujer Especificaci\u00f3n Poli\u00e9ster 100% Ventiladores: 8000 rpm Tama\u00f1o de Alien Tama\u00f1o de los ni\u00f1os: 90cm-140cm Tama\u00f1o adulto: 150CM -190 CM Lista de paquetes 1 * disfraz 1 *&hellip;","_links":{"self":[{"href":"https:\/\/tiendachilevip.com\/index.php?rest_route=\/wp\/v2\/product\/1682","targetHints":{"allow":["GET"]}}],"collection":[{"href":"https:\/\/tiendachilevip.com\/index.php?rest_route=\/wp\/v2\/product"}],"about":[{"href":"https:\/\/tiendachilevip.com\/index.php?rest_route=\/wp\/v2\/types\/product"}],"replies":[{"embeddable":true,"href":"https:\/\/tiendachilevip.com\/index.php?rest_route=%2Fwp%2Fv2%2Fcomments&post=1682"}],"wp:featuredmedia":[{"embeddable":true,"href":"https:\/\/tiendachilevip.com\/index.php?rest_route=\/wp\/v2\/media\/1659"}],"wp:attachment":[{"href":"https:\/\/tiendachilevip.com\/index.php?rest_route=%2Fwp%2Fv2%2Fmedia&parent=1682"}],"wp:term":[{"taxonomy":"product_brand","embeddable":true,"href":"https:\/\/tiendachilevip.com\/index.php?rest_route=%2Fwp%2Fv2%2Fproduct_brand&post=1682"},{"taxonomy":"product_cat","embeddable":true,"href":"https:\/\/tiendachilevip.com\/index.php?rest_route=%2Fwp%2Fv2%2Fproduct_cat&post=1682"},{"taxonomy":"product_tag","embeddable":true,"href":"https:\/\/tiendachilevip.com\/index.php?rest_route=%2Fwp%2Fv2%2Fproduct_tag&post=1682"}],"curies":[{"name":"wp","href":"https:\/\/api.w.org\/{rel}","templated":true}]}}