{"id":1669,"date":"2023-10-27T01:48:54","date_gmt":"2023-10-27T05:48:54","guid":{"rendered":"https:\/\/tiendachilevip.com\/?post_type=product&#038;p=1669"},"modified":"2025-12-07T11:54:26","modified_gmt":"2025-12-07T15:54:26","slug":"dinosaurio-inflable-divertido","status":"publish","type":"product","link":"https:\/\/tiendachilevip.com\/?product=dinosaurio-inflable-divertido","title":{"rendered":"Dinosaurio Inflable Divertido"},"content":{"rendered":"<p>DISFRAZ DINOSAURIO HINCHABLE<\/p>\n<p>Disfraz de fiesta de Halloween<\/p>\n<p>TAMA\u00d1O<\/p>\n<p>Tama\u00f1o del adulto: altura 150-195cm<br \/>\nTama\u00f1o de los ni\u00f1os: altura 120-145cm<\/p>\n<p>PAQUETE<\/p>\n<p>1 * disfraz<br \/>\n1 * ventilador<br \/>\n1 * caja de bater\u00eda (no incluye bater\u00eda)<\/p>\n<div class=\"ast-oembed-container \" style=\"height: 100%;\"><iframe loading=\"lazy\" title=\"A Day in the Life of the Dinosaur Family - Smith Family Halloween 2018\" width=\"500\" height=\"281\" src=\"https:\/\/www.youtube.com\/embed\/e999w5HpjTQ?feature=oembed\" frameborder=\"0\" allow=\"accelerometer; autoplay; clipboard-write; encrypted-media; gyroscope; picture-in-picture; web-share\" referrerpolicy=\"strict-origin-when-cross-origin\" allowfullscreen><\/iframe><\/div>\n","protected":false},"excerpt":{"rendered":"<p>DISFRAZ DINOSAURIO HINCHABLE Disfraz de fiesta de Halloween TAMA\u00d1O Tama\u00f1o del adulto: altura 150-195cm Tama\u00f1o de los ni\u00f1os: altura 120-145cm PAQUETE 1 * disfraz 1 * ventilador 1 * caja de bater\u00eda (no incluye bater\u00eda)<\/p>\n","protected":false},"featured_media":1650,"comment_status":"open","ping_status":"closed","template":"","meta":{"_uag_custom_page_level_css":"","site-sidebar-layout":"default","site-content-layout":"","ast-site-content-layout":"default","site-content-style":"default","site-sidebar-style":"default","ast-global-header-display":"","ast-banner-title-visibility":"","ast-main-header-display":"","ast-hfb-above-header-display":"","ast-hfb-below-header-display":"","ast-hfb-mobile-header-display":"","site-post-title":"","ast-breadcrumbs-content":"","ast-featured-img":"","footer-sml-layout":"","ast-disable-related-posts":"","theme-transparent-header-meta":"default","adv-header-id-meta":"","stick-header-meta":"","header-above-stick-meta":"","header-main-stick-meta":"","header-below-stick-meta":"","astra-migrate-meta-layouts":"set","ast-page-background-enabled":"default","ast-page-background-meta":{"desktop":{"background-color":"","background-image":"","background-repeat":"repeat","background-position":"center center","background-size":"auto","background-attachment":"scroll","background-type":"","background-media":"","overlay-type":"","overlay-color":"","overlay-opacity":"","overlay-gradient":""},"tablet":{"background-color":"","background-image":"","background-repeat":"repeat","background-position":"center center","background-size":"auto","background-attachment":"scroll","background-type":"","background-media":"","overlay-type":"","overlay-color":"","overlay-opacity":"","overlay-gradient":""},"mobile":{"background-color":"","background-image":"","background-repeat":"repeat","background-position":"center center","background-size":"auto","background-attachment":"scroll","background-type":"","background-media":"","overlay-type":"","overlay-color":"","overlay-opacity":"","overlay-gradient":""}},"ast-content-background-meta":{"desktop":{"background-color":"var(--ast-global-color-5)","background-image":"","background-repeat":"repeat","background-position":"center center","background-size":"auto","background-attachment":"scroll","background-type":"","background-media":"","overlay-type":"","overlay-color":"","overlay-opacity":"","overlay-gradient":""},"tablet":{"background-color":"var(--ast-global-color-5)","background-image":"","background-repeat":"repeat","background-position":"center center","background-size":"auto","background-attachment":"scroll","background-type":"","background-media":"","overlay-type":"","overlay-color":"","overlay-opacity":"","overlay-gradient":""},"mobile":{"background-color":"var(--ast-global-color-5)","background-image":"","background-repeat":"repeat","background-position":"center center","background-size":"auto","background-attachment":"scroll","background-type":"","background-media":"","overlay-type":"","overlay-color":"","overlay-opacity":"","overlay-gradient":""}},"_joinchat":[]},"product_brand":[],"product_cat":[22],"product_tag":[76,77,78,75],"class_list":{"0":"post-1669","1":"product","2":"type-product","3":"status-publish","4":"has-post-thumbnail","6":"product_cat-disfraces","7":"product_tag-dinosaurio-inflable","8":"product_tag-disfraz-de-dinosaurio","9":"product_tag-disfraz-divertido","10":"product_tag-disfraz-halloween","11":"desktop-align-left","12":"tablet-align-left","13":"mobile-align-left","15":"first","16":"instock","17":"taxable","18":"shipping-taxable","19":"purchasable","20":"product-type-variable"},"uagb_featured_image_src":{"full":["https:\/\/tiendachilevip.com\/wp-content\/uploads\/2023\/08\/3-1.png",960,960,false],"thumbnail":["https:\/\/tiendachilevip.com\/wp-content\/uploads\/2023\/08\/3-1-150x150.png",150,150,true],"medium":["https:\/\/tiendachilevip.com\/wp-content\/uploads\/2023\/08\/3-1-300x300.png",300,300,true],"medium_large":["https:\/\/tiendachilevip.com\/wp-content\/uploads\/2023\/08\/3-1-768x768.png",768,768,true],"large":["https:\/\/tiendachilevip.com\/wp-content\/uploads\/2023\/08\/3-1.png",960,960,false],"1536x1536":["https:\/\/tiendachilevip.com\/wp-content\/uploads\/2023\/08\/3-1.png",960,960,false],"2048x2048":["https:\/\/tiendachilevip.com\/wp-content\/uploads\/2023\/08\/3-1.png",960,960,false],"woocommerce_thumbnail":["https:\/\/tiendachilevip.com\/wp-content\/uploads\/2023\/08\/3-1-300x300.png",300,300,true],"woocommerce_single":["https:\/\/tiendachilevip.com\/wp-content\/uploads\/2023\/08\/3-1-600x600.png",600,600,true],"woocommerce_gallery_thumbnail":["https:\/\/tiendachilevip.com\/wp-content\/uploads\/2023\/08\/3-1-100x100.png",100,100,true]},"uagb_author_info":{"display_name":"pablo lopez","author_link":"https:\/\/tiendachilevip.com\/?author=0"},"uagb_comment_info":4,"uagb_excerpt":"DISFRAZ DINOSAURIO HINCHABLE Disfraz de fiesta de Halloween TAMA\u00d1O Tama\u00f1o del adulto: altura 150-195cm Tama\u00f1o de los ni\u00f1os: altura 120-145cm PAQUETE 1 * disfraz 1 * ventilador 1 * caja de bater\u00eda (no incluye bater\u00eda)","_links":{"self":[{"href":"https:\/\/tiendachilevip.com\/index.php?rest_route=\/wp\/v2\/product\/1669","targetHints":{"allow":["GET"]}}],"collection":[{"href":"https:\/\/tiendachilevip.com\/index.php?rest_route=\/wp\/v2\/product"}],"about":[{"href":"https:\/\/tiendachilevip.com\/index.php?rest_route=\/wp\/v2\/types\/product"}],"replies":[{"embeddable":true,"href":"https:\/\/tiendachilevip.com\/index.php?rest_route=%2Fwp%2Fv2%2Fcomments&post=1669"}],"wp:featuredmedia":[{"embeddable":true,"href":"https:\/\/tiendachilevip.com\/index.php?rest_route=\/wp\/v2\/media\/1650"}],"wp:attachment":[{"href":"https:\/\/tiendachilevip.com\/index.php?rest_route=%2Fwp%2Fv2%2Fmedia&parent=1669"}],"wp:term":[{"taxonomy":"product_brand","embeddable":true,"href":"https:\/\/tiendachilevip.com\/index.php?rest_route=%2Fwp%2Fv2%2Fproduct_brand&post=1669"},{"taxonomy":"product_cat","embeddable":true,"href":"https:\/\/tiendachilevip.com\/index.php?rest_route=%2Fwp%2Fv2%2Fproduct_cat&post=1669"},{"taxonomy":"product_tag","embeddable":true,"href":"https:\/\/tiendachilevip.com\/index.php?rest_route=%2Fwp%2Fv2%2Fproduct_tag&post=1669"}],"curies":[{"name":"wp","href":"https:\/\/api.w.org\/{rel}","templated":true}]}}