{"id":1619,"date":"2023-08-27T10:33:42","date_gmt":"2023-08-27T14:33:42","guid":{"rendered":"https:\/\/tiendachilevip.com\/?post_type=product&#038;p=1619"},"modified":"2023-08-27T10:33:50","modified_gmt":"2023-08-27T14:33:50","slug":"medidor-consumo-watt-electricidad-kwh-voltimetro-amperimetro","status":"publish","type":"product","link":"https:\/\/tiendachilevip.com\/?product=medidor-consumo-watt-electricidad-kwh-voltimetro-amperimetro","title":{"rendered":"Medidor Consumo Watt Electricidad Kwh Voltimetro Amperimetro"},"content":{"rendered":"<h2 class=\"ui-pdp-description__title\">Descripci\u00f3n<\/h2>\n<p class=\"ui-pdp-description__content\">-MIDA F\u00c1CILMENTE EL CONSUMO DE ENERG\u00cdA Y EL COSTO DE SUS APARATOS EL\u00c9CTRICOS. S\u00d3LO DEBE CONECTAR EL MEDIDOR EN EL ENCHUFE Y LUEGO CONECTE SU APARATO EN EL MEDIDOR.<\/p>\n<p>-CON LA AYUDA DE ESTE MONITOR, PUEDE CONOCER CON CERTEZA EL COSTO EN ESPERA, LO QUE EL FACTOR DE POTENCIA ES, SI LOS APARATOS EST\u00c1N MUY CARGADOS, Y POR CU\u00c1NTO TIEMPO.<\/p>\n<p>ESPECIFICACIONES:<br \/>\n-CONSUMO DE ENERG\u00cdA DEL MONITOR DEL METRO DE ENERG\u00cdA: 0.5 W<br \/>\n-VOLTAJE DE FUNCIONAMIENTO: 230VAC<br \/>\n-VISUALIZACI\u00d3N DE LA FRECUENCIA: 50 HZ<br \/>\n-CORRIENTE DE FUNCIONAMIENTO: MAX 16A<br \/>\n-AMPLIO RANGO DE TENSI\u00d3N: 2300 V-250 V<br \/>\n-EL SET DISPLAY POTENCIA (VATIOS) ES 0 W ~ 9999 W; PERO LA PANTALLA POTENCIA REAL (VATIOS) ES DE 0 ~ 3680 W<br \/>\n-TIMING RANGO DE VISUALIZACI\u00d3N: 0 SEGUNDOS ~ 9999 D\u00cdAS<br \/>\n-RANGO DE VISUALIZACI\u00d3N DE VOLTAJE: 0 V ~ 9999 V<br \/>\nCORRIENTE PANTALLA (AMPERIOS): 0.000A ~ 16.000A<br \/>\n-VISUALIZACI\u00d3N DE LA FRECUENCIA: 0HZ ~ 9999HZ<br \/>\n-RANGO DE VISUALIZACI\u00d3N DE PRECIOS: 0.00 COSTO\/KWH A 99.99 99.99COST\/KWH<br \/>\n-TOTAL KWH Y EL COSTO: 0.000KWH-9999KWH,<br \/>\n0.00COST &#8212;- 9999 COSTO<br \/>\n-MEDIDAS DIVERSOS PAR\u00c1METROS: POTENCIA (W), LA ENERG\u00cdA (KWH), VOLTIOS, AMPERIOS, HERTZIOS, FACTOR DE POTENCIA Y LA POTENCIA M\u00c1XIMA (W), LA HORA, D\u00cdA &#8211; KWH ES DE VITAL IMPORTANCIA YA QUE ESTO ES LO QUE SUS FACTURAS DE ELECTRICIDAD SE BASAN.<\/p>\n<p>SOMOS TIENDACHILEVIP CL PARA SERVIRTE, ENTREGAS PERSONALES EN METRO SAN PABLO O DELIVERY.<\/p>\n<p>DESDE EL MES DE ENERO DE 2023 MERCADOLIBRE REPORTA TODAS LAS VENTAS COMO BOLETA ELECTRONICA ANTE EL SII AUTOMATICAMENTE POR LO QUE EL CORREO RECIBIDO AL OFERTAR ES VALIDO COMO COMPROBANTE LEGAL ELECTRONICO<\/p>\n<p>LAS FOTOGRAF\u00cdAS DEL ART\u00cdCULO SON DE REFERENCIA. REVISE LA DESCRIPCI\u00d3N Y PREG\u00daNTENOS SI A\u00daN TIENE DUDAS<\/p>\n<p>Garant\u00eda del vendedor: 1 meses<\/p>\n","protected":false},"excerpt":{"rendered":"<p>Descripci\u00f3n -MIDA F\u00c1CILMENTE EL CONSUMO DE ENERG\u00cdA Y EL COSTO DE SUS APARATOS EL\u00c9CTRICOS. S\u00d3LO DEBE CONECTAR EL MEDIDOR EN EL ENCHUFE Y LUEGO CONECTE SU APARATO EN EL MEDIDOR. -CON LA AYUDA DE ESTE MONITOR, PUEDE CONOCER CON CERTEZA EL COSTO EN ESPERA, LO QUE EL FACTOR DE POTENCIA ES, SI LOS APARATOS EST\u00c1N [&hellip;]<\/p>\n","protected":false},"featured_media":1622,"comment_status":"open","ping_status":"closed","template":"","meta":{"_uag_custom_page_level_css":"","site-sidebar-layout":"default","site-content-layout":"","ast-site-content-layout":"default","site-content-style":"default","site-sidebar-style":"default","ast-global-header-display":"","ast-banner-title-visibility":"","ast-main-header-display":"","ast-hfb-above-header-display":"","ast-hfb-below-header-display":"","ast-hfb-mobile-header-display":"","site-post-title":"","ast-breadcrumbs-content":"","ast-featured-img":"","footer-sml-layout":"","ast-disable-related-posts":"","theme-transparent-header-meta":"","adv-header-id-meta":"","stick-header-meta":"","header-above-stick-meta":"","header-main-stick-meta":"","header-below-stick-meta":"","astra-migrate-meta-layouts":"default","ast-page-background-enabled":"default","ast-page-background-meta":{"desktop":{"background-color":"","background-image":"","background-repeat":"repeat","background-position":"center center","background-size":"auto","background-attachment":"scroll","background-type":"","background-media":"","overlay-type":"","overlay-color":"","overlay-opacity":"","overlay-gradient":""},"tablet":{"background-color":"","background-image":"","background-repeat":"repeat","background-position":"center center","background-size":"auto","background-attachment":"scroll","background-type":"","background-media":"","overlay-type":"","overlay-color":"","overlay-opacity":"","overlay-gradient":""},"mobile":{"background-color":"","background-image":"","background-repeat":"repeat","background-position":"center center","background-size":"auto","background-attachment":"scroll","background-type":"","background-media":"","overlay-type":"","overlay-color":"","overlay-opacity":"","overlay-gradient":""}},"ast-content-background-meta":{"desktop":{"background-color":"var(--ast-global-color-5)","background-image":"","background-repeat":"repeat","background-position":"center center","background-size":"auto","background-attachment":"scroll","background-type":"","background-media":"","overlay-type":"","overlay-color":"","overlay-opacity":"","overlay-gradient":""},"tablet":{"background-color":"var(--ast-global-color-5)","background-image":"","background-repeat":"repeat","background-position":"center center","background-size":"auto","background-attachment":"scroll","background-type":"","background-media":"","overlay-type":"","overlay-color":"","overlay-opacity":"","overlay-gradient":""},"mobile":{"background-color":"var(--ast-global-color-5)","background-image":"","background-repeat":"repeat","background-position":"center center","background-size":"auto","background-attachment":"scroll","background-type":"","background-media":"","overlay-type":"","overlay-color":"","overlay-opacity":"","overlay-gradient":""}},"_joinchat":[]},"product_brand":[],"product_cat":[24],"product_tag":[67,65,66,68],"class_list":{"0":"post-1619","1":"product","2":"type-product","3":"status-publish","4":"has-post-thumbnail","6":"product_cat-electronica","7":"product_tag-amperaje","8":"product_tag-medidor-de-consumo","9":"product_tag-potencia","10":"product_tag-voltaje","11":"desktop-align-left","12":"tablet-align-left","13":"mobile-align-left","15":"first","16":"instock","17":"sale","18":"taxable","19":"shipping-taxable","20":"purchasable","21":"product-type-simple"},"uagb_featured_image_src":{"full":["https:\/\/tiendachilevip.com\/wp-content\/uploads\/2023\/08\/3.png",1000,1000,false],"thumbnail":["https:\/\/tiendachilevip.com\/wp-content\/uploads\/2023\/08\/3-150x150.png",150,150,true],"medium":["https:\/\/tiendachilevip.com\/wp-content\/uploads\/2023\/08\/3-300x300.png",300,300,true],"medium_large":["https:\/\/tiendachilevip.com\/wp-content\/uploads\/2023\/08\/3-768x768.png",768,768,true],"large":["https:\/\/tiendachilevip.com\/wp-content\/uploads\/2023\/08\/3.png",1000,1000,false],"1536x1536":["https:\/\/tiendachilevip.com\/wp-content\/uploads\/2023\/08\/3.png",1000,1000,false],"2048x2048":["https:\/\/tiendachilevip.com\/wp-content\/uploads\/2023\/08\/3.png",1000,1000,false],"woocommerce_thumbnail":["https:\/\/tiendachilevip.com\/wp-content\/uploads\/2023\/08\/3-300x300.png",300,300,true],"woocommerce_single":["https:\/\/tiendachilevip.com\/wp-content\/uploads\/2023\/08\/3-600x600.png",600,600,true],"woocommerce_gallery_thumbnail":["https:\/\/tiendachilevip.com\/wp-content\/uploads\/2023\/08\/3-100x100.png",100,100,true]},"uagb_author_info":{"display_name":"pablo lopez","author_link":"https:\/\/tiendachilevip.com\/?author=0"},"uagb_comment_info":0,"uagb_excerpt":"Descripci\u00f3n -MIDA F\u00c1CILMENTE EL CONSUMO DE ENERG\u00cdA Y EL COSTO DE SUS APARATOS EL\u00c9CTRICOS. S\u00d3LO DEBE CONECTAR EL MEDIDOR EN EL ENCHUFE Y LUEGO CONECTE SU APARATO EN EL MEDIDOR. -CON LA AYUDA DE ESTE MONITOR, PUEDE CONOCER CON CERTEZA EL COSTO EN ESPERA, LO QUE EL FACTOR DE POTENCIA ES, SI LOS APARATOS EST\u00c1N&hellip;","_links":{"self":[{"href":"https:\/\/tiendachilevip.com\/index.php?rest_route=\/wp\/v2\/product\/1619","targetHints":{"allow":["GET"]}}],"collection":[{"href":"https:\/\/tiendachilevip.com\/index.php?rest_route=\/wp\/v2\/product"}],"about":[{"href":"https:\/\/tiendachilevip.com\/index.php?rest_route=\/wp\/v2\/types\/product"}],"replies":[{"embeddable":true,"href":"https:\/\/tiendachilevip.com\/index.php?rest_route=%2Fwp%2Fv2%2Fcomments&post=1619"}],"wp:featuredmedia":[{"embeddable":true,"href":"https:\/\/tiendachilevip.com\/index.php?rest_route=\/wp\/v2\/media\/1622"}],"wp:attachment":[{"href":"https:\/\/tiendachilevip.com\/index.php?rest_route=%2Fwp%2Fv2%2Fmedia&parent=1619"}],"wp:term":[{"taxonomy":"product_brand","embeddable":true,"href":"https:\/\/tiendachilevip.com\/index.php?rest_route=%2Fwp%2Fv2%2Fproduct_brand&post=1619"},{"taxonomy":"product_cat","embeddable":true,"href":"https:\/\/tiendachilevip.com\/index.php?rest_route=%2Fwp%2Fv2%2Fproduct_cat&post=1619"},{"taxonomy":"product_tag","embeddable":true,"href":"https:\/\/tiendachilevip.com\/index.php?rest_route=%2Fwp%2Fv2%2Fproduct_tag&post=1619"}],"curies":[{"name":"wp","href":"https:\/\/api.w.org\/{rel}","templated":true}]}}