{"id":1596,"date":"2023-06-21T00:00:52","date_gmt":"2023-06-21T04:00:52","guid":{"rendered":"https:\/\/tiendachilevip.com\/?post_type=product&#038;p=1596"},"modified":"2025-12-07T12:04:16","modified_gmt":"2025-12-07T16:04:16","slug":"par-de-intercomunicadores-alta-calidad","status":"publish","type":"product","link":"https:\/\/tiendachilevip.com\/?product=par-de-intercomunicadores-alta-calidad","title":{"rendered":"Par de intercomunicadores alta calidad"},"content":{"rendered":"<p>XINOWY V6 Plus casco de motocicleta auricular Bluetooth intercomunicador 1200M interfono comunicador impermeable 2 jinetes<br \/>\nNOTA:<br \/>\nEste modelo no se puede emparejar con otro intercomunicador de marca.<br \/>\nAdmite hasta 2 usuarios para un intercomunicador d\u00faplex completo al mismo tiempo.<br \/>\nGran sonido de altavoz<br \/>\nTel\u00e9fono, m\u00fasica, comunicaci\u00f3n con la flota, f\u00e1cil de usar.<br \/>\n2 modos de intercomunicaci\u00f3n (N\u00famero m\u00e1ximo de intercomunicadores simult\u00e1neos: 2)<br \/>\nModo intercomunicador normal y modo intercomunicador privado<br \/>\nLa mejor reducci\u00f3n de ruido de su clase<br \/>\nAlta calidad, alta resoluci\u00f3n, alta reducci\u00f3n, alta fidelidad<\/p>\n<p>Distancia de intercomunicaci\u00f3n 1200M, transmisi\u00f3n ultra clara<br \/>\nLlamada de navegaci\u00f3n GPS<br \/>\nM\u00e1s claro y m\u00e1s f\u00e1cil de usar, comunicaci\u00f3n de larga distancia de 1200 metros.<br \/>\nSe puede conectar con otras marcas de auriculares Bluetooth.<br \/>\n850mAh, IP65 impermeable<br \/>\nAccesorios adhesivos a\u00f1adidos para combinar con m\u00e1s cascos.<br \/>\nSe agreg\u00f3 la interfaz de reemplazo para etiquetas blandas y duras, que pueden ser m\u00e1s convenientes para combinar con varios cascos.<br \/>\nBroches optimizados para que el producto sea m\u00e1s f\u00e1cil de encender y apagar.<br \/>\nEscenarios de aplicaci\u00f3n: Paseo, Paseo en moto, Moto nieve, Paraca\u00eddas<br \/>\nPaquete incluido:<\/p>\n<p>1\/2 x Intercomunicador de casco<\/p>\n<p>1\/2 x micr\u00f3fono (2 en 1) y auriculares<\/p>\n<p>1\/2 x cable de carga USB<\/p>\n<p>1\/2 x Clip + base adhesiva de doble cara<\/p>\n<p>1\/2 x destornillador<\/p>\n<p>1\/2 x manual de usuario<\/p>\n<p>Somos Tiendachilevip cl<\/p>\n","protected":false},"excerpt":{"rendered":"<p>XINOWY V6 Plus casco de motocicleta auricular Bluetooth intercomunicador 1200M interfono comunicador impermeable 2 jinetes NOTA: Este modelo no se puede emparejar con otro intercomunicador de marca. Admite hasta 2 usuarios para un intercomunicador d\u00faplex completo al mismo tiempo. Gran sonido de altavoz Tel\u00e9fono, m\u00fasica, comunicaci\u00f3n con la flota, f\u00e1cil de usar. 2 modos de [&hellip;]<\/p>\n","protected":false},"featured_media":1602,"comment_status":"open","ping_status":"closed","template":"","meta":{"_uag_custom_page_level_css":"","site-sidebar-layout":"default","site-content-layout":"","ast-site-content-layout":"default","site-content-style":"default","site-sidebar-style":"default","ast-global-header-display":"","ast-banner-title-visibility":"","ast-main-header-display":"","ast-hfb-above-header-display":"","ast-hfb-below-header-display":"","ast-hfb-mobile-header-display":"","site-post-title":"","ast-breadcrumbs-content":"","ast-featured-img":"","footer-sml-layout":"","ast-disable-related-posts":"","theme-transparent-header-meta":"default","adv-header-id-meta":"","stick-header-meta":"","header-above-stick-meta":"","header-main-stick-meta":"","header-below-stick-meta":"","astra-migrate-meta-layouts":"set","ast-page-background-enabled":"default","ast-page-background-meta":{"desktop":{"background-color":"","background-image":"","background-repeat":"repeat","background-position":"center center","background-size":"auto","background-attachment":"scroll","background-type":"","background-media":"","overlay-type":"","overlay-color":"","overlay-opacity":"","overlay-gradient":""},"tablet":{"background-color":"","background-image":"","background-repeat":"repeat","background-position":"center center","background-size":"auto","background-attachment":"scroll","background-type":"","background-media":"","overlay-type":"","overlay-color":"","overlay-opacity":"","overlay-gradient":""},"mobile":{"background-color":"","background-image":"","background-repeat":"repeat","background-position":"center center","background-size":"auto","background-attachment":"scroll","background-type":"","background-media":"","overlay-type":"","overlay-color":"","overlay-opacity":"","overlay-gradient":""}},"ast-content-background-meta":{"desktop":{"background-color":"var(--ast-global-color-5)","background-image":"","background-repeat":"repeat","background-position":"center center","background-size":"auto","background-attachment":"scroll","background-type":"","background-media":"","overlay-type":"","overlay-color":"","overlay-opacity":"","overlay-gradient":""},"tablet":{"background-color":"var(--ast-global-color-5)","background-image":"","background-repeat":"repeat","background-position":"center center","background-size":"auto","background-attachment":"scroll","background-type":"","background-media":"","overlay-type":"","overlay-color":"","overlay-opacity":"","overlay-gradient":""},"mobile":{"background-color":"var(--ast-global-color-5)","background-image":"","background-repeat":"repeat","background-position":"center center","background-size":"auto","background-attachment":"scroll","background-type":"","background-media":"","overlay-type":"","overlay-color":"","overlay-opacity":"","overlay-gradient":""}},"_joinchat":[]},"product_brand":[],"product_cat":[64],"product_tag":[],"class_list":{"0":"post-1596","1":"product","2":"type-product","3":"status-publish","4":"has-post-thumbnail","6":"product_cat-moto","7":"desktop-align-left","8":"tablet-align-left","9":"mobile-align-left","11":"first","12":"instock","13":"sale","14":"taxable","15":"shipping-taxable","16":"purchasable","17":"product-type-simple"},"uagb_featured_image_src":{"full":["https:\/\/tiendachilevip.com\/wp-content\/uploads\/2023\/06\/353666575_6774744752559739_2734315112797595214_n.jpg",603,603,false],"thumbnail":["https:\/\/tiendachilevip.com\/wp-content\/uploads\/2023\/06\/353666575_6774744752559739_2734315112797595214_n-150x150.jpg",150,150,true],"medium":["https:\/\/tiendachilevip.com\/wp-content\/uploads\/2023\/06\/353666575_6774744752559739_2734315112797595214_n-300x300.jpg",300,300,true],"medium_large":["https:\/\/tiendachilevip.com\/wp-content\/uploads\/2023\/06\/353666575_6774744752559739_2734315112797595214_n.jpg",603,603,false],"large":["https:\/\/tiendachilevip.com\/wp-content\/uploads\/2023\/06\/353666575_6774744752559739_2734315112797595214_n.jpg",603,603,false],"1536x1536":["https:\/\/tiendachilevip.com\/wp-content\/uploads\/2023\/06\/353666575_6774744752559739_2734315112797595214_n.jpg",603,603,false],"2048x2048":["https:\/\/tiendachilevip.com\/wp-content\/uploads\/2023\/06\/353666575_6774744752559739_2734315112797595214_n.jpg",603,603,false],"woocommerce_thumbnail":["https:\/\/tiendachilevip.com\/wp-content\/uploads\/2023\/06\/353666575_6774744752559739_2734315112797595214_n-300x300.jpg",300,300,true],"woocommerce_single":["https:\/\/tiendachilevip.com\/wp-content\/uploads\/2023\/06\/353666575_6774744752559739_2734315112797595214_n-600x600.jpg",600,600,true],"woocommerce_gallery_thumbnail":["https:\/\/tiendachilevip.com\/wp-content\/uploads\/2023\/06\/353666575_6774744752559739_2734315112797595214_n-100x100.jpg",100,100,true]},"uagb_author_info":{"display_name":"pablo lopez","author_link":"https:\/\/tiendachilevip.com\/?author=0"},"uagb_comment_info":2,"uagb_excerpt":"XINOWY V6 Plus casco de motocicleta auricular Bluetooth intercomunicador 1200M interfono comunicador impermeable 2 jinetes NOTA: Este modelo no se puede emparejar con otro intercomunicador de marca. Admite hasta 2 usuarios para un intercomunicador d\u00faplex completo al mismo tiempo. Gran sonido de altavoz Tel\u00e9fono, m\u00fasica, comunicaci\u00f3n con la flota, f\u00e1cil de usar. 2 modos de&hellip;","_links":{"self":[{"href":"https:\/\/tiendachilevip.com\/index.php?rest_route=\/wp\/v2\/product\/1596","targetHints":{"allow":["GET"]}}],"collection":[{"href":"https:\/\/tiendachilevip.com\/index.php?rest_route=\/wp\/v2\/product"}],"about":[{"href":"https:\/\/tiendachilevip.com\/index.php?rest_route=\/wp\/v2\/types\/product"}],"replies":[{"embeddable":true,"href":"https:\/\/tiendachilevip.com\/index.php?rest_route=%2Fwp%2Fv2%2Fcomments&post=1596"}],"wp:featuredmedia":[{"embeddable":true,"href":"https:\/\/tiendachilevip.com\/index.php?rest_route=\/wp\/v2\/media\/1602"}],"wp:attachment":[{"href":"https:\/\/tiendachilevip.com\/index.php?rest_route=%2Fwp%2Fv2%2Fmedia&parent=1596"}],"wp:term":[{"taxonomy":"product_brand","embeddable":true,"href":"https:\/\/tiendachilevip.com\/index.php?rest_route=%2Fwp%2Fv2%2Fproduct_brand&post=1596"},{"taxonomy":"product_cat","embeddable":true,"href":"https:\/\/tiendachilevip.com\/index.php?rest_route=%2Fwp%2Fv2%2Fproduct_cat&post=1596"},{"taxonomy":"product_tag","embeddable":true,"href":"https:\/\/tiendachilevip.com\/index.php?rest_route=%2Fwp%2Fv2%2Fproduct_tag&post=1596"}],"curies":[{"name":"wp","href":"https:\/\/api.w.org\/{rel}","templated":true}]}}