{"id":1572,"date":"2023-06-04T18:06:44","date_gmt":"2023-06-04T22:06:44","guid":{"rendered":"https:\/\/tiendachilevip.com\/?post_type=product&#038;p=1572"},"modified":"2023-06-04T18:06:44","modified_gmt":"2023-06-04T22:06:44","slug":"tira-led-1m-sensor-movimiento","status":"publish","type":"product","link":"https:\/\/tiendachilevip.com\/?product=tira-led-1m-sensor-movimiento","title":{"rendered":"Tira Led 1m Sensor Movimiento"},"content":{"rendered":"<p>Caracter\u00edsticas<\/p>\n<p>1 esta luz con la mano del interruptor del Sensor es la soluci\u00f3n perfecta para la cocina. Ba\u00f1o esos lugares que no quieres tocar el interruptor cuando tus manos est\u00e1n mojadas s\u00f3lo la mano sobre el interruptor para activar la luz (la distancia de trabajo es de 2-5cm) \u00a1ONDA vuelva a!<br \/>\n2 Es perfecto para dormitorio cocina y gabinete armario escaleras<br \/>\n3 ligero y f\u00e1cil instalaci\u00f3n: que puede pegar en cualquier lugar que desee con tira adhesiva o tornillos<\/p>\n<p>Especificaci\u00f3n<\/p>\n<p>Tipo de interruptor: barrido interruptor Sensor de<br \/>\nColor de iluminaci\u00f3n: blanco<br \/>\nTemperatura de Color: blanco (6000K-6500K)<br \/>\nLED, tipo: 2835SMD<br \/>\nLongitud: 1M<br \/>\nVoltaje: DC5V<br \/>\nAdaptador de alimentaci\u00f3n: alimentado por USB<br \/>\nDistancia de detecci\u00f3n: 2-5cm<br \/>\nCRI:&gt;85<\/p>\n","protected":false},"excerpt":{"rendered":"<p>Caracter\u00edsticas 1 esta luz con la mano del interruptor del Sensor es la soluci\u00f3n perfecta para la cocina. Ba\u00f1o esos lugares que no quieres tocar el interruptor cuando tus manos est\u00e1n mojadas s\u00f3lo la mano sobre el interruptor para activar la luz (la distancia de trabajo es de 2-5cm) \u00a1ONDA vuelva a! 2 Es perfecto [&hellip;]<\/p>\n","protected":false},"featured_media":1573,"comment_status":"open","ping_status":"closed","template":"","meta":{"_uag_custom_page_level_css":"","site-sidebar-layout":"default","site-content-layout":"","ast-site-content-layout":"default","site-content-style":"default","site-sidebar-style":"default","ast-global-header-display":"","ast-banner-title-visibility":"","ast-main-header-display":"","ast-hfb-above-header-display":"","ast-hfb-below-header-display":"","ast-hfb-mobile-header-display":"","site-post-title":"","ast-breadcrumbs-content":"","ast-featured-img":"","footer-sml-layout":"","ast-disable-related-posts":"","theme-transparent-header-meta":"","adv-header-id-meta":"","stick-header-meta":"","header-above-stick-meta":"","header-main-stick-meta":"","header-below-stick-meta":"","astra-migrate-meta-layouts":"default","ast-page-background-enabled":"default","ast-page-background-meta":{"desktop":{"background-color":"","background-image":"","background-repeat":"repeat","background-position":"center center","background-size":"auto","background-attachment":"scroll","background-type":"","background-media":"","overlay-type":"","overlay-color":"","overlay-opacity":"","overlay-gradient":""},"tablet":{"background-color":"","background-image":"","background-repeat":"repeat","background-position":"center center","background-size":"auto","background-attachment":"scroll","background-type":"","background-media":"","overlay-type":"","overlay-color":"","overlay-opacity":"","overlay-gradient":""},"mobile":{"background-color":"","background-image":"","background-repeat":"repeat","background-position":"center center","background-size":"auto","background-attachment":"scroll","background-type":"","background-media":"","overlay-type":"","overlay-color":"","overlay-opacity":"","overlay-gradient":""}},"ast-content-background-meta":{"desktop":{"background-color":"var(--ast-global-color-5)","background-image":"","background-repeat":"repeat","background-position":"center center","background-size":"auto","background-attachment":"scroll","background-type":"","background-media":"","overlay-type":"","overlay-color":"","overlay-opacity":"","overlay-gradient":""},"tablet":{"background-color":"var(--ast-global-color-5)","background-image":"","background-repeat":"repeat","background-position":"center center","background-size":"auto","background-attachment":"scroll","background-type":"","background-media":"","overlay-type":"","overlay-color":"","overlay-opacity":"","overlay-gradient":""},"mobile":{"background-color":"var(--ast-global-color-5)","background-image":"","background-repeat":"repeat","background-position":"center center","background-size":"auto","background-attachment":"scroll","background-type":"","background-media":"","overlay-type":"","overlay-color":"","overlay-opacity":"","overlay-gradient":""}},"_joinchat":[]},"product_brand":[],"product_cat":[37],"product_tag":[],"class_list":{"0":"post-1572","1":"product","2":"type-product","3":"status-publish","4":"has-post-thumbnail","6":"product_cat-hogar","7":"desktop-align-left","8":"tablet-align-left","9":"mobile-align-left","11":"first","12":"instock","13":"sale","14":"taxable","15":"shipping-taxable","16":"purchasable","17":"product-type-simple"},"uagb_featured_image_src":{"full":["https:\/\/tiendachilevip.com\/wp-content\/uploads\/2023\/06\/1-5.png",1000,1000,false],"thumbnail":["https:\/\/tiendachilevip.com\/wp-content\/uploads\/2023\/06\/1-5-150x150.png",150,150,true],"medium":["https:\/\/tiendachilevip.com\/wp-content\/uploads\/2023\/06\/1-5-300x300.png",300,300,true],"medium_large":["https:\/\/tiendachilevip.com\/wp-content\/uploads\/2023\/06\/1-5-768x768.png",768,768,true],"large":["https:\/\/tiendachilevip.com\/wp-content\/uploads\/2023\/06\/1-5.png",1000,1000,false],"1536x1536":["https:\/\/tiendachilevip.com\/wp-content\/uploads\/2023\/06\/1-5.png",1000,1000,false],"2048x2048":["https:\/\/tiendachilevip.com\/wp-content\/uploads\/2023\/06\/1-5.png",1000,1000,false],"woocommerce_thumbnail":["https:\/\/tiendachilevip.com\/wp-content\/uploads\/2023\/06\/1-5-300x300.png",300,300,true],"woocommerce_single":["https:\/\/tiendachilevip.com\/wp-content\/uploads\/2023\/06\/1-5-600x600.png",600,600,true],"woocommerce_gallery_thumbnail":["https:\/\/tiendachilevip.com\/wp-content\/uploads\/2023\/06\/1-5-100x100.png",100,100,true]},"uagb_author_info":{"display_name":"pablo lopez","author_link":"https:\/\/tiendachilevip.com\/?author=0"},"uagb_comment_info":0,"uagb_excerpt":"Caracter\u00edsticas 1 esta luz con la mano del interruptor del Sensor es la soluci\u00f3n perfecta para la cocina. Ba\u00f1o esos lugares que no quieres tocar el interruptor cuando tus manos est\u00e1n mojadas s\u00f3lo la mano sobre el interruptor para activar la luz (la distancia de trabajo es de 2-5cm) \u00a1ONDA vuelva a! 2 Es perfecto&hellip;","_links":{"self":[{"href":"https:\/\/tiendachilevip.com\/index.php?rest_route=\/wp\/v2\/product\/1572","targetHints":{"allow":["GET"]}}],"collection":[{"href":"https:\/\/tiendachilevip.com\/index.php?rest_route=\/wp\/v2\/product"}],"about":[{"href":"https:\/\/tiendachilevip.com\/index.php?rest_route=\/wp\/v2\/types\/product"}],"replies":[{"embeddable":true,"href":"https:\/\/tiendachilevip.com\/index.php?rest_route=%2Fwp%2Fv2%2Fcomments&post=1572"}],"wp:featuredmedia":[{"embeddable":true,"href":"https:\/\/tiendachilevip.com\/index.php?rest_route=\/wp\/v2\/media\/1573"}],"wp:attachment":[{"href":"https:\/\/tiendachilevip.com\/index.php?rest_route=%2Fwp%2Fv2%2Fmedia&parent=1572"}],"wp:term":[{"taxonomy":"product_brand","embeddable":true,"href":"https:\/\/tiendachilevip.com\/index.php?rest_route=%2Fwp%2Fv2%2Fproduct_brand&post=1572"},{"taxonomy":"product_cat","embeddable":true,"href":"https:\/\/tiendachilevip.com\/index.php?rest_route=%2Fwp%2Fv2%2Fproduct_cat&post=1572"},{"taxonomy":"product_tag","embeddable":true,"href":"https:\/\/tiendachilevip.com\/index.php?rest_route=%2Fwp%2Fv2%2Fproduct_tag&post=1572"}],"curies":[{"name":"wp","href":"https:\/\/api.w.org\/{rel}","templated":true}]}}