{"id":1564,"date":"2023-06-04T14:51:53","date_gmt":"2023-06-04T18:51:53","guid":{"rendered":"https:\/\/tiendachilevip.com\/?post_type=product&#038;p=1564"},"modified":"2023-06-04T14:51:53","modified_gmt":"2023-06-04T18:51:53","slug":"tester-de-pilas","status":"publish","type":"product","link":"https:\/\/tiendachilevip.com\/?product=tester-de-pilas","title":{"rendered":"Tester De Pilas"},"content":{"rendered":"<p>Comprobador de bater\u00eda con bot\u00f3n Universal AA AAA C D 9V<br \/>\nNo por adivinar qu\u00e9 bater\u00edas mantener y qu\u00e9 tirar,<br \/>\nColoca la bater\u00eda entre los dos puntos del probador de bater\u00eda,<br \/>\nY la pantalla f\u00e1cil de leer le dir\u00e1 instant\u00e1neamente si tiene un dud,<br \/>\nO si puedes apagar otros minutos de duraci\u00f3n de la bater\u00eda.<br \/>\nComprueba el nivel de potencia de todas las bater\u00edas de 1,5 V y 9V<br \/>\nF\u00e1cil de leer, el medidor codificado por colores indica el nivel de potencia<br \/>\nPrueba celdas en miniatura de 1,5 V<br \/>\nTres resultados: rojo = reemplazar, amarillo = baja potencia, verde = Bueno<br \/>\nSi la aguja no se mueve, verifique que la bater\u00eda est\u00e9 tocando ambos contactos antes de asumir<br \/>\nQue est\u00e1 completamente muerto.<br \/>\nEl probador de bater\u00eda puede utilizarse para probar los siguientes tama\u00f1os:<br \/>\n1,5 V:<br \/>\nAAA, para HP16, MN2400, R03<br \/>\nAA, HP7, MN1500, UM3<br \/>\nC, HP11, MN1400, SP11, LR14, UM2<br \/>\nD, HP2, MN1300, SP2, R20, um1.<br \/>\n9V: PP3, MN1604, 6F22, 006P<br \/>\nNota:<br \/>\nEl probador de bater\u00eda se activa mediante la comprobaci\u00f3n de la bater\u00eda. Mant\u00e9n los tiempos de prueba lo m\u00e1s cortos posible para evitar un drenaje innecesario de la bater\u00eda.<br \/>\nColor: Negro<br \/>\nTama\u00f1o del art\u00edculo: 110x59x25mm<br \/>\nPeso neto: 51g<br \/>\nNota: pilas AAA no incluidas<br \/>\nContenido del embalaje:<br \/>\n1 x probador de bater\u00eda<\/p>\n","protected":false},"excerpt":{"rendered":"<p>Comprobador de bater\u00eda con bot\u00f3n Universal AA AAA C D 9V No por adivinar qu\u00e9 bater\u00edas mantener y qu\u00e9 tirar, Coloca la bater\u00eda entre los dos puntos del probador de bater\u00eda, Y la pantalla f\u00e1cil de leer le dir\u00e1 instant\u00e1neamente si tiene un dud, O si puedes apagar otros minutos de duraci\u00f3n de la bater\u00eda. [&hellip;]<\/p>\n","protected":false},"featured_media":1566,"comment_status":"open","ping_status":"closed","template":"","meta":{"_uag_custom_page_level_css":"","site-sidebar-layout":"default","site-content-layout":"","ast-site-content-layout":"default","site-content-style":"default","site-sidebar-style":"default","ast-global-header-display":"","ast-banner-title-visibility":"","ast-main-header-display":"","ast-hfb-above-header-display":"","ast-hfb-below-header-display":"","ast-hfb-mobile-header-display":"","site-post-title":"","ast-breadcrumbs-content":"","ast-featured-img":"","footer-sml-layout":"","ast-disable-related-posts":"","theme-transparent-header-meta":"","adv-header-id-meta":"","stick-header-meta":"","header-above-stick-meta":"","header-main-stick-meta":"","header-below-stick-meta":"","astra-migrate-meta-layouts":"default","ast-page-background-enabled":"default","ast-page-background-meta":{"desktop":{"background-color":"","background-image":"","background-repeat":"repeat","background-position":"center center","background-size":"auto","background-attachment":"scroll","background-type":"","background-media":"","overlay-type":"","overlay-color":"","overlay-opacity":"","overlay-gradient":""},"tablet":{"background-color":"","background-image":"","background-repeat":"repeat","background-position":"center center","background-size":"auto","background-attachment":"scroll","background-type":"","background-media":"","overlay-type":"","overlay-color":"","overlay-opacity":"","overlay-gradient":""},"mobile":{"background-color":"","background-image":"","background-repeat":"repeat","background-position":"center center","background-size":"auto","background-attachment":"scroll","background-type":"","background-media":"","overlay-type":"","overlay-color":"","overlay-opacity":"","overlay-gradient":""}},"ast-content-background-meta":{"desktop":{"background-color":"var(--ast-global-color-5)","background-image":"","background-repeat":"repeat","background-position":"center center","background-size":"auto","background-attachment":"scroll","background-type":"","background-media":"","overlay-type":"","overlay-color":"","overlay-opacity":"","overlay-gradient":""},"tablet":{"background-color":"var(--ast-global-color-5)","background-image":"","background-repeat":"repeat","background-position":"center center","background-size":"auto","background-attachment":"scroll","background-type":"","background-media":"","overlay-type":"","overlay-color":"","overlay-opacity":"","overlay-gradient":""},"mobile":{"background-color":"var(--ast-global-color-5)","background-image":"","background-repeat":"repeat","background-position":"center center","background-size":"auto","background-attachment":"scroll","background-type":"","background-media":"","overlay-type":"","overlay-color":"","overlay-opacity":"","overlay-gradient":""}},"_joinchat":[]},"product_brand":[],"product_cat":[24],"product_tag":[],"class_list":{"0":"post-1564","1":"product","2":"type-product","3":"status-publish","4":"has-post-thumbnail","6":"product_cat-electronica","7":"desktop-align-left","8":"tablet-align-left","9":"mobile-align-left","11":"first","12":"instock","13":"sale","14":"taxable","15":"shipping-taxable","16":"purchasable","17":"product-type-simple"},"uagb_featured_image_src":{"full":["https:\/\/tiendachilevip.com\/wp-content\/uploads\/2023\/06\/2-4.png",750,752,false],"thumbnail":["https:\/\/tiendachilevip.com\/wp-content\/uploads\/2023\/06\/2-4-150x150.png",150,150,true],"medium":["https:\/\/tiendachilevip.com\/wp-content\/uploads\/2023\/06\/2-4-300x300.png",300,300,true],"medium_large":["https:\/\/tiendachilevip.com\/wp-content\/uploads\/2023\/06\/2-4.png",750,752,false],"large":["https:\/\/tiendachilevip.com\/wp-content\/uploads\/2023\/06\/2-4.png",750,752,false],"1536x1536":["https:\/\/tiendachilevip.com\/wp-content\/uploads\/2023\/06\/2-4.png",750,752,false],"2048x2048":["https:\/\/tiendachilevip.com\/wp-content\/uploads\/2023\/06\/2-4.png",750,752,false],"woocommerce_thumbnail":["https:\/\/tiendachilevip.com\/wp-content\/uploads\/2023\/06\/2-4-300x300.png",300,300,true],"woocommerce_single":["https:\/\/tiendachilevip.com\/wp-content\/uploads\/2023\/06\/2-4-600x602.png",600,602,true],"woocommerce_gallery_thumbnail":["https:\/\/tiendachilevip.com\/wp-content\/uploads\/2023\/06\/2-4-100x100.png",100,100,true]},"uagb_author_info":{"display_name":"pablo lopez","author_link":"https:\/\/tiendachilevip.com\/?author=0"},"uagb_comment_info":0,"uagb_excerpt":"Comprobador de bater\u00eda con bot\u00f3n Universal AA AAA C D 9V No por adivinar qu\u00e9 bater\u00edas mantener y qu\u00e9 tirar, Coloca la bater\u00eda entre los dos puntos del probador de bater\u00eda, Y la pantalla f\u00e1cil de leer le dir\u00e1 instant\u00e1neamente si tiene un dud, O si puedes apagar otros minutos de duraci\u00f3n de la bater\u00eda.&hellip;","_links":{"self":[{"href":"https:\/\/tiendachilevip.com\/index.php?rest_route=\/wp\/v2\/product\/1564","targetHints":{"allow":["GET"]}}],"collection":[{"href":"https:\/\/tiendachilevip.com\/index.php?rest_route=\/wp\/v2\/product"}],"about":[{"href":"https:\/\/tiendachilevip.com\/index.php?rest_route=\/wp\/v2\/types\/product"}],"replies":[{"embeddable":true,"href":"https:\/\/tiendachilevip.com\/index.php?rest_route=%2Fwp%2Fv2%2Fcomments&post=1564"}],"wp:featuredmedia":[{"embeddable":true,"href":"https:\/\/tiendachilevip.com\/index.php?rest_route=\/wp\/v2\/media\/1566"}],"wp:attachment":[{"href":"https:\/\/tiendachilevip.com\/index.php?rest_route=%2Fwp%2Fv2%2Fmedia&parent=1564"}],"wp:term":[{"taxonomy":"product_brand","embeddable":true,"href":"https:\/\/tiendachilevip.com\/index.php?rest_route=%2Fwp%2Fv2%2Fproduct_brand&post=1564"},{"taxonomy":"product_cat","embeddable":true,"href":"https:\/\/tiendachilevip.com\/index.php?rest_route=%2Fwp%2Fv2%2Fproduct_cat&post=1564"},{"taxonomy":"product_tag","embeddable":true,"href":"https:\/\/tiendachilevip.com\/index.php?rest_route=%2Fwp%2Fv2%2Fproduct_tag&post=1564"}],"curies":[{"name":"wp","href":"https:\/\/api.w.org\/{rel}","templated":true}]}}