{"id":1554,"date":"2023-06-04T14:39:01","date_gmt":"2023-06-04T18:39:01","guid":{"rendered":"https:\/\/tiendachilevip.com\/?post_type=product&#038;p=1554"},"modified":"2023-06-04T14:39:01","modified_gmt":"2023-06-04T18:39:01","slug":"tester-de-induccion-electrica","status":"publish","type":"product","link":"https:\/\/tiendachilevip.com\/?product=tester-de-induccion-electrica","title":{"rendered":"Tester De Inducci\u00f3n El\u00e9ctrica"},"content":{"rendered":"<p>Indicador el\u00e9ctrico 90-1000V sin contacto Detector de voltaje toma de corriente de pared AC probador de corriente LED probador de luz indicador de potencia de pluma<\/p>\n<p>Caracter\u00edsticas:<\/p>\n<p>Enchufe el\u00e9ctrico toma de corriente CA de pared Detector de voltaje Sensor Tester Pen 90-1000V<\/p>\n<p>Los probadores de voltaje CA sin contacto de pr\u00f3xima generaci\u00f3n son f\u00e1ciles de usar: solo toque la punta a una tira de terminales, salida o cable de suministro. Cuando la punta brilla en rojo y la unidad emite un pitido, sabes que hay voltaje presente. Electricistas, mantenimiento, servicio, personal de seguridad y propietarios de viviendas pueden probar r\u00e1pidamente circuitos energizados en el lugar de trabajo o en casa.<\/p>\n<p>Rango de frecuencia: 50 a 500Hz<\/p>\n<p>Rango de tensi\u00f3n de prueba: 90-1000V CA<\/p>\n<p>Clasificaci\u00f3n de seguridad: CAT II 1000v<\/p>\n<p>Alimentado por: 2 pilas AAA (No incluido)<\/p>\n<p>Un kit de herramientas perfecto para uso dom\u00e9stico e industrial el\u00e9ctrico<\/p>\n<p>Dise\u00f1o Ideal para probar cables de alimentaci\u00f3n, disyuntores, enchufes de pared, cajas de conexiones, fusibles, etc.<\/p>\n<p>Solo tienes que pulsar el bot\u00f3n, la luz LED blanca siempre se puede encender cuando no hay voltaje.<\/p>\n<p>El sonido \u00abbip\u00bb y el LED rojo intermitente indican la presencia de voltaje.<\/p>\n<p>Totalmente aislado, sin partes met\u00e1licas o conductoras expuestas<\/p>\n<p>Larga vida \u00fatil y bajo consumo energ\u00e9tico<\/p>\n<p>Compacto, seguro y f\u00e1cil de llevar<\/p>\n<p>Nota: es necesario instalar bater\u00edas (no incluye bater\u00eda)<\/p>\n<p>Especificaciones:<\/p>\n<p>Material: pl\u00e1stico ABS<\/p>\n<p>Color: amarillo<\/p>\n<p>Tama\u00f1o del art\u00edculo: 152x23x15mm<\/p>\n<p>Tama\u00f1o del paquete: 204x91x19mm<\/p>\n<p>Peso neto: 45g<\/p>\n<p>Contenido del embalaje:<\/p>\n<p>1 x pluma de alerta de voltaje de luz LED<\/p>\n","protected":false},"excerpt":{"rendered":"<p>Indicador el\u00e9ctrico 90-1000V sin contacto Detector de voltaje toma de corriente de pared AC probador de corriente LED probador de luz indicador de potencia de pluma Caracter\u00edsticas: Enchufe el\u00e9ctrico toma de corriente CA de pared Detector de voltaje Sensor Tester Pen 90-1000V Los probadores de voltaje CA sin contacto de pr\u00f3xima generaci\u00f3n son f\u00e1ciles de [&hellip;]<\/p>\n","protected":false},"featured_media":1562,"comment_status":"open","ping_status":"closed","template":"","meta":{"_uag_custom_page_level_css":"","site-sidebar-layout":"default","site-content-layout":"","ast-site-content-layout":"default","site-content-style":"default","site-sidebar-style":"default","ast-global-header-display":"","ast-banner-title-visibility":"","ast-main-header-display":"","ast-hfb-above-header-display":"","ast-hfb-below-header-display":"","ast-hfb-mobile-header-display":"","site-post-title":"","ast-breadcrumbs-content":"","ast-featured-img":"","footer-sml-layout":"","ast-disable-related-posts":"","theme-transparent-header-meta":"","adv-header-id-meta":"","stick-header-meta":"","header-above-stick-meta":"","header-main-stick-meta":"","header-below-stick-meta":"","astra-migrate-meta-layouts":"default","ast-page-background-enabled":"default","ast-page-background-meta":{"desktop":{"background-color":"","background-image":"","background-repeat":"repeat","background-position":"center center","background-size":"auto","background-attachment":"scroll","background-type":"","background-media":"","overlay-type":"","overlay-color":"","overlay-opacity":"","overlay-gradient":""},"tablet":{"background-color":"","background-image":"","background-repeat":"repeat","background-position":"center center","background-size":"auto","background-attachment":"scroll","background-type":"","background-media":"","overlay-type":"","overlay-color":"","overlay-opacity":"","overlay-gradient":""},"mobile":{"background-color":"","background-image":"","background-repeat":"repeat","background-position":"center center","background-size":"auto","background-attachment":"scroll","background-type":"","background-media":"","overlay-type":"","overlay-color":"","overlay-opacity":"","overlay-gradient":""}},"ast-content-background-meta":{"desktop":{"background-color":"var(--ast-global-color-5)","background-image":"","background-repeat":"repeat","background-position":"center center","background-size":"auto","background-attachment":"scroll","background-type":"","background-media":"","overlay-type":"","overlay-color":"","overlay-opacity":"","overlay-gradient":""},"tablet":{"background-color":"var(--ast-global-color-5)","background-image":"","background-repeat":"repeat","background-position":"center center","background-size":"auto","background-attachment":"scroll","background-type":"","background-media":"","overlay-type":"","overlay-color":"","overlay-opacity":"","overlay-gradient":""},"mobile":{"background-color":"var(--ast-global-color-5)","background-image":"","background-repeat":"repeat","background-position":"center center","background-size":"auto","background-attachment":"scroll","background-type":"","background-media":"","overlay-type":"","overlay-color":"","overlay-opacity":"","overlay-gradient":""}},"_joinchat":[]},"product_brand":[],"product_cat":[24],"product_tag":[],"class_list":{"0":"post-1554","1":"product","2":"type-product","3":"status-publish","4":"has-post-thumbnail","6":"product_cat-electronica","7":"desktop-align-left","8":"tablet-align-left","9":"mobile-align-left","11":"first","12":"instock","13":"sale","14":"taxable","15":"shipping-taxable","16":"purchasable","17":"product-type-simple"},"uagb_featured_image_src":{"full":["https:\/\/tiendachilevip.com\/wp-content\/uploads\/2023\/06\/8.png",1000,1000,false],"thumbnail":["https:\/\/tiendachilevip.com\/wp-content\/uploads\/2023\/06\/8-150x150.png",150,150,true],"medium":["https:\/\/tiendachilevip.com\/wp-content\/uploads\/2023\/06\/8-300x300.png",300,300,true],"medium_large":["https:\/\/tiendachilevip.com\/wp-content\/uploads\/2023\/06\/8-768x768.png",768,768,true],"large":["https:\/\/tiendachilevip.com\/wp-content\/uploads\/2023\/06\/8.png",1000,1000,false],"1536x1536":["https:\/\/tiendachilevip.com\/wp-content\/uploads\/2023\/06\/8.png",1000,1000,false],"2048x2048":["https:\/\/tiendachilevip.com\/wp-content\/uploads\/2023\/06\/8.png",1000,1000,false],"woocommerce_thumbnail":["https:\/\/tiendachilevip.com\/wp-content\/uploads\/2023\/06\/8-300x300.png",300,300,true],"woocommerce_single":["https:\/\/tiendachilevip.com\/wp-content\/uploads\/2023\/06\/8-600x600.png",600,600,true],"woocommerce_gallery_thumbnail":["https:\/\/tiendachilevip.com\/wp-content\/uploads\/2023\/06\/8-100x100.png",100,100,true]},"uagb_author_info":{"display_name":"pablo lopez","author_link":"https:\/\/tiendachilevip.com\/?author=0"},"uagb_comment_info":0,"uagb_excerpt":"Indicador el\u00e9ctrico 90-1000V sin contacto Detector de voltaje toma de corriente de pared AC probador de corriente LED probador de luz indicador de potencia de pluma Caracter\u00edsticas: Enchufe el\u00e9ctrico toma de corriente CA de pared Detector de voltaje Sensor Tester Pen 90-1000V Los probadores de voltaje CA sin contacto de pr\u00f3xima generaci\u00f3n son f\u00e1ciles de&hellip;","_links":{"self":[{"href":"https:\/\/tiendachilevip.com\/index.php?rest_route=\/wp\/v2\/product\/1554","targetHints":{"allow":["GET"]}}],"collection":[{"href":"https:\/\/tiendachilevip.com\/index.php?rest_route=\/wp\/v2\/product"}],"about":[{"href":"https:\/\/tiendachilevip.com\/index.php?rest_route=\/wp\/v2\/types\/product"}],"replies":[{"embeddable":true,"href":"https:\/\/tiendachilevip.com\/index.php?rest_route=%2Fwp%2Fv2%2Fcomments&post=1554"}],"wp:featuredmedia":[{"embeddable":true,"href":"https:\/\/tiendachilevip.com\/index.php?rest_route=\/wp\/v2\/media\/1562"}],"wp:attachment":[{"href":"https:\/\/tiendachilevip.com\/index.php?rest_route=%2Fwp%2Fv2%2Fmedia&parent=1554"}],"wp:term":[{"taxonomy":"product_brand","embeddable":true,"href":"https:\/\/tiendachilevip.com\/index.php?rest_route=%2Fwp%2Fv2%2Fproduct_brand&post=1554"},{"taxonomy":"product_cat","embeddable":true,"href":"https:\/\/tiendachilevip.com\/index.php?rest_route=%2Fwp%2Fv2%2Fproduct_cat&post=1554"},{"taxonomy":"product_tag","embeddable":true,"href":"https:\/\/tiendachilevip.com\/index.php?rest_route=%2Fwp%2Fv2%2Fproduct_tag&post=1554"}],"curies":[{"name":"wp","href":"https:\/\/api.w.org\/{rel}","templated":true}]}}