{"id":1539,"date":"2023-06-04T14:26:53","date_gmt":"2023-06-04T18:26:53","guid":{"rendered":"https:\/\/tiendachilevip.com\/?post_type=product&#038;p=1539"},"modified":"2023-06-04T14:26:54","modified_gmt":"2023-06-04T18:26:54","slug":"termometro-digital-cocina","status":"publish","type":"product","link":"https:\/\/tiendachilevip.com\/?product=termometro-digital-cocina","title":{"rendered":"Termometro Digital Cocina"},"content":{"rendered":"<p>Modelo: TP101 electr\u00f3nica digital term\u00f3metro<\/p>\n<p>La sonda es de acero inoxidable<\/p>\n<p>Lista de productos: un term\u00f3metro, un manual<\/p>\n<p>Rango de medici\u00f3n: La temperatura del agua comida l\u00edquido pasta de Temperatura de la leche t\u00e9 sopa de cerveza y en<\/p>\n<p>Temperatura Rango de medici\u00f3n: -50 \u00b0 C a 300 \u00b0 C (-58 \u00b0 F A + 572 \u00b0 F) amplio rango de medici\u00f3n<br \/>\nCaracter\u00edsticas:<br \/>\nPen-Estructura de tipo de sonda de acero inoxidable recto medici\u00f3n f\u00e1cil de llevar<br \/>\nBot\u00f3n de funci\u00f3n Descripci\u00f3n: 1 en\/: Funci\u00f3n de interruptor<br \/>\n2 C \/ F: Celsius \/ Fahrenheit de conversi\u00f3n<br \/>\n3. HOLD: Cerradura de temperatura funci\u00f3n Presione este bot\u00f3n y la temperatura es cerrada. Y luego la funci\u00f3n de bloqueo para ascensor<br \/>\n4 MAX \/ MIN: de alta temperatura y baja temperatura de memoria pulse este bot\u00f3n para mostrar el anterior de alta temperatura y luego presione la pantalla anterior de baja temperatura \u00bfY restaurar la medici\u00f3n de la temperatura?<br \/>\nDatos t\u00e9cnicos:<br \/>\nResoluci\u00f3n: 0,1 \u00b0<br \/>\nPrecisi\u00f3n: \u00b1 1 \u00b0 (-20 \u00b0 ~ + 80 \u00b0) \u00b1 2 \u00b0 (rango)<br \/>\nModo de ahorro de energ\u00eda: 10 minutos apagado autom\u00e1tico funci\u00f3n de ahorro de energ\u00eda<br \/>\nFuente de alimentaci\u00f3n: AG13 bater\u00eda de bot\u00f3n 1(no incluido)<br \/>\nPor favor, especifique su elecci\u00f3n de color. Si no. Le enviaremos el color al azar (blanco y negro)<\/p>\n","protected":false},"excerpt":{"rendered":"<p>Modelo: TP101 electr\u00f3nica digital term\u00f3metro La sonda es de acero inoxidable Lista de productos: un term\u00f3metro, un manual Rango de medici\u00f3n: La temperatura del agua comida l\u00edquido pasta de Temperatura de la leche t\u00e9 sopa de cerveza y en Temperatura Rango de medici\u00f3n: -50 \u00b0 C a 300 \u00b0 C (-58 \u00b0 F A + [&hellip;]<\/p>\n","protected":false},"featured_media":1546,"comment_status":"open","ping_status":"closed","template":"","meta":{"_uag_custom_page_level_css":"","site-sidebar-layout":"default","site-content-layout":"","ast-site-content-layout":"default","site-content-style":"default","site-sidebar-style":"default","ast-global-header-display":"","ast-banner-title-visibility":"","ast-main-header-display":"","ast-hfb-above-header-display":"","ast-hfb-below-header-display":"","ast-hfb-mobile-header-display":"","site-post-title":"","ast-breadcrumbs-content":"","ast-featured-img":"","footer-sml-layout":"","ast-disable-related-posts":"","theme-transparent-header-meta":"","adv-header-id-meta":"","stick-header-meta":"","header-above-stick-meta":"","header-main-stick-meta":"","header-below-stick-meta":"","astra-migrate-meta-layouts":"default","ast-page-background-enabled":"default","ast-page-background-meta":{"desktop":{"background-color":"","background-image":"","background-repeat":"repeat","background-position":"center center","background-size":"auto","background-attachment":"scroll","background-type":"","background-media":"","overlay-type":"","overlay-color":"","overlay-opacity":"","overlay-gradient":""},"tablet":{"background-color":"","background-image":"","background-repeat":"repeat","background-position":"center center","background-size":"auto","background-attachment":"scroll","background-type":"","background-media":"","overlay-type":"","overlay-color":"","overlay-opacity":"","overlay-gradient":""},"mobile":{"background-color":"","background-image":"","background-repeat":"repeat","background-position":"center center","background-size":"auto","background-attachment":"scroll","background-type":"","background-media":"","overlay-type":"","overlay-color":"","overlay-opacity":"","overlay-gradient":""}},"ast-content-background-meta":{"desktop":{"background-color":"var(--ast-global-color-5)","background-image":"","background-repeat":"repeat","background-position":"center center","background-size":"auto","background-attachment":"scroll","background-type":"","background-media":"","overlay-type":"","overlay-color":"","overlay-opacity":"","overlay-gradient":""},"tablet":{"background-color":"var(--ast-global-color-5)","background-image":"","background-repeat":"repeat","background-position":"center center","background-size":"auto","background-attachment":"scroll","background-type":"","background-media":"","overlay-type":"","overlay-color":"","overlay-opacity":"","overlay-gradient":""},"mobile":{"background-color":"var(--ast-global-color-5)","background-image":"","background-repeat":"repeat","background-position":"center center","background-size":"auto","background-attachment":"scroll","background-type":"","background-media":"","overlay-type":"","overlay-color":"","overlay-opacity":"","overlay-gradient":""}},"_joinchat":[]},"product_brand":[],"product_cat":[43],"product_tag":[],"class_list":{"0":"post-1539","1":"product","2":"type-product","3":"status-publish","4":"has-post-thumbnail","6":"product_cat-cocina","7":"desktop-align-left","8":"tablet-align-left","9":"mobile-align-left","11":"first","12":"instock","13":"sale","14":"taxable","15":"shipping-taxable","16":"purchasable","17":"product-type-simple"},"uagb_featured_image_src":{"full":["https:\/\/tiendachilevip.com\/wp-content\/uploads\/2023\/06\/7-1.png",1000,1000,false],"thumbnail":["https:\/\/tiendachilevip.com\/wp-content\/uploads\/2023\/06\/7-1-150x150.png",150,150,true],"medium":["https:\/\/tiendachilevip.com\/wp-content\/uploads\/2023\/06\/7-1-300x300.png",300,300,true],"medium_large":["https:\/\/tiendachilevip.com\/wp-content\/uploads\/2023\/06\/7-1-768x768.png",768,768,true],"large":["https:\/\/tiendachilevip.com\/wp-content\/uploads\/2023\/06\/7-1.png",1000,1000,false],"1536x1536":["https:\/\/tiendachilevip.com\/wp-content\/uploads\/2023\/06\/7-1.png",1000,1000,false],"2048x2048":["https:\/\/tiendachilevip.com\/wp-content\/uploads\/2023\/06\/7-1.png",1000,1000,false],"woocommerce_thumbnail":["https:\/\/tiendachilevip.com\/wp-content\/uploads\/2023\/06\/7-1-300x300.png",300,300,true],"woocommerce_single":["https:\/\/tiendachilevip.com\/wp-content\/uploads\/2023\/06\/7-1-600x600.png",600,600,true],"woocommerce_gallery_thumbnail":["https:\/\/tiendachilevip.com\/wp-content\/uploads\/2023\/06\/7-1-100x100.png",100,100,true]},"uagb_author_info":{"display_name":"pablo lopez","author_link":"https:\/\/tiendachilevip.com\/?author=0"},"uagb_comment_info":0,"uagb_excerpt":"Modelo: TP101 electr\u00f3nica digital term\u00f3metro La sonda es de acero inoxidable Lista de productos: un term\u00f3metro, un manual Rango de medici\u00f3n: La temperatura del agua comida l\u00edquido pasta de Temperatura de la leche t\u00e9 sopa de cerveza y en Temperatura Rango de medici\u00f3n: -50 \u00b0 C a 300 \u00b0 C (-58 \u00b0 F A +&hellip;","_links":{"self":[{"href":"https:\/\/tiendachilevip.com\/index.php?rest_route=\/wp\/v2\/product\/1539","targetHints":{"allow":["GET"]}}],"collection":[{"href":"https:\/\/tiendachilevip.com\/index.php?rest_route=\/wp\/v2\/product"}],"about":[{"href":"https:\/\/tiendachilevip.com\/index.php?rest_route=\/wp\/v2\/types\/product"}],"replies":[{"embeddable":true,"href":"https:\/\/tiendachilevip.com\/index.php?rest_route=%2Fwp%2Fv2%2Fcomments&post=1539"}],"wp:featuredmedia":[{"embeddable":true,"href":"https:\/\/tiendachilevip.com\/index.php?rest_route=\/wp\/v2\/media\/1546"}],"wp:attachment":[{"href":"https:\/\/tiendachilevip.com\/index.php?rest_route=%2Fwp%2Fv2%2Fmedia&parent=1539"}],"wp:term":[{"taxonomy":"product_brand","embeddable":true,"href":"https:\/\/tiendachilevip.com\/index.php?rest_route=%2Fwp%2Fv2%2Fproduct_brand&post=1539"},{"taxonomy":"product_cat","embeddable":true,"href":"https:\/\/tiendachilevip.com\/index.php?rest_route=%2Fwp%2Fv2%2Fproduct_cat&post=1539"},{"taxonomy":"product_tag","embeddable":true,"href":"https:\/\/tiendachilevip.com\/index.php?rest_route=%2Fwp%2Fv2%2Fproduct_tag&post=1539"}],"curies":[{"name":"wp","href":"https:\/\/api.w.org\/{rel}","templated":true}]}}