{"id":1503,"date":"2023-05-24T00:11:53","date_gmt":"2023-05-24T04:11:53","guid":{"rendered":"https:\/\/tiendachilevip.com\/?post_type=product&#038;p=1503"},"modified":"2023-05-24T00:11:53","modified_gmt":"2023-05-24T04:11:53","slug":"gorro-lana-completo-amarillo","status":"publish","type":"product","link":"https:\/\/tiendachilevip.com\/?product=gorro-lana-completo-amarillo","title":{"rendered":"Gorro Lana Completo Amarillo"},"content":{"rendered":"<p>Gorro de punto de lana para mujer, gorro de esqu\u00ed a prueba de viento, invierno, tejido para exteriores, bufanda siamesa gruesa, cuello c\u00e1lido, gorros para mantener la cara<\/p>\n<p>Descripci\u00f3n:<br \/>\nLa nueva versi\u00f3n coreana de punto de invierno para mujer con gorras de terciopelo, gorros c\u00e1lidos con cremallera de hilo de lana para ciclismo.<br \/>\nEste sombrero es c\u00e1lido y elegante, moderno y vers\u00e1til, con estilo y temperatura.<\/p>\n<p>Especificaci\u00f3n:<br \/>\nMaterial: tejido<br \/>\nTama\u00f1o: 19*43cm<br \/>\nColor: negro, rosa, gris, rojo, rojo vino, beige<br \/>\nCategor\u00eda: gorro de punto<br \/>\nEstilo: Sombrero de una pieza con cremallera<br \/>\nEstilo DE ALA: sin ala<br \/>\nEstilo: Mujer<br \/>\nEstilo: coreano<br \/>\nPatr\u00f3n: letras<br \/>\nM\u00e9todo de tejido: tejido liso<br \/>\nM\u00e9todo de procesamiento: tie-dye<br \/>\nFunci\u00f3n: Protecci\u00f3n del cuello, calor, a prueba de viento<br \/>\nTemporada adecuada: primavera, oto\u00f1o, invierno<\/p>\n<p>El paquete incluye: 1 * bufanda de protecci\u00f3n auditiva gorro c\u00e1lido<\/p>\n","protected":false},"excerpt":{"rendered":"<p>Gorro de punto de lana para mujer, gorro de esqu\u00ed a prueba de viento, invierno, tejido para exteriores, bufanda siamesa gruesa, cuello c\u00e1lido, gorros para mantener la cara Descripci\u00f3n: La nueva versi\u00f3n coreana de punto de invierno para mujer con gorras de terciopelo, gorros c\u00e1lidos con cremallera de hilo de lana para ciclismo. Este sombrero [&hellip;]<\/p>\n","protected":false},"featured_media":1504,"comment_status":"open","ping_status":"closed","template":"","meta":{"_uag_custom_page_level_css":"","site-sidebar-layout":"default","site-content-layout":"","ast-site-content-layout":"default","site-content-style":"default","site-sidebar-style":"default","ast-global-header-display":"","ast-banner-title-visibility":"","ast-main-header-display":"","ast-hfb-above-header-display":"","ast-hfb-below-header-display":"","ast-hfb-mobile-header-display":"","site-post-title":"","ast-breadcrumbs-content":"","ast-featured-img":"","footer-sml-layout":"","ast-disable-related-posts":"","theme-transparent-header-meta":"","adv-header-id-meta":"","stick-header-meta":"","header-above-stick-meta":"","header-main-stick-meta":"","header-below-stick-meta":"","astra-migrate-meta-layouts":"default","ast-page-background-enabled":"default","ast-page-background-meta":{"desktop":{"background-color":"","background-image":"","background-repeat":"repeat","background-position":"center center","background-size":"auto","background-attachment":"scroll","background-type":"","background-media":"","overlay-type":"","overlay-color":"","overlay-opacity":"","overlay-gradient":""},"tablet":{"background-color":"","background-image":"","background-repeat":"repeat","background-position":"center center","background-size":"auto","background-attachment":"scroll","background-type":"","background-media":"","overlay-type":"","overlay-color":"","overlay-opacity":"","overlay-gradient":""},"mobile":{"background-color":"","background-image":"","background-repeat":"repeat","background-position":"center center","background-size":"auto","background-attachment":"scroll","background-type":"","background-media":"","overlay-type":"","overlay-color":"","overlay-opacity":"","overlay-gradient":""}},"ast-content-background-meta":{"desktop":{"background-color":"var(--ast-global-color-5)","background-image":"","background-repeat":"repeat","background-position":"center center","background-size":"auto","background-attachment":"scroll","background-type":"","background-media":"","overlay-type":"","overlay-color":"","overlay-opacity":"","overlay-gradient":""},"tablet":{"background-color":"var(--ast-global-color-5)","background-image":"","background-repeat":"repeat","background-position":"center center","background-size":"auto","background-attachment":"scroll","background-type":"","background-media":"","overlay-type":"","overlay-color":"","overlay-opacity":"","overlay-gradient":""},"mobile":{"background-color":"var(--ast-global-color-5)","background-image":"","background-repeat":"repeat","background-position":"center center","background-size":"auto","background-attachment":"scroll","background-type":"","background-media":"","overlay-type":"","overlay-color":"","overlay-opacity":"","overlay-gradient":""}},"_joinchat":[]},"product_brand":[],"product_cat":[32],"product_tag":[],"class_list":{"0":"post-1503","1":"product","2":"type-product","3":"status-publish","4":"has-post-thumbnail","6":"product_cat-ropa","7":"desktop-align-left","8":"tablet-align-left","9":"mobile-align-left","11":"first","12":"instock","13":"sale","14":"taxable","15":"shipping-taxable","16":"purchasable","17":"product-type-simple"},"uagb_featured_image_src":{"full":["https:\/\/tiendachilevip.com\/wp-content\/uploads\/2023\/05\/3-40.png",788,788,false],"thumbnail":["https:\/\/tiendachilevip.com\/wp-content\/uploads\/2023\/05\/3-40-150x150.png",150,150,true],"medium":["https:\/\/tiendachilevip.com\/wp-content\/uploads\/2023\/05\/3-40-300x300.png",300,300,true],"medium_large":["https:\/\/tiendachilevip.com\/wp-content\/uploads\/2023\/05\/3-40-768x768.png",768,768,true],"large":["https:\/\/tiendachilevip.com\/wp-content\/uploads\/2023\/05\/3-40.png",788,788,false],"1536x1536":["https:\/\/tiendachilevip.com\/wp-content\/uploads\/2023\/05\/3-40.png",788,788,false],"2048x2048":["https:\/\/tiendachilevip.com\/wp-content\/uploads\/2023\/05\/3-40.png",788,788,false],"woocommerce_thumbnail":["https:\/\/tiendachilevip.com\/wp-content\/uploads\/2023\/05\/3-40-300x300.png",300,300,true],"woocommerce_single":["https:\/\/tiendachilevip.com\/wp-content\/uploads\/2023\/05\/3-40-600x600.png",600,600,true],"woocommerce_gallery_thumbnail":["https:\/\/tiendachilevip.com\/wp-content\/uploads\/2023\/05\/3-40-100x100.png",100,100,true]},"uagb_author_info":{"display_name":"pablo lopez","author_link":"https:\/\/tiendachilevip.com\/?author=0"},"uagb_comment_info":0,"uagb_excerpt":"Gorro de punto de lana para mujer, gorro de esqu\u00ed a prueba de viento, invierno, tejido para exteriores, bufanda siamesa gruesa, cuello c\u00e1lido, gorros para mantener la cara Descripci\u00f3n: La nueva versi\u00f3n coreana de punto de invierno para mujer con gorras de terciopelo, gorros c\u00e1lidos con cremallera de hilo de lana para ciclismo. Este sombrero&hellip;","_links":{"self":[{"href":"https:\/\/tiendachilevip.com\/index.php?rest_route=\/wp\/v2\/product\/1503","targetHints":{"allow":["GET"]}}],"collection":[{"href":"https:\/\/tiendachilevip.com\/index.php?rest_route=\/wp\/v2\/product"}],"about":[{"href":"https:\/\/tiendachilevip.com\/index.php?rest_route=\/wp\/v2\/types\/product"}],"replies":[{"embeddable":true,"href":"https:\/\/tiendachilevip.com\/index.php?rest_route=%2Fwp%2Fv2%2Fcomments&post=1503"}],"wp:featuredmedia":[{"embeddable":true,"href":"https:\/\/tiendachilevip.com\/index.php?rest_route=\/wp\/v2\/media\/1504"}],"wp:attachment":[{"href":"https:\/\/tiendachilevip.com\/index.php?rest_route=%2Fwp%2Fv2%2Fmedia&parent=1503"}],"wp:term":[{"taxonomy":"product_brand","embeddable":true,"href":"https:\/\/tiendachilevip.com\/index.php?rest_route=%2Fwp%2Fv2%2Fproduct_brand&post=1503"},{"taxonomy":"product_cat","embeddable":true,"href":"https:\/\/tiendachilevip.com\/index.php?rest_route=%2Fwp%2Fv2%2Fproduct_cat&post=1503"},{"taxonomy":"product_tag","embeddable":true,"href":"https:\/\/tiendachilevip.com\/index.php?rest_route=%2Fwp%2Fv2%2Fproduct_tag&post=1503"}],"curies":[{"name":"wp","href":"https:\/\/api.w.org\/{rel}","templated":true}]}}