{"id":1449,"date":"2023-05-08T00:24:44","date_gmt":"2023-05-08T04:24:44","guid":{"rendered":"https:\/\/tiendachilevip.com\/?post_type=product&#038;p=1449"},"modified":"2023-05-08T00:26:41","modified_gmt":"2023-05-08T04:26:41","slug":"reloj-inteligente-y68","status":"publish","type":"product","link":"https:\/\/tiendachilevip.com\/?product=reloj-inteligente-y68","title":{"rendered":"Reloj Inteligente Y68"},"content":{"rendered":"<p>No incluye caja<\/p>\n<p>1. Sistema de soporte de aplicaciones: Android 4,4 y superior, IOS superior a 9,0.<\/p>\n<p>2. No utilice un cargador superior a 5V\/2A.<\/p>\n<p>3. Los datos no se pueden utilizar como referencia m\u00e9dica.<\/p>\n<p>4. El reloj no puede tocar el agua caliente porque el agua caliente causar\u00eda que la pantalla del reloj se niebla.<\/p>\n<p>USB Extracci\u00f3n r\u00e1pida carga directa<\/p>\n<p>Nuevo m\u00e9todo de carga de pulsera, dise\u00f1o de pulsera desmontable de liberaci\u00f3n r\u00e1pida, se puede cargar enchufando la interfaz USB, eliminando el problema de llevar un cable de carga y un soporte de carga.<\/p>\n<p>Asistente de vida inteligente<\/p>\n<p>El reloj puede controlar los pasos, las calor\u00edas, el ritmo card\u00edaco, la distancia, la calidad del sue\u00f1o, etc. Del d\u00eda. Al mismo tiempo, se puede conectar a un tel\u00e9fono inteligente para ver informaci\u00f3n, tomar fotos de forma remota, recuperar tel\u00e9fonos m\u00f3viles y otras funciones reflexivas y pr\u00e1cticas para hacer su vida m\u00e1s conveniente.<\/p>\n<p>Pr\u00e1ctica<\/p>\n<p>Mant\u00e9ngase al tanto de su intensidad de ejercicio y condici\u00f3n f\u00edsica para ajustar su plan de fitness de manera oportuna.<\/p>\n<p>Material agradable para la piel<\/p>\n<p>La pulsera est\u00e1 hecha de TPU suave ligero y agradable a la piel, que adopta un dise\u00f1o ligero, sin sensaci\u00f3n de uso.<\/p>\n<p>Caracter\u00edsticas principales<\/p>\n<p>* N\u00famero de modelo: reloj inteligente D20 Pro<\/p>\n<p>* Aplicaci\u00f3n: FitPro<\/p>\n<p>* Versi\u00f3n de Bluetooth: Bluetooth 4,0<\/p>\n<p>* Resistente al agua\/resistente al agua: S\u00ed (no para nadar)<\/p>\n<p>* Modo de funcionamiento: bot\u00f3n t\u00e1ctil<\/p>\n<p>* Encendido: Mantenga pulsada la tecla de funci\u00f3n<\/p>\n<p>* Tipo de pantalla: TFT LCD de 1,4 pulgadas<\/p>\n<p>* Almacenamiento (FLASH)16MB + 128KB<\/p>\n<p>* Sistema operativo Compatible: Android,IOS<\/p>\n<p>* Tiempo en espera: 4-7 d\u00edas normalmente usado; 30 d\u00edas est\u00e1ndar basado en 230mAh<\/p>\n<p>* Funciones: deporte, Mensaje, despertador, ox\u00edgeno en sangre, fecha, medici\u00f3n de frecuencia card\u00edaca, recordatorio de sedentarismo, control del sue\u00f1o, tiempo<\/p>\n<p>* Tipo de notificaci\u00f3n: Facebook,Twitter,Wechat,WhatsApp<\/p>\n<p>* Tipo de alerta: Vibraci\u00f3n<\/p>\n<p>Soporte de idioma de la aplicaci\u00f3n<\/p>\n<p>Ingl\u00e9s, franc\u00e9s, italiano, japon\u00e9s, coreano, polaco, portugu\u00e9s, ruso, chino simplificado, espa\u00f1ol, chino tradicional, etc.<\/p>\n<p>Contenido del paquete<\/p>\n<p>1 x reloj inteligente<\/p>\n<p>1 Manual de usuario<\/p>\n<p>1 x caja<\/p>\n<p>Consejos de uso<\/p>\n<p>1. Este producto solo puede salpicar AGUA DE seurface (agua fr\u00eda), no lo use para nadar, deje caer al agua o empape en agua, etc.<\/p>\n","protected":false},"excerpt":{"rendered":"<p>No incluye caja 1. Sistema de soporte de aplicaciones: Android 4,4 y superior, IOS superior a 9,0. 2. No utilice un cargador superior a 5V\/2A. 3. Los datos no se pueden utilizar como referencia m\u00e9dica. 4. El reloj no puede tocar el agua caliente porque el agua caliente causar\u00eda que la pantalla del reloj se [&hellip;]<\/p>\n","protected":false},"featured_media":1450,"comment_status":"open","ping_status":"closed","template":"","meta":{"_uag_custom_page_level_css":"","site-sidebar-layout":"default","site-content-layout":"","ast-site-content-layout":"default","site-content-style":"default","site-sidebar-style":"default","ast-global-header-display":"","ast-banner-title-visibility":"","ast-main-header-display":"","ast-hfb-above-header-display":"","ast-hfb-below-header-display":"","ast-hfb-mobile-header-display":"","site-post-title":"","ast-breadcrumbs-content":"","ast-featured-img":"","footer-sml-layout":"","ast-disable-related-posts":"","theme-transparent-header-meta":"","adv-header-id-meta":"","stick-header-meta":"","header-above-stick-meta":"","header-main-stick-meta":"","header-below-stick-meta":"","astra-migrate-meta-layouts":"default","ast-page-background-enabled":"default","ast-page-background-meta":{"desktop":{"background-color":"","background-image":"","background-repeat":"repeat","background-position":"center center","background-size":"auto","background-attachment":"scroll","background-type":"","background-media":"","overlay-type":"","overlay-color":"","overlay-opacity":"","overlay-gradient":""},"tablet":{"background-color":"","background-image":"","background-repeat":"repeat","background-position":"center center","background-size":"auto","background-attachment":"scroll","background-type":"","background-media":"","overlay-type":"","overlay-color":"","overlay-opacity":"","overlay-gradient":""},"mobile":{"background-color":"","background-image":"","background-repeat":"repeat","background-position":"center center","background-size":"auto","background-attachment":"scroll","background-type":"","background-media":"","overlay-type":"","overlay-color":"","overlay-opacity":"","overlay-gradient":""}},"ast-content-background-meta":{"desktop":{"background-color":"var(--ast-global-color-5)","background-image":"","background-repeat":"repeat","background-position":"center center","background-size":"auto","background-attachment":"scroll","background-type":"","background-media":"","overlay-type":"","overlay-color":"","overlay-opacity":"","overlay-gradient":""},"tablet":{"background-color":"var(--ast-global-color-5)","background-image":"","background-repeat":"repeat","background-position":"center center","background-size":"auto","background-attachment":"scroll","background-type":"","background-media":"","overlay-type":"","overlay-color":"","overlay-opacity":"","overlay-gradient":""},"mobile":{"background-color":"var(--ast-global-color-5)","background-image":"","background-repeat":"repeat","background-position":"center center","background-size":"auto","background-attachment":"scroll","background-type":"","background-media":"","overlay-type":"","overlay-color":"","overlay-opacity":"","overlay-gradient":""}},"_joinchat":[]},"product_brand":[],"product_cat":[18],"product_tag":[],"class_list":{"0":"post-1449","1":"product","2":"type-product","3":"status-publish","4":"has-post-thumbnail","6":"product_cat-relojes","7":"desktop-align-left","8":"tablet-align-left","9":"mobile-align-left","11":"first","12":"instock","13":"sale","14":"taxable","15":"shipping-taxable","16":"purchasable","17":"product-type-simple"},"uagb_featured_image_src":{"full":["https:\/\/tiendachilevip.com\/wp-content\/uploads\/2023\/05\/1-34.png",1200,1679,false],"thumbnail":["https:\/\/tiendachilevip.com\/wp-content\/uploads\/2023\/05\/1-34-150x150.png",150,150,true],"medium":["https:\/\/tiendachilevip.com\/wp-content\/uploads\/2023\/05\/1-34-214x300.png",214,300,true],"medium_large":["https:\/\/tiendachilevip.com\/wp-content\/uploads\/2023\/05\/1-34-768x1075.png",768,1075,true],"large":["https:\/\/tiendachilevip.com\/wp-content\/uploads\/2023\/05\/1-34-732x1024.png",732,1024,true],"1536x1536":["https:\/\/tiendachilevip.com\/wp-content\/uploads\/2023\/05\/1-34-1098x1536.png",1098,1536,true],"2048x2048":["https:\/\/tiendachilevip.com\/wp-content\/uploads\/2023\/05\/1-34.png",1200,1679,false],"woocommerce_thumbnail":["https:\/\/tiendachilevip.com\/wp-content\/uploads\/2023\/05\/1-34-300x300.png",300,300,true],"woocommerce_single":["https:\/\/tiendachilevip.com\/wp-content\/uploads\/2023\/05\/1-34-600x840.png",600,840,true],"woocommerce_gallery_thumbnail":["https:\/\/tiendachilevip.com\/wp-content\/uploads\/2023\/05\/1-34-100x100.png",100,100,true]},"uagb_author_info":{"display_name":"pablo lopez","author_link":"https:\/\/tiendachilevip.com\/?author=0"},"uagb_comment_info":0,"uagb_excerpt":"No incluye caja 1. Sistema de soporte de aplicaciones: Android 4,4 y superior, IOS superior a 9,0. 2. No utilice un cargador superior a 5V\/2A. 3. Los datos no se pueden utilizar como referencia m\u00e9dica. 4. El reloj no puede tocar el agua caliente porque el agua caliente causar\u00eda que la pantalla del reloj se&hellip;","_links":{"self":[{"href":"https:\/\/tiendachilevip.com\/index.php?rest_route=\/wp\/v2\/product\/1449","targetHints":{"allow":["GET"]}}],"collection":[{"href":"https:\/\/tiendachilevip.com\/index.php?rest_route=\/wp\/v2\/product"}],"about":[{"href":"https:\/\/tiendachilevip.com\/index.php?rest_route=\/wp\/v2\/types\/product"}],"replies":[{"embeddable":true,"href":"https:\/\/tiendachilevip.com\/index.php?rest_route=%2Fwp%2Fv2%2Fcomments&post=1449"}],"wp:featuredmedia":[{"embeddable":true,"href":"https:\/\/tiendachilevip.com\/index.php?rest_route=\/wp\/v2\/media\/1450"}],"wp:attachment":[{"href":"https:\/\/tiendachilevip.com\/index.php?rest_route=%2Fwp%2Fv2%2Fmedia&parent=1449"}],"wp:term":[{"taxonomy":"product_brand","embeddable":true,"href":"https:\/\/tiendachilevip.com\/index.php?rest_route=%2Fwp%2Fv2%2Fproduct_brand&post=1449"},{"taxonomy":"product_cat","embeddable":true,"href":"https:\/\/tiendachilevip.com\/index.php?rest_route=%2Fwp%2Fv2%2Fproduct_cat&post=1449"},{"taxonomy":"product_tag","embeddable":true,"href":"https:\/\/tiendachilevip.com\/index.php?rest_route=%2Fwp%2Fv2%2Fproduct_tag&post=1449"}],"curies":[{"name":"wp","href":"https:\/\/api.w.org\/{rel}","templated":true}]}}