{"id":1428,"date":"2023-05-07T13:49:45","date_gmt":"2023-05-07T17:49:45","guid":{"rendered":"https:\/\/tiendachilevip.com\/?post_type=product&#038;p=1428"},"modified":"2023-11-13T21:50:48","modified_gmt":"2023-11-14T01:50:48","slug":"recortador-de-cejas","status":"publish","type":"product","link":"https:\/\/tiendachilevip.com\/?product=recortador-de-cejas","title":{"rendered":"Recortador De Cejas"},"content":{"rendered":"<p>El recortador de cejas el\u00e9ctrico para mujer puede recortar las cejas y el vello facial como desee. Hay 4 colores para su elecci\u00f3n, azul, blanco, rojo, Rosa. El Soporte de Energ\u00eda es Pilas AA. F\u00e1cil de transportar y encontrar potencia.<\/p>\n<p>Especificaci\u00f3n<\/p>\n<p>Color:<\/p>\n<p>Azul, blanco, rojo, rosa<\/p>\n<p>Tama\u00f1o:<\/p>\n<p>10&#215;2,5&#215;2,3 cm<\/p>\n<p>Peso:<\/p>\n<p>65g<\/p>\n<p>Cantidad:<\/p>\n<p>1 pieza<\/p>\n<p>Incluido:<\/p>\n<p>1 recortador de cejas<\/p>\n<p>Material:<\/p>\n<p>ABS + acero inoxidable<\/p>\n<p>Paquete:<\/p>\n<p>Bolsa OPP<\/p>\n<p>Nota:<\/p>\n<p>1. Aberraci\u00f3n crom\u00e1tica<br \/>\nDebido a la C\u00e1mara de disparo y la iluminaci\u00f3n, algunas im\u00e1genes de modelos pueden tener aberraci\u00f3n crom\u00e1tica, las im\u00e1genes colocadas horizontalmente se tonifican m\u00e1s cerca del efecto de visualizaci\u00f3n real<br \/>\n2. La tolerancia dimensional para el producto es de +\/- 1 cm.<\/p>\n","protected":false},"excerpt":{"rendered":"<p>El recortador de cejas el\u00e9ctrico para mujer puede recortar las cejas y el vello facial como desee. Hay 4 colores para su elecci\u00f3n, azul, blanco, rojo, Rosa. El Soporte de Energ\u00eda es Pilas AA. F\u00e1cil de transportar y encontrar potencia. Especificaci\u00f3n Color: Azul, blanco, rojo, rosa Tama\u00f1o: 10&#215;2,5&#215;2,3 cm Peso: 65g Cantidad: 1 pieza Incluido: [&hellip;]<\/p>\n","protected":false},"featured_media":1462,"comment_status":"open","ping_status":"closed","template":"","meta":{"_uag_custom_page_level_css":"","site-sidebar-layout":"default","site-content-layout":"","ast-site-content-layout":"default","site-content-style":"default","site-sidebar-style":"default","ast-global-header-display":"","ast-banner-title-visibility":"","ast-main-header-display":"","ast-hfb-above-header-display":"","ast-hfb-below-header-display":"","ast-hfb-mobile-header-display":"","site-post-title":"","ast-breadcrumbs-content":"","ast-featured-img":"","footer-sml-layout":"","ast-disable-related-posts":"","theme-transparent-header-meta":"default","adv-header-id-meta":"","stick-header-meta":"","header-above-stick-meta":"","header-main-stick-meta":"","header-below-stick-meta":"","astra-migrate-meta-layouts":"set","ast-page-background-enabled":"default","ast-page-background-meta":{"desktop":{"background-color":"","background-image":"","background-repeat":"repeat","background-position":"center center","background-size":"auto","background-attachment":"scroll","background-type":"","background-media":"","overlay-type":"","overlay-color":"","overlay-opacity":"","overlay-gradient":""},"tablet":{"background-color":"","background-image":"","background-repeat":"repeat","background-position":"center center","background-size":"auto","background-attachment":"scroll","background-type":"","background-media":"","overlay-type":"","overlay-color":"","overlay-opacity":"","overlay-gradient":""},"mobile":{"background-color":"","background-image":"","background-repeat":"repeat","background-position":"center center","background-size":"auto","background-attachment":"scroll","background-type":"","background-media":"","overlay-type":"","overlay-color":"","overlay-opacity":"","overlay-gradient":""}},"ast-content-background-meta":{"desktop":{"background-color":"var(--ast-global-color-5)","background-image":"","background-repeat":"repeat","background-position":"center center","background-size":"auto","background-attachment":"scroll","background-type":"","background-media":"","overlay-type":"","overlay-color":"","overlay-opacity":"","overlay-gradient":""},"tablet":{"background-color":"var(--ast-global-color-5)","background-image":"","background-repeat":"repeat","background-position":"center center","background-size":"auto","background-attachment":"scroll","background-type":"","background-media":"","overlay-type":"","overlay-color":"","overlay-opacity":"","overlay-gradient":""},"mobile":{"background-color":"var(--ast-global-color-5)","background-image":"","background-repeat":"repeat","background-position":"center center","background-size":"auto","background-attachment":"scroll","background-type":"","background-media":"","overlay-type":"","overlay-color":"","overlay-opacity":"","overlay-gradient":""}},"_joinchat":[]},"product_brand":[],"product_cat":[31],"product_tag":[],"class_list":{"0":"post-1428","1":"product","2":"type-product","3":"status-publish","4":"has-post-thumbnail","6":"product_cat-belleza","7":"desktop-align-left","8":"tablet-align-left","9":"mobile-align-left","11":"first","12":"instock","13":"sale","14":"taxable","15":"shipping-taxable","16":"purchasable","17":"product-type-simple"},"uagb_featured_image_src":{"full":["https:\/\/tiendachilevip.com\/wp-content\/uploads\/2023\/05\/3-35.png",800,800,false],"thumbnail":["https:\/\/tiendachilevip.com\/wp-content\/uploads\/2023\/05\/3-35-150x150.png",150,150,true],"medium":["https:\/\/tiendachilevip.com\/wp-content\/uploads\/2023\/05\/3-35-300x300.png",300,300,true],"medium_large":["https:\/\/tiendachilevip.com\/wp-content\/uploads\/2023\/05\/3-35-768x768.png",768,768,true],"large":["https:\/\/tiendachilevip.com\/wp-content\/uploads\/2023\/05\/3-35.png",800,800,false],"1536x1536":["https:\/\/tiendachilevip.com\/wp-content\/uploads\/2023\/05\/3-35.png",800,800,false],"2048x2048":["https:\/\/tiendachilevip.com\/wp-content\/uploads\/2023\/05\/3-35.png",800,800,false],"woocommerce_thumbnail":["https:\/\/tiendachilevip.com\/wp-content\/uploads\/2023\/05\/3-35-300x300.png",300,300,true],"woocommerce_single":["https:\/\/tiendachilevip.com\/wp-content\/uploads\/2023\/05\/3-35-600x600.png",600,600,true],"woocommerce_gallery_thumbnail":["https:\/\/tiendachilevip.com\/wp-content\/uploads\/2023\/05\/3-35-100x100.png",100,100,true]},"uagb_author_info":{"display_name":"pablo lopez","author_link":"https:\/\/tiendachilevip.com\/?author=0"},"uagb_comment_info":0,"uagb_excerpt":"El recortador de cejas el\u00e9ctrico para mujer puede recortar las cejas y el vello facial como desee. Hay 4 colores para su elecci\u00f3n, azul, blanco, rojo, Rosa. El Soporte de Energ\u00eda es Pilas AA. F\u00e1cil de transportar y encontrar potencia. Especificaci\u00f3n Color: Azul, blanco, rojo, rosa Tama\u00f1o: 10&#215;2,5&#215;2,3 cm Peso: 65g Cantidad: 1 pieza Incluido:&hellip;","_links":{"self":[{"href":"https:\/\/tiendachilevip.com\/index.php?rest_route=\/wp\/v2\/product\/1428","targetHints":{"allow":["GET"]}}],"collection":[{"href":"https:\/\/tiendachilevip.com\/index.php?rest_route=\/wp\/v2\/product"}],"about":[{"href":"https:\/\/tiendachilevip.com\/index.php?rest_route=\/wp\/v2\/types\/product"}],"replies":[{"embeddable":true,"href":"https:\/\/tiendachilevip.com\/index.php?rest_route=%2Fwp%2Fv2%2Fcomments&post=1428"}],"wp:featuredmedia":[{"embeddable":true,"href":"https:\/\/tiendachilevip.com\/index.php?rest_route=\/wp\/v2\/media\/1462"}],"wp:attachment":[{"href":"https:\/\/tiendachilevip.com\/index.php?rest_route=%2Fwp%2Fv2%2Fmedia&parent=1428"}],"wp:term":[{"taxonomy":"product_brand","embeddable":true,"href":"https:\/\/tiendachilevip.com\/index.php?rest_route=%2Fwp%2Fv2%2Fproduct_brand&post=1428"},{"taxonomy":"product_cat","embeddable":true,"href":"https:\/\/tiendachilevip.com\/index.php?rest_route=%2Fwp%2Fv2%2Fproduct_cat&post=1428"},{"taxonomy":"product_tag","embeddable":true,"href":"https:\/\/tiendachilevip.com\/index.php?rest_route=%2Fwp%2Fv2%2Fproduct_tag&post=1428"}],"curies":[{"name":"wp","href":"https:\/\/api.w.org\/{rel}","templated":true}]}}