{"id":1398,"date":"2023-05-07T12:18:43","date_gmt":"2023-05-07T16:18:43","guid":{"rendered":"https:\/\/tiendachilevip.com\/?post_type=product&#038;p=1398"},"modified":"2023-05-07T12:22:01","modified_gmt":"2023-05-07T16:22:01","slug":"1398","status":"publish","type":"product","link":"https:\/\/tiendachilevip.com\/?product=1398","title":{"rendered":"Prensa Para Ajo"},"content":{"rendered":"<p>1 Trituradora de ajo Manual prensa de ajo herramienta de molinillo de ajo de acero inoxidable hogar cocina ingredientes convenientes Gadget Accesorios<\/p>\n<p>Descripci\u00f3n:<\/p>\n<p>Material: acero inoxidable PP<\/p>\n<p>Uso principal: se puede pelar despu\u00e9s de triturar el ajo en pur\u00e9 de ajo<\/p>\n<p>Color: verde, Naranja, Negro, acero inoxidable<\/p>\n<p>Estilo: moderno minimalista<\/p>\n<p>Especificaciones:<\/p>\n<p>1. Prensa de ajo manual de arco, estructura de prensado de ajo de arco, ahorrando tiempo y esfuerzo<\/p>\n<p>2. El agujero del ajo se presiona intensamente, y el ajo se presiona hacia fuera por el agujero fino.<\/p>\n<p>3. Coloque el ajo en la tabla de cortar y aplique fuerza para aplastarlo hacia adelante y hacia atr\u00e1s.<\/p>\n<p>4. Dise\u00f1o de mango, ahorra esfuerzo para presionar el ajo y se siente c\u00f3modo<\/p>\n<p>5. Simple y conveniente, f\u00e1cil de usar, material suave puede tocar con seguridad los materiales alimenticios<\/p>\n<p>Paquete incluido:<\/p>\n<p>1 prensa de ajo<\/p>\n<p>1 * Pelador de ajo<\/p>\n<p>1 * conjunto<\/p>\n","protected":false},"excerpt":{"rendered":"<p>1 Trituradora de ajo Manual prensa de ajo herramienta de molinillo de ajo de acero inoxidable hogar cocina ingredientes convenientes Gadget Accesorios Descripci\u00f3n: Material: acero inoxidable PP Uso principal: se puede pelar despu\u00e9s de triturar el ajo en pur\u00e9 de ajo Color: verde, Naranja, Negro, acero inoxidable Estilo: moderno minimalista Especificaciones: 1. Prensa de ajo [&hellip;]<\/p>\n","protected":false},"featured_media":1405,"comment_status":"open","ping_status":"closed","template":"","meta":{"_uag_custom_page_level_css":"","site-sidebar-layout":"default","site-content-layout":"","ast-site-content-layout":"default","site-content-style":"default","site-sidebar-style":"default","ast-global-header-display":"","ast-banner-title-visibility":"","ast-main-header-display":"","ast-hfb-above-header-display":"","ast-hfb-below-header-display":"","ast-hfb-mobile-header-display":"","site-post-title":"","ast-breadcrumbs-content":"","ast-featured-img":"","footer-sml-layout":"","ast-disable-related-posts":"","theme-transparent-header-meta":"","adv-header-id-meta":"","stick-header-meta":"","header-above-stick-meta":"","header-main-stick-meta":"","header-below-stick-meta":"","astra-migrate-meta-layouts":"default","ast-page-background-enabled":"default","ast-page-background-meta":{"desktop":{"background-color":"","background-image":"","background-repeat":"repeat","background-position":"center center","background-size":"auto","background-attachment":"scroll","background-type":"","background-media":"","overlay-type":"","overlay-color":"","overlay-opacity":"","overlay-gradient":""},"tablet":{"background-color":"","background-image":"","background-repeat":"repeat","background-position":"center center","background-size":"auto","background-attachment":"scroll","background-type":"","background-media":"","overlay-type":"","overlay-color":"","overlay-opacity":"","overlay-gradient":""},"mobile":{"background-color":"","background-image":"","background-repeat":"repeat","background-position":"center center","background-size":"auto","background-attachment":"scroll","background-type":"","background-media":"","overlay-type":"","overlay-color":"","overlay-opacity":"","overlay-gradient":""}},"ast-content-background-meta":{"desktop":{"background-color":"var(--ast-global-color-5)","background-image":"","background-repeat":"repeat","background-position":"center center","background-size":"auto","background-attachment":"scroll","background-type":"","background-media":"","overlay-type":"","overlay-color":"","overlay-opacity":"","overlay-gradient":""},"tablet":{"background-color":"var(--ast-global-color-5)","background-image":"","background-repeat":"repeat","background-position":"center center","background-size":"auto","background-attachment":"scroll","background-type":"","background-media":"","overlay-type":"","overlay-color":"","overlay-opacity":"","overlay-gradient":""},"mobile":{"background-color":"var(--ast-global-color-5)","background-image":"","background-repeat":"repeat","background-position":"center center","background-size":"auto","background-attachment":"scroll","background-type":"","background-media":"","overlay-type":"","overlay-color":"","overlay-opacity":"","overlay-gradient":""}},"_joinchat":[]},"product_brand":[],"product_cat":[43],"product_tag":[],"class_list":{"0":"post-1398","1":"product","2":"type-product","3":"status-publish","4":"has-post-thumbnail","6":"product_cat-cocina","7":"desktop-align-left","8":"tablet-align-left","9":"mobile-align-left","11":"first","12":"instock","13":"sale","14":"taxable","15":"shipping-taxable","16":"purchasable","17":"product-type-simple"},"uagb_featured_image_src":{"full":["https:\/\/tiendachilevip.com\/wp-content\/uploads\/2023\/05\/7-19.png",750,1274,false],"thumbnail":["https:\/\/tiendachilevip.com\/wp-content\/uploads\/2023\/05\/7-19-150x150.png",150,150,true],"medium":["https:\/\/tiendachilevip.com\/wp-content\/uploads\/2023\/05\/7-19-177x300.png",177,300,true],"medium_large":["https:\/\/tiendachilevip.com\/wp-content\/uploads\/2023\/05\/7-19.png",750,1274,false],"large":["https:\/\/tiendachilevip.com\/wp-content\/uploads\/2023\/05\/7-19-603x1024.png",603,1024,true],"1536x1536":["https:\/\/tiendachilevip.com\/wp-content\/uploads\/2023\/05\/7-19.png",750,1274,false],"2048x2048":["https:\/\/tiendachilevip.com\/wp-content\/uploads\/2023\/05\/7-19.png",750,1274,false],"woocommerce_thumbnail":["https:\/\/tiendachilevip.com\/wp-content\/uploads\/2023\/05\/7-19-300x300.png",300,300,true],"woocommerce_single":["https:\/\/tiendachilevip.com\/wp-content\/uploads\/2023\/05\/7-19-600x1019.png",600,1019,true],"woocommerce_gallery_thumbnail":["https:\/\/tiendachilevip.com\/wp-content\/uploads\/2023\/05\/7-19-100x100.png",100,100,true]},"uagb_author_info":{"display_name":"pablo lopez","author_link":"https:\/\/tiendachilevip.com\/?author=0"},"uagb_comment_info":0,"uagb_excerpt":"1 Trituradora de ajo Manual prensa de ajo herramienta de molinillo de ajo de acero inoxidable hogar cocina ingredientes convenientes Gadget Accesorios Descripci\u00f3n: Material: acero inoxidable PP Uso principal: se puede pelar despu\u00e9s de triturar el ajo en pur\u00e9 de ajo Color: verde, Naranja, Negro, acero inoxidable Estilo: moderno minimalista Especificaciones: 1. Prensa de ajo&hellip;","_links":{"self":[{"href":"https:\/\/tiendachilevip.com\/index.php?rest_route=\/wp\/v2\/product\/1398","targetHints":{"allow":["GET"]}}],"collection":[{"href":"https:\/\/tiendachilevip.com\/index.php?rest_route=\/wp\/v2\/product"}],"about":[{"href":"https:\/\/tiendachilevip.com\/index.php?rest_route=\/wp\/v2\/types\/product"}],"replies":[{"embeddable":true,"href":"https:\/\/tiendachilevip.com\/index.php?rest_route=%2Fwp%2Fv2%2Fcomments&post=1398"}],"wp:featuredmedia":[{"embeddable":true,"href":"https:\/\/tiendachilevip.com\/index.php?rest_route=\/wp\/v2\/media\/1405"}],"wp:attachment":[{"href":"https:\/\/tiendachilevip.com\/index.php?rest_route=%2Fwp%2Fv2%2Fmedia&parent=1398"}],"wp:term":[{"taxonomy":"product_brand","embeddable":true,"href":"https:\/\/tiendachilevip.com\/index.php?rest_route=%2Fwp%2Fv2%2Fproduct_brand&post=1398"},{"taxonomy":"product_cat","embeddable":true,"href":"https:\/\/tiendachilevip.com\/index.php?rest_route=%2Fwp%2Fv2%2Fproduct_cat&post=1398"},{"taxonomy":"product_tag","embeddable":true,"href":"https:\/\/tiendachilevip.com\/index.php?rest_route=%2Fwp%2Fv2%2Fproduct_tag&post=1398"}],"curies":[{"name":"wp","href":"https:\/\/api.w.org\/{rel}","templated":true}]}}