{"id":1384,"date":"2023-05-06T22:20:47","date_gmt":"2023-05-07T02:20:47","guid":{"rendered":"https:\/\/tiendachilevip.com\/?post_type=product&#038;p=1384"},"modified":"2023-05-06T22:23:54","modified_gmt":"2023-05-07T02:23:54","slug":"lampara-pokemon-pikachu-luz-noche","status":"publish","type":"product","link":"https:\/\/tiendachilevip.com\/?product=lampara-pokemon-pikachu-luz-noche","title":{"rendered":"Lampara Pokemon Pikachu Luz Noche"},"content":{"rendered":"<p>Bienvenido a nuestra tienda, le permite experimentar una felicidad de compra diferente<\/p>\n<p>Tema: Pokemon, Pikachu luz nocturna<\/p>\n<p>Descripci\u00f3n del producto:<\/p>\n<p>[Especificaciones]: estilo ordinario (sin caja),<\/p>\n<p>[Material]: PVC<\/p>\n<p>[Tipo]: luz nocturna, luz de noche<\/p>\n<p>Tama\u00f1o ; 10-12cm<\/p>\n<p>Materiales seleccionados de alta calidad, no se deforma f\u00e1cilmente, imagen cl\u00e1sica, elegante y hermosa<\/p>\n<p>Estilo de dibujos animados, restauraci\u00f3n de pel\u00edculas cl\u00e1sicas, mano de obra exquisita, tacto c\u00f3modo, peque\u00f1o y lindo<\/p>\n<p>Todas las fotos y videos son tomadas por nosotros en especie, puede estar seguro de comprar.<\/p>\n","protected":false},"excerpt":{"rendered":"<p>Bienvenido a nuestra tienda, le permite experimentar una felicidad de compra diferente Tema: Pokemon, Pikachu luz nocturna Descripci\u00f3n del producto: [Especificaciones]: estilo ordinario (sin caja), [Material]: PVC [Tipo]: luz nocturna, luz de noche Tama\u00f1o ; 10-12cm Materiales seleccionados de alta calidad, no se deforma f\u00e1cilmente, imagen cl\u00e1sica, elegante y hermosa Estilo de dibujos animados, restauraci\u00f3n [&hellip;]<\/p>\n","protected":false},"featured_media":1394,"comment_status":"open","ping_status":"closed","template":"","meta":{"_uag_custom_page_level_css":"","site-sidebar-layout":"default","site-content-layout":"","ast-site-content-layout":"default","site-content-style":"default","site-sidebar-style":"default","ast-global-header-display":"","ast-banner-title-visibility":"","ast-main-header-display":"","ast-hfb-above-header-display":"","ast-hfb-below-header-display":"","ast-hfb-mobile-header-display":"","site-post-title":"","ast-breadcrumbs-content":"","ast-featured-img":"","footer-sml-layout":"","ast-disable-related-posts":"","theme-transparent-header-meta":"","adv-header-id-meta":"","stick-header-meta":"","header-above-stick-meta":"","header-main-stick-meta":"","header-below-stick-meta":"","astra-migrate-meta-layouts":"default","ast-page-background-enabled":"default","ast-page-background-meta":{"desktop":{"background-color":"","background-image":"","background-repeat":"repeat","background-position":"center center","background-size":"auto","background-attachment":"scroll","background-type":"","background-media":"","overlay-type":"","overlay-color":"","overlay-opacity":"","overlay-gradient":""},"tablet":{"background-color":"","background-image":"","background-repeat":"repeat","background-position":"center center","background-size":"auto","background-attachment":"scroll","background-type":"","background-media":"","overlay-type":"","overlay-color":"","overlay-opacity":"","overlay-gradient":""},"mobile":{"background-color":"","background-image":"","background-repeat":"repeat","background-position":"center center","background-size":"auto","background-attachment":"scroll","background-type":"","background-media":"","overlay-type":"","overlay-color":"","overlay-opacity":"","overlay-gradient":""}},"ast-content-background-meta":{"desktop":{"background-color":"var(--ast-global-color-5)","background-image":"","background-repeat":"repeat","background-position":"center center","background-size":"auto","background-attachment":"scroll","background-type":"","background-media":"","overlay-type":"","overlay-color":"","overlay-opacity":"","overlay-gradient":""},"tablet":{"background-color":"var(--ast-global-color-5)","background-image":"","background-repeat":"repeat","background-position":"center center","background-size":"auto","background-attachment":"scroll","background-type":"","background-media":"","overlay-type":"","overlay-color":"","overlay-opacity":"","overlay-gradient":""},"mobile":{"background-color":"var(--ast-global-color-5)","background-image":"","background-repeat":"repeat","background-position":"center center","background-size":"auto","background-attachment":"scroll","background-type":"","background-media":"","overlay-type":"","overlay-color":"","overlay-opacity":"","overlay-gradient":""}},"_joinchat":[]},"product_brand":[],"product_cat":[23],"product_tag":[],"class_list":{"0":"post-1384","1":"product","2":"type-product","3":"status-publish","4":"has-post-thumbnail","6":"product_cat-juguetes","7":"desktop-align-left","8":"tablet-align-left","9":"mobile-align-left","11":"first","12":"instock","13":"sale","14":"taxable","15":"shipping-taxable","16":"purchasable","17":"product-type-simple"},"uagb_featured_image_src":{"full":["https:\/\/tiendachilevip.com\/wp-content\/uploads\/2023\/05\/10-11.png",790,1134,false],"thumbnail":["https:\/\/tiendachilevip.com\/wp-content\/uploads\/2023\/05\/10-11-150x150.png",150,150,true],"medium":["https:\/\/tiendachilevip.com\/wp-content\/uploads\/2023\/05\/10-11-209x300.png",209,300,true],"medium_large":["https:\/\/tiendachilevip.com\/wp-content\/uploads\/2023\/05\/10-11-768x1102.png",768,1102,true],"large":["https:\/\/tiendachilevip.com\/wp-content\/uploads\/2023\/05\/10-11-713x1024.png",713,1024,true],"1536x1536":["https:\/\/tiendachilevip.com\/wp-content\/uploads\/2023\/05\/10-11.png",790,1134,false],"2048x2048":["https:\/\/tiendachilevip.com\/wp-content\/uploads\/2023\/05\/10-11.png",790,1134,false],"woocommerce_thumbnail":["https:\/\/tiendachilevip.com\/wp-content\/uploads\/2023\/05\/10-11-300x300.png",300,300,true],"woocommerce_single":["https:\/\/tiendachilevip.com\/wp-content\/uploads\/2023\/05\/10-11-600x861.png",600,861,true],"woocommerce_gallery_thumbnail":["https:\/\/tiendachilevip.com\/wp-content\/uploads\/2023\/05\/10-11-100x100.png",100,100,true]},"uagb_author_info":{"display_name":"pablo lopez","author_link":"https:\/\/tiendachilevip.com\/?author=0"},"uagb_comment_info":0,"uagb_excerpt":"Bienvenido a nuestra tienda, le permite experimentar una felicidad de compra diferente Tema: Pokemon, Pikachu luz nocturna Descripci\u00f3n del producto: [Especificaciones]: estilo ordinario (sin caja), [Material]: PVC [Tipo]: luz nocturna, luz de noche Tama\u00f1o ; 10-12cm Materiales seleccionados de alta calidad, no se deforma f\u00e1cilmente, imagen cl\u00e1sica, elegante y hermosa Estilo de dibujos animados, restauraci\u00f3n&hellip;","_links":{"self":[{"href":"https:\/\/tiendachilevip.com\/index.php?rest_route=\/wp\/v2\/product\/1384","targetHints":{"allow":["GET"]}}],"collection":[{"href":"https:\/\/tiendachilevip.com\/index.php?rest_route=\/wp\/v2\/product"}],"about":[{"href":"https:\/\/tiendachilevip.com\/index.php?rest_route=\/wp\/v2\/types\/product"}],"replies":[{"embeddable":true,"href":"https:\/\/tiendachilevip.com\/index.php?rest_route=%2Fwp%2Fv2%2Fcomments&post=1384"}],"wp:featuredmedia":[{"embeddable":true,"href":"https:\/\/tiendachilevip.com\/index.php?rest_route=\/wp\/v2\/media\/1394"}],"wp:attachment":[{"href":"https:\/\/tiendachilevip.com\/index.php?rest_route=%2Fwp%2Fv2%2Fmedia&parent=1384"}],"wp:term":[{"taxonomy":"product_brand","embeddable":true,"href":"https:\/\/tiendachilevip.com\/index.php?rest_route=%2Fwp%2Fv2%2Fproduct_brand&post=1384"},{"taxonomy":"product_cat","embeddable":true,"href":"https:\/\/tiendachilevip.com\/index.php?rest_route=%2Fwp%2Fv2%2Fproduct_cat&post=1384"},{"taxonomy":"product_tag","embeddable":true,"href":"https:\/\/tiendachilevip.com\/index.php?rest_route=%2Fwp%2Fv2%2Fproduct_tag&post=1384"}],"curies":[{"name":"wp","href":"https:\/\/api.w.org\/{rel}","templated":true}]}}