{"id":1372,"date":"2023-05-06T01:01:42","date_gmt":"2023-05-06T05:01:42","guid":{"rendered":"https:\/\/tiendachilevip.com\/?post_type=product&#038;p=1372"},"modified":"2023-05-06T21:21:53","modified_gmt":"2023-05-07T01:21:53","slug":"pistolas-de-riego-para-jardineria","status":"publish","type":"product","link":"https:\/\/tiendachilevip.com\/?product=pistolas-de-riego-para-jardineria","title":{"rendered":"Pistolas De Riego Para Jardiner\u00eda"},"content":{"rendered":"<p>Solo pistola sin manguera<br \/>\nCaracter\u00edsticas principales: varilla de extensi\u00f3n de presi\u00f3n acumulada, enjuague los sedimentos, fuerza de impacto fuerte y fuerte, gran salida de agua.<\/p>\n<p>Hecho de material premium, cuerpo de pistola ABS, duradero, antioxidante y resistente al desgaste, ergon\u00f3mico.<\/p>\n<p>Hebilla conveniente y que ahorra trabajo para reducir la fatiga laboral.<\/p>\n<p>Espray giratorio ajustable, conveniente y r\u00e1pido.<\/p>\n<p>Adecuado para la limpieza de autom\u00f3viles, paredes, ventanas, alfombras o riego de jardines. Entretenimiento para beb\u00e9s, los ni\u00f1os pueden jugar con ellos mismos en el espejo. Especificaciones:<\/p>\n<p>Material: ABS S<\/p>\n<p>Estilo prinkler: ventilador de niebla ducha de agua hueca<\/p>\n<p>Distancia del chorro: 10-20 metros<\/p>\n<p>Tipo de conector: Tipo de pez\u00f3n uso: lavado\/cepillado de coches; Riego de jard\u00edn\/jard\u00edn y rociado de agua; Vidrio de lavado<\/p>\n<p>El paquete incluye: 1 Unidad x pistola de lavado de coche<\/p>\n","protected":false},"excerpt":{"rendered":"<p>Solo pistola sin manguera Caracter\u00edsticas principales: varilla de extensi\u00f3n de presi\u00f3n acumulada, enjuague los sedimentos, fuerza de impacto fuerte y fuerte, gran salida de agua. Hecho de material premium, cuerpo de pistola ABS, duradero, antioxidante y resistente al desgaste, ergon\u00f3mico. Hebilla conveniente y que ahorra trabajo para reducir la fatiga laboral. Espray giratorio ajustable, conveniente [&hellip;]<\/p>\n","protected":false},"featured_media":1374,"comment_status":"open","ping_status":"closed","template":"","meta":{"_uag_custom_page_level_css":"","site-sidebar-layout":"default","site-content-layout":"","ast-site-content-layout":"default","site-content-style":"default","site-sidebar-style":"default","ast-global-header-display":"","ast-banner-title-visibility":"","ast-main-header-display":"","ast-hfb-above-header-display":"","ast-hfb-below-header-display":"","ast-hfb-mobile-header-display":"","site-post-title":"","ast-breadcrumbs-content":"","ast-featured-img":"","footer-sml-layout":"","ast-disable-related-posts":"","theme-transparent-header-meta":"","adv-header-id-meta":"","stick-header-meta":"","header-above-stick-meta":"","header-main-stick-meta":"","header-below-stick-meta":"","astra-migrate-meta-layouts":"default","ast-page-background-enabled":"default","ast-page-background-meta":{"desktop":{"background-color":"","background-image":"","background-repeat":"repeat","background-position":"center center","background-size":"auto","background-attachment":"scroll","background-type":"","background-media":"","overlay-type":"","overlay-color":"","overlay-opacity":"","overlay-gradient":""},"tablet":{"background-color":"","background-image":"","background-repeat":"repeat","background-position":"center center","background-size":"auto","background-attachment":"scroll","background-type":"","background-media":"","overlay-type":"","overlay-color":"","overlay-opacity":"","overlay-gradient":""},"mobile":{"background-color":"","background-image":"","background-repeat":"repeat","background-position":"center center","background-size":"auto","background-attachment":"scroll","background-type":"","background-media":"","overlay-type":"","overlay-color":"","overlay-opacity":"","overlay-gradient":""}},"ast-content-background-meta":{"desktop":{"background-color":"var(--ast-global-color-5)","background-image":"","background-repeat":"repeat","background-position":"center center","background-size":"auto","background-attachment":"scroll","background-type":"","background-media":"","overlay-type":"","overlay-color":"","overlay-opacity":"","overlay-gradient":""},"tablet":{"background-color":"var(--ast-global-color-5)","background-image":"","background-repeat":"repeat","background-position":"center center","background-size":"auto","background-attachment":"scroll","background-type":"","background-media":"","overlay-type":"","overlay-color":"","overlay-opacity":"","overlay-gradient":""},"mobile":{"background-color":"var(--ast-global-color-5)","background-image":"","background-repeat":"repeat","background-position":"center center","background-size":"auto","background-attachment":"scroll","background-type":"","background-media":"","overlay-type":"","overlay-color":"","overlay-opacity":"","overlay-gradient":""}},"_joinchat":[]},"product_brand":[],"product_cat":[26],"product_tag":[],"class_list":{"0":"post-1372","1":"product","2":"type-product","3":"status-publish","4":"has-post-thumbnail","6":"product_cat-herramientas","7":"desktop-align-left","8":"tablet-align-left","9":"mobile-align-left","11":"first","12":"instock","13":"sale","14":"taxable","15":"shipping-taxable","16":"purchasable","17":"product-type-simple"},"uagb_featured_image_src":{"full":["https:\/\/tiendachilevip.com\/wp-content\/uploads\/2023\/05\/2-25.png",750,1000,false],"thumbnail":["https:\/\/tiendachilevip.com\/wp-content\/uploads\/2023\/05\/2-25-150x150.png",150,150,true],"medium":["https:\/\/tiendachilevip.com\/wp-content\/uploads\/2023\/05\/2-25-225x300.png",225,300,true],"medium_large":["https:\/\/tiendachilevip.com\/wp-content\/uploads\/2023\/05\/2-25.png",750,1000,false],"large":["https:\/\/tiendachilevip.com\/wp-content\/uploads\/2023\/05\/2-25.png",750,1000,false],"1536x1536":["https:\/\/tiendachilevip.com\/wp-content\/uploads\/2023\/05\/2-25.png",750,1000,false],"2048x2048":["https:\/\/tiendachilevip.com\/wp-content\/uploads\/2023\/05\/2-25.png",750,1000,false],"woocommerce_thumbnail":["https:\/\/tiendachilevip.com\/wp-content\/uploads\/2023\/05\/2-25-300x300.png",300,300,true],"woocommerce_single":["https:\/\/tiendachilevip.com\/wp-content\/uploads\/2023\/05\/2-25-600x800.png",600,800,true],"woocommerce_gallery_thumbnail":["https:\/\/tiendachilevip.com\/wp-content\/uploads\/2023\/05\/2-25-100x100.png",100,100,true]},"uagb_author_info":{"display_name":"pablo lopez","author_link":"https:\/\/tiendachilevip.com\/?author=0"},"uagb_comment_info":0,"uagb_excerpt":"Solo pistola sin manguera Caracter\u00edsticas principales: varilla de extensi\u00f3n de presi\u00f3n acumulada, enjuague los sedimentos, fuerza de impacto fuerte y fuerte, gran salida de agua. Hecho de material premium, cuerpo de pistola ABS, duradero, antioxidante y resistente al desgaste, ergon\u00f3mico. Hebilla conveniente y que ahorra trabajo para reducir la fatiga laboral. Espray giratorio ajustable, conveniente&hellip;","_links":{"self":[{"href":"https:\/\/tiendachilevip.com\/index.php?rest_route=\/wp\/v2\/product\/1372","targetHints":{"allow":["GET"]}}],"collection":[{"href":"https:\/\/tiendachilevip.com\/index.php?rest_route=\/wp\/v2\/product"}],"about":[{"href":"https:\/\/tiendachilevip.com\/index.php?rest_route=\/wp\/v2\/types\/product"}],"replies":[{"embeddable":true,"href":"https:\/\/tiendachilevip.com\/index.php?rest_route=%2Fwp%2Fv2%2Fcomments&post=1372"}],"wp:featuredmedia":[{"embeddable":true,"href":"https:\/\/tiendachilevip.com\/index.php?rest_route=\/wp\/v2\/media\/1374"}],"wp:attachment":[{"href":"https:\/\/tiendachilevip.com\/index.php?rest_route=%2Fwp%2Fv2%2Fmedia&parent=1372"}],"wp:term":[{"taxonomy":"product_brand","embeddable":true,"href":"https:\/\/tiendachilevip.com\/index.php?rest_route=%2Fwp%2Fv2%2Fproduct_brand&post=1372"},{"taxonomy":"product_cat","embeddable":true,"href":"https:\/\/tiendachilevip.com\/index.php?rest_route=%2Fwp%2Fv2%2Fproduct_cat&post=1372"},{"taxonomy":"product_tag","embeddable":true,"href":"https:\/\/tiendachilevip.com\/index.php?rest_route=%2Fwp%2Fv2%2Fproduct_tag&post=1372"}],"curies":[{"name":"wp","href":"https:\/\/api.w.org\/{rel}","templated":true}]}}