{"id":1348,"date":"2023-05-05T23:59:03","date_gmt":"2023-05-06T03:59:03","guid":{"rendered":"https:\/\/tiendachilevip.com\/?post_type=product&#038;p=1348"},"modified":"2023-06-12T17:55:35","modified_gmt":"2023-06-12T21:55:35","slug":"pendrive-32-gb","status":"publish","type":"product","link":"https:\/\/tiendachilevip.com\/?product=pendrive-32-gb","title":{"rendered":"Pendrive 32 Gb"},"content":{"rendered":"<p>Caracter\u00edsticas del producto:<\/p>\n<p>1. Alta Velocidad y transferencia de datos estable, dise\u00f1ado para dispositivos de pr\u00f3xima generaci\u00f3n con el nuevo puerto USB tipo-c.<br \/>\n2. Vida:&gt;1 mill\u00f3n de veces.<br \/>\n3. Plug and Play,no requiere fuente de alimentaci\u00f3n externa.<br \/>\n4. Dise\u00f1o 2 en 1 con puerto tipo C y conector USB 3,0, f\u00e1cil para la transmisi\u00f3n de datos entre Smartphone y ordenadores.<br \/>\n5. El almacenamiento de estado s\u00f3lido, la tapa port\u00e1til y transparente puede proteger bien el conector.<br \/>\n6. Velocidad de escritura: 10 Mb\/s &#8211; 20 Mb\/s, velocidad de lectura: 30 Mb\/s &#8211; 40 Mb\/s. La tasa de rendimiento depende de los diferentes sistemas de operaci\u00f3n disponibles y de los diversos flashes aprobados, por lo que la velocidad puede ser diferente.<br \/>\n7.Nota: Antes de insertar el palo de fotos, Primero retire la funda protectora del tel\u00e9fono m\u00f3vil, en caso de que la interfaz del palo de fotos y la interfaz del tel\u00e9fono m\u00f3vil no se puedan contactar completamente.<\/p>\n<p>Especificaci\u00f3n del producto<\/p>\n<p>1. Interfaz: Tipo C \/ USB 3,0.<br \/>\n2. Peso neto: 11g.<br \/>\n3. Tama\u00f1o: 67x20x10mm.<br \/>\n4. Capacidad: 32GB<br \/>\n5.Color: negro, rojo, verde, morado, azul marino, blanco.<br \/>\n6. Sistema de soporte: Win98\/ME\/2000\/XP\/ Vista\/win7 \/win8\/win10 Mac OS 9.X\/ Linux2.4 o superior<br \/>\nSmartPhone funcional OTG (sistema Android 5,5 +)<\/p>\n<p>7. Compatible con 96% dispositivos Android tipo C del mercado.<br \/>\n8. Logotipo personalizado: MOQ&gt;= 100 piezas (tarifa adicional).<\/p>\n<p>Acerca de la capacidad Real<\/p>\n<p>Los productos de memoria flash de capacidad generalmente se env\u00edan de acuerdo con 1MB = 1000KB, 1G = 1000MB de computaci\u00f3n, pero el sistema operativo usa aritm\u00e9tica binaria 1MB = 1024KB, 1GB = 1024MB, hay algunas diferencias entre la capacidad de visualizaci\u00f3n y la capacidad est\u00e1ndar de los art\u00edculos de memoria.<\/p>\n<p>32GB = aproximadamente 28GB-30GB<\/p>\n","protected":false},"excerpt":{"rendered":"<p>Caracter\u00edsticas del producto: 1. Alta Velocidad y transferencia de datos estable, dise\u00f1ado para dispositivos de pr\u00f3xima generaci\u00f3n con el nuevo puerto USB tipo-c. 2. Vida:&gt;1 mill\u00f3n de veces. 3. Plug and Play,no requiere fuente de alimentaci\u00f3n externa. 4. Dise\u00f1o 2 en 1 con puerto tipo C y conector USB 3,0, f\u00e1cil para la transmisi\u00f3n de [&hellip;]<\/p>\n","protected":false},"featured_media":1349,"comment_status":"open","ping_status":"closed","template":"","meta":{"_uag_custom_page_level_css":"","site-sidebar-layout":"default","site-content-layout":"","ast-site-content-layout":"default","site-content-style":"default","site-sidebar-style":"default","ast-global-header-display":"","ast-banner-title-visibility":"","ast-main-header-display":"","ast-hfb-above-header-display":"","ast-hfb-below-header-display":"","ast-hfb-mobile-header-display":"","site-post-title":"","ast-breadcrumbs-content":"","ast-featured-img":"","footer-sml-layout":"","ast-disable-related-posts":"","theme-transparent-header-meta":"","adv-header-id-meta":"","stick-header-meta":"","header-above-stick-meta":"","header-main-stick-meta":"","header-below-stick-meta":"","astra-migrate-meta-layouts":"default","ast-page-background-enabled":"default","ast-page-background-meta":{"desktop":{"background-color":"","background-image":"","background-repeat":"repeat","background-position":"center center","background-size":"auto","background-attachment":"scroll","background-type":"","background-media":"","overlay-type":"","overlay-color":"","overlay-opacity":"","overlay-gradient":""},"tablet":{"background-color":"","background-image":"","background-repeat":"repeat","background-position":"center center","background-size":"auto","background-attachment":"scroll","background-type":"","background-media":"","overlay-type":"","overlay-color":"","overlay-opacity":"","overlay-gradient":""},"mobile":{"background-color":"","background-image":"","background-repeat":"repeat","background-position":"center center","background-size":"auto","background-attachment":"scroll","background-type":"","background-media":"","overlay-type":"","overlay-color":"","overlay-opacity":"","overlay-gradient":""}},"ast-content-background-meta":{"desktop":{"background-color":"var(--ast-global-color-5)","background-image":"","background-repeat":"repeat","background-position":"center center","background-size":"auto","background-attachment":"scroll","background-type":"","background-media":"","overlay-type":"","overlay-color":"","overlay-opacity":"","overlay-gradient":""},"tablet":{"background-color":"var(--ast-global-color-5)","background-image":"","background-repeat":"repeat","background-position":"center center","background-size":"auto","background-attachment":"scroll","background-type":"","background-media":"","overlay-type":"","overlay-color":"","overlay-opacity":"","overlay-gradient":""},"mobile":{"background-color":"var(--ast-global-color-5)","background-image":"","background-repeat":"repeat","background-position":"center center","background-size":"auto","background-attachment":"scroll","background-type":"","background-media":"","overlay-type":"","overlay-color":"","overlay-opacity":"","overlay-gradient":""}},"_joinchat":[]},"product_brand":[],"product_cat":[24],"product_tag":[],"class_list":{"0":"post-1348","1":"product","2":"type-product","3":"status-publish","4":"has-post-thumbnail","6":"product_cat-electronica","7":"desktop-align-left","8":"tablet-align-left","9":"mobile-align-left","11":"first","12":"outofstock","13":"sale","14":"taxable","15":"shipping-taxable","16":"purchasable","17":"product-type-simple"},"uagb_featured_image_src":{"full":["https:\/\/tiendachilevip.com\/wp-content\/uploads\/2023\/05\/1-23.png",1000,1000,false],"thumbnail":["https:\/\/tiendachilevip.com\/wp-content\/uploads\/2023\/05\/1-23-150x150.png",150,150,true],"medium":["https:\/\/tiendachilevip.com\/wp-content\/uploads\/2023\/05\/1-23-300x300.png",300,300,true],"medium_large":["https:\/\/tiendachilevip.com\/wp-content\/uploads\/2023\/05\/1-23-768x768.png",768,768,true],"large":["https:\/\/tiendachilevip.com\/wp-content\/uploads\/2023\/05\/1-23.png",1000,1000,false],"1536x1536":["https:\/\/tiendachilevip.com\/wp-content\/uploads\/2023\/05\/1-23.png",1000,1000,false],"2048x2048":["https:\/\/tiendachilevip.com\/wp-content\/uploads\/2023\/05\/1-23.png",1000,1000,false],"woocommerce_thumbnail":["https:\/\/tiendachilevip.com\/wp-content\/uploads\/2023\/05\/1-23-300x300.png",300,300,true],"woocommerce_single":["https:\/\/tiendachilevip.com\/wp-content\/uploads\/2023\/05\/1-23-600x600.png",600,600,true],"woocommerce_gallery_thumbnail":["https:\/\/tiendachilevip.com\/wp-content\/uploads\/2023\/05\/1-23-100x100.png",100,100,true]},"uagb_author_info":{"display_name":"pablo lopez","author_link":"https:\/\/tiendachilevip.com\/?author=0"},"uagb_comment_info":0,"uagb_excerpt":"Caracter\u00edsticas del producto: 1. Alta Velocidad y transferencia de datos estable, dise\u00f1ado para dispositivos de pr\u00f3xima generaci\u00f3n con el nuevo puerto USB tipo-c. 2. Vida:&gt;1 mill\u00f3n de veces. 3. Plug and Play,no requiere fuente de alimentaci\u00f3n externa. 4. Dise\u00f1o 2 en 1 con puerto tipo C y conector USB 3,0, f\u00e1cil para la transmisi\u00f3n de&hellip;","_links":{"self":[{"href":"https:\/\/tiendachilevip.com\/index.php?rest_route=\/wp\/v2\/product\/1348","targetHints":{"allow":["GET"]}}],"collection":[{"href":"https:\/\/tiendachilevip.com\/index.php?rest_route=\/wp\/v2\/product"}],"about":[{"href":"https:\/\/tiendachilevip.com\/index.php?rest_route=\/wp\/v2\/types\/product"}],"replies":[{"embeddable":true,"href":"https:\/\/tiendachilevip.com\/index.php?rest_route=%2Fwp%2Fv2%2Fcomments&post=1348"}],"wp:featuredmedia":[{"embeddable":true,"href":"https:\/\/tiendachilevip.com\/index.php?rest_route=\/wp\/v2\/media\/1349"}],"wp:attachment":[{"href":"https:\/\/tiendachilevip.com\/index.php?rest_route=%2Fwp%2Fv2%2Fmedia&parent=1348"}],"wp:term":[{"taxonomy":"product_brand","embeddable":true,"href":"https:\/\/tiendachilevip.com\/index.php?rest_route=%2Fwp%2Fv2%2Fproduct_brand&post=1348"},{"taxonomy":"product_cat","embeddable":true,"href":"https:\/\/tiendachilevip.com\/index.php?rest_route=%2Fwp%2Fv2%2Fproduct_cat&post=1348"},{"taxonomy":"product_tag","embeddable":true,"href":"https:\/\/tiendachilevip.com\/index.php?rest_route=%2Fwp%2Fv2%2Fproduct_tag&post=1348"}],"curies":[{"name":"wp","href":"https:\/\/api.w.org\/{rel}","templated":true}]}}